{"id":3890,"date":"2025-03-25T12:36:34","date_gmt":"2025-03-25T12:36:34","guid":{"rendered":"https:\/\/www.quimidex.com\/?post_type=product&#038;p=3890"},"modified":"2025-03-28T11:47:55","modified_gmt":"2025-03-28T11:47:55","slug":"car-auto-l25-20l-limpador-de-carrocaria-autoactive-car-auto-l25-20l","status":"publish","type":"product","link":"https:\/\/www.quimidex.com\/pt\/produtos-de-limpeza-profissional\/produtos-de-limpeza-industriais\/car-auto-l25-20l-limpador-de-carrocaria-autoactive-car-auto-l25-20l\/","title":{"rendered":"CAR Auto Auto L25 20L Limpador de carro\u00e7aria para autom\u00f3veis"},"content":{"rendered":"","protected":false},"excerpt":{"rendered":"<p>Produto de limpeza de a\u00e7\u00e3o autom\u00e1tica que dissolve a sujidade nas carro\u00e7arias dos autom\u00f3veis<\/p>","protected":false},"featured_media":3025,"comment_status":"open","ping_status":"closed","template":"","meta":[],"product_brand":[],"product_cat":[57],"product_tag":[],"class_list":{"0":"post-3890","1":"product","2":"type-product","3":"status-publish","4":"has-post-thumbnail","6":"product_cat-limpiadores-industriales","8":"first","9":"instock","10":"shipping-taxable","11":"purchasable","12":"product-type-variable"},"yoast_head":"<!-- This site is optimized with the Yoast SEO Premium plugin v25.2 (Yoast SEO v27.1.1) - https:\/\/yoast.com\/product\/yoast-seo-premium-wordpress\/ -->\n<title>Limpiador autoactivo carrocer\u00edas | CAR Auto L25 20L | Quimidex<\/title>\n<meta name=\"robots\" content=\"index, follow, max-snippet:-1, max-image-preview:large, max-video-preview:-1\" \/>\n<link rel=\"canonical\" href=\"https:\/\/www.quimidex.com\/pt\/produtos-de-limpeza-profissional\/produtos-de-limpeza-industriais\/car-auto-l25-20l-limpador-de-carrocaria-autoactive-car-auto-l25-20l\/\" \/>\n<meta property=\"og:locale\" content=\"pt_PT\" \/>\n<meta property=\"og:type\" content=\"article\" \/>\n<meta property=\"og:title\" content=\"Limpiador autoactivo carrocer\u00edas | CAR Auto L25 20L\" \/>\n<meta property=\"og:description\" content=\"Limpiador autoactivo que disuelve suciedad en carrocer\u00edas\" \/>\n<meta property=\"og:url\" content=\"https:\/\/www.quimidex.com\/pt\/produtos-de-limpeza-profissional\/produtos-de-limpeza-industriais\/car-auto-l25-20l-limpador-de-carrocaria-autoactive-car-auto-l25-20l\/\" \/>\n<meta property=\"og:site_name\" content=\"Quimidex\" \/>\n<meta property=\"article:modified_time\" content=\"2025-03-28T11:47:55+00:00\" \/>\n<meta property=\"og:image\" content=\"https:\/\/www.quimidex.com\/wp-content\/uploads\/2025\/03\/Limpiador-autoactivo-carrocerias-AUTO-L25-20L.webp\" \/>\n\t<meta property=\"og:image:width\" content=\"1477\" \/>\n\t<meta property=\"og:image:height\" content=\"1673\" \/>\n\t<meta property=\"og:image:type\" content=\"image\/webp\" \/>\n<meta name=\"twitter:card\" content=\"summary_large_image\" \/>\n<script type=\"application\/ld+json\" class=\"yoast-schema-graph\">{\"@context\":\"https:\/\/schema.org\",\"@graph\":[{\"@type\":\"WebPage\",\"@id\":\"https:\/\/www.quimidex.com\/productos-limpieza-profesional\/limpiadores-industriales\/limpiador-autoactivo-carrocerias-car-auto-l25-20l\/\",\"url\":\"https:\/\/www.quimidex.com\/productos-limpieza-profesional\/limpiadores-industriales\/limpiador-autoactivo-carrocerias-car-auto-l25-20l\/\",\"name\":\"Limpiador autoactivo carrocer\u00edas | CAR Auto L25 20L | Quimidex\",\"isPartOf\":{\"@id\":\"https:\/\/www.quimidex.com\/#website\"},\"primaryImageOfPage\":{\"@id\":\"https:\/\/www.quimidex.com\/productos-limpieza-profesional\/limpiadores-industriales\/limpiador-autoactivo-carrocerias-car-auto-l25-20l\/#primaryimage\"},\"image\":{\"@id\":\"https:\/\/www.quimidex.com\/productos-limpieza-profesional\/limpiadores-industriales\/limpiador-autoactivo-carrocerias-car-auto-l25-20l\/#primaryimage\"},\"thumbnailUrl\":\"https:\/\/www.quimidex.com\/wp-content\/uploads\/2025\/03\/Limpiador-autoactivo-carrocerias-AUTO-L25-20L.webp\",\"datePublished\":\"2025-03-25T12:36:34+00:00\",\"dateModified\":\"2025-03-28T11:47:55+00:00\",\"breadcrumb\":{\"@id\":\"https:\/\/www.quimidex.com\/productos-limpieza-profesional\/limpiadores-industriales\/limpiador-autoactivo-carrocerias-car-auto-l25-20l\/#breadcrumb\"},\"inLanguage\":\"pt-PT\",\"potentialAction\":[{\"@type\":\"ReadAction\",\"target\":[\"https:\/\/www.quimidex.com\/productos-limpieza-profesional\/limpiadores-industriales\/limpiador-autoactivo-carrocerias-car-auto-l25-20l\/\"]}]},{\"@type\":\"ImageObject\",\"inLanguage\":\"pt-PT\",\"@id\":\"https:\/\/www.quimidex.com\/productos-limpieza-profesional\/limpiadores-industriales\/limpiador-autoactivo-carrocerias-car-auto-l25-20l\/#primaryimage\",\"url\":\"https:\/\/www.quimidex.com\/wp-content\/uploads\/2025\/03\/Limpiador-autoactivo-carrocerias-AUTO-L25-20L.webp\",\"contentUrl\":\"https:\/\/www.quimidex.com\/wp-content\/uploads\/2025\/03\/Limpiador-autoactivo-carrocerias-AUTO-L25-20L.webp\",\"width\":1477,\"height\":1673},{\"@type\":\"BreadcrumbList\",\"@id\":\"https:\/\/www.quimidex.com\/productos-limpieza-profesional\/limpiadores-industriales\/limpiador-autoactivo-carrocerias-car-auto-l25-20l\/#breadcrumb\",\"itemListElement\":[{\"@type\":\"ListItem\",\"position\":1,\"name\":\"Home\",\"item\":\"https:\/\/www.quimidex.com\/\"},{\"@type\":\"ListItem\",\"position\":2,\"name\":\"Productos de limpieza profesional\",\"item\":\"https:\/\/www.quimidex.com\/productos-limpieza-profesional\/\"},{\"@type\":\"ListItem\",\"position\":3,\"name\":\"Limpiador autoactivo carrocer\u00edas | CAR Auto L25 20L\"}]},{\"@type\":\"WebSite\",\"@id\":\"https:\/\/www.quimidex.com\/#website\",\"url\":\"https:\/\/www.quimidex.com\/\",\"name\":\"Quimidex\",\"description\":\"Proveedores de productos de limpieza\",\"publisher\":{\"@id\":\"https:\/\/www.quimidex.com\/#organization\"},\"potentialAction\":[{\"@type\":\"SearchAction\",\"target\":{\"@type\":\"EntryPoint\",\"urlTemplate\":\"https:\/\/www.quimidex.com\/?s={search_term_string}\"},\"query-input\":{\"@type\":\"PropertyValueSpecification\",\"valueRequired\":true,\"valueName\":\"search_term_string\"}}],\"inLanguage\":\"pt-PT\"},{\"@type\":\"Organization\",\"@id\":\"https:\/\/www.quimidex.com\/#organization\",\"name\":\"Quimidex\",\"url\":\"https:\/\/www.quimidex.com\/\",\"logo\":{\"@type\":\"ImageObject\",\"inLanguage\":\"pt-PT\",\"@id\":\"https:\/\/www.quimidex.com\/#\/schema\/logo\/image\/\",\"url\":\"https:\/\/www.quimidex.com\/wp-content\/uploads\/2024\/12\/cropped-Mockup-Quimidex-8-1.png\",\"contentUrl\":\"https:\/\/www.quimidex.com\/wp-content\/uploads\/2024\/12\/cropped-Mockup-Quimidex-8-1.png\",\"width\":512,\"height\":512,\"caption\":\"Quimidex\"},\"image\":{\"@id\":\"https:\/\/www.quimidex.com\/#\/schema\/logo\/image\/\"}}]}<\/script>\n<!-- \/ Yoast SEO Premium plugin. -->","yoast_head_json":{"title":"CAR Auto L25 20L Limpa carro\u00e7arias CAR Auto - Quimidex","robots":{"index":"index","follow":"follow","max-snippet":"max-snippet:-1","max-image-preview":"max-image-preview:large","max-video-preview":"max-video-preview:-1"},"canonical":"https:\/\/www.quimidex.com\/pt\/produtos-de-limpeza-profissional\/produtos-de-limpeza-industriais\/car-auto-l25-20l-limpador-de-carrocaria-autoactive-car-auto-l25-20l\/","og_locale":"pt_PT","og_type":"article","og_title":"Limpiador autoactivo carrocer\u00edas | CAR Auto L25 20L","og_description":"Limpiador autoactivo que disuelve suciedad en carrocer\u00edas","og_url":"https:\/\/www.quimidex.com\/pt\/produtos-de-limpeza-profissional\/produtos-de-limpeza-industriais\/car-auto-l25-20l-limpador-de-carrocaria-autoactive-car-auto-l25-20l\/","og_site_name":"Quimidex","article_modified_time":"2025-03-28T11:47:55+00:00","og_image":[{"width":1477,"height":1673,"url":"https:\/\/www.quimidex.com\/wp-content\/uploads\/2025\/03\/Limpiador-autoactivo-carrocerias-AUTO-L25-20L.webp","type":"image\/webp"}],"twitter_card":"summary_large_image","schema":{"@context":"https:\/\/schema.org","@graph":[{"@type":"WebPage","@id":"https:\/\/www.quimidex.com\/productos-limpieza-profesional\/limpiadores-industriales\/limpiador-autoactivo-carrocerias-car-auto-l25-20l\/","url":"https:\/\/www.quimidex.com\/productos-limpieza-profesional\/limpiadores-industriales\/limpiador-autoactivo-carrocerias-car-auto-l25-20l\/","name":"CAR Auto L25 20L Limpa carro\u00e7arias CAR Auto - Quimidex","isPartOf":{"@id":"https:\/\/www.quimidex.com\/#website"},"primaryImageOfPage":{"@id":"https:\/\/www.quimidex.com\/productos-limpieza-profesional\/limpiadores-industriales\/limpiador-autoactivo-carrocerias-car-auto-l25-20l\/#primaryimage"},"image":{"@id":"https:\/\/www.quimidex.com\/productos-limpieza-profesional\/limpiadores-industriales\/limpiador-autoactivo-carrocerias-car-auto-l25-20l\/#primaryimage"},"thumbnailUrl":"https:\/\/www.quimidex.com\/wp-content\/uploads\/2025\/03\/Limpiador-autoactivo-carrocerias-AUTO-L25-20L.webp","datePublished":"2025-03-25T12:36:34+00:00","dateModified":"2025-03-28T11:47:55+00:00","breadcrumb":{"@id":"https:\/\/www.quimidex.com\/productos-limpieza-profesional\/limpiadores-industriales\/limpiador-autoactivo-carrocerias-car-auto-l25-20l\/#breadcrumb"},"inLanguage":"pt-PT","potentialAction":[{"@type":"ReadAction","target":["https:\/\/www.quimidex.com\/productos-limpieza-profesional\/limpiadores-industriales\/limpiador-autoactivo-carrocerias-car-auto-l25-20l\/"]}]},{"@type":"ImageObject","inLanguage":"pt-PT","@id":"https:\/\/www.quimidex.com\/productos-limpieza-profesional\/limpiadores-industriales\/limpiador-autoactivo-carrocerias-car-auto-l25-20l\/#primaryimage","url":"https:\/\/www.quimidex.com\/wp-content\/uploads\/2025\/03\/Limpiador-autoactivo-carrocerias-AUTO-L25-20L.webp","contentUrl":"https:\/\/www.quimidex.com\/wp-content\/uploads\/2025\/03\/Limpiador-autoactivo-carrocerias-AUTO-L25-20L.webp","width":1477,"height":1673},{"@type":"BreadcrumbList","@id":"https:\/\/www.quimidex.com\/productos-limpieza-profesional\/limpiadores-industriales\/limpiador-autoactivo-carrocerias-car-auto-l25-20l\/#breadcrumb","itemListElement":[{"@type":"ListItem","position":1,"name":"Home","item":"https:\/\/www.quimidex.com\/"},{"@type":"ListItem","position":2,"name":"Productos de limpieza profesional","item":"https:\/\/www.quimidex.com\/productos-limpieza-profesional\/"},{"@type":"ListItem","position":3,"name":"Limpiador autoactivo carrocer\u00edas | CAR Auto L25 20L"}]},{"@type":"WebSite","@id":"https:\/\/www.quimidex.com\/#website","url":"https:\/\/www.quimidex.com\/","name":"Quimidex","description":"Fornecedores de produtos de limpeza","publisher":{"@id":"https:\/\/www.quimidex.com\/#organization"},"potentialAction":[{"@type":"SearchAction","target":{"@type":"EntryPoint","urlTemplate":"https:\/\/www.quimidex.com\/?s={search_term_string}"},"query-input":{"@type":"PropertyValueSpecification","valueRequired":true,"valueName":"search_term_string"}}],"inLanguage":"pt-PT"},{"@type":"Organization","@id":"https:\/\/www.quimidex.com\/#organization","name":"Quimidex","url":"https:\/\/www.quimidex.com\/","logo":{"@type":"ImageObject","inLanguage":"pt-PT","@id":"https:\/\/www.quimidex.com\/#\/schema\/logo\/image\/","url":"https:\/\/www.quimidex.com\/wp-content\/uploads\/2024\/12\/cropped-Mockup-Quimidex-8-1.png","contentUrl":"https:\/\/www.quimidex.com\/wp-content\/uploads\/2024\/12\/cropped-Mockup-Quimidex-8-1.png","width":512,"height":512,"caption":"Quimidex"},"image":{"@id":"https:\/\/www.quimidex.com\/#\/schema\/logo\/image\/"}}]}},"_links":{"self":[{"href":"https:\/\/www.quimidex.com\/pt\/wp-json\/wp\/v2\/product\/3890","targetHints":{"allow":["GET"]}}],"collection":[{"href":"https:\/\/www.quimidex.com\/pt\/wp-json\/wp\/v2\/product"}],"about":[{"href":"https:\/\/www.quimidex.com\/pt\/wp-json\/wp\/v2\/types\/product"}],"replies":[{"embeddable":true,"href":"https:\/\/www.quimidex.com\/pt\/wp-json\/wp\/v2\/comments?post=3890"}],"wp:featuredmedia":[{"embeddable":true,"href":"https:\/\/www.quimidex.com\/pt\/wp-json\/wp\/v2\/media\/3025"}],"wp:attachment":[{"href":"https:\/\/www.quimidex.com\/pt\/wp-json\/wp\/v2\/media?parent=3890"}],"wp:term":[{"taxonomy":"product_brand","embeddable":true,"href":"https:\/\/www.quimidex.com\/pt\/wp-json\/wp\/v2\/product_brand?post=3890"},{"taxonomy":"product_cat","embeddable":true,"href":"https:\/\/www.quimidex.com\/pt\/wp-json\/wp\/v2\/product_cat?post=3890"},{"taxonomy":"product_tag","embeddable":true,"href":"https:\/\/www.quimidex.com\/pt\/wp-json\/wp\/v2\/product_tag?post=3890"}],"curies":[{"name":"wp","href":"https:\/\/api.w.org\/{rel}","templated":true}]}}