{"id":3860,"date":"2025-03-25T12:36:40","date_gmt":"2025-03-25T12:36:40","guid":{"rendered":"https:\/\/www.quimidex.com\/?post_type=product&#038;p=3860"},"modified":"2025-03-28T10:56:25","modified_gmt":"2025-03-28T10:56:25","slug":"desincrustante-de-casa-de-banho-dekal-unika-1l","status":"publish","type":"product","link":"https:\/\/www.quimidex.com\/pt\/produtos-de-limpeza-profissional\/produtos-de-limpeza-industriais\/desincrustante-de-casa-de-banho-dekal-unika-1l\/","title":{"rendered":"UNIKA Dekal descalcificador anti-calc\u00e1rio casas de banho"},"content":{"rendered":"","protected":false},"excerpt":{"rendered":"<p>Desincrustante anti-calc\u00e1rio para casas de banho, torneiras e acess\u00f3rios<\/p>","protected":false},"featured_media":3093,"comment_status":"open","ping_status":"closed","template":"","meta":[],"product_brand":[],"product_cat":[57],"product_tag":[],"class_list":{"0":"post-3860","1":"product","2":"type-product","3":"status-publish","4":"has-post-thumbnail","6":"product_cat-limpiadores-industriales","8":"first","9":"instock","10":"shipping-taxable","11":"purchasable","12":"product-type-variable"},"yoast_head":"<!-- This site is optimized with the Yoast SEO Premium plugin v25.2 (Yoast SEO v27.1.1) - https:\/\/yoast.com\/product\/yoast-seo-premium-wordpress\/ -->\n<title>Desincrustante antical ba\u00f1os | UNIKA Dekal | Quimidex<\/title>\n<meta name=\"robots\" content=\"index, follow, max-snippet:-1, max-image-preview:large, max-video-preview:-1\" \/>\n<link rel=\"canonical\" href=\"https:\/\/www.quimidex.com\/pt\/produtos-de-limpeza-profissional\/produtos-de-limpeza-industriais\/desincrustante-de-casa-de-banho-dekal-unika-1l\/\" \/>\n<meta property=\"og:locale\" content=\"pt_PT\" \/>\n<meta property=\"og:type\" content=\"article\" \/>\n<meta property=\"og:title\" content=\"Desincrustante antical ba\u00f1os | UNIKA Dekal\" \/>\n<meta property=\"og:description\" content=\"Desincrustante antical para ba\u00f1os y grifer\u00eda\" \/>\n<meta property=\"og:url\" content=\"https:\/\/www.quimidex.com\/pt\/produtos-de-limpeza-profissional\/produtos-de-limpeza-industriais\/desincrustante-de-casa-de-banho-dekal-unika-1l\/\" \/>\n<meta property=\"og:site_name\" content=\"Quimidex\" \/>\n<meta property=\"article:modified_time\" content=\"2025-03-28T10:56:25+00:00\" \/>\n<meta property=\"og:image\" content=\"https:\/\/www.quimidex.com\/wp-content\/uploads\/2025\/03\/Desincrustante-antical-bano-Dekal-1L.webp\" \/>\n\t<meta property=\"og:image:width\" content=\"757\" \/>\n\t<meta property=\"og:image:height\" content=\"1328\" \/>\n\t<meta property=\"og:image:type\" content=\"image\/webp\" \/>\n<meta name=\"twitter:card\" content=\"summary_large_image\" \/>\n<script type=\"application\/ld+json\" class=\"yoast-schema-graph\">{\"@context\":\"https:\/\/schema.org\",\"@graph\":[{\"@type\":\"WebPage\",\"@id\":\"https:\/\/www.quimidex.com\/productos-limpieza-profesional\/limpiadores-industriales\/desincrustante-antical-banos-unika-dekal-1l\/\",\"url\":\"https:\/\/www.quimidex.com\/productos-limpieza-profesional\/limpiadores-industriales\/desincrustante-antical-banos-unika-dekal-1l\/\",\"name\":\"Desincrustante antical ba\u00f1os | UNIKA Dekal | Quimidex\",\"isPartOf\":{\"@id\":\"https:\/\/www.quimidex.com\/#website\"},\"primaryImageOfPage\":{\"@id\":\"https:\/\/www.quimidex.com\/productos-limpieza-profesional\/limpiadores-industriales\/desincrustante-antical-banos-unika-dekal-1l\/#primaryimage\"},\"image\":{\"@id\":\"https:\/\/www.quimidex.com\/productos-limpieza-profesional\/limpiadores-industriales\/desincrustante-antical-banos-unika-dekal-1l\/#primaryimage\"},\"thumbnailUrl\":\"https:\/\/www.quimidex.com\/wp-content\/uploads\/2025\/03\/Desincrustante-antical-bano-Dekal-1L.webp\",\"datePublished\":\"2025-03-25T12:36:40+00:00\",\"dateModified\":\"2025-03-28T10:56:25+00:00\",\"breadcrumb\":{\"@id\":\"https:\/\/www.quimidex.com\/productos-limpieza-profesional\/limpiadores-industriales\/desincrustante-antical-banos-unika-dekal-1l\/#breadcrumb\"},\"inLanguage\":\"pt-PT\",\"potentialAction\":[{\"@type\":\"ReadAction\",\"target\":[\"https:\/\/www.quimidex.com\/productos-limpieza-profesional\/limpiadores-industriales\/desincrustante-antical-banos-unika-dekal-1l\/\"]}]},{\"@type\":\"ImageObject\",\"inLanguage\":\"pt-PT\",\"@id\":\"https:\/\/www.quimidex.com\/productos-limpieza-profesional\/limpiadores-industriales\/desincrustante-antical-banos-unika-dekal-1l\/#primaryimage\",\"url\":\"https:\/\/www.quimidex.com\/wp-content\/uploads\/2025\/03\/Desincrustante-antical-bano-Dekal-1L.webp\",\"contentUrl\":\"https:\/\/www.quimidex.com\/wp-content\/uploads\/2025\/03\/Desincrustante-antical-bano-Dekal-1L.webp\",\"width\":757,\"height\":1328},{\"@type\":\"BreadcrumbList\",\"@id\":\"https:\/\/www.quimidex.com\/productos-limpieza-profesional\/limpiadores-industriales\/desincrustante-antical-banos-unika-dekal-1l\/#breadcrumb\",\"itemListElement\":[{\"@type\":\"ListItem\",\"position\":1,\"name\":\"Home\",\"item\":\"https:\/\/www.quimidex.com\/\"},{\"@type\":\"ListItem\",\"position\":2,\"name\":\"Productos de limpieza profesional\",\"item\":\"https:\/\/www.quimidex.com\/productos-limpieza-profesional\/\"},{\"@type\":\"ListItem\",\"position\":3,\"name\":\"Desincrustante antical ba\u00f1os | UNIKA Dekal\"}]},{\"@type\":\"WebSite\",\"@id\":\"https:\/\/www.quimidex.com\/#website\",\"url\":\"https:\/\/www.quimidex.com\/\",\"name\":\"Quimidex\",\"description\":\"Proveedores de productos de limpieza\",\"publisher\":{\"@id\":\"https:\/\/www.quimidex.com\/#organization\"},\"potentialAction\":[{\"@type\":\"SearchAction\",\"target\":{\"@type\":\"EntryPoint\",\"urlTemplate\":\"https:\/\/www.quimidex.com\/?s={search_term_string}\"},\"query-input\":{\"@type\":\"PropertyValueSpecification\",\"valueRequired\":true,\"valueName\":\"search_term_string\"}}],\"inLanguage\":\"pt-PT\"},{\"@type\":\"Organization\",\"@id\":\"https:\/\/www.quimidex.com\/#organization\",\"name\":\"Quimidex\",\"url\":\"https:\/\/www.quimidex.com\/\",\"logo\":{\"@type\":\"ImageObject\",\"inLanguage\":\"pt-PT\",\"@id\":\"https:\/\/www.quimidex.com\/#\/schema\/logo\/image\/\",\"url\":\"https:\/\/www.quimidex.com\/wp-content\/uploads\/2024\/12\/cropped-Mockup-Quimidex-8-1.png\",\"contentUrl\":\"https:\/\/www.quimidex.com\/wp-content\/uploads\/2024\/12\/cropped-Mockup-Quimidex-8-1.png\",\"width\":512,\"height\":512,\"caption\":\"Quimidex\"},\"image\":{\"@id\":\"https:\/\/www.quimidex.com\/#\/schema\/logo\/image\/\"}}]}<\/script>\n<!-- \/ Yoast SEO Premium plugin. -->","yoast_head_json":{"title":"UNIKA Dekal - UNIKA Dekal - Quimidex - Anti-calc\u00e1rio para casa de banho","robots":{"index":"index","follow":"follow","max-snippet":"max-snippet:-1","max-image-preview":"max-image-preview:large","max-video-preview":"max-video-preview:-1"},"canonical":"https:\/\/www.quimidex.com\/pt\/produtos-de-limpeza-profissional\/produtos-de-limpeza-industriais\/desincrustante-de-casa-de-banho-dekal-unika-1l\/","og_locale":"pt_PT","og_type":"article","og_title":"Desincrustante antical ba\u00f1os | UNIKA Dekal","og_description":"Desincrustante antical para ba\u00f1os y grifer\u00eda","og_url":"https:\/\/www.quimidex.com\/pt\/produtos-de-limpeza-profissional\/produtos-de-limpeza-industriais\/desincrustante-de-casa-de-banho-dekal-unika-1l\/","og_site_name":"Quimidex","article_modified_time":"2025-03-28T10:56:25+00:00","og_image":[{"width":757,"height":1328,"url":"https:\/\/www.quimidex.com\/wp-content\/uploads\/2025\/03\/Desincrustante-antical-bano-Dekal-1L.webp","type":"image\/webp"}],"twitter_card":"summary_large_image","schema":{"@context":"https:\/\/schema.org","@graph":[{"@type":"WebPage","@id":"https:\/\/www.quimidex.com\/productos-limpieza-profesional\/limpiadores-industriales\/desincrustante-antical-banos-unika-dekal-1l\/","url":"https:\/\/www.quimidex.com\/productos-limpieza-profesional\/limpiadores-industriales\/desincrustante-antical-banos-unika-dekal-1l\/","name":"UNIKA Dekal - UNIKA Dekal - Quimidex - Anti-calc\u00e1rio para casa de banho","isPartOf":{"@id":"https:\/\/www.quimidex.com\/#website"},"primaryImageOfPage":{"@id":"https:\/\/www.quimidex.com\/productos-limpieza-profesional\/limpiadores-industriales\/desincrustante-antical-banos-unika-dekal-1l\/#primaryimage"},"image":{"@id":"https:\/\/www.quimidex.com\/productos-limpieza-profesional\/limpiadores-industriales\/desincrustante-antical-banos-unika-dekal-1l\/#primaryimage"},"thumbnailUrl":"https:\/\/www.quimidex.com\/wp-content\/uploads\/2025\/03\/Desincrustante-antical-bano-Dekal-1L.webp","datePublished":"2025-03-25T12:36:40+00:00","dateModified":"2025-03-28T10:56:25+00:00","breadcrumb":{"@id":"https:\/\/www.quimidex.com\/productos-limpieza-profesional\/limpiadores-industriales\/desincrustante-antical-banos-unika-dekal-1l\/#breadcrumb"},"inLanguage":"pt-PT","potentialAction":[{"@type":"ReadAction","target":["https:\/\/www.quimidex.com\/productos-limpieza-profesional\/limpiadores-industriales\/desincrustante-antical-banos-unika-dekal-1l\/"]}]},{"@type":"ImageObject","inLanguage":"pt-PT","@id":"https:\/\/www.quimidex.com\/productos-limpieza-profesional\/limpiadores-industriales\/desincrustante-antical-banos-unika-dekal-1l\/#primaryimage","url":"https:\/\/www.quimidex.com\/wp-content\/uploads\/2025\/03\/Desincrustante-antical-bano-Dekal-1L.webp","contentUrl":"https:\/\/www.quimidex.com\/wp-content\/uploads\/2025\/03\/Desincrustante-antical-bano-Dekal-1L.webp","width":757,"height":1328},{"@type":"BreadcrumbList","@id":"https:\/\/www.quimidex.com\/productos-limpieza-profesional\/limpiadores-industriales\/desincrustante-antical-banos-unika-dekal-1l\/#breadcrumb","itemListElement":[{"@type":"ListItem","position":1,"name":"Home","item":"https:\/\/www.quimidex.com\/"},{"@type":"ListItem","position":2,"name":"Productos de limpieza profesional","item":"https:\/\/www.quimidex.com\/productos-limpieza-profesional\/"},{"@type":"ListItem","position":3,"name":"Desincrustante antical ba\u00f1os | UNIKA Dekal"}]},{"@type":"WebSite","@id":"https:\/\/www.quimidex.com\/#website","url":"https:\/\/www.quimidex.com\/","name":"Quimidex","description":"Fornecedores de produtos de limpeza","publisher":{"@id":"https:\/\/www.quimidex.com\/#organization"},"potentialAction":[{"@type":"SearchAction","target":{"@type":"EntryPoint","urlTemplate":"https:\/\/www.quimidex.com\/?s={search_term_string}"},"query-input":{"@type":"PropertyValueSpecification","valueRequired":true,"valueName":"search_term_string"}}],"inLanguage":"pt-PT"},{"@type":"Organization","@id":"https:\/\/www.quimidex.com\/#organization","name":"Quimidex","url":"https:\/\/www.quimidex.com\/","logo":{"@type":"ImageObject","inLanguage":"pt-PT","@id":"https:\/\/www.quimidex.com\/#\/schema\/logo\/image\/","url":"https:\/\/www.quimidex.com\/wp-content\/uploads\/2024\/12\/cropped-Mockup-Quimidex-8-1.png","contentUrl":"https:\/\/www.quimidex.com\/wp-content\/uploads\/2024\/12\/cropped-Mockup-Quimidex-8-1.png","width":512,"height":512,"caption":"Quimidex"},"image":{"@id":"https:\/\/www.quimidex.com\/#\/schema\/logo\/image\/"}}]}},"_links":{"self":[{"href":"https:\/\/www.quimidex.com\/pt\/wp-json\/wp\/v2\/product\/3860","targetHints":{"allow":["GET"]}}],"collection":[{"href":"https:\/\/www.quimidex.com\/pt\/wp-json\/wp\/v2\/product"}],"about":[{"href":"https:\/\/www.quimidex.com\/pt\/wp-json\/wp\/v2\/types\/product"}],"replies":[{"embeddable":true,"href":"https:\/\/www.quimidex.com\/pt\/wp-json\/wp\/v2\/comments?post=3860"}],"wp:featuredmedia":[{"embeddable":true,"href":"https:\/\/www.quimidex.com\/pt\/wp-json\/wp\/v2\/media\/3093"}],"wp:attachment":[{"href":"https:\/\/www.quimidex.com\/pt\/wp-json\/wp\/v2\/media?parent=3860"}],"wp:term":[{"taxonomy":"product_brand","embeddable":true,"href":"https:\/\/www.quimidex.com\/pt\/wp-json\/wp\/v2\/product_brand?post=3860"},{"taxonomy":"product_cat","embeddable":true,"href":"https:\/\/www.quimidex.com\/pt\/wp-json\/wp\/v2\/product_cat?post=3860"},{"taxonomy":"product_tag","embeddable":true,"href":"https:\/\/www.quimidex.com\/pt\/wp-json\/wp\/v2\/product_tag?post=3860"}],"curies":[{"name":"wp","href":"https:\/\/api.w.org\/{rel}","templated":true}]}}