{"id":3858,"date":"2025-03-25T12:36:39","date_gmt":"2025-03-25T12:36:39","guid":{"rendered":"https:\/\/www.quimidex.com\/?post_type=product&#038;p=3858"},"modified":"2025-03-26T15:56:00","modified_gmt":"2025-03-26T15:56:00","slug":"locao-hidratante-essencial-para-o-corpo-leite-corporal-1l","status":"publish","type":"product","link":"https:\/\/www.quimidex.com\/pt\/produtos-de-limpeza-profissional\/higiene-pessoal-profissional\/locao-hidratante-essencial-para-o-corpo-leite-corporal-1l\/","title":{"rendered":"Lo\u00e7\u00e3o Hidratante para o Corpo : ESSENCIAL Leite Corporal 1L"},"content":{"rendered":"","protected":false},"excerpt":{"rendered":"<p>Lo\u00e7\u00e3o hidratante para o corpo de r\u00e1pida absor\u00e7\u00e3o<\/p>","protected":false},"featured_media":3113,"comment_status":"open","ping_status":"closed","template":"","meta":[],"product_brand":[],"product_cat":[55],"product_tag":[],"class_list":{"0":"post-3858","1":"product","2":"type-product","3":"status-publish","4":"has-post-thumbnail","6":"product_cat-higiene-personal-profesional","8":"first","9":"instock","10":"shipping-taxable","11":"purchasable","12":"product-type-simple"},"yoast_head":"<!-- This site is optimized with the Yoast SEO Premium plugin v25.2 (Yoast SEO v27.1.1) - https:\/\/yoast.com\/product\/yoast-seo-premium-wordpress\/ -->\n<title>Loci\u00f3n corporal hidratante | ESSENCIAL Body Milk 1L | Quimidex<\/title>\n<meta name=\"robots\" content=\"index, follow, max-snippet:-1, max-image-preview:large, max-video-preview:-1\" \/>\n<link rel=\"canonical\" href=\"https:\/\/www.quimidex.com\/pt\/produtos-de-limpeza-profissional\/higiene-pessoal-profissional\/locao-hidratante-essencial-para-o-corpo-leite-corporal-1l\/\" \/>\n<meta property=\"og:locale\" content=\"pt_PT\" \/>\n<meta property=\"og:type\" content=\"article\" \/>\n<meta property=\"og:title\" content=\"Loci\u00f3n corporal hidratante | ESSENCIAL Body Milk 1L\" \/>\n<meta property=\"og:description\" content=\"Loci\u00f3n corporal hidratante con r\u00e1pida absorci\u00f3n\" \/>\n<meta property=\"og:url\" content=\"https:\/\/www.quimidex.com\/pt\/produtos-de-limpeza-profissional\/higiene-pessoal-profissional\/locao-hidratante-essencial-para-o-corpo-leite-corporal-1l\/\" \/>\n<meta property=\"og:site_name\" content=\"Quimidex\" \/>\n<meta property=\"article:modified_time\" content=\"2025-03-26T15:56:00+00:00\" \/>\n<meta property=\"og:image\" content=\"https:\/\/www.quimidex.com\/wp-content\/uploads\/2025\/03\/Locion-corporal-essencial-body-milk.webp\" \/>\n\t<meta property=\"og:image:width\" content=\"2500\" \/>\n\t<meta property=\"og:image:height\" content=\"2500\" \/>\n\t<meta property=\"og:image:type\" content=\"image\/webp\" \/>\n<meta name=\"twitter:card\" content=\"summary_large_image\" \/>\n<script type=\"application\/ld+json\" class=\"yoast-schema-graph\">{\"@context\":\"https:\/\/schema.org\",\"@graph\":[{\"@type\":\"WebPage\",\"@id\":\"https:\/\/www.quimidex.com\/productos-limpieza-profesional\/higiene-personal-profesional\/locion-corporal-hidratante-essencial-body-milk-1l\/\",\"url\":\"https:\/\/www.quimidex.com\/productos-limpieza-profesional\/higiene-personal-profesional\/locion-corporal-hidratante-essencial-body-milk-1l\/\",\"name\":\"Loci\u00f3n corporal hidratante | ESSENCIAL Body Milk 1L | Quimidex\",\"isPartOf\":{\"@id\":\"https:\/\/www.quimidex.com\/#website\"},\"primaryImageOfPage\":{\"@id\":\"https:\/\/www.quimidex.com\/productos-limpieza-profesional\/higiene-personal-profesional\/locion-corporal-hidratante-essencial-body-milk-1l\/#primaryimage\"},\"image\":{\"@id\":\"https:\/\/www.quimidex.com\/productos-limpieza-profesional\/higiene-personal-profesional\/locion-corporal-hidratante-essencial-body-milk-1l\/#primaryimage\"},\"thumbnailUrl\":\"https:\/\/www.quimidex.com\/wp-content\/uploads\/2025\/03\/Locion-corporal-essencial-body-milk.webp\",\"datePublished\":\"2025-03-25T12:36:39+00:00\",\"dateModified\":\"2025-03-26T15:56:00+00:00\",\"breadcrumb\":{\"@id\":\"https:\/\/www.quimidex.com\/productos-limpieza-profesional\/higiene-personal-profesional\/locion-corporal-hidratante-essencial-body-milk-1l\/#breadcrumb\"},\"inLanguage\":\"pt-PT\",\"potentialAction\":[{\"@type\":\"ReadAction\",\"target\":[\"https:\/\/www.quimidex.com\/productos-limpieza-profesional\/higiene-personal-profesional\/locion-corporal-hidratante-essencial-body-milk-1l\/\"]}]},{\"@type\":\"ImageObject\",\"inLanguage\":\"pt-PT\",\"@id\":\"https:\/\/www.quimidex.com\/productos-limpieza-profesional\/higiene-personal-profesional\/locion-corporal-hidratante-essencial-body-milk-1l\/#primaryimage\",\"url\":\"https:\/\/www.quimidex.com\/wp-content\/uploads\/2025\/03\/Locion-corporal-essencial-body-milk.webp\",\"contentUrl\":\"https:\/\/www.quimidex.com\/wp-content\/uploads\/2025\/03\/Locion-corporal-essencial-body-milk.webp\",\"width\":2500,\"height\":2500},{\"@type\":\"BreadcrumbList\",\"@id\":\"https:\/\/www.quimidex.com\/productos-limpieza-profesional\/higiene-personal-profesional\/locion-corporal-hidratante-essencial-body-milk-1l\/#breadcrumb\",\"itemListElement\":[{\"@type\":\"ListItem\",\"position\":1,\"name\":\"Home\",\"item\":\"https:\/\/www.quimidex.com\/\"},{\"@type\":\"ListItem\",\"position\":2,\"name\":\"Productos de limpieza profesional\",\"item\":\"https:\/\/www.quimidex.com\/productos-limpieza-profesional\/\"},{\"@type\":\"ListItem\",\"position\":3,\"name\":\"Loci\u00f3n corporal hidratante | ESSENCIAL Body Milk 1L\"}]},{\"@type\":\"WebSite\",\"@id\":\"https:\/\/www.quimidex.com\/#website\",\"url\":\"https:\/\/www.quimidex.com\/\",\"name\":\"Quimidex\",\"description\":\"Proveedores de productos de limpieza\",\"publisher\":{\"@id\":\"https:\/\/www.quimidex.com\/#organization\"},\"potentialAction\":[{\"@type\":\"SearchAction\",\"target\":{\"@type\":\"EntryPoint\",\"urlTemplate\":\"https:\/\/www.quimidex.com\/?s={search_term_string}\"},\"query-input\":{\"@type\":\"PropertyValueSpecification\",\"valueRequired\":true,\"valueName\":\"search_term_string\"}}],\"inLanguage\":\"pt-PT\"},{\"@type\":\"Organization\",\"@id\":\"https:\/\/www.quimidex.com\/#organization\",\"name\":\"Quimidex\",\"url\":\"https:\/\/www.quimidex.com\/\",\"logo\":{\"@type\":\"ImageObject\",\"inLanguage\":\"pt-PT\",\"@id\":\"https:\/\/www.quimidex.com\/#\/schema\/logo\/image\/\",\"url\":\"https:\/\/www.quimidex.com\/wp-content\/uploads\/2024\/12\/cropped-Mockup-Quimidex-8-1.png\",\"contentUrl\":\"https:\/\/www.quimidex.com\/wp-content\/uploads\/2024\/12\/cropped-Mockup-Quimidex-8-1.png\",\"width\":512,\"height\":512,\"caption\":\"Quimidex\"},\"image\":{\"@id\":\"https:\/\/www.quimidex.com\/#\/schema\/logo\/image\/\"}}]}<\/script>\n<!-- \/ Yoast SEO Premium plugin. -->","yoast_head_json":{"title":"ESSENCIAL Leite Corporal Lo\u00e7\u00e3o Corporal Hidratante 1L : Quimidex","robots":{"index":"index","follow":"follow","max-snippet":"max-snippet:-1","max-image-preview":"max-image-preview:large","max-video-preview":"max-video-preview:-1"},"canonical":"https:\/\/www.quimidex.com\/pt\/produtos-de-limpeza-profissional\/higiene-pessoal-profissional\/locao-hidratante-essencial-para-o-corpo-leite-corporal-1l\/","og_locale":"pt_PT","og_type":"article","og_title":"Loci\u00f3n corporal hidratante | ESSENCIAL Body Milk 1L","og_description":"Loci\u00f3n corporal hidratante con r\u00e1pida absorci\u00f3n","og_url":"https:\/\/www.quimidex.com\/pt\/produtos-de-limpeza-profissional\/higiene-pessoal-profissional\/locao-hidratante-essencial-para-o-corpo-leite-corporal-1l\/","og_site_name":"Quimidex","article_modified_time":"2025-03-26T15:56:00+00:00","og_image":[{"width":2500,"height":2500,"url":"https:\/\/www.quimidex.com\/wp-content\/uploads\/2025\/03\/Locion-corporal-essencial-body-milk.webp","type":"image\/webp"}],"twitter_card":"summary_large_image","schema":{"@context":"https:\/\/schema.org","@graph":[{"@type":"WebPage","@id":"https:\/\/www.quimidex.com\/productos-limpieza-profesional\/higiene-personal-profesional\/locion-corporal-hidratante-essencial-body-milk-1l\/","url":"https:\/\/www.quimidex.com\/productos-limpieza-profesional\/higiene-personal-profesional\/locion-corporal-hidratante-essencial-body-milk-1l\/","name":"ESSENCIAL Leite Corporal Lo\u00e7\u00e3o Corporal Hidratante 1L : Quimidex","isPartOf":{"@id":"https:\/\/www.quimidex.com\/#website"},"primaryImageOfPage":{"@id":"https:\/\/www.quimidex.com\/productos-limpieza-profesional\/higiene-personal-profesional\/locion-corporal-hidratante-essencial-body-milk-1l\/#primaryimage"},"image":{"@id":"https:\/\/www.quimidex.com\/productos-limpieza-profesional\/higiene-personal-profesional\/locion-corporal-hidratante-essencial-body-milk-1l\/#primaryimage"},"thumbnailUrl":"https:\/\/www.quimidex.com\/wp-content\/uploads\/2025\/03\/Locion-corporal-essencial-body-milk.webp","datePublished":"2025-03-25T12:36:39+00:00","dateModified":"2025-03-26T15:56:00+00:00","breadcrumb":{"@id":"https:\/\/www.quimidex.com\/productos-limpieza-profesional\/higiene-personal-profesional\/locion-corporal-hidratante-essencial-body-milk-1l\/#breadcrumb"},"inLanguage":"pt-PT","potentialAction":[{"@type":"ReadAction","target":["https:\/\/www.quimidex.com\/productos-limpieza-profesional\/higiene-personal-profesional\/locion-corporal-hidratante-essencial-body-milk-1l\/"]}]},{"@type":"ImageObject","inLanguage":"pt-PT","@id":"https:\/\/www.quimidex.com\/productos-limpieza-profesional\/higiene-personal-profesional\/locion-corporal-hidratante-essencial-body-milk-1l\/#primaryimage","url":"https:\/\/www.quimidex.com\/wp-content\/uploads\/2025\/03\/Locion-corporal-essencial-body-milk.webp","contentUrl":"https:\/\/www.quimidex.com\/wp-content\/uploads\/2025\/03\/Locion-corporal-essencial-body-milk.webp","width":2500,"height":2500},{"@type":"BreadcrumbList","@id":"https:\/\/www.quimidex.com\/productos-limpieza-profesional\/higiene-personal-profesional\/locion-corporal-hidratante-essencial-body-milk-1l\/#breadcrumb","itemListElement":[{"@type":"ListItem","position":1,"name":"Home","item":"https:\/\/www.quimidex.com\/"},{"@type":"ListItem","position":2,"name":"Productos de limpieza profesional","item":"https:\/\/www.quimidex.com\/productos-limpieza-profesional\/"},{"@type":"ListItem","position":3,"name":"Loci\u00f3n corporal hidratante | ESSENCIAL Body Milk 1L"}]},{"@type":"WebSite","@id":"https:\/\/www.quimidex.com\/#website","url":"https:\/\/www.quimidex.com\/","name":"Quimidex","description":"Fornecedores de produtos de limpeza","publisher":{"@id":"https:\/\/www.quimidex.com\/#organization"},"potentialAction":[{"@type":"SearchAction","target":{"@type":"EntryPoint","urlTemplate":"https:\/\/www.quimidex.com\/?s={search_term_string}"},"query-input":{"@type":"PropertyValueSpecification","valueRequired":true,"valueName":"search_term_string"}}],"inLanguage":"pt-PT"},{"@type":"Organization","@id":"https:\/\/www.quimidex.com\/#organization","name":"Quimidex","url":"https:\/\/www.quimidex.com\/","logo":{"@type":"ImageObject","inLanguage":"pt-PT","@id":"https:\/\/www.quimidex.com\/#\/schema\/logo\/image\/","url":"https:\/\/www.quimidex.com\/wp-content\/uploads\/2024\/12\/cropped-Mockup-Quimidex-8-1.png","contentUrl":"https:\/\/www.quimidex.com\/wp-content\/uploads\/2024\/12\/cropped-Mockup-Quimidex-8-1.png","width":512,"height":512,"caption":"Quimidex"},"image":{"@id":"https:\/\/www.quimidex.com\/#\/schema\/logo\/image\/"}}]}},"_links":{"self":[{"href":"https:\/\/www.quimidex.com\/pt\/wp-json\/wp\/v2\/product\/3858","targetHints":{"allow":["GET"]}}],"collection":[{"href":"https:\/\/www.quimidex.com\/pt\/wp-json\/wp\/v2\/product"}],"about":[{"href":"https:\/\/www.quimidex.com\/pt\/wp-json\/wp\/v2\/types\/product"}],"replies":[{"embeddable":true,"href":"https:\/\/www.quimidex.com\/pt\/wp-json\/wp\/v2\/comments?post=3858"}],"wp:featuredmedia":[{"embeddable":true,"href":"https:\/\/www.quimidex.com\/pt\/wp-json\/wp\/v2\/media\/3113"}],"wp:attachment":[{"href":"https:\/\/www.quimidex.com\/pt\/wp-json\/wp\/v2\/media?parent=3858"}],"wp:term":[{"taxonomy":"product_brand","embeddable":true,"href":"https:\/\/www.quimidex.com\/pt\/wp-json\/wp\/v2\/product_brand?post=3858"},{"taxonomy":"product_cat","embeddable":true,"href":"https:\/\/www.quimidex.com\/pt\/wp-json\/wp\/v2\/product_cat?post=3858"},{"taxonomy":"product_tag","embeddable":true,"href":"https:\/\/www.quimidex.com\/pt\/wp-json\/wp\/v2\/product_tag?post=3858"}],"curies":[{"name":"wp","href":"https:\/\/api.w.org\/{rel}","templated":true}]}}