{"id":3807,"date":"2025-03-25T12:36:52","date_gmt":"2025-03-25T12:36:52","guid":{"rendered":"https:\/\/www.quimidex.com\/?post_type=product&#038;p=3807"},"modified":"2025-03-26T15:55:53","modified_gmt":"2025-03-26T15:55:53","slug":"tira-nodoas-cafe-cha-e-tomate-roupa-qt3-1l","status":"publish","type":"product","link":"https:\/\/www.quimidex.com\/pt\/produtos-de-limpeza-profissional\/detergentes-industriais\/tira-nodoas-cafe-cha-e-tomate-roupa-qt3-1l\/","title":{"rendered":"Tira-n\u00f3doas de caf\u00e9, ch\u00e1 e tomate : LAUNDRY QT3 1L"},"content":{"rendered":"","protected":false},"excerpt":{"rendered":"<p>Tira-n\u00f3doas especializado para caf\u00e9, ch\u00e1 e tomate<\/p>","protected":false},"featured_media":3228,"comment_status":"open","ping_status":"closed","template":"","meta":[],"product_brand":[],"product_cat":[53],"product_tag":[],"class_list":{"0":"post-3807","1":"product","2":"type-product","3":"status-publish","4":"has-post-thumbnail","6":"product_cat-detergentes-industriales","8":"first","9":"instock","10":"shipping-taxable","11":"purchasable","12":"product-type-simple"},"yoast_head":"<!-- This site is optimized with the Yoast SEO Premium plugin v25.2 (Yoast SEO v27.1.1) - https:\/\/yoast.com\/product\/yoast-seo-premium-wordpress\/ -->\n<title>Quitamanchas caf\u00e9, t\u00e9 y tomate | LAUNDRY QT3 1L | Quimidex<\/title>\n<meta name=\"robots\" content=\"index, follow, max-snippet:-1, max-image-preview:large, max-video-preview:-1\" \/>\n<link rel=\"canonical\" href=\"https:\/\/www.quimidex.com\/pt\/produtos-de-limpeza-profissional\/detergentes-industriais\/tira-nodoas-cafe-cha-e-tomate-roupa-qt3-1l\/\" \/>\n<meta property=\"og:locale\" content=\"pt_PT\" \/>\n<meta property=\"og:type\" content=\"article\" \/>\n<meta property=\"og:title\" content=\"Quitamanchas caf\u00e9, t\u00e9 y tomate | LAUNDRY QT3 1L\" \/>\n<meta property=\"og:description\" content=\"Quitamanchas especializado en caf\u00e9, t\u00e9 y tomate\" \/>\n<meta property=\"og:url\" content=\"https:\/\/www.quimidex.com\/pt\/produtos-de-limpeza-profissional\/detergentes-industriais\/tira-nodoas-cafe-cha-e-tomate-roupa-qt3-1l\/\" \/>\n<meta property=\"og:site_name\" content=\"Quimidex\" \/>\n<meta property=\"article:modified_time\" content=\"2025-03-26T15:55:53+00:00\" \/>\n<meta property=\"og:image\" content=\"https:\/\/www.quimidex.com\/wp-content\/uploads\/2025\/03\/QUITAMANCHAS-PARA-CAFE-TE-Y-TOMATE-QT3.webp\" \/>\n\t<meta property=\"og:image:width\" content=\"1536\" \/>\n\t<meta property=\"og:image:height\" content=\"1536\" \/>\n\t<meta property=\"og:image:type\" content=\"image\/webp\" \/>\n<meta name=\"twitter:card\" content=\"summary_large_image\" \/>\n<script type=\"application\/ld+json\" class=\"yoast-schema-graph\">{\"@context\":\"https:\/\/schema.org\",\"@graph\":[{\"@type\":\"WebPage\",\"@id\":\"https:\/\/www.quimidex.com\/productos-limpieza-profesional\/detergentes-industriales\/quitamanchas-cafe-te-y-tomate-laundry-qt3-1l\/\",\"url\":\"https:\/\/www.quimidex.com\/productos-limpieza-profesional\/detergentes-industriales\/quitamanchas-cafe-te-y-tomate-laundry-qt3-1l\/\",\"name\":\"Quitamanchas caf\u00e9, t\u00e9 y tomate | LAUNDRY QT3 1L | Quimidex\",\"isPartOf\":{\"@id\":\"https:\/\/www.quimidex.com\/#website\"},\"primaryImageOfPage\":{\"@id\":\"https:\/\/www.quimidex.com\/productos-limpieza-profesional\/detergentes-industriales\/quitamanchas-cafe-te-y-tomate-laundry-qt3-1l\/#primaryimage\"},\"image\":{\"@id\":\"https:\/\/www.quimidex.com\/productos-limpieza-profesional\/detergentes-industriales\/quitamanchas-cafe-te-y-tomate-laundry-qt3-1l\/#primaryimage\"},\"thumbnailUrl\":\"https:\/\/www.quimidex.com\/wp-content\/uploads\/2025\/03\/QUITAMANCHAS-PARA-CAFE-TE-Y-TOMATE-QT3.webp\",\"datePublished\":\"2025-03-25T12:36:52+00:00\",\"dateModified\":\"2025-03-26T15:55:53+00:00\",\"breadcrumb\":{\"@id\":\"https:\/\/www.quimidex.com\/productos-limpieza-profesional\/detergentes-industriales\/quitamanchas-cafe-te-y-tomate-laundry-qt3-1l\/#breadcrumb\"},\"inLanguage\":\"pt-PT\",\"potentialAction\":[{\"@type\":\"ReadAction\",\"target\":[\"https:\/\/www.quimidex.com\/productos-limpieza-profesional\/detergentes-industriales\/quitamanchas-cafe-te-y-tomate-laundry-qt3-1l\/\"]}]},{\"@type\":\"ImageObject\",\"inLanguage\":\"pt-PT\",\"@id\":\"https:\/\/www.quimidex.com\/productos-limpieza-profesional\/detergentes-industriales\/quitamanchas-cafe-te-y-tomate-laundry-qt3-1l\/#primaryimage\",\"url\":\"https:\/\/www.quimidex.com\/wp-content\/uploads\/2025\/03\/QUITAMANCHAS-PARA-CAFE-TE-Y-TOMATE-QT3.webp\",\"contentUrl\":\"https:\/\/www.quimidex.com\/wp-content\/uploads\/2025\/03\/QUITAMANCHAS-PARA-CAFE-TE-Y-TOMATE-QT3.webp\",\"width\":1536,\"height\":1536},{\"@type\":\"BreadcrumbList\",\"@id\":\"https:\/\/www.quimidex.com\/productos-limpieza-profesional\/detergentes-industriales\/quitamanchas-cafe-te-y-tomate-laundry-qt3-1l\/#breadcrumb\",\"itemListElement\":[{\"@type\":\"ListItem\",\"position\":1,\"name\":\"Home\",\"item\":\"https:\/\/www.quimidex.com\/\"},{\"@type\":\"ListItem\",\"position\":2,\"name\":\"Productos de limpieza profesional\",\"item\":\"https:\/\/www.quimidex.com\/productos-limpieza-profesional\/\"},{\"@type\":\"ListItem\",\"position\":3,\"name\":\"Quitamanchas caf\u00e9, t\u00e9 y tomate | LAUNDRY QT3 1L\"}]},{\"@type\":\"WebSite\",\"@id\":\"https:\/\/www.quimidex.com\/#website\",\"url\":\"https:\/\/www.quimidex.com\/\",\"name\":\"Quimidex\",\"description\":\"Proveedores de productos de limpieza\",\"publisher\":{\"@id\":\"https:\/\/www.quimidex.com\/#organization\"},\"potentialAction\":[{\"@type\":\"SearchAction\",\"target\":{\"@type\":\"EntryPoint\",\"urlTemplate\":\"https:\/\/www.quimidex.com\/?s={search_term_string}\"},\"query-input\":{\"@type\":\"PropertyValueSpecification\",\"valueRequired\":true,\"valueName\":\"search_term_string\"}}],\"inLanguage\":\"pt-PT\"},{\"@type\":\"Organization\",\"@id\":\"https:\/\/www.quimidex.com\/#organization\",\"name\":\"Quimidex\",\"url\":\"https:\/\/www.quimidex.com\/\",\"logo\":{\"@type\":\"ImageObject\",\"inLanguage\":\"pt-PT\",\"@id\":\"https:\/\/www.quimidex.com\/#\/schema\/logo\/image\/\",\"url\":\"https:\/\/www.quimidex.com\/wp-content\/uploads\/2024\/12\/cropped-Mockup-Quimidex-8-1.png\",\"contentUrl\":\"https:\/\/www.quimidex.com\/wp-content\/uploads\/2024\/12\/cropped-Mockup-Quimidex-8-1.png\",\"width\":512,\"height\":512,\"caption\":\"Quimidex\"},\"image\":{\"@id\":\"https:\/\/www.quimidex.com\/#\/schema\/logo\/image\/\"}}]}<\/script>\n<!-- \/ Yoast SEO Premium plugin. -->","yoast_head_json":{"title":"Tira-n\u00f3doas de caf\u00e9, ch\u00e1 e tomate : LAUNDRY QT3 1L : Quimidex","robots":{"index":"index","follow":"follow","max-snippet":"max-snippet:-1","max-image-preview":"max-image-preview:large","max-video-preview":"max-video-preview:-1"},"canonical":"https:\/\/www.quimidex.com\/pt\/produtos-de-limpeza-profissional\/detergentes-industriais\/tira-nodoas-cafe-cha-e-tomate-roupa-qt3-1l\/","og_locale":"pt_PT","og_type":"article","og_title":"Quitamanchas caf\u00e9, t\u00e9 y tomate | LAUNDRY QT3 1L","og_description":"Quitamanchas especializado en caf\u00e9, t\u00e9 y tomate","og_url":"https:\/\/www.quimidex.com\/pt\/produtos-de-limpeza-profissional\/detergentes-industriais\/tira-nodoas-cafe-cha-e-tomate-roupa-qt3-1l\/","og_site_name":"Quimidex","article_modified_time":"2025-03-26T15:55:53+00:00","og_image":[{"width":1536,"height":1536,"url":"https:\/\/www.quimidex.com\/wp-content\/uploads\/2025\/03\/QUITAMANCHAS-PARA-CAFE-TE-Y-TOMATE-QT3.webp","type":"image\/webp"}],"twitter_card":"summary_large_image","schema":{"@context":"https:\/\/schema.org","@graph":[{"@type":"WebPage","@id":"https:\/\/www.quimidex.com\/productos-limpieza-profesional\/detergentes-industriales\/quitamanchas-cafe-te-y-tomate-laundry-qt3-1l\/","url":"https:\/\/www.quimidex.com\/productos-limpieza-profesional\/detergentes-industriales\/quitamanchas-cafe-te-y-tomate-laundry-qt3-1l\/","name":"Tira-n\u00f3doas de caf\u00e9, ch\u00e1 e tomate : LAUNDRY QT3 1L : Quimidex","isPartOf":{"@id":"https:\/\/www.quimidex.com\/#website"},"primaryImageOfPage":{"@id":"https:\/\/www.quimidex.com\/productos-limpieza-profesional\/detergentes-industriales\/quitamanchas-cafe-te-y-tomate-laundry-qt3-1l\/#primaryimage"},"image":{"@id":"https:\/\/www.quimidex.com\/productos-limpieza-profesional\/detergentes-industriales\/quitamanchas-cafe-te-y-tomate-laundry-qt3-1l\/#primaryimage"},"thumbnailUrl":"https:\/\/www.quimidex.com\/wp-content\/uploads\/2025\/03\/QUITAMANCHAS-PARA-CAFE-TE-Y-TOMATE-QT3.webp","datePublished":"2025-03-25T12:36:52+00:00","dateModified":"2025-03-26T15:55:53+00:00","breadcrumb":{"@id":"https:\/\/www.quimidex.com\/productos-limpieza-profesional\/detergentes-industriales\/quitamanchas-cafe-te-y-tomate-laundry-qt3-1l\/#breadcrumb"},"inLanguage":"pt-PT","potentialAction":[{"@type":"ReadAction","target":["https:\/\/www.quimidex.com\/productos-limpieza-profesional\/detergentes-industriales\/quitamanchas-cafe-te-y-tomate-laundry-qt3-1l\/"]}]},{"@type":"ImageObject","inLanguage":"pt-PT","@id":"https:\/\/www.quimidex.com\/productos-limpieza-profesional\/detergentes-industriales\/quitamanchas-cafe-te-y-tomate-laundry-qt3-1l\/#primaryimage","url":"https:\/\/www.quimidex.com\/wp-content\/uploads\/2025\/03\/QUITAMANCHAS-PARA-CAFE-TE-Y-TOMATE-QT3.webp","contentUrl":"https:\/\/www.quimidex.com\/wp-content\/uploads\/2025\/03\/QUITAMANCHAS-PARA-CAFE-TE-Y-TOMATE-QT3.webp","width":1536,"height":1536},{"@type":"BreadcrumbList","@id":"https:\/\/www.quimidex.com\/productos-limpieza-profesional\/detergentes-industriales\/quitamanchas-cafe-te-y-tomate-laundry-qt3-1l\/#breadcrumb","itemListElement":[{"@type":"ListItem","position":1,"name":"Home","item":"https:\/\/www.quimidex.com\/"},{"@type":"ListItem","position":2,"name":"Productos de limpieza profesional","item":"https:\/\/www.quimidex.com\/productos-limpieza-profesional\/"},{"@type":"ListItem","position":3,"name":"Quitamanchas caf\u00e9, t\u00e9 y tomate | LAUNDRY QT3 1L"}]},{"@type":"WebSite","@id":"https:\/\/www.quimidex.com\/#website","url":"https:\/\/www.quimidex.com\/","name":"Quimidex","description":"Fornecedores de produtos de limpeza","publisher":{"@id":"https:\/\/www.quimidex.com\/#organization"},"potentialAction":[{"@type":"SearchAction","target":{"@type":"EntryPoint","urlTemplate":"https:\/\/www.quimidex.com\/?s={search_term_string}"},"query-input":{"@type":"PropertyValueSpecification","valueRequired":true,"valueName":"search_term_string"}}],"inLanguage":"pt-PT"},{"@type":"Organization","@id":"https:\/\/www.quimidex.com\/#organization","name":"Quimidex","url":"https:\/\/www.quimidex.com\/","logo":{"@type":"ImageObject","inLanguage":"pt-PT","@id":"https:\/\/www.quimidex.com\/#\/schema\/logo\/image\/","url":"https:\/\/www.quimidex.com\/wp-content\/uploads\/2024\/12\/cropped-Mockup-Quimidex-8-1.png","contentUrl":"https:\/\/www.quimidex.com\/wp-content\/uploads\/2024\/12\/cropped-Mockup-Quimidex-8-1.png","width":512,"height":512,"caption":"Quimidex"},"image":{"@id":"https:\/\/www.quimidex.com\/#\/schema\/logo\/image\/"}}]}},"_links":{"self":[{"href":"https:\/\/www.quimidex.com\/pt\/wp-json\/wp\/v2\/product\/3807","targetHints":{"allow":["GET"]}}],"collection":[{"href":"https:\/\/www.quimidex.com\/pt\/wp-json\/wp\/v2\/product"}],"about":[{"href":"https:\/\/www.quimidex.com\/pt\/wp-json\/wp\/v2\/types\/product"}],"replies":[{"embeddable":true,"href":"https:\/\/www.quimidex.com\/pt\/wp-json\/wp\/v2\/comments?post=3807"}],"wp:featuredmedia":[{"embeddable":true,"href":"https:\/\/www.quimidex.com\/pt\/wp-json\/wp\/v2\/media\/3228"}],"wp:attachment":[{"href":"https:\/\/www.quimidex.com\/pt\/wp-json\/wp\/v2\/media?parent=3807"}],"wp:term":[{"taxonomy":"product_brand","embeddable":true,"href":"https:\/\/www.quimidex.com\/pt\/wp-json\/wp\/v2\/product_brand?post=3807"},{"taxonomy":"product_cat","embeddable":true,"href":"https:\/\/www.quimidex.com\/pt\/wp-json\/wp\/v2\/product_cat?post=3807"},{"taxonomy":"product_tag","embeddable":true,"href":"https:\/\/www.quimidex.com\/pt\/wp-json\/wp\/v2\/product_tag?post=3807"}],"curies":[{"name":"wp","href":"https:\/\/api.w.org\/{rel}","templated":true}]}}