{"id":3714,"date":"2025-03-24T11:35:32","date_gmt":"2025-03-24T11:35:32","guid":{"rendered":"https:\/\/www.quimidex.com\/?post_type=product&#038;p=3714"},"modified":"2025-03-26T15:55:34","modified_gmt":"2025-03-26T15:55:34","slug":"ambientador-aerosol-fragrancia-floral-flores-de-ar-ambiente-1000cc","status":"publish","type":"product","link":"https:\/\/www.quimidex.com\/pt\/produtos-de-limpeza-profissional\/ambientadores-profissionais\/ambientador-aerosol-fragrancia-floral-flores-de-ar-ambiente-1000cc\/","title":{"rendered":"Spray ambientador fragr\u00e2ncia floral : AMBIENT Air Flowers 1L"},"content":{"rendered":"","protected":false},"excerpt":{"rendered":"<p>Ambientador em aerossol com fragr\u00e2ncia floral de longa dura\u00e7\u00e3o<\/p>","protected":false},"featured_media":3741,"comment_status":"open","ping_status":"closed","template":"","meta":[],"product_brand":[],"product_cat":[44],"product_tag":[],"class_list":{"0":"post-3714","1":"product","2":"type-product","3":"status-publish","4":"has-post-thumbnail","6":"product_cat-ambientadores-profesionales","8":"first","9":"instock","10":"shipping-taxable","11":"purchasable","12":"product-type-simple"},"yoast_head":"<!-- This site is optimized with the Yoast SEO Premium plugin v25.2 (Yoast SEO v27.1.1) - https:\/\/yoast.com\/product\/yoast-seo-premium-wordpress\/ -->\n<title>Ambientador aerosol fragancia floral | AMBIENT Air Flowers 1L | Quimidex<\/title>\n<meta name=\"robots\" content=\"noindex, follow\" \/>\n<meta property=\"og:locale\" content=\"pt_PT\" \/>\n<meta property=\"og:type\" content=\"article\" \/>\n<meta property=\"og:title\" content=\"Ambientador aerosol fragancia floral | AMBIENT Air Flowers 1L\" \/>\n<meta property=\"og:description\" content=\"Ambientador en aerosol con fragancia floral de larga duraci\u00f3n\" \/>\n<meta property=\"og:url\" content=\"https:\/\/www.quimidex.com\/pt\/produtos-de-limpeza-profissional\/ambientadores-profissionais\/ambientador-aerosol-fragrancia-floral-flores-de-ar-ambiente-1000cc\/\" \/>\n<meta property=\"og:site_name\" content=\"Quimidex\" \/>\n<meta property=\"article:modified_time\" content=\"2025-03-26T15:55:34+00:00\" \/>\n<meta property=\"og:image\" content=\"https:\/\/www.quimidex.com\/wp-content\/uploads\/2025\/03\/AMBIENTADOR-EN-AEROSOL-CON-FRAGANCIA-FLORAL-AIR-FLOWERS-1-scaled.webp\" \/>\n\t<meta property=\"og:image:width\" content=\"2560\" \/>\n\t<meta property=\"og:image:height\" content=\"2560\" \/>\n\t<meta property=\"og:image:type\" content=\"image\/webp\" \/>\n<meta name=\"twitter:card\" content=\"summary_large_image\" \/>\n<meta name=\"twitter:label1\" content=\"Tempo estimado de leitura\" \/>\n\t<meta name=\"twitter:data1\" content=\"1 minuto\" \/>\n<script type=\"application\/ld+json\" class=\"yoast-schema-graph\">{\"@context\":\"https:\/\/schema.org\",\"@graph\":[{\"@type\":\"WebPage\",\"@id\":\"https:\/\/www.quimidex.com\/productos-limpieza-profesional\/ambientadores-profesionales\/ambientador-aerosol-fragancia-floral-ambient-air-flowers-1000cc\/\",\"url\":\"https:\/\/www.quimidex.com\/productos-limpieza-profesional\/ambientadores-profesionales\/ambientador-aerosol-fragancia-floral-ambient-air-flowers-1000cc\/\",\"name\":\"Ambientador aerosol fragancia floral | AMBIENT Air Flowers 1L | Quimidex\",\"isPartOf\":{\"@id\":\"https:\/\/www.quimidex.com\/#website\"},\"primaryImageOfPage\":{\"@id\":\"https:\/\/www.quimidex.com\/productos-limpieza-profesional\/ambientadores-profesionales\/ambientador-aerosol-fragancia-floral-ambient-air-flowers-1000cc\/#primaryimage\"},\"image\":{\"@id\":\"https:\/\/www.quimidex.com\/productos-limpieza-profesional\/ambientadores-profesionales\/ambientador-aerosol-fragancia-floral-ambient-air-flowers-1000cc\/#primaryimage\"},\"thumbnailUrl\":\"https:\/\/www.quimidex.com\/wp-content\/uploads\/2025\/03\/AMBIENTADOR-EN-AEROSOL-CON-FRAGANCIA-FLORAL-AIR-FLOWERS-1-scaled.webp\",\"datePublished\":\"2025-03-24T11:35:32+00:00\",\"dateModified\":\"2025-03-26T15:55:34+00:00\",\"breadcrumb\":{\"@id\":\"https:\/\/www.quimidex.com\/productos-limpieza-profesional\/ambientadores-profesionales\/ambientador-aerosol-fragancia-floral-ambient-air-flowers-1000cc\/#breadcrumb\"},\"inLanguage\":\"pt-PT\",\"potentialAction\":[{\"@type\":\"ReadAction\",\"target\":[\"https:\/\/www.quimidex.com\/productos-limpieza-profesional\/ambientadores-profesionales\/ambientador-aerosol-fragancia-floral-ambient-air-flowers-1000cc\/\"]}]},{\"@type\":\"ImageObject\",\"inLanguage\":\"pt-PT\",\"@id\":\"https:\/\/www.quimidex.com\/productos-limpieza-profesional\/ambientadores-profesionales\/ambientador-aerosol-fragancia-floral-ambient-air-flowers-1000cc\/#primaryimage\",\"url\":\"https:\/\/www.quimidex.com\/wp-content\/uploads\/2025\/03\/AMBIENTADOR-EN-AEROSOL-CON-FRAGANCIA-FLORAL-AIR-FLOWERS-1-scaled.webp\",\"contentUrl\":\"https:\/\/www.quimidex.com\/wp-content\/uploads\/2025\/03\/AMBIENTADOR-EN-AEROSOL-CON-FRAGANCIA-FLORAL-AIR-FLOWERS-1-scaled.webp\",\"width\":2560,\"height\":2560},{\"@type\":\"BreadcrumbList\",\"@id\":\"https:\/\/www.quimidex.com\/productos-limpieza-profesional\/ambientadores-profesionales\/ambientador-aerosol-fragancia-floral-ambient-air-flowers-1000cc\/#breadcrumb\",\"itemListElement\":[{\"@type\":\"ListItem\",\"position\":1,\"name\":\"Home\",\"item\":\"https:\/\/www.quimidex.com\/\"},{\"@type\":\"ListItem\",\"position\":2,\"name\":\"Productos de limpieza profesional\",\"item\":\"https:\/\/www.quimidex.com\/productos-limpieza-profesional\/\"},{\"@type\":\"ListItem\",\"position\":3,\"name\":\"Ambientador aerosol fragancia floral | AMBIENT Air Flowers 1L\"}]},{\"@type\":\"WebSite\",\"@id\":\"https:\/\/www.quimidex.com\/#website\",\"url\":\"https:\/\/www.quimidex.com\/\",\"name\":\"Quimidex\",\"description\":\"Proveedores de productos de limpieza\",\"publisher\":{\"@id\":\"https:\/\/www.quimidex.com\/#organization\"},\"potentialAction\":[{\"@type\":\"SearchAction\",\"target\":{\"@type\":\"EntryPoint\",\"urlTemplate\":\"https:\/\/www.quimidex.com\/?s={search_term_string}\"},\"query-input\":{\"@type\":\"PropertyValueSpecification\",\"valueRequired\":true,\"valueName\":\"search_term_string\"}}],\"inLanguage\":\"pt-PT\"},{\"@type\":\"Organization\",\"@id\":\"https:\/\/www.quimidex.com\/#organization\",\"name\":\"Quimidex\",\"url\":\"https:\/\/www.quimidex.com\/\",\"logo\":{\"@type\":\"ImageObject\",\"inLanguage\":\"pt-PT\",\"@id\":\"https:\/\/www.quimidex.com\/#\/schema\/logo\/image\/\",\"url\":\"https:\/\/www.quimidex.com\/wp-content\/uploads\/2024\/12\/cropped-Mockup-Quimidex-8-1.png\",\"contentUrl\":\"https:\/\/www.quimidex.com\/wp-content\/uploads\/2024\/12\/cropped-Mockup-Quimidex-8-1.png\",\"width\":512,\"height\":512,\"caption\":\"Quimidex\"},\"image\":{\"@id\":\"https:\/\/www.quimidex.com\/#\/schema\/logo\/image\/\"}}]}<\/script>\n<!-- \/ Yoast SEO Premium plugin. -->","yoast_head_json":{"title":"Spray ambientador fragr\u00e2ncia floral : AMBIENT Air Flowers 1L : Quimidex","robots":{"index":"noindex","follow":"follow"},"og_locale":"pt_PT","og_type":"article","og_title":"Ambientador aerosol fragancia floral | AMBIENT Air Flowers 1L","og_description":"Ambientador en aerosol con fragancia floral de larga duraci\u00f3n","og_url":"https:\/\/www.quimidex.com\/pt\/produtos-de-limpeza-profissional\/ambientadores-profissionais\/ambientador-aerosol-fragrancia-floral-flores-de-ar-ambiente-1000cc\/","og_site_name":"Quimidex","article_modified_time":"2025-03-26T15:55:34+00:00","og_image":[{"width":2560,"height":2560,"url":"https:\/\/www.quimidex.com\/wp-content\/uploads\/2025\/03\/AMBIENTADOR-EN-AEROSOL-CON-FRAGANCIA-FLORAL-AIR-FLOWERS-1-scaled.webp","type":"image\/webp"}],"twitter_card":"summary_large_image","twitter_misc":{"Tempo estimado de leitura":"1 minuto"},"schema":{"@context":"https:\/\/schema.org","@graph":[{"@type":"WebPage","@id":"https:\/\/www.quimidex.com\/productos-limpieza-profesional\/ambientadores-profesionales\/ambientador-aerosol-fragancia-floral-ambient-air-flowers-1000cc\/","url":"https:\/\/www.quimidex.com\/productos-limpieza-profesional\/ambientadores-profesionales\/ambientador-aerosol-fragancia-floral-ambient-air-flowers-1000cc\/","name":"Spray ambientador fragr\u00e2ncia floral : AMBIENT Air Flowers 1L : Quimidex","isPartOf":{"@id":"https:\/\/www.quimidex.com\/#website"},"primaryImageOfPage":{"@id":"https:\/\/www.quimidex.com\/productos-limpieza-profesional\/ambientadores-profesionales\/ambientador-aerosol-fragancia-floral-ambient-air-flowers-1000cc\/#primaryimage"},"image":{"@id":"https:\/\/www.quimidex.com\/productos-limpieza-profesional\/ambientadores-profesionales\/ambientador-aerosol-fragancia-floral-ambient-air-flowers-1000cc\/#primaryimage"},"thumbnailUrl":"https:\/\/www.quimidex.com\/wp-content\/uploads\/2025\/03\/AMBIENTADOR-EN-AEROSOL-CON-FRAGANCIA-FLORAL-AIR-FLOWERS-1-scaled.webp","datePublished":"2025-03-24T11:35:32+00:00","dateModified":"2025-03-26T15:55:34+00:00","breadcrumb":{"@id":"https:\/\/www.quimidex.com\/productos-limpieza-profesional\/ambientadores-profesionales\/ambientador-aerosol-fragancia-floral-ambient-air-flowers-1000cc\/#breadcrumb"},"inLanguage":"pt-PT","potentialAction":[{"@type":"ReadAction","target":["https:\/\/www.quimidex.com\/productos-limpieza-profesional\/ambientadores-profesionales\/ambientador-aerosol-fragancia-floral-ambient-air-flowers-1000cc\/"]}]},{"@type":"ImageObject","inLanguage":"pt-PT","@id":"https:\/\/www.quimidex.com\/productos-limpieza-profesional\/ambientadores-profesionales\/ambientador-aerosol-fragancia-floral-ambient-air-flowers-1000cc\/#primaryimage","url":"https:\/\/www.quimidex.com\/wp-content\/uploads\/2025\/03\/AMBIENTADOR-EN-AEROSOL-CON-FRAGANCIA-FLORAL-AIR-FLOWERS-1-scaled.webp","contentUrl":"https:\/\/www.quimidex.com\/wp-content\/uploads\/2025\/03\/AMBIENTADOR-EN-AEROSOL-CON-FRAGANCIA-FLORAL-AIR-FLOWERS-1-scaled.webp","width":2560,"height":2560},{"@type":"BreadcrumbList","@id":"https:\/\/www.quimidex.com\/productos-limpieza-profesional\/ambientadores-profesionales\/ambientador-aerosol-fragancia-floral-ambient-air-flowers-1000cc\/#breadcrumb","itemListElement":[{"@type":"ListItem","position":1,"name":"Home","item":"https:\/\/www.quimidex.com\/"},{"@type":"ListItem","position":2,"name":"Productos de limpieza profesional","item":"https:\/\/www.quimidex.com\/productos-limpieza-profesional\/"},{"@type":"ListItem","position":3,"name":"Ambientador aerosol fragancia floral | AMBIENT Air Flowers 1L"}]},{"@type":"WebSite","@id":"https:\/\/www.quimidex.com\/#website","url":"https:\/\/www.quimidex.com\/","name":"Quimidex","description":"Fornecedores de produtos de limpeza","publisher":{"@id":"https:\/\/www.quimidex.com\/#organization"},"potentialAction":[{"@type":"SearchAction","target":{"@type":"EntryPoint","urlTemplate":"https:\/\/www.quimidex.com\/?s={search_term_string}"},"query-input":{"@type":"PropertyValueSpecification","valueRequired":true,"valueName":"search_term_string"}}],"inLanguage":"pt-PT"},{"@type":"Organization","@id":"https:\/\/www.quimidex.com\/#organization","name":"Quimidex","url":"https:\/\/www.quimidex.com\/","logo":{"@type":"ImageObject","inLanguage":"pt-PT","@id":"https:\/\/www.quimidex.com\/#\/schema\/logo\/image\/","url":"https:\/\/www.quimidex.com\/wp-content\/uploads\/2024\/12\/cropped-Mockup-Quimidex-8-1.png","contentUrl":"https:\/\/www.quimidex.com\/wp-content\/uploads\/2024\/12\/cropped-Mockup-Quimidex-8-1.png","width":512,"height":512,"caption":"Quimidex"},"image":{"@id":"https:\/\/www.quimidex.com\/#\/schema\/logo\/image\/"}}]}},"_links":{"self":[{"href":"https:\/\/www.quimidex.com\/pt\/wp-json\/wp\/v2\/product\/3714","targetHints":{"allow":["GET"]}}],"collection":[{"href":"https:\/\/www.quimidex.com\/pt\/wp-json\/wp\/v2\/product"}],"about":[{"href":"https:\/\/www.quimidex.com\/pt\/wp-json\/wp\/v2\/types\/product"}],"replies":[{"embeddable":true,"href":"https:\/\/www.quimidex.com\/pt\/wp-json\/wp\/v2\/comments?post=3714"}],"wp:featuredmedia":[{"embeddable":true,"href":"https:\/\/www.quimidex.com\/pt\/wp-json\/wp\/v2\/media\/3741"}],"wp:attachment":[{"href":"https:\/\/www.quimidex.com\/pt\/wp-json\/wp\/v2\/media?parent=3714"}],"wp:term":[{"taxonomy":"product_brand","embeddable":true,"href":"https:\/\/www.quimidex.com\/pt\/wp-json\/wp\/v2\/product_brand?post=3714"},{"taxonomy":"product_cat","embeddable":true,"href":"https:\/\/www.quimidex.com\/pt\/wp-json\/wp\/v2\/product_cat?post=3714"},{"taxonomy":"product_tag","embeddable":true,"href":"https:\/\/www.quimidex.com\/pt\/wp-json\/wp\/v2\/product_tag?post=3714"}],"curies":[{"name":"wp","href":"https:\/\/api.w.org\/{rel}","templated":true}]}}