{"id":4661,"date":"2026-02-11T08:45:33","date_gmt":"2026-02-11T08:45:33","guid":{"rendered":"https:\/\/www.quimidex.com\/?page_id=4661"},"modified":"2026-02-11T08:50:50","modified_gmt":"2026-02-11T08:50:50","slug":"quimidex-ecodose","status":"publish","type":"page","link":"https:\/\/www.quimidex.com\/pt\/catalogos\/quimidex-ecodose\/","title":{"rendered":"Quimidex Ecodose"},"content":{"rendered":"<div data-elementor-type=\"wp-page\" data-elementor-id=\"4661\" class=\"elementor elementor-4661\" data-elementor-post-type=\"page\">\n\t\t\t\t<div class=\"elementor-element elementor-element-9397c56 e-con-full e-flex e-con e-parent\" data-id=\"9397c56\" data-element_type=\"container\" data-e-type=\"container\">\n\t\t<div class=\"elementor-element elementor-element-4bbad8f e-con-full e-flex e-con e-child\" data-id=\"4bbad8f\" data-element_type=\"container\" data-e-type=\"container\">\n\t\t\t\t<div class=\"elementor-element elementor-element-50d893f elementor-widget__width-initial elementor-widget elementor-widget-heading\" data-id=\"50d893f\" data-element_type=\"widget\" data-e-type=\"widget\" data-widget_type=\"heading.default\">\n\t\t\t\t\t<h2 class=\"elementor-heading-title elementor-size-default\">Quimidex Ecodose<\/h2>\t\t\t\t<\/div>\n\t\t\t\t<div class=\"elementor-element elementor-element-4001aa5 elementor-widget elementor-widget-heading\" data-id=\"4001aa5\" data-element_type=\"widget\" data-e-type=\"widget\" data-widget_type=\"heading.default\">\n\t\t\t\t\t<span class=\"elementor-heading-title elementor-size-default\">Limpeza f\u00e1cil, segura e precisa\n<\/span>\t\t\t\t<\/div>\n\t\t<div class=\"elementor-element elementor-element-05782ed e-con-full e-grid e-con e-child\" data-id=\"05782ed\" data-element_type=\"container\" data-e-type=\"container\">\n\t\t\t\t<div class=\"elementor-element elementor-element-3c525f5 elementor-widget elementor-widget-image\" data-id=\"3c525f5\" data-element_type=\"widget\" data-e-type=\"widget\" data-widget_type=\"image.default\">\n\t\t\t\t\t\t\t\t\t\t\t\t\t\t\t<img fetchpriority=\"high\" decoding=\"async\" width=\"500\" height=\"500\" src=\"https:\/\/www.quimidex.com\/wp-content\/uploads\/2025\/01\/BIOCIDAL-DISINFECTANT-5.png\" class=\"attachment-medium_large size-medium_large wp-image-2100\" alt=\"\" \/>\t\t\t\t\t\t\t\t\t\t\t\t\t\t\t<\/div>\n\t\t\t\t<div class=\"elementor-element elementor-element-bdf1699 elementor-widget elementor-widget-image\" data-id=\"bdf1699\" data-element_type=\"widget\" data-e-type=\"widget\" data-widget_type=\"image.default\">\n\t\t\t\t\t\t\t\t\t\t\t\t\t\t\t<img decoding=\"async\" width=\"500\" height=\"500\" src=\"https:\/\/www.quimidex.com\/wp-content\/uploads\/2026\/02\/GIRAYDOSIFICA.webp\" class=\"attachment-medium_large size-medium_large wp-image-4663\" alt=\"\" srcset=\"https:\/\/www.quimidex.com\/wp-content\/uploads\/2026\/02\/GIRAYDOSIFICA.webp 500w, https:\/\/www.quimidex.com\/wp-content\/uploads\/2026\/02\/GIRAYDOSIFICA-300x300.webp 300w, https:\/\/www.quimidex.com\/wp-content\/uploads\/2026\/02\/GIRAYDOSIFICA-150x150.webp 150w, https:\/\/www.quimidex.com\/wp-content\/uploads\/2026\/02\/GIRAYDOSIFICA-12x12.webp 12w, https:\/\/www.quimidex.com\/wp-content\/uploads\/2026\/02\/GIRAYDOSIFICA-100x100.webp 100w, https:\/\/www.quimidex.com\/wp-content\/uploads\/2026\/02\/GIRAYDOSIFICA-64x64.webp 64w\" sizes=\"(max-width: 500px) 100vw, 500px\" \/>\t\t\t\t\t\t\t\t\t\t\t\t\t\t\t<\/div>\n\t\t\t\t<\/div>\n\t\t\t\t<div class=\"elementor-element elementor-element-58cc5a5 elementor-widget elementor-widget-image\" data-id=\"58cc5a5\" data-element_type=\"widget\" data-e-type=\"widget\" data-widget_type=\"image.default\">\n\t\t\t\t\t\t\t\t\t\t\t\t\t\t\t<img decoding=\"async\" width=\"768\" height=\"427\" src=\"https:\/\/www.quimidex.com\/wp-content\/uploads\/2026\/02\/Gama_Envas_ECODOSE_bx-768x427.jpg\" class=\"attachment-medium_large size-medium_large wp-image-4662\" alt=\"\" srcset=\"https:\/\/www.quimidex.com\/wp-content\/uploads\/2026\/02\/Gama_Envas_ECODOSE_bx-768x427.jpg 768w, https:\/\/www.quimidex.com\/wp-content\/uploads\/2026\/02\/Gama_Envas_ECODOSE_bx-300x167.jpg 300w, https:\/\/www.quimidex.com\/wp-content\/uploads\/2026\/02\/Gama_Envas_ECODOSE_bx-1024x569.jpg 1024w, https:\/\/www.quimidex.com\/wp-content\/uploads\/2026\/02\/Gama_Envas_ECODOSE_bx-1536x854.jpg 1536w, https:\/\/www.quimidex.com\/wp-content\/uploads\/2026\/02\/Gama_Envas_ECODOSE_bx-18x10.jpg 18w, https:\/\/www.quimidex.com\/wp-content\/uploads\/2026\/02\/Gama_Envas_ECODOSE_bx-600x334.jpg 600w, https:\/\/www.quimidex.com\/wp-content\/uploads\/2026\/02\/Gama_Envas_ECODOSE_bx-64x36.jpg 64w, https:\/\/www.quimidex.com\/wp-content\/uploads\/2026\/02\/Gama_Envas_ECODOSE_bx.jpg 1799w\" sizes=\"(max-width: 768px) 100vw, 768px\" \/>\t\t\t\t\t\t\t\t\t\t\t\t\t\t\t<\/div>\n\t\t\t\t<\/div>\n\t\t\t\t<\/div>\n\t\t<div class=\"elementor-element elementor-element-0f5fd0b e-con-full e-flex e-con e-parent\" data-id=\"0f5fd0b\" data-element_type=\"container\" data-e-type=\"container\">\n\t\t<div class=\"elementor-element elementor-element-f204b96 e-con-full e-flex e-con e-child\" data-id=\"f204b96\" data-element_type=\"container\" data-e-type=\"container\">\n\t\t\t\t<div class=\"elementor-element elementor-element-cab35e8 elementor-widget__width-initial elementor-widget elementor-widget-heading\" data-id=\"cab35e8\" data-element_type=\"widget\" data-e-type=\"widget\" data-widget_type=\"heading.default\">\n\t\t\t\t\t<h2 class=\"elementor-heading-title elementor-size-default\">Inova\u00e7\u00e3o em cada garrafa, num s\u00f3 gesto<\/h2>\t\t\t\t<\/div>\n\t\t\t\t<div class=\"elementor-element elementor-element-815c282 elementor-widget elementor-widget-text-editor\" data-id=\"815c282\" data-element_type=\"widget\" data-e-type=\"widget\" data-widget_type=\"text-editor.default\">\n\t\t\t\t\t\t\t\t\t<p>O sistema da garrafa ECODOSE \u00e9 uma solu\u00e7\u00e3o inovadora de dosagem manual, concebida para simplificar a limpeza profissional e oferecer uma op\u00e7\u00e3o rent\u00e1vel, segura e sustent\u00e1vel, especialmente atrativa para o canal de distribui\u00e7\u00e3o.<\/p>\t\t\t\t\t\t\t\t<\/div>\n\t\t\t\t<div class=\"elementor-element elementor-element-0325d62 elementor-widget elementor-widget-text-editor\" data-id=\"0325d62\" data-element_type=\"widget\" data-e-type=\"widget\" data-widget_type=\"text-editor.default\">\n\t\t\t\t\t\t\t\t\t<p>O ECODOSE funciona atrav\u00e9s de uma garrafa doseadora ECOdose de 1 litro, que liberta manualmente monodoses exatas at\u00e9 50 mL diretamente no balde de esfregona. N\u00e3o requer instala\u00e7\u00f5es, diluidores, eletricidade nem manuten\u00e7\u00e3o, o que facilita uma implementa\u00e7\u00e3o imediata no cliente final.<\/p>\t\t\t\t\t\t\t\t<\/div>\n\t\t\t\t<div class=\"elementor-element elementor-element-6791da1 elementor-widget elementor-widget-text-editor\" data-id=\"6791da1\" data-element_type=\"widget\" data-e-type=\"widget\" data-widget_type=\"text-editor.default\">\n\t\t\t\t\t\t\t\t\t<p>Cada garrafa permite at\u00e9 20 utiliza\u00e7\u00f5es, garantindo um consumo controlado, sem erros de dosagem e com uma redu\u00e7\u00e3o clara de desperd\u00edcios. O sistema foi pensado para a limpeza di\u00e1ria de pisos e pavimentos em hot\u00e9is, centros de sa\u00fade, lares, escolas, edif\u00edcios p\u00fablicos e grandes coletividades.<\/p>\t\t\t\t\t\t\t\t<\/div>\n\t\t\t\t<\/div>\n\t\t<div class=\"elementor-element elementor-element-2ae8dba e-con-full e-flex e-con e-child\" data-id=\"2ae8dba\" data-element_type=\"container\" data-e-type=\"container\">\n\t\t\t\t<div class=\"elementor-element elementor-element-d17e696 elementor-widget elementor-widget-text-editor\" data-id=\"d17e696\" data-element_type=\"widget\" data-e-type=\"widget\" data-widget_type=\"text-editor.default\">\n\t\t\t\t\t\t\t\t\t<p>Principais vantagens para o distribuidor:<\/p>\t\t\t\t\t\t\t\t<\/div>\n\t\t\t\t<div class=\"elementor-element elementor-element-b15d2ee elementor-widget elementor-widget-text-editor\" data-id=\"b15d2ee\" data-element_type=\"widget\" data-e-type=\"widget\" data-widget_type=\"text-editor.default\">\n\t\t\t\t\t\t\t\t\t<ul><li>Produto f\u00e1cil de explicar, implementar e vender.<\/li><li>Alta rota\u00e7\u00e3o e reposi\u00e7\u00e3o recorrente.<\/li><li>Redu\u00e7\u00e3o de incid\u00eancias e de suporte t\u00e9cnico (sem instala\u00e7\u00f5es).<\/li><li>Diferencia\u00e7\u00e3o clara face aos sistemas de dilui\u00e7\u00e3o tradicionais.<\/li><li>Gama ecol\u00f3gica alinhada com as novas exig\u00eancias de sustentabilidade.<\/li><\/ul>\t\t\t\t\t\t\t\t<\/div>\n\t\t\t\t<div class=\"elementor-element elementor-element-0c7be9b elementor-widget elementor-widget-text-editor\" data-id=\"0c7be9b\" data-element_type=\"widget\" data-e-type=\"widget\" data-widget_type=\"text-editor.default\">\n\t\t\t\t\t\t\t\t\t<p>A garrafa ECODOSE oferece resultados profissionais, limpando, protegendo e desodorizando numa s\u00f3 opera\u00e7\u00e3o, com formula\u00e7\u00f5es ecol\u00f3gicas e biodegrad\u00e1veis.<\/p>\t\t\t\t\t\t\t\t<\/div>\n\t\t\t\t<\/div>\n\t\t\t\t<\/div>\n\t\t<div class=\"elementor-element elementor-element-b37a94f e-flex e-con-boxed e-con e-parent\" data-id=\"b37a94f\" data-element_type=\"container\" data-e-type=\"container\">\n\t\t\t\t\t<div class=\"e-con-inner\">\n\t\t\t\t<div class=\"elementor-element elementor-element-82c510b elementor-mobile-align-left elementor-widget-mobile__width-initial elementor-align-center elementor-widget elementor-widget-button\" data-id=\"82c510b\" data-element_type=\"widget\" data-e-type=\"widget\" data-widget_type=\"button.default\">\n\t\t\t\t\t\t\t\t\t\t<a class=\"elementor-button elementor-button-link elementor-size-sm\" href=\"https:\/\/www.quimidex.com\/pt\/contacto\/\">\n\t\t\t\t\t\t<span class=\"elementor-button-content-wrapper\">\n\t\t\t\t\t\t\t\t\t<span class=\"elementor-button-text\">Pedir tarifas<\/span>\n\t\t\t\t\t<\/span>\n\t\t\t\t\t<\/a>\n\t\t\t\t\t\t\t\t<\/div>\n\t\t\t\t\t<\/div>\n\t\t\t\t<\/div>\n\t\t\t\t<\/div>","protected":false},"excerpt":{"rendered":"<p>Quimidex Ecodose Limpieza f\u00e1cil, segura y exacta Innovaci\u00f3n en cada botella en un solo gesto El sistema de la botella ECODOSE, es innovador en dosificaci\u00f3n manual, dise\u00f1ado para simplificar la limpieza profesional y ofrecer una soluci\u00f3n rentable, segura y sostenible, especialmente atractiva para el canal de distribuci\u00f3n. ECODOSE funciona mediante una botella dosificadora ECOdose de [&hellip;]<\/p>\n","protected":false},"author":13,"featured_media":0,"parent":2029,"menu_order":0,"comment_status":"closed","ping_status":"closed","template":"elementor_header_footer","meta":{"footnotes":""},"class_list":["post-4661","page","type-page","status-publish","hentry"],"yoast_head":"<!-- This site is optimized with the Yoast SEO Premium plugin v25.2 (Yoast SEO v27.1.1) - https:\/\/yoast.com\/product\/yoast-seo-premium-wordpress\/ -->\n<title>Quimidex Ecodose | Quimidex<\/title>\n<meta name=\"robots\" content=\"index, follow, max-snippet:-1, max-image-preview:large, max-video-preview:-1\" \/>\n<link rel=\"canonical\" href=\"https:\/\/www.quimidex.com\/pt\/catalogos\/quimidex-ecodose\/\" \/>\n<meta property=\"og:locale\" content=\"pt_PT\" \/>\n<meta property=\"og:type\" content=\"article\" \/>\n<meta property=\"og:title\" content=\"Quimidex Ecodose\" \/>\n<meta property=\"og:description\" content=\"Quimidex Ecodose Limpieza f\u00e1cil, segura y exacta Innovaci\u00f3n en cada botella en un solo gesto El sistema de la botella ECODOSE, es innovador en dosificaci\u00f3n manual, dise\u00f1ado para simplificar la limpieza profesional y ofrecer una soluci\u00f3n rentable, segura y sostenible, especialmente atractiva para el canal de distribuci\u00f3n. ECODOSE funciona mediante una botella dosificadora ECOdose de [&hellip;]\" \/>\n<meta property=\"og:url\" content=\"https:\/\/www.quimidex.com\/pt\/catalogos\/quimidex-ecodose\/\" \/>\n<meta property=\"og:site_name\" content=\"Quimidex\" \/>\n<meta property=\"article:modified_time\" content=\"2026-02-11T08:50:50+00:00\" \/>\n<meta property=\"og:image\" content=\"https:\/\/www.quimidex.com\/wp-content\/uploads\/2025\/01\/BIOCIDAL-DISINFECTANT-5.png\" \/>\n\t<meta property=\"og:image:width\" content=\"500\" \/>\n\t<meta property=\"og:image:height\" content=\"500\" \/>\n\t<meta property=\"og:image:type\" content=\"image\/png\" \/>\n<meta name=\"twitter:card\" content=\"summary_large_image\" \/>\n<meta name=\"twitter:label1\" content=\"Tempo estimado de leitura\" \/>\n\t<meta name=\"twitter:data1\" content=\"1 minuto\" \/>\n<script type=\"application\/ld+json\" class=\"yoast-schema-graph\">{\"@context\":\"https:\/\/schema.org\",\"@graph\":[{\"@type\":\"WebPage\",\"@id\":\"https:\/\/www.quimidex.com\/catalogos\/quimidex-ecodose\/\",\"url\":\"https:\/\/www.quimidex.com\/catalogos\/quimidex-ecodose\/\",\"name\":\"Quimidex Ecodose | Quimidex\",\"isPartOf\":{\"@id\":\"https:\/\/www.quimidex.com\/#website\"},\"primaryImageOfPage\":{\"@id\":\"https:\/\/www.quimidex.com\/catalogos\/quimidex-ecodose\/#primaryimage\"},\"image\":{\"@id\":\"https:\/\/www.quimidex.com\/catalogos\/quimidex-ecodose\/#primaryimage\"},\"thumbnailUrl\":\"https:\/\/www.quimidex.com\/wp-content\/uploads\/2025\/01\/BIOCIDAL-DISINFECTANT-5.png\",\"datePublished\":\"2026-02-11T08:45:33+00:00\",\"dateModified\":\"2026-02-11T08:50:50+00:00\",\"breadcrumb\":{\"@id\":\"https:\/\/www.quimidex.com\/catalogos\/quimidex-ecodose\/#breadcrumb\"},\"inLanguage\":\"pt-PT\",\"potentialAction\":[{\"@type\":\"ReadAction\",\"target\":[\"https:\/\/www.quimidex.com\/catalogos\/quimidex-ecodose\/\"]}]},{\"@type\":\"ImageObject\",\"inLanguage\":\"pt-PT\",\"@id\":\"https:\/\/www.quimidex.com\/catalogos\/quimidex-ecodose\/#primaryimage\",\"url\":\"https:\/\/www.quimidex.com\/wp-content\/uploads\/2025\/01\/BIOCIDAL-DISINFECTANT-5.png\",\"contentUrl\":\"https:\/\/www.quimidex.com\/wp-content\/uploads\/2025\/01\/BIOCIDAL-DISINFECTANT-5.png\"},{\"@type\":\"BreadcrumbList\",\"@id\":\"https:\/\/www.quimidex.com\/catalogos\/quimidex-ecodose\/#breadcrumb\",\"itemListElement\":[{\"@type\":\"ListItem\",\"position\":1,\"name\":\"Home\",\"item\":\"https:\/\/www.quimidex.com\/\"},{\"@type\":\"ListItem\",\"position\":2,\"name\":\"Cat\u00e1logos\",\"item\":\"https:\/\/www.quimidex.com\/catalogos\/\"},{\"@type\":\"ListItem\",\"position\":3,\"name\":\"Quimidex Ecodose\"}]},{\"@type\":\"WebSite\",\"@id\":\"https:\/\/www.quimidex.com\/#website\",\"url\":\"https:\/\/www.quimidex.com\/\",\"name\":\"Quimidex\",\"description\":\"Proveedores de productos de limpieza\",\"publisher\":{\"@id\":\"https:\/\/www.quimidex.com\/#organization\"},\"potentialAction\":[{\"@type\":\"SearchAction\",\"target\":{\"@type\":\"EntryPoint\",\"urlTemplate\":\"https:\/\/www.quimidex.com\/?s={search_term_string}\"},\"query-input\":{\"@type\":\"PropertyValueSpecification\",\"valueRequired\":true,\"valueName\":\"search_term_string\"}}],\"inLanguage\":\"pt-PT\"},{\"@type\":\"Organization\",\"@id\":\"https:\/\/www.quimidex.com\/#organization\",\"name\":\"Quimidex\",\"url\":\"https:\/\/www.quimidex.com\/\",\"logo\":{\"@type\":\"ImageObject\",\"inLanguage\":\"pt-PT\",\"@id\":\"https:\/\/www.quimidex.com\/#\/schema\/logo\/image\/\",\"url\":\"https:\/\/www.quimidex.com\/wp-content\/uploads\/2024\/12\/cropped-Mockup-Quimidex-8-1.png\",\"contentUrl\":\"https:\/\/www.quimidex.com\/wp-content\/uploads\/2024\/12\/cropped-Mockup-Quimidex-8-1.png\",\"width\":512,\"height\":512,\"caption\":\"Quimidex\"},\"image\":{\"@id\":\"https:\/\/www.quimidex.com\/#\/schema\/logo\/image\/\"}}]}<\/script>\n<!-- \/ Yoast SEO Premium plugin. -->","yoast_head_json":{"title":"Quimidex Ecodose | Quimidex","robots":{"index":"index","follow":"follow","max-snippet":"max-snippet:-1","max-image-preview":"max-image-preview:large","max-video-preview":"max-video-preview:-1"},"canonical":"https:\/\/www.quimidex.com\/pt\/catalogos\/quimidex-ecodose\/","og_locale":"pt_PT","og_type":"article","og_title":"Quimidex Ecodose","og_description":"Quimidex Ecodose Limpieza f\u00e1cil, segura y exacta Innovaci\u00f3n en cada botella en un solo gesto El sistema de la botella ECODOSE, es innovador en dosificaci\u00f3n manual, dise\u00f1ado para simplificar la limpieza profesional y ofrecer una soluci\u00f3n rentable, segura y sostenible, especialmente atractiva para el canal de distribuci\u00f3n. ECODOSE funciona mediante una botella dosificadora ECOdose de [&hellip;]","og_url":"https:\/\/www.quimidex.com\/pt\/catalogos\/quimidex-ecodose\/","og_site_name":"Quimidex","article_modified_time":"2026-02-11T08:50:50+00:00","og_image":[{"width":500,"height":500,"url":"https:\/\/www.quimidex.com\/wp-content\/uploads\/2025\/01\/BIOCIDAL-DISINFECTANT-5.png","type":"image\/png"}],"twitter_card":"summary_large_image","twitter_misc":{"Tempo estimado de leitura":"1 minuto"},"schema":{"@context":"https:\/\/schema.org","@graph":[{"@type":"WebPage","@id":"https:\/\/www.quimidex.com\/catalogos\/quimidex-ecodose\/","url":"https:\/\/www.quimidex.com\/catalogos\/quimidex-ecodose\/","name":"Quimidex Ecodose | Quimidex","isPartOf":{"@id":"https:\/\/www.quimidex.com\/#website"},"primaryImageOfPage":{"@id":"https:\/\/www.quimidex.com\/catalogos\/quimidex-ecodose\/#primaryimage"},"image":{"@id":"https:\/\/www.quimidex.com\/catalogos\/quimidex-ecodose\/#primaryimage"},"thumbnailUrl":"https:\/\/www.quimidex.com\/wp-content\/uploads\/2025\/01\/BIOCIDAL-DISINFECTANT-5.png","datePublished":"2026-02-11T08:45:33+00:00","dateModified":"2026-02-11T08:50:50+00:00","breadcrumb":{"@id":"https:\/\/www.quimidex.com\/catalogos\/quimidex-ecodose\/#breadcrumb"},"inLanguage":"pt-PT","potentialAction":[{"@type":"ReadAction","target":["https:\/\/www.quimidex.com\/catalogos\/quimidex-ecodose\/"]}]},{"@type":"ImageObject","inLanguage":"pt-PT","@id":"https:\/\/www.quimidex.com\/catalogos\/quimidex-ecodose\/#primaryimage","url":"https:\/\/www.quimidex.com\/wp-content\/uploads\/2025\/01\/BIOCIDAL-DISINFECTANT-5.png","contentUrl":"https:\/\/www.quimidex.com\/wp-content\/uploads\/2025\/01\/BIOCIDAL-DISINFECTANT-5.png"},{"@type":"BreadcrumbList","@id":"https:\/\/www.quimidex.com\/catalogos\/quimidex-ecodose\/#breadcrumb","itemListElement":[{"@type":"ListItem","position":1,"name":"Home","item":"https:\/\/www.quimidex.com\/"},{"@type":"ListItem","position":2,"name":"Cat\u00e1logos","item":"https:\/\/www.quimidex.com\/catalogos\/"},{"@type":"ListItem","position":3,"name":"Quimidex Ecodose"}]},{"@type":"WebSite","@id":"https:\/\/www.quimidex.com\/#website","url":"https:\/\/www.quimidex.com\/","name":"Quimidex","description":"Fornecedores de produtos de limpeza","publisher":{"@id":"https:\/\/www.quimidex.com\/#organization"},"potentialAction":[{"@type":"SearchAction","target":{"@type":"EntryPoint","urlTemplate":"https:\/\/www.quimidex.com\/?s={search_term_string}"},"query-input":{"@type":"PropertyValueSpecification","valueRequired":true,"valueName":"search_term_string"}}],"inLanguage":"pt-PT"},{"@type":"Organization","@id":"https:\/\/www.quimidex.com\/#organization","name":"Quimidex","url":"https:\/\/www.quimidex.com\/","logo":{"@type":"ImageObject","inLanguage":"pt-PT","@id":"https:\/\/www.quimidex.com\/#\/schema\/logo\/image\/","url":"https:\/\/www.quimidex.com\/wp-content\/uploads\/2024\/12\/cropped-Mockup-Quimidex-8-1.png","contentUrl":"https:\/\/www.quimidex.com\/wp-content\/uploads\/2024\/12\/cropped-Mockup-Quimidex-8-1.png","width":512,"height":512,"caption":"Quimidex"},"image":{"@id":"https:\/\/www.quimidex.com\/#\/schema\/logo\/image\/"}}]}},"_links":{"self":[{"href":"https:\/\/www.quimidex.com\/pt\/wp-json\/wp\/v2\/pages\/4661","targetHints":{"allow":["GET"]}}],"collection":[{"href":"https:\/\/www.quimidex.com\/pt\/wp-json\/wp\/v2\/pages"}],"about":[{"href":"https:\/\/www.quimidex.com\/pt\/wp-json\/wp\/v2\/types\/page"}],"author":[{"embeddable":true,"href":"https:\/\/www.quimidex.com\/pt\/wp-json\/wp\/v2\/users\/13"}],"replies":[{"embeddable":true,"href":"https:\/\/www.quimidex.com\/pt\/wp-json\/wp\/v2\/comments?post=4661"}],"version-history":[{"count":6,"href":"https:\/\/www.quimidex.com\/pt\/wp-json\/wp\/v2\/pages\/4661\/revisions"}],"predecessor-version":[{"id":4669,"href":"https:\/\/www.quimidex.com\/pt\/wp-json\/wp\/v2\/pages\/4661\/revisions\/4669"}],"up":[{"embeddable":true,"href":"https:\/\/www.quimidex.com\/pt\/wp-json\/wp\/v2\/pages\/2029"}],"wp:attachment":[{"href":"https:\/\/www.quimidex.com\/pt\/wp-json\/wp\/v2\/media?parent=4661"}],"curies":[{"name":"wp","href":"https:\/\/api.w.org\/{rel}","templated":true}]}}