{"id":4586,"date":"2025-10-29T15:44:21","date_gmt":"2025-10-29T15:44:21","guid":{"rendered":"https:\/\/www.quimidex.com\/?page_id=4586"},"modified":"2025-10-29T16:22:56","modified_gmt":"2025-10-29T16:22:56","slug":"politica-de-cookies","status":"publish","type":"page","link":"https:\/\/www.quimidex.com\/pt\/politica-de-cookies\/","title":{"rendered":"Pol\u00edtica de Cookies"},"content":{"rendered":"<div data-elementor-type=\"wp-page\" data-elementor-id=\"4586\" class=\"elementor elementor-4586\" data-elementor-post-type=\"page\">\n\t\t\t\t<div class=\"elementor-element elementor-element-a43c4be e-flex e-con-boxed e-con e-parent\" data-id=\"a43c4be\" data-element_type=\"container\" data-e-type=\"container\">\n\t\t\t\t\t<div class=\"e-con-inner\">\n\t\t\t\t<div class=\"elementor-element elementor-element-b6a7f33 elementor-widget elementor-widget-heading\" data-id=\"b6a7f33\" data-element_type=\"widget\" data-e-type=\"widget\" data-widget_type=\"heading.default\">\n\t\t\t\t\t<h2 class=\"elementor-heading-title elementor-size-default\">Pol\u00edtica de Cookies<\/h2>\t\t\t\t<\/div>\n\t\t\t\t<div class=\"elementor-element elementor-element-584d0c7 elementor-widget elementor-widget-text-editor\" data-id=\"584d0c7\" data-element_type=\"widget\" data-e-type=\"widget\" data-widget_type=\"text-editor.default\">\n\t\t\t\t\t\t\t\t\t<p>Em cumprimento do dever de informa\u00e7\u00e3o previsto no n.\u00ba 2 do artigo 22.\u00ba da Lei 34\/2002, de 11 de julho, de Servi\u00e7os da Sociedade da Informa\u00e7\u00e3o e de Com\u00e9rcio Eletr\u00f3nico, a presente cl\u00e1usula de cookies tem por finalidade informar os utilizadores de forma clara e precisa sobre as cookies utilizadas pelo dom\u00ednio www.quimidex.com, propriedade de Quimidex Profesional S.L. (doravante \u201cQuimidex\u201d). <a href=\"https:\/\/www.quimidex.com\/pt\/\" target=\"_blank\">www.quimidex.com<\/a> propiedad de Quimidex Profesional S.L., (en adelante \u201cQuimidex\u201d).<\/p>\n<p>Uma cookie \u00e9 um ficheiro de pequeno tamanho que os websites enviam ao navegador e descarregam no seu computador. As cookies permitem que o website armazene e recupere informa\u00e7\u00e3o sobre a sua visita, como o idioma e outras op\u00e7\u00f5es, com o objetivo de melhorar os servi\u00e7os oferecidos e contribuir para uma melhor experi\u00eancia de navega\u00e7\u00e3o do utilizador.<\/p>\n<p>No portal web s\u00e3o utilizados diferentes tipos de cookies com distintas finalidades. De seguida, enumeram-se as cookies utilizadas:<\/p>\n<div class=\"cky-audit-table-element\"><\/div>\n<h5 style=\"margin-top: 2rem;\">Cookies estritamente necess\u00e1rias<\/h5>\n<p>As cookies necess\u00e1rias ajudam a tornar um website utiliz\u00e1vel ao permitir fun\u00e7\u00f5es b\u00e1sicas como a navega\u00e7\u00e3o nas p\u00e1ginas e o acesso a \u00e1reas seguras do website. O website n\u00e3o pode funcionar corretamente sem estas cookies.<\/p>\n<p>A utiliza\u00e7\u00e3o do Google Analytics pode implicar a transfer\u00eancia de dados pessoais para fora da UE\/EEE e, em concreto, para pa\u00edses terceiros que n\u00e3o preveem normas de prote\u00e7\u00e3o de dados semelhantes \u00e0s da Uni\u00e3o Europeia. Se os dados forem transferidos para os EUA, existe o risco de as autoridades norte-americanas poderem tratar os seus dados para adotar medidas de controlo e vigil\u00e2ncia, possivelmente sem possibilidade de recurso legal. Em seguida, encontra uma lista de pa\u00edses para os quais os dados s\u00e3o transferidos. Tal pode dever-se a diferentes motivos, como o armazenamento ou o tratamento.<\/p>\n<p>Clique aqui para ler a pol\u00edtica de privacidade do subcontratante (Encargado do Tratamento): <a href=\"https:\/\/policies.google.com\/privacy?hl=en\" target=\"_blank\">https:\/\/policies.google.com\/privacy?hl=en<\/a><\/p>\n<p>Clique aqui para retirar o consentimento destas cookies pelo subcontratante em todos os dom\u00ednios: <a href=\"https:\/\/policies.google.com\/privacy?hl=en\" target=\"_blank\">https:\/\/safety.google\/privacy\/privacy-controls\/<\/a><\/p>\n<h5 style=\"margin-top: 2rem;\">Cookies de marketing<\/h5>\n<p>S\u00e3o cookies que armazenam informa\u00e7\u00e3o sobre o comportamento dos utilizadores, obtida atrav\u00e9s da observa\u00e7\u00e3o continuada dos seus h\u00e1bitos de navega\u00e7\u00e3o, o que permite desenvolver um perfil espec\u00edfico para apresentar publicidade com base nesse perfil.<\/p>\n<p>Esta informa\u00e7\u00e3o ser\u00e1 atualizada \u00e0 medida que os servi\u00e7os oferecidos neste website se alterem.<\/p>\n<h5 style=\"margin-bottom: 1rem; margin-top: 2rem;\">Gerir prefer\u00eancias de cookies<\/h5>\n<ps style=\"margin-bottom: 1rem;\"><a style=\"background-color: #545458;fill: #FFF;color: #FFF;border-radius: 18px 18px 18px 18px;cursor: pointer;\" class=\"cky-banner-element elementor-button elementor-button-link elementor-size-sm\"><span class=\"elementor-button-content-wrapper\">\n<span class=\"elementor-button-text\">Prefer\u00eancias de consentimento<\/span><\/span><\/a><p>\n<p>Pode modificar as suas defini\u00e7\u00f5es de cookies a qualquer momento clicando no bot\u00e3o Prefer\u00eancias de consentimento, localizado no topo. Esta op\u00e7\u00e3o permitir-lhe-\u00e1 voltar a visualizar o banner de consentimento de cookies e atualizar as suas prefer\u00eancias, ou retirar o seu consentimento de imediato.<\/p>\n<p>Al\u00e9m disso, diferentes navegadores oferecem v\u00e1rios m\u00e9todos para bloquear e eliminar cookies utilizadas pelos websites. Pode modificar as defini\u00e7\u00f5es do seu navegador para bloquear ou eliminar cookies. Abaixo encontram-se links para documentos de ajuda sobre como gerir e eliminar cookies nos principais navegadores web.<\/p>\n<p><strong>Chrome:<\/strong> <a target=\"_blank\" rel=\"noopener noreferrer\" href=\"https:\/\/support.google.com\/accounts\/answer\/32050\">https:\/\/support.google.com\/accounts\/answer\/32050<\/a><\/p>\n<p><strong>Safari:<\/strong> <a target=\"_blank\" rel=\"noopener noreferrer\" href=\"https:\/\/support.apple.com\/en-in\/guide\/safari\/sfri11471\/mac\">https:\/\/support.apple.com\/en-in\/guide\/safari\/sfri11471\/mac<\/a><\/p>\n<p><strong>Firefox:<\/strong> <a target=\"_blank\" rel=\"noopener noreferrer\" href=\"https:\/\/support.mozilla.org\/en-US\/kb\/clear-cookies-and-site-data-firefox?redirectslug=delete-cookies-remove-info-websites-stored&#038;redirectlocale=en-US\">https:\/\/support.mozilla.org\/en-US\/kb\/clear-cookies-and-site-data-firefox?redirectslug=delete-cookies-remove-info-websites-stored&#038;redirectlocale=en-US<\/a><\/p>\n<p><strong>Internet Explorer:<\/strong> <a target=\"_blank\" rel=\"noopener noreferrer\" href=\"https:\/\/support.microsoft.com\/en-us\/topic\/how-to-delete-cookie-files-in-internet-explorer-bca9446f-d873-78de-77ba-d42645fa52fc\">https:\/\/support.microsoft.com\/en-us\/topic\/how-to-delete-cookie-files-in-internet-explorer-bca9446f-d873-78de-77ba-d42645fa52fc<\/a><\/p>\n<p>Se utilizar outro navegador web, consulte a documenta\u00e7\u00e3o oficial de ajuda do mesmo.<\/p>\t\t\t\t\t\t\t\t<\/div>\n\t\t\t\t\t<\/div>\n\t\t\t\t<\/div>\n\t\t\t\t<\/div>","protected":false},"excerpt":{"rendered":"<p>Pol\u00edtica de Cookies En cumplimiento con el deber de informaci\u00f3n recogido en el apartado 2\u00ba del art\u00edculo 22 de la Ley 34\/2002, de 11 de Julio, de Servicios de la Sociedad de la Informaci\u00f3n y del Comercio Electr\u00f3nico, la presente cl\u00e1usula de cookies tiene por finalidad informar a los usuarios de manera clara y precisa [&hellip;]<\/p>\n","protected":false},"author":13,"featured_media":0,"parent":0,"menu_order":0,"comment_status":"closed","ping_status":"closed","template":"","meta":{"footnotes":""},"class_list":["post-4586","page","type-page","status-publish","hentry"],"yoast_head":"<!-- This site is optimized with the Yoast SEO Premium plugin v25.2 (Yoast SEO v27.1.1) - https:\/\/yoast.com\/product\/yoast-seo-premium-wordpress\/ -->\n<title>Pol\u00edtica de Cookies | Quimidex<\/title>\n<meta name=\"robots\" content=\"noindex, nofollow\" \/>\n<meta property=\"og:locale\" content=\"pt_PT\" \/>\n<meta property=\"og:type\" content=\"article\" \/>\n<meta property=\"og:title\" content=\"Pol\u00edtica de Cookies\" \/>\n<meta property=\"og:description\" content=\"Pol\u00edtica de Cookies En cumplimiento con el deber de informaci\u00f3n recogido en el apartado 2\u00ba del art\u00edculo 22 de la Ley 34\/2002, de 11 de Julio, de Servicios de la Sociedad de la Informaci\u00f3n y del Comercio Electr\u00f3nico, la presente cl\u00e1usula de cookies tiene por finalidad informar a los usuarios de manera clara y precisa [&hellip;]\" \/>\n<meta property=\"og:url\" content=\"https:\/\/www.quimidex.com\/pt\/politica-de-cookies\/\" \/>\n<meta property=\"og:site_name\" content=\"Quimidex\" \/>\n<meta property=\"article:modified_time\" content=\"2025-10-29T16:22:56+00:00\" \/>\n<meta name=\"twitter:card\" content=\"summary_large_image\" \/>\n<meta name=\"twitter:label1\" content=\"Tempo estimado de leitura\" \/>\n\t<meta name=\"twitter:data1\" content=\"3 minutos\" \/>\n<script type=\"application\/ld+json\" class=\"yoast-schema-graph\">{\"@context\":\"https:\/\/schema.org\",\"@graph\":[{\"@type\":\"WebPage\",\"@id\":\"https:\/\/www.quimidex.com\/politica-de-cookies\/\",\"url\":\"https:\/\/www.quimidex.com\/politica-de-cookies\/\",\"name\":\"Pol\u00edtica de Cookies | Quimidex\",\"isPartOf\":{\"@id\":\"https:\/\/www.quimidex.com\/#website\"},\"datePublished\":\"2025-10-29T15:44:21+00:00\",\"dateModified\":\"2025-10-29T16:22:56+00:00\",\"breadcrumb\":{\"@id\":\"https:\/\/www.quimidex.com\/politica-de-cookies\/#breadcrumb\"},\"inLanguage\":\"pt-PT\",\"potentialAction\":[{\"@type\":\"ReadAction\",\"target\":[\"https:\/\/www.quimidex.com\/politica-de-cookies\/\"]}]},{\"@type\":\"BreadcrumbList\",\"@id\":\"https:\/\/www.quimidex.com\/politica-de-cookies\/#breadcrumb\",\"itemListElement\":[{\"@type\":\"ListItem\",\"position\":1,\"name\":\"Home\",\"item\":\"https:\/\/www.quimidex.com\/\"},{\"@type\":\"ListItem\",\"position\":2,\"name\":\"Pol\u00edtica de Cookies\"}]},{\"@type\":\"WebSite\",\"@id\":\"https:\/\/www.quimidex.com\/#website\",\"url\":\"https:\/\/www.quimidex.com\/\",\"name\":\"Quimidex\",\"description\":\"Proveedores de productos de limpieza\",\"publisher\":{\"@id\":\"https:\/\/www.quimidex.com\/#organization\"},\"potentialAction\":[{\"@type\":\"SearchAction\",\"target\":{\"@type\":\"EntryPoint\",\"urlTemplate\":\"https:\/\/www.quimidex.com\/?s={search_term_string}\"},\"query-input\":{\"@type\":\"PropertyValueSpecification\",\"valueRequired\":true,\"valueName\":\"search_term_string\"}}],\"inLanguage\":\"pt-PT\"},{\"@type\":\"Organization\",\"@id\":\"https:\/\/www.quimidex.com\/#organization\",\"name\":\"Quimidex\",\"url\":\"https:\/\/www.quimidex.com\/\",\"logo\":{\"@type\":\"ImageObject\",\"inLanguage\":\"pt-PT\",\"@id\":\"https:\/\/www.quimidex.com\/#\/schema\/logo\/image\/\",\"url\":\"https:\/\/www.quimidex.com\/wp-content\/uploads\/2024\/12\/cropped-Mockup-Quimidex-8-1.png\",\"contentUrl\":\"https:\/\/www.quimidex.com\/wp-content\/uploads\/2024\/12\/cropped-Mockup-Quimidex-8-1.png\",\"width\":512,\"height\":512,\"caption\":\"Quimidex\"},\"image\":{\"@id\":\"https:\/\/www.quimidex.com\/#\/schema\/logo\/image\/\"}}]}<\/script>\n<!-- \/ Yoast SEO Premium plugin. -->","yoast_head_json":{"title":"Pol\u00edtica de Cookies | Quimidex","robots":{"index":"noindex","follow":"nofollow"},"og_locale":"pt_PT","og_type":"article","og_title":"Pol\u00edtica de Cookies","og_description":"Pol\u00edtica de Cookies En cumplimiento con el deber de informaci\u00f3n recogido en el apartado 2\u00ba del art\u00edculo 22 de la Ley 34\/2002, de 11 de Julio, de Servicios de la Sociedad de la Informaci\u00f3n y del Comercio Electr\u00f3nico, la presente cl\u00e1usula de cookies tiene por finalidad informar a los usuarios de manera clara y precisa [&hellip;]","og_url":"https:\/\/www.quimidex.com\/pt\/politica-de-cookies\/","og_site_name":"Quimidex","article_modified_time":"2025-10-29T16:22:56+00:00","twitter_card":"summary_large_image","twitter_misc":{"Tempo estimado de leitura":"3 minutos"},"schema":{"@context":"https:\/\/schema.org","@graph":[{"@type":"WebPage","@id":"https:\/\/www.quimidex.com\/politica-de-cookies\/","url":"https:\/\/www.quimidex.com\/politica-de-cookies\/","name":"Pol\u00edtica de Cookies | Quimidex","isPartOf":{"@id":"https:\/\/www.quimidex.com\/#website"},"datePublished":"2025-10-29T15:44:21+00:00","dateModified":"2025-10-29T16:22:56+00:00","breadcrumb":{"@id":"https:\/\/www.quimidex.com\/politica-de-cookies\/#breadcrumb"},"inLanguage":"pt-PT","potentialAction":[{"@type":"ReadAction","target":["https:\/\/www.quimidex.com\/politica-de-cookies\/"]}]},{"@type":"BreadcrumbList","@id":"https:\/\/www.quimidex.com\/politica-de-cookies\/#breadcrumb","itemListElement":[{"@type":"ListItem","position":1,"name":"Home","item":"https:\/\/www.quimidex.com\/"},{"@type":"ListItem","position":2,"name":"Pol\u00edtica de Cookies"}]},{"@type":"WebSite","@id":"https:\/\/www.quimidex.com\/#website","url":"https:\/\/www.quimidex.com\/","name":"Quimidex","description":"Fornecedores de produtos de limpeza","publisher":{"@id":"https:\/\/www.quimidex.com\/#organization"},"potentialAction":[{"@type":"SearchAction","target":{"@type":"EntryPoint","urlTemplate":"https:\/\/www.quimidex.com\/?s={search_term_string}"},"query-input":{"@type":"PropertyValueSpecification","valueRequired":true,"valueName":"search_term_string"}}],"inLanguage":"pt-PT"},{"@type":"Organization","@id":"https:\/\/www.quimidex.com\/#organization","name":"Quimidex","url":"https:\/\/www.quimidex.com\/","logo":{"@type":"ImageObject","inLanguage":"pt-PT","@id":"https:\/\/www.quimidex.com\/#\/schema\/logo\/image\/","url":"https:\/\/www.quimidex.com\/wp-content\/uploads\/2024\/12\/cropped-Mockup-Quimidex-8-1.png","contentUrl":"https:\/\/www.quimidex.com\/wp-content\/uploads\/2024\/12\/cropped-Mockup-Quimidex-8-1.png","width":512,"height":512,"caption":"Quimidex"},"image":{"@id":"https:\/\/www.quimidex.com\/#\/schema\/logo\/image\/"}}]}},"_links":{"self":[{"href":"https:\/\/www.quimidex.com\/pt\/wp-json\/wp\/v2\/pages\/4586","targetHints":{"allow":["GET"]}}],"collection":[{"href":"https:\/\/www.quimidex.com\/pt\/wp-json\/wp\/v2\/pages"}],"about":[{"href":"https:\/\/www.quimidex.com\/pt\/wp-json\/wp\/v2\/types\/page"}],"author":[{"embeddable":true,"href":"https:\/\/www.quimidex.com\/pt\/wp-json\/wp\/v2\/users\/13"}],"replies":[{"embeddable":true,"href":"https:\/\/www.quimidex.com\/pt\/wp-json\/wp\/v2\/comments?post=4586"}],"version-history":[{"count":22,"href":"https:\/\/www.quimidex.com\/pt\/wp-json\/wp\/v2\/pages\/4586\/revisions"}],"predecessor-version":[{"id":4609,"href":"https:\/\/www.quimidex.com\/pt\/wp-json\/wp\/v2\/pages\/4586\/revisions\/4609"}],"wp:attachment":[{"href":"https:\/\/www.quimidex.com\/pt\/wp-json\/wp\/v2\/media?parent=4586"}],"curies":[{"name":"wp","href":"https:\/\/api.w.org\/{rel}","templated":true}]}}