{"id":4578,"date":"2025-10-29T15:38:39","date_gmt":"2025-10-29T15:38:39","guid":{"rendered":"https:\/\/www.quimidex.com\/?page_id=4578"},"modified":"2025-11-05T09:43:04","modified_gmt":"2025-11-05T09:43:04","slug":"politica-de-privacidad","status":"publish","type":"page","link":"https:\/\/www.quimidex.com\/pt\/politica-de-privacidad\/","title":{"rendered":"Pol\u00edtica de Privacidade"},"content":{"rendered":"<div data-elementor-type=\"wp-page\" data-elementor-id=\"4578\" class=\"elementor elementor-4578\" data-elementor-post-type=\"page\">\n\t\t\t\t<div class=\"elementor-element elementor-element-a43c4be e-flex e-con-boxed e-con e-parent\" data-id=\"a43c4be\" data-element_type=\"container\" data-e-type=\"container\">\n\t\t\t\t\t<div class=\"e-con-inner\">\n\t\t\t\t<div class=\"elementor-element elementor-element-b6a7f33 elementor-widget elementor-widget-heading\" data-id=\"b6a7f33\" data-element_type=\"widget\" data-e-type=\"widget\" data-widget_type=\"heading.default\">\n\t\t\t\t\t<h2 class=\"elementor-heading-title elementor-size-default\">Pol\u00edtica de Privacidade<\/h2>\t\t\t\t<\/div>\n\t\t\t\t<div class=\"elementor-element elementor-element-584d0c7 elementor-widget elementor-widget-text-editor\" data-id=\"584d0c7\" data-element_type=\"widget\" data-e-type=\"widget\" data-widget_type=\"text-editor.default\">\n\t\t\t\t\t\t\t\t\t<h5>RESPONS\u00c1VEL PELO TRATAMENTO<\/h5>\n<p>Identidade: Quimidex Profesional S.L. (doravante \u201cQuimidex\u201d)<br>Morada: Calle Uralita, nave 11, Pol\u00edgono Industrial La Siberia, 08291 Ripollet (Barcelona), Espanha<\/p>\n<p>NIF: B61774550<br>Telefone: +34 935 809 512<br>E-mail: <a href=\"mailto:atencioncliente@quimidex.com\" target=\"_blank\" rel=\"noopener\">atencioncliente@quimidex.com<\/a><\/p>\n<h5 style=\"margin-top: 2rem;\">INTRODU\u00c7\u00c3O<\/h5>\n<p>Na Quimidex trabalhamos para lhe oferecer a melhor experi\u00eancia poss\u00edvel atrav\u00e9s dos nossos produtos e servi\u00e7os. Em alguns casos, \u00e9 necess\u00e1rio recolher informa\u00e7\u00e3o para o conseguir. Preocupamo-nos com a sua privacidade e acreditamos que devemos ser transparentes a esse respeito. Por isso, e para efeitos do disposto no REGULAMENTO (UE) 2016\/679 DO PARLAMENTO EUROPEU E DO CONSELHO, de 27 de abril de 2016, relativo \u00e0 prote\u00e7\u00e3o das pessoas singulares no que diz respeito ao tratamento de dados pessoais e \u00e0 livre circula\u00e7\u00e3o desses dados (doravante, \u00abRGPD\u00bb), e na Lei 34\/2002, de 11 de julho, de Servi\u00e7os da Sociedade da Informa\u00e7\u00e3o e de Com\u00e9rcio Eletr\u00f3nico (doravante, \u00abLSSI\u00bb), a Quimidex informa que, enquanto respons\u00e1vel pelo tratamento, tratar\u00e1 os dados pessoais fornecidos pelos utilizadores.<\/p>\n<h5 style=\"margin-top: 2rem;\">RECOLHA DE DADOS PESSOAIS E RESPETIVO TRATAMENTO<\/h5>\n<p>De seguida, indicam-se os dados pessoais que poderemos tratar no nosso website, bem como a base legal que justifica esse tratamento:<\/p>\n<ul style=\"margin-bottom: 0.9rem;\">\n<li><strong>Formul\u00e1rio de contacto:<\/strong> Para gerir este formul\u00e1rio ser\u00e3o tratados dados como o seu nome, o e-mail e qualquer outra informa\u00e7\u00e3o que pretenda introduzir no campo de mensagem. Dados pessoais como o n\u00famero de telefone e os apelidos podem ser recolhidos como opcionais no formul\u00e1rio em causa.<\/li>\n<li><strong>Comunica\u00e7\u00f5es comerciais:<\/strong> Para gerir qualquer comunica\u00e7\u00e3o comercial e\/ou subscri\u00e7\u00e3o de newsletter relativa aos nossos produtos e servi\u00e7os, ser\u00e1 necess\u00e1rio tratar o seu e-mail.<\/li>\n<li><strong>Informa\u00e7\u00e3o de navega\u00e7\u00e3o atrav\u00e9s de cookies:<\/strong> Caso aceite a instala\u00e7\u00e3o de cookies ao navegar no nosso website, poderemos tratar dados pessoais como o endere\u00e7o IP e outros dados n\u00e3o pessoais como o user agent, a data e hora em que acedeu aos nossos servi\u00e7os, o navegador de internet utilizado e dados sobre o sistema operativo do dispositivo. Esta informa\u00e7\u00e3o encontra-se mais detalhada na nossa Pol\u00edtica de Cookies.<\/li>\n<\/ul>\n<h5 style=\"margin-top: 2rem;\">BASE LEGAL PARA O TRATAMENTO DOS SEUS DADOS<\/h5>\n<p>A base legal que justifica o tratamento dos dados anteriormente referidos \u00e9:<\/p>\n<ul style=\"margin-bottom: 0.9rem;\">\n<li>Consentimento do titular dos dados para a contrata\u00e7\u00e3o de servi\u00e7os e produtos; para formul\u00e1rios de contacto, pedidos de informa\u00e7\u00e3o ou subscri\u00e7\u00f5es de newsletters; para pedidos de amostras; participa\u00e7\u00e3o em promo\u00e7\u00f5es e passatempos\/sorteios; para lhe dar acesso \u00e0 informa\u00e7\u00e3o disponibilizada na \u00e1rea privada; e para o tratamento de dados pessoais relativo a cookies opcionais aceites pelo utilizador.<\/li>\n<li>Cumprimento de obriga\u00e7\u00f5es legais para preven\u00e7\u00e3o de fraude, comunica\u00e7\u00f5es com autoridades p\u00fablicas e reclama\u00e7\u00f5es de terceiros.<\/li>\n<\/ul>\n<h5 style=\"margin-top: 2rem;\">CONSERVA\u00c7\u00c3O DOS SEUS DADOS PESSOAIS<\/h5>\n<p>O tratamento dos dados para as finalidades descritas ser\u00e1 mantido pelo tempo necess\u00e1rio para cumprir a finalidade da sua recolha, bem como para o cumprimento das obriga\u00e7\u00f5es legais decorrentes do tratamento dos dados. Sem preju\u00edzo de a conserva\u00e7\u00e3o ser necess\u00e1ria para a formula\u00e7\u00e3o, exerc\u00edcio ou defesa de eventuais reclama\u00e7\u00f5es e\/ou sempre que a legisla\u00e7\u00e3o aplic\u00e1vel o permita. Para mais informa\u00e7\u00f5es, contacte-nos atrav\u00e9s do e-mail da Quimidex.<\/p>\n<h5 style=\"margin-top: 2rem;\">DESTINAT\u00c1RIOS A QUEM COMUNICAMOS OS SEUS DADOS<\/h5>\n<p>Em alguns casos, apenas quando necess\u00e1rio, a Quimidex fornecer\u00e1 os seus dados a terceiros. No entanto, os dados nunca ser\u00e3o vendidos a terceiros.<\/p>\n<p>Os prestadores de servi\u00e7os externos com os quais a Quimidex trabalha para prestar servi\u00e7os auxiliares no tratamento dos seus dados poder\u00e3o ter acesso aos mesmos, de acordo com as instru\u00e7\u00f5es da Quimidex e com a \u00fanica finalidade de executar corretamente a rela\u00e7\u00e3o contratual existente entre a Quimidex e os seus prestadores.<\/p>\n<p>A Quimidex trabalha com o seguinte prestador:<\/p>\n<ul style=\"margin-bottom: 0.9rem;\">\n<li>Prestador: Arsys<\/li>\n<li>Finalidade: Armazenamento de dados<\/li>\n<li>Localiza\u00e7\u00e3o dos dados: Espanha<\/li>\n<\/ul>\n<p>A Quimidex procura garantir a seguran\u00e7a dos dados pessoais quando estes s\u00e3o enviados para fora da empresa e assegura que os prestadores de servi\u00e7os terceiros respeitam a confidencialidade e disp\u00f5em de medidas adequadas para proteger os dados pessoais. Estes terceiros t\u00eam a obriga\u00e7\u00e3o de garantir que a informa\u00e7\u00e3o \u00e9 tratada de acordo com a normativa em mat\u00e9ria de privacidade de dados.<\/p>\n<p>Em alguns casos, a lei pode exigir que os dados pessoais sejam divulgados a organismos p\u00fablicos ou a outras partes; apenas ser\u00e3o divulgados os dados estritamente necess\u00e1rios para cumprir tais obriga\u00e7\u00f5es legais.<\/p>\n<h5 style=\"margin-top: 2rem;\">ARMAZENAMENTO DE DADOS PESSOAIS<\/h5>\n<p>Em geral, os seus dados pessoais ser\u00e3o armazenados dentro da UE. Contudo, caso o tratamento dos seus dados pessoais implique uma transfer\u00eancia internacional de dados para fora do Espa\u00e7o Econ\u00f3mico Europeu (EEE), a Quimidex compromete-se a implementar as medidas de seguran\u00e7a necess\u00e1rias para assegurar um n\u00edvel adequado de salvaguarda dessas transfer\u00eancias, atrav\u00e9s de contratos de subcontrata\u00e7\u00e3o do tratamento e, quando aplic\u00e1vel, assegurar\u00e1 que oferecem um n\u00edvel de prote\u00e7\u00e3o adequado, seja por disporem de Regras Corporativas Vinculativas (BCR) seja porque subscrevemos as cl\u00e1usulas contratuais-tipo da Comiss\u00e3o Europeia.<\/p>\n<p>Para mais informa\u00e7\u00f5es sobre os nossos prestadores de servi\u00e7os, contacte-nos em: <a href=\"mailto:atencioncliente@quimidex.com\" target=\"_blank\" rel=\"noopener\">atencioncliente@quimidex.com<\/a><\/p>\n<h5 style=\"margin-top: 2rem;\">EXERC\u00cdCIO DE DIREITOS E COMO OS PODE EXERCER<\/h5>\n<p>Pode enviar as suas comunica\u00e7\u00f5es e exercer os seus direitos mediante pedido para o seguinte endere\u00e7o de e-mail: <a href=\"mailto:atencioncliente@quimidex.com\" target=\"_blank\" rel=\"noopener\">atencioncliente@quimidex.com<\/a><\/p>\n<p>Nos termos do RGPD, pode solicitar-nos:<\/p>\n<ul style=\"margin-bottom: 0.9rem;\">\n<li><strong>Direito de acesso:<\/strong> pode solicitar informa\u00e7\u00e3o sobre os dados pessoais que dispomos acerca de si.<\/li>\n<li><strong>Direito de retifica\u00e7\u00e3o:<\/strong> pode solicitar que efetuemos altera\u00e7\u00f5es aos seus dados pessoais, caso haja alguma mudan\u00e7a nas suas circunst\u00e2ncias ou caso algum dos dados pessoais que conservamos n\u00e3o seja correto.<\/li>\n<li><strong>Direito ao apagamento e direito a ser esquecido:<\/strong> pode solicitar a elimina\u00e7\u00e3o dos seus dados pessoais a qualquer momento. Tenha em conta que, legalmente, os dados pessoais a apagar s\u00e3o previamente bloqueados durante o prazo legal estabelecido, de acordo com o disposto na Lei Org\u00e2nica espanhola de Prote\u00e7\u00e3o de Dados aplic\u00e1vel.<\/li>\n<li><strong>Direito \u00e0 limita\u00e7\u00e3o do tratamento:<\/strong> consiste em restringir o tratamento dos seus dados pessoais durante um determinado per\u00edodo de tempo.<\/li>\n<li><strong>Direito \u00e0 portabilidade dos dados:<\/strong> em alguns casos, pode solicitar uma c\u00f3pia dos seus dados pessoais num formato estruturado, de uso corrente e de leitura autom\u00e1tica, para transmiss\u00e3o a outro respons\u00e1vel pelo tratamento.<\/li>\n<li><strong>Direito de oposi\u00e7\u00e3o e decis\u00f5es individuais automatizadas:<\/strong> pode solicitar que n\u00e3o sejam tomadas decis\u00f5es baseadas exclusivamente em tratamento automatizado, incluindo a defini\u00e7\u00e3o de perfis, que produzam efeitos jur\u00eddicos ou o afetem significativamente.<\/li>\n<\/ul>\n<p>Al\u00e9m disso, se tiver uma queixa sobre o tratamento de dados, pode apresentar reclama\u00e7\u00e3o junto da autoridade competente de prote\u00e7\u00e3o de dados.<\/p>\n<h5 style=\"margin-top: 2rem;\">RESPONS\u00c1VEL PELA EXATID\u00c3O E VERACIDADE DOS DADOS FORNECIDOS<\/h5>\n<p>O utilizador \u00e9 o \u00fanico respons\u00e1vel pela veracidade e corre\u00e7\u00e3o dos dados fornecidos, exonerando a Quimidex de qualquer responsabilidade a esse respeito. Os utilizadores garantem e respondem, em qualquer caso, pela exatid\u00e3o, vig\u00eancia e autenticidade dos dados pessoais fornecidos, e comprometem-se a mant\u00ea-los devidamente atualizados. O utilizador compromete-se a fornecer informa\u00e7\u00e3o completa e correta no formul\u00e1rio de registo ou subscri\u00e7\u00e3o. A Quimidex reserva-se o direito de rescindir os servi\u00e7os contratados com os utilizadores caso os dados fornecidos sejam falsos, incompletos, inexatos ou n\u00e3o estejam atualizados.<\/p>\n<p>A Quimidex n\u00e3o responde pela veracidade das informa\u00e7\u00f5es que n\u00e3o sejam de elabora\u00e7\u00e3o pr\u00f3pria e para as quais seja indicada outra fonte, pelo que tamb\u00e9m n\u00e3o assume qualquer responsabilidade por eventuais preju\u00edzos que possam resultar da utiliza\u00e7\u00e3o dessa informa\u00e7\u00e3o.<\/p>\n<p>A Quimidex reserva-se o direito de atualizar, modificar ou eliminar a informa\u00e7\u00e3o contida nas suas p\u00e1ginas web, podendo inclusive limitar ou n\u00e3o permitir o acesso \u00e0 mesma.<\/p>\n<h5 style=\"margin-top: 2rem;\">MEDIDAS DE SEGURAN\u00c7A APLICADAS PARA PROTEGER OS SEUS DADOS PESSOAIS<\/h5>\n<p>A Quimidex adotou os n\u00edveis de seguran\u00e7a legalmente exigidos para a prote\u00e7\u00e3o de dados pessoais e procura instalar outros meios e medidas t\u00e9cnicas adicionais ao seu alcance para evitar a perda, uso indevido, altera\u00e7\u00e3o, acesso n\u00e3o autorizado e roubo dos dados pessoais fornecidos \u00e0 Quimidex.<\/p>\n<p>A Quimidex n\u00e3o se responsabiliza por eventuais preju\u00edzos que possam advir de interfer\u00eancias, omiss\u00f5es, interrup\u00e7\u00f5es, v\u00edrus inform\u00e1ticos, avarias telef\u00f3nicas ou desconex\u00f5es no funcionamento operativo deste sistema eletr\u00f3nico, motivadas por causas alheias \u00e0 Quimidex; de atrasos ou bloqueios na utiliza\u00e7\u00e3o do presente sistema eletr\u00f3nico causados por defici\u00eancias ou sobrecargas de linhas telef\u00f3nicas ou sobrecargas no Centro de Processamento de Dados, no sistema de Internet ou noutros sistemas eletr\u00f3nicos; bem como de danos que possam ser causados por terceiros mediante intromiss\u00f5es ileg\u00edtimas fora do controlo da Quimidex. N\u00e3o obstante, o utilizador deve estar consciente de que as medidas de seguran\u00e7a na Internet n\u00e3o s\u00e3o inexpugn\u00e1veis.<\/p>\n<h5 style=\"margin-top: 2rem;\">ALTERA\u00c7\u00c3O DA POL\u00cdTICA DE PRIVACIDADE<\/h5>\n<p>Esta Pol\u00edtica de Privacidade pode ser alterada. Recomendamos que reveja esta Pol\u00edtica de Privacidade de tempos a tempos.<\/p>\n<p><small>(*) \u00daltima atualiza\u00e7\u00e3o: quarta-feira, 29 de outubro de 2025<\/small><\/p>\t\t\t\t\t\t\t\t<\/div>\n\t\t\t\t\t<\/div>\n\t\t\t\t<\/div>\n\t\t\t\t<\/div>","protected":false},"excerpt":{"rendered":"<p>Pol\u00edtica de Privacidad RESPONSABLE DEL TRATAMIENTO Identidad: Quimidex Profesional S.L. (en adelante \u201cQuimidex\u201d)Direcci\u00f3n: Calle Uralita, nave 11, Pol\u00edgono Industrial La Siberia, 08291 Ripollet (Barcelona) NIF: B61774550Tel\u00e9fono: +34 935 809 512Correo electr\u00f3nico: atencioncliente@quimidex.com INTRODUCCI\u00d3N En Quimidex trabajamos para ofrecerle la mejor experiencia posible a trav\u00e9s de nuestros productos y servicios. En algunos casos, es necesario recopilar [&hellip;]<\/p>\n","protected":false},"author":13,"featured_media":0,"parent":0,"menu_order":0,"comment_status":"closed","ping_status":"closed","template":"","meta":{"footnotes":""},"class_list":["post-4578","page","type-page","status-publish","hentry"],"yoast_head":"<!-- This site is optimized with the Yoast SEO Premium plugin v25.2 (Yoast SEO v27.1.1) - https:\/\/yoast.com\/product\/yoast-seo-premium-wordpress\/ -->\n<title>Pol\u00edtica de Privacidad | Quimidex<\/title>\n<meta name=\"robots\" content=\"noindex, nofollow\" \/>\n<meta property=\"og:locale\" content=\"pt_PT\" \/>\n<meta property=\"og:type\" content=\"article\" \/>\n<meta property=\"og:title\" content=\"Pol\u00edtica de Privacidad\" \/>\n<meta property=\"og:description\" content=\"Pol\u00edtica de Privacidad RESPONSABLE DEL TRATAMIENTO Identidad: Quimidex Profesional S.L. (en adelante \u201cQuimidex\u201d)Direcci\u00f3n: Calle Uralita, nave 11, Pol\u00edgono Industrial La Siberia, 08291 Ripollet (Barcelona) NIF: B61774550Tel\u00e9fono: +34 935 809 512Correo electr\u00f3nico: atencioncliente@quimidex.com INTRODUCCI\u00d3N En Quimidex trabajamos para ofrecerle la mejor experiencia posible a trav\u00e9s de nuestros productos y servicios. En algunos casos, es necesario recopilar [&hellip;]\" \/>\n<meta property=\"og:url\" content=\"https:\/\/www.quimidex.com\/pt\/politica-de-privacidad\/\" \/>\n<meta property=\"og:site_name\" content=\"Quimidex\" \/>\n<meta property=\"article:modified_time\" content=\"2025-11-05T09:43:04+00:00\" \/>\n<meta name=\"twitter:card\" content=\"summary_large_image\" \/>\n<meta name=\"twitter:label1\" content=\"Tempo estimado de leitura\" \/>\n\t<meta name=\"twitter:data1\" content=\"7 minutos\" \/>\n<script type=\"application\/ld+json\" class=\"yoast-schema-graph\">{\"@context\":\"https:\/\/schema.org\",\"@graph\":[{\"@type\":\"WebPage\",\"@id\":\"https:\/\/www.quimidex.com\/politica-de-privacidad\/\",\"url\":\"https:\/\/www.quimidex.com\/politica-de-privacidad\/\",\"name\":\"Pol\u00edtica de Privacidad | Quimidex\",\"isPartOf\":{\"@id\":\"https:\/\/www.quimidex.com\/#website\"},\"datePublished\":\"2025-10-29T15:38:39+00:00\",\"dateModified\":\"2025-11-05T09:43:04+00:00\",\"breadcrumb\":{\"@id\":\"https:\/\/www.quimidex.com\/politica-de-privacidad\/#breadcrumb\"},\"inLanguage\":\"pt-PT\",\"potentialAction\":[{\"@type\":\"ReadAction\",\"target\":[\"https:\/\/www.quimidex.com\/politica-de-privacidad\/\"]}]},{\"@type\":\"BreadcrumbList\",\"@id\":\"https:\/\/www.quimidex.com\/politica-de-privacidad\/#breadcrumb\",\"itemListElement\":[{\"@type\":\"ListItem\",\"position\":1,\"name\":\"Home\",\"item\":\"https:\/\/www.quimidex.com\/\"},{\"@type\":\"ListItem\",\"position\":2,\"name\":\"Pol\u00edtica de Privacidad\"}]},{\"@type\":\"WebSite\",\"@id\":\"https:\/\/www.quimidex.com\/#website\",\"url\":\"https:\/\/www.quimidex.com\/\",\"name\":\"Quimidex\",\"description\":\"Proveedores de productos de limpieza\",\"publisher\":{\"@id\":\"https:\/\/www.quimidex.com\/#organization\"},\"potentialAction\":[{\"@type\":\"SearchAction\",\"target\":{\"@type\":\"EntryPoint\",\"urlTemplate\":\"https:\/\/www.quimidex.com\/?s={search_term_string}\"},\"query-input\":{\"@type\":\"PropertyValueSpecification\",\"valueRequired\":true,\"valueName\":\"search_term_string\"}}],\"inLanguage\":\"pt-PT\"},{\"@type\":\"Organization\",\"@id\":\"https:\/\/www.quimidex.com\/#organization\",\"name\":\"Quimidex\",\"url\":\"https:\/\/www.quimidex.com\/\",\"logo\":{\"@type\":\"ImageObject\",\"inLanguage\":\"pt-PT\",\"@id\":\"https:\/\/www.quimidex.com\/#\/schema\/logo\/image\/\",\"url\":\"https:\/\/www.quimidex.com\/wp-content\/uploads\/2024\/12\/cropped-Mockup-Quimidex-8-1.png\",\"contentUrl\":\"https:\/\/www.quimidex.com\/wp-content\/uploads\/2024\/12\/cropped-Mockup-Quimidex-8-1.png\",\"width\":512,\"height\":512,\"caption\":\"Quimidex\"},\"image\":{\"@id\":\"https:\/\/www.quimidex.com\/#\/schema\/logo\/image\/\"}}]}<\/script>\n<!-- \/ Yoast SEO Premium plugin. -->","yoast_head_json":{"title":"Pol\u00edtica de Privacidad | Quimidex","robots":{"index":"noindex","follow":"nofollow"},"og_locale":"pt_PT","og_type":"article","og_title":"Pol\u00edtica de Privacidad","og_description":"Pol\u00edtica de Privacidad RESPONSABLE DEL TRATAMIENTO Identidad: Quimidex Profesional S.L. (en adelante \u201cQuimidex\u201d)Direcci\u00f3n: Calle Uralita, nave 11, Pol\u00edgono Industrial La Siberia, 08291 Ripollet (Barcelona) NIF: B61774550Tel\u00e9fono: +34 935 809 512Correo electr\u00f3nico: atencioncliente@quimidex.com INTRODUCCI\u00d3N En Quimidex trabajamos para ofrecerle la mejor experiencia posible a trav\u00e9s de nuestros productos y servicios. En algunos casos, es necesario recopilar [&hellip;]","og_url":"https:\/\/www.quimidex.com\/pt\/politica-de-privacidad\/","og_site_name":"Quimidex","article_modified_time":"2025-11-05T09:43:04+00:00","twitter_card":"summary_large_image","twitter_misc":{"Tempo estimado de leitura":"7 minutos"},"schema":{"@context":"https:\/\/schema.org","@graph":[{"@type":"WebPage","@id":"https:\/\/www.quimidex.com\/politica-de-privacidad\/","url":"https:\/\/www.quimidex.com\/politica-de-privacidad\/","name":"Pol\u00edtica de Privacidad | Quimidex","isPartOf":{"@id":"https:\/\/www.quimidex.com\/#website"},"datePublished":"2025-10-29T15:38:39+00:00","dateModified":"2025-11-05T09:43:04+00:00","breadcrumb":{"@id":"https:\/\/www.quimidex.com\/politica-de-privacidad\/#breadcrumb"},"inLanguage":"pt-PT","potentialAction":[{"@type":"ReadAction","target":["https:\/\/www.quimidex.com\/politica-de-privacidad\/"]}]},{"@type":"BreadcrumbList","@id":"https:\/\/www.quimidex.com\/politica-de-privacidad\/#breadcrumb","itemListElement":[{"@type":"ListItem","position":1,"name":"Home","item":"https:\/\/www.quimidex.com\/"},{"@type":"ListItem","position":2,"name":"Pol\u00edtica de Privacidad"}]},{"@type":"WebSite","@id":"https:\/\/www.quimidex.com\/#website","url":"https:\/\/www.quimidex.com\/","name":"Quimidex","description":"Fornecedores de produtos de limpeza","publisher":{"@id":"https:\/\/www.quimidex.com\/#organization"},"potentialAction":[{"@type":"SearchAction","target":{"@type":"EntryPoint","urlTemplate":"https:\/\/www.quimidex.com\/?s={search_term_string}"},"query-input":{"@type":"PropertyValueSpecification","valueRequired":true,"valueName":"search_term_string"}}],"inLanguage":"pt-PT"},{"@type":"Organization","@id":"https:\/\/www.quimidex.com\/#organization","name":"Quimidex","url":"https:\/\/www.quimidex.com\/","logo":{"@type":"ImageObject","inLanguage":"pt-PT","@id":"https:\/\/www.quimidex.com\/#\/schema\/logo\/image\/","url":"https:\/\/www.quimidex.com\/wp-content\/uploads\/2024\/12\/cropped-Mockup-Quimidex-8-1.png","contentUrl":"https:\/\/www.quimidex.com\/wp-content\/uploads\/2024\/12\/cropped-Mockup-Quimidex-8-1.png","width":512,"height":512,"caption":"Quimidex"},"image":{"@id":"https:\/\/www.quimidex.com\/#\/schema\/logo\/image\/"}}]}},"_links":{"self":[{"href":"https:\/\/www.quimidex.com\/pt\/wp-json\/wp\/v2\/pages\/4578","targetHints":{"allow":["GET"]}}],"collection":[{"href":"https:\/\/www.quimidex.com\/pt\/wp-json\/wp\/v2\/pages"}],"about":[{"href":"https:\/\/www.quimidex.com\/pt\/wp-json\/wp\/v2\/types\/page"}],"author":[{"embeddable":true,"href":"https:\/\/www.quimidex.com\/pt\/wp-json\/wp\/v2\/users\/13"}],"replies":[{"embeddable":true,"href":"https:\/\/www.quimidex.com\/pt\/wp-json\/wp\/v2\/comments?post=4578"}],"version-history":[{"count":7,"href":"https:\/\/www.quimidex.com\/pt\/wp-json\/wp\/v2\/pages\/4578\/revisions"}],"predecessor-version":[{"id":4628,"href":"https:\/\/www.quimidex.com\/pt\/wp-json\/wp\/v2\/pages\/4578\/revisions\/4628"}],"wp:attachment":[{"href":"https:\/\/www.quimidex.com\/pt\/wp-json\/wp\/v2\/media?parent=4578"}],"curies":[{"name":"wp","href":"https:\/\/api.w.org\/{rel}","templated":true}]}}