{"id":2428,"date":"2025-01-10T12:03:54","date_gmt":"2025-01-10T12:03:54","guid":{"rendered":"https:\/\/www.quimidex.com\/?page_id=2428"},"modified":"2025-01-10T16:27:31","modified_gmt":"2025-01-10T16:27:31","slug":"quimidex-greenbag","status":"publish","type":"page","link":"https:\/\/www.quimidex.com\/pt\/catalogos\/quimidex-greenbag\/","title":{"rendered":"Quimidex Greenbag"},"content":{"rendered":"<div data-elementor-type=\"wp-page\" data-elementor-id=\"2428\" class=\"elementor elementor-2428\" data-elementor-post-type=\"page\">\n\t\t\t\t<div class=\"elementor-element elementor-element-9397c56 e-con-full e-flex e-con e-parent\" data-id=\"9397c56\" data-element_type=\"container\" data-e-type=\"container\">\n\t\t<div class=\"elementor-element elementor-element-4bbad8f e-con-full e-flex e-con e-child\" data-id=\"4bbad8f\" data-element_type=\"container\" data-e-type=\"container\">\n\t\t\t\t<div class=\"elementor-element elementor-element-50d893f elementor-widget__width-initial elementor-widget elementor-widget-heading\" data-id=\"50d893f\" data-element_type=\"widget\" data-e-type=\"widget\" data-widget_type=\"heading.default\">\n\t\t\t\t\t<h2 class=\"elementor-heading-title elementor-size-default\">Quimidex Greenbag<\/h2>\t\t\t\t<\/div>\n\t\t\t\t<div class=\"elementor-element elementor-element-4001aa5 elementor-widget elementor-widget-heading\" data-id=\"4001aa5\" data-element_type=\"widget\" data-e-type=\"widget\" data-widget_type=\"heading.default\">\n\t\t\t\t\t<span class=\"elementor-heading-title elementor-size-default\">Inova\u00e7\u00e3o e sustentabilidade\n<\/span>\t\t\t\t<\/div>\n\t\t\t\t<div class=\"elementor-element elementor-element-7f6d0a5 elementor-widget elementor-widget-image\" data-id=\"7f6d0a5\" data-element_type=\"widget\" data-e-type=\"widget\" data-widget_type=\"image.default\">\n\t\t\t\t\t\t\t\t\t\t\t\t\t\t\t<img fetchpriority=\"high\" decoding=\"async\" width=\"500\" height=\"500\" src=\"https:\/\/www.quimidex.com\/wp-content\/uploads\/2025\/01\/BIOCIDAL-DISINFECTANT-5.png\" class=\"attachment-large size-large wp-image-2100\" alt=\"\" \/>\t\t\t\t\t\t\t\t\t\t\t\t\t\t\t<\/div>\n\t\t\t\t<div class=\"elementor-element elementor-element-58cc5a5 elementor-widget elementor-widget-image\" data-id=\"58cc5a5\" data-element_type=\"widget\" data-e-type=\"widget\" data-widget_type=\"image.default\">\n\t\t\t\t\t\t\t\t\t\t\t\t\t\t\t<img decoding=\"async\" width=\"768\" height=\"387\" src=\"https:\/\/www.quimidex.com\/wp-content\/uploads\/2025\/01\/Mockup-Quimidex-2025-01-10T131301.618-e1736511234190-768x387.webp\" class=\"attachment-medium_large size-medium_large wp-image-2430\" alt=\"Detergentes concentrados para hot\u00e9is, solu\u00e7\u00f5es profissionais de limpeza e desinfe\u00e7\u00e3o para hot\u00e9is\" srcset=\"https:\/\/www.quimidex.com\/wp-content\/uploads\/2025\/01\/Mockup-Quimidex-2025-01-10T131301.618-e1736511234190-768x387.webp 768w, https:\/\/www.quimidex.com\/wp-content\/uploads\/2025\/01\/Mockup-Quimidex-2025-01-10T131301.618-e1736511234190-600x302.webp 600w, https:\/\/www.quimidex.com\/wp-content\/uploads\/2025\/01\/Mockup-Quimidex-2025-01-10T131301.618-e1736511234190-300x151.webp 300w, https:\/\/www.quimidex.com\/wp-content\/uploads\/2025\/01\/Mockup-Quimidex-2025-01-10T131301.618-e1736511234190-1024x515.webp 1024w, https:\/\/www.quimidex.com\/wp-content\/uploads\/2025\/01\/Mockup-Quimidex-2025-01-10T131301.618-e1736511234190.webp 1200w\" sizes=\"(max-width: 768px) 100vw, 768px\" \/>\t\t\t\t\t\t\t\t\t\t\t\t\t\t\t<\/div>\n\t\t\t\t<\/div>\n\t\t\t\t<\/div>\n\t\t<div class=\"elementor-element elementor-element-0f5fd0b e-con-full e-flex e-con e-parent\" data-id=\"0f5fd0b\" data-element_type=\"container\" data-e-type=\"container\">\n\t\t<div class=\"elementor-element elementor-element-f204b96 e-con-full e-flex e-con e-child\" data-id=\"f204b96\" data-element_type=\"container\" data-e-type=\"container\">\n\t\t\t\t<div class=\"elementor-element elementor-element-cab35e8 elementor-widget__width-initial elementor-widget elementor-widget-heading\" data-id=\"cab35e8\" data-element_type=\"widget\" data-e-type=\"widget\" data-widget_type=\"heading.default\">\n\t\t\t\t\t<h2 class=\"elementor-heading-title elementor-size-default\">Solu\u00e7\u00f5es ultra-concentradas para uma limpeza eficiente e ecol\u00f3gica<\/h2>\t\t\t\t<\/div>\n\t\t\t\t<div class=\"elementor-element elementor-element-815c282 elementor-widget elementor-widget-text-editor\" data-id=\"815c282\" data-element_type=\"widget\" data-e-type=\"widget\" data-widget_type=\"text-editor.default\">\n\t\t\t\t\t\t\t\t\t<p>Na Quimidex acreditamos que a sustentabilidade e a efici\u00eancia podem andar de m\u00e3os dadas. \u00c9 por isso que desenvolvemos o Greenbag, uma gama de solu\u00e7\u00f5es concebidas para otimizar a limpeza profissional e reduzir o impacto ambiental. Este sistema inovador, baseado em sacos ultra-concentrados e de alta tecnologia, oferece uma solu\u00e7\u00e3o completa que d\u00e1 prioridade tanto ao desempenho como ao cuidado com o ambiente.<\/p>\t\t\t\t\t\t\t\t<\/div>\n\t\t\t\t<div class=\"elementor-element elementor-element-b2d2f79 elementor-widget elementor-widget-text-editor\" data-id=\"b2d2f79\" data-element_type=\"widget\" data-e-type=\"widget\" data-widget_type=\"text-editor.default\">\n\t\t\t\t\t\t\t\t\t<p>Redu\u00e7\u00e3o de res\u00edduos e pegada ambiental<\/p>\t\t\t\t\t\t\t\t<\/div>\n\t\t\t\t<div class=\"elementor-element elementor-element-0325d62 elementor-widget elementor-widget-text-editor\" data-id=\"0325d62\" data-element_type=\"widget\" data-e-type=\"widget\" data-widget_type=\"text-editor.default\">\n\t\t\t\t\t\t\t\t\t<p>Gra\u00e7as ao seu design compacto e concentrado, o Greenbag minimiza significativamente a quantidade de res\u00edduos gerados, tais como embalagens e produtos n\u00e3o utilizados, reduzindo tamb\u00e9m as emiss\u00f5es de CO2 provenientes do transporte e do armazenamento.<\/p>\t\t\t\t\t\t\t\t<\/div>\n\t\t\t\t<div class=\"elementor-element elementor-element-1c9c95c elementor-widget elementor-widget-text-editor\" data-id=\"1c9c95c\" data-element_type=\"widget\" data-e-type=\"widget\" data-widget_type=\"text-editor.default\">\n\t\t\t\t\t\t\t\t\t<p>Dosagem inteligente<\/p>\t\t\t\t\t\t\t\t<\/div>\n\t\t\t\t<div class=\"elementor-element elementor-element-6791da1 elementor-widget elementor-widget-text-editor\" data-id=\"6791da1\" data-element_type=\"widget\" data-e-type=\"widget\" data-widget_type=\"text-editor.default\">\n\t\t\t\t\t\t\t\t\tCada saco Greenbag est\u00e1 equipado com um sistema de controlo avan\u00e7ado que permite ajustar a quantidade exacta de produto necess\u00e1ria para cada utiliza\u00e7\u00e3o. Isto garante que cada gota \u00e9 maximizada, evitando desperd\u00edcios desnecess\u00e1rios e assegurando uma utiliza\u00e7\u00e3o econ\u00f3mica e eficiente.\t\t\t\t\t\t\t\t<\/div>\n\t\t\t\t<\/div>\n\t\t<div class=\"elementor-element elementor-element-2ae8dba e-con-full e-flex e-con e-child\" data-id=\"2ae8dba\" data-element_type=\"container\" data-e-type=\"container\">\n\t\t\t\t<div class=\"elementor-element elementor-element-d17e696 elementor-widget elementor-widget-text-editor\" data-id=\"d17e696\" data-element_type=\"widget\" data-e-type=\"widget\" data-widget_type=\"text-editor.default\">\n\t\t\t\t\t\t\t\t\t<p>Simplicidade operacional<\/p>\t\t\t\t\t\t\t\t<\/div>\n\t\t\t\t<div class=\"elementor-element elementor-element-b15d2ee elementor-widget elementor-widget-text-editor\" data-id=\"b15d2ee\" data-element_type=\"widget\" data-e-type=\"widget\" data-widget_type=\"text-editor.default\">\n\t\t\t\t\t\t\t\t\tA instala\u00e7\u00e3o do sistema \u00e9 r\u00e1pida e f\u00e1cil, sem a necessidade de ferramentas adicionais. Al\u00e9m disso, o seu design intuitivo e funcional permite que as equipas de limpeza manuseiem o produto com facilidade, poupando tempo e esfor\u00e7o em cada aplica\u00e7\u00e3o.\t\t\t\t\t\t\t\t<\/div>\n\t\t\t\t<div class=\"elementor-element elementor-element-4612dc7 elementor-widget elementor-widget-text-editor\" data-id=\"4612dc7\" data-element_type=\"widget\" data-e-type=\"widget\" data-widget_type=\"text-editor.default\">\n\t\t\t\t\t\t\t\t\t<p>Sistemas inteligentes e conetividade<\/p>\t\t\t\t\t\t\t\t<\/div>\n\t\t\t\t<div class=\"elementor-element elementor-element-fdc1bac elementor-widget elementor-widget-text-editor\" data-id=\"fdc1bac\" data-element_type=\"widget\" data-e-type=\"widget\" data-widget_type=\"text-editor.default\">\n\t\t\t\t\t\t\t\t\t<p>O equipamento integrado da Greenbag foi concebido com conetividade avan\u00e7ada, permitindo o ajuste remoto da dosagem do produto atrav\u00e9s de uma aplica\u00e7\u00e3o dedicada. Isto n\u00e3o s\u00f3 optimiza a utiliza\u00e7\u00e3o, como tamb\u00e9m fornece relat\u00f3rios detalhados sobre o consumo, custos e poss\u00edveis incidentes, dando aos utilizadores um controlo total sobre o processo.<\/p>\t\t\t\t\t\t\t\t<\/div>\n\t\t\t\t<div class=\"elementor-element elementor-element-7f2a1f8 elementor-widget elementor-widget-text-editor\" data-id=\"7f2a1f8\" data-element_type=\"widget\" data-e-type=\"widget\" data-widget_type=\"text-editor.default\">\n\t\t\t\t\t\t\t\t\t<p>Adaptabilidade a v\u00e1rias superf\u00edcies<\/p>\t\t\t\t\t\t\t\t<\/div>\n\t\t\t\t<div class=\"elementor-element elementor-element-0c7be9b elementor-widget elementor-widget-text-editor\" data-id=\"0c7be9b\" data-element_type=\"widget\" data-e-type=\"widget\" data-widget_type=\"text-editor.default\">\n\t\t\t\t\t\t\t\t\t<p>Desde grandes \u00e1reas, como corredores e salas comuns, at\u00e9 espa\u00e7os mais pequenos e delicados, <strong>Saco verde<\/strong> oferece uma solu\u00e7\u00e3o personalizada para cada necessidade, mantendo sempre um padr\u00e3o superior de limpeza.<\/p>\t\t\t\t\t\t\t\t<\/div>\n\t\t\t\t<\/div>\n\t\t\t\t<\/div>\n\t\t<div class=\"elementor-element elementor-element-b37a94f e-flex e-con-boxed e-con e-parent\" data-id=\"b37a94f\" data-element_type=\"container\" data-e-type=\"container\">\n\t\t\t\t\t<div class=\"e-con-inner\">\n\t\t\t\t<div class=\"elementor-element elementor-element-82c510b elementor-mobile-align-left elementor-widget-mobile__width-initial elementor-align-center elementor-widget elementor-widget-button\" data-id=\"82c510b\" data-element_type=\"widget\" data-e-type=\"widget\" data-widget_type=\"button.default\">\n\t\t\t\t\t\t\t\t\t\t<a class=\"elementor-button elementor-button-link elementor-size-sm\" href=\"https:\/\/www.quimidex.com\/pt\/contacto\/\">\n\t\t\t\t\t\t<span class=\"elementor-button-content-wrapper\">\n\t\t\t\t\t\t\t\t\t<span class=\"elementor-button-text\">Pedir tarifas<\/span>\n\t\t\t\t\t<\/span>\n\t\t\t\t\t<\/a>\n\t\t\t\t\t\t\t\t<\/div>\n\t\t\t\t\t<\/div>\n\t\t\t\t<\/div>\n\t\t\t\t<\/div>","protected":false},"excerpt":{"rendered":"<p>Quimidex Greenbag Innovaci\u00f3n y Sostenibilidad Soluciones ultraconcentradas para una limpieza eficiente y respetuosa con el medio ambiente En Quimidex creemos que la sostenibilidad y la eficiencia pueden ir de la mano. Por eso hemos desarrollado Greenbag, una gama de soluciones dise\u00f1adas para optimizar la limpieza profesional reduciendo el impacto ambiental. Este innovador sistema, basado en [&hellip;]<\/p>\n","protected":false},"author":1,"featured_media":0,"parent":2029,"menu_order":0,"comment_status":"closed","ping_status":"closed","template":"elementor_header_footer","meta":{"footnotes":""},"class_list":["post-2428","page","type-page","status-publish","hentry"],"yoast_head":"<!-- This site is optimized with the Yoast SEO Premium plugin v25.2 (Yoast SEO v27.1.1) - https:\/\/yoast.com\/product\/yoast-seo-premium-wordpress\/ -->\n<title>Quimidex Greenbag | Quimidex<\/title>\n<meta name=\"robots\" content=\"index, follow, max-snippet:-1, max-image-preview:large, max-video-preview:-1\" \/>\n<link rel=\"canonical\" href=\"https:\/\/www.quimidex.com\/pt\/catalogos\/quimidex-greenbag\/\" \/>\n<meta property=\"og:locale\" content=\"pt_PT\" \/>\n<meta property=\"og:type\" content=\"article\" \/>\n<meta property=\"og:title\" content=\"Quimidex Greenbag\" \/>\n<meta property=\"og:description\" content=\"Quimidex Greenbag Innovaci\u00f3n y Sostenibilidad Soluciones ultraconcentradas para una limpieza eficiente y respetuosa con el medio ambiente En Quimidex creemos que la sostenibilidad y la eficiencia pueden ir de la mano. Por eso hemos desarrollado Greenbag, una gama de soluciones dise\u00f1adas para optimizar la limpieza profesional reduciendo el impacto ambiental. Este innovador sistema, basado en [&hellip;]\" \/>\n<meta property=\"og:url\" content=\"https:\/\/www.quimidex.com\/pt\/catalogos\/quimidex-greenbag\/\" \/>\n<meta property=\"og:site_name\" content=\"Quimidex\" \/>\n<meta property=\"article:modified_time\" content=\"2025-01-10T16:27:31+00:00\" \/>\n<meta property=\"og:image\" content=\"https:\/\/www.quimidex.com\/wp-content\/uploads\/2025\/01\/BIOCIDAL-DISINFECTANT-5.png\" \/>\n\t<meta property=\"og:image:width\" content=\"500\" \/>\n\t<meta property=\"og:image:height\" content=\"500\" \/>\n\t<meta property=\"og:image:type\" content=\"image\/png\" \/>\n<meta name=\"twitter:card\" content=\"summary_large_image\" \/>\n<meta name=\"twitter:label1\" content=\"Tempo estimado de leitura\" \/>\n\t<meta name=\"twitter:data1\" content=\"2 minutos\" \/>\n<script type=\"application\/ld+json\" class=\"yoast-schema-graph\">{\"@context\":\"https:\/\/schema.org\",\"@graph\":[{\"@type\":\"WebPage\",\"@id\":\"https:\/\/www.quimidex.com\/catalogos\/quimidex-greenbag\/\",\"url\":\"https:\/\/www.quimidex.com\/catalogos\/quimidex-greenbag\/\",\"name\":\"Quimidex Greenbag | Quimidex\",\"isPartOf\":{\"@id\":\"https:\/\/www.quimidex.com\/#website\"},\"primaryImageOfPage\":{\"@id\":\"https:\/\/www.quimidex.com\/catalogos\/quimidex-greenbag\/#primaryimage\"},\"image\":{\"@id\":\"https:\/\/www.quimidex.com\/catalogos\/quimidex-greenbag\/#primaryimage\"},\"thumbnailUrl\":\"https:\/\/www.quimidex.com\/wp-content\/uploads\/2025\/01\/BIOCIDAL-DISINFECTANT-5.png\",\"datePublished\":\"2025-01-10T12:03:54+00:00\",\"dateModified\":\"2025-01-10T16:27:31+00:00\",\"breadcrumb\":{\"@id\":\"https:\/\/www.quimidex.com\/catalogos\/quimidex-greenbag\/#breadcrumb\"},\"inLanguage\":\"pt-PT\",\"potentialAction\":[{\"@type\":\"ReadAction\",\"target\":[\"https:\/\/www.quimidex.com\/catalogos\/quimidex-greenbag\/\"]}]},{\"@type\":\"ImageObject\",\"inLanguage\":\"pt-PT\",\"@id\":\"https:\/\/www.quimidex.com\/catalogos\/quimidex-greenbag\/#primaryimage\",\"url\":\"https:\/\/www.quimidex.com\/wp-content\/uploads\/2025\/01\/BIOCIDAL-DISINFECTANT-5.png\",\"contentUrl\":\"https:\/\/www.quimidex.com\/wp-content\/uploads\/2025\/01\/BIOCIDAL-DISINFECTANT-5.png\"},{\"@type\":\"BreadcrumbList\",\"@id\":\"https:\/\/www.quimidex.com\/catalogos\/quimidex-greenbag\/#breadcrumb\",\"itemListElement\":[{\"@type\":\"ListItem\",\"position\":1,\"name\":\"Home\",\"item\":\"https:\/\/www.quimidex.com\/\"},{\"@type\":\"ListItem\",\"position\":2,\"name\":\"Cat\u00e1logos\",\"item\":\"https:\/\/www.quimidex.com\/catalogos\/\"},{\"@type\":\"ListItem\",\"position\":3,\"name\":\"Quimidex Greenbag\"}]},{\"@type\":\"WebSite\",\"@id\":\"https:\/\/www.quimidex.com\/#website\",\"url\":\"https:\/\/www.quimidex.com\/\",\"name\":\"Quimidex\",\"description\":\"Proveedores de productos de limpieza\",\"publisher\":{\"@id\":\"https:\/\/www.quimidex.com\/#organization\"},\"potentialAction\":[{\"@type\":\"SearchAction\",\"target\":{\"@type\":\"EntryPoint\",\"urlTemplate\":\"https:\/\/www.quimidex.com\/?s={search_term_string}\"},\"query-input\":{\"@type\":\"PropertyValueSpecification\",\"valueRequired\":true,\"valueName\":\"search_term_string\"}}],\"inLanguage\":\"pt-PT\"},{\"@type\":\"Organization\",\"@id\":\"https:\/\/www.quimidex.com\/#organization\",\"name\":\"Quimidex\",\"url\":\"https:\/\/www.quimidex.com\/\",\"logo\":{\"@type\":\"ImageObject\",\"inLanguage\":\"pt-PT\",\"@id\":\"https:\/\/www.quimidex.com\/#\/schema\/logo\/image\/\",\"url\":\"https:\/\/www.quimidex.com\/wp-content\/uploads\/2024\/12\/cropped-Mockup-Quimidex-8-1.png\",\"contentUrl\":\"https:\/\/www.quimidex.com\/wp-content\/uploads\/2024\/12\/cropped-Mockup-Quimidex-8-1.png\",\"width\":512,\"height\":512,\"caption\":\"Quimidex\"},\"image\":{\"@id\":\"https:\/\/www.quimidex.com\/#\/schema\/logo\/image\/\"}}]}<\/script>\n<!-- \/ Yoast SEO Premium plugin. -->","yoast_head_json":{"title":"Quimidex Greenbag : Quimidex","robots":{"index":"index","follow":"follow","max-snippet":"max-snippet:-1","max-image-preview":"max-image-preview:large","max-video-preview":"max-video-preview:-1"},"canonical":"https:\/\/www.quimidex.com\/pt\/catalogos\/quimidex-greenbag\/","og_locale":"pt_PT","og_type":"article","og_title":"Quimidex Greenbag","og_description":"Quimidex Greenbag Innovaci\u00f3n y Sostenibilidad Soluciones ultraconcentradas para una limpieza eficiente y respetuosa con el medio ambiente En Quimidex creemos que la sostenibilidad y la eficiencia pueden ir de la mano. Por eso hemos desarrollado Greenbag, una gama de soluciones dise\u00f1adas para optimizar la limpieza profesional reduciendo el impacto ambiental. Este innovador sistema, basado en [&hellip;]","og_url":"https:\/\/www.quimidex.com\/pt\/catalogos\/quimidex-greenbag\/","og_site_name":"Quimidex","article_modified_time":"2025-01-10T16:27:31+00:00","og_image":[{"width":500,"height":500,"url":"https:\/\/www.quimidex.com\/wp-content\/uploads\/2025\/01\/BIOCIDAL-DISINFECTANT-5.png","type":"image\/png"}],"twitter_card":"summary_large_image","twitter_misc":{"Tempo estimado de leitura":"2 minutos"},"schema":{"@context":"https:\/\/schema.org","@graph":[{"@type":"WebPage","@id":"https:\/\/www.quimidex.com\/catalogos\/quimidex-greenbag\/","url":"https:\/\/www.quimidex.com\/catalogos\/quimidex-greenbag\/","name":"Quimidex Greenbag : Quimidex","isPartOf":{"@id":"https:\/\/www.quimidex.com\/#website"},"primaryImageOfPage":{"@id":"https:\/\/www.quimidex.com\/catalogos\/quimidex-greenbag\/#primaryimage"},"image":{"@id":"https:\/\/www.quimidex.com\/catalogos\/quimidex-greenbag\/#primaryimage"},"thumbnailUrl":"https:\/\/www.quimidex.com\/wp-content\/uploads\/2025\/01\/BIOCIDAL-DISINFECTANT-5.png","datePublished":"2025-01-10T12:03:54+00:00","dateModified":"2025-01-10T16:27:31+00:00","breadcrumb":{"@id":"https:\/\/www.quimidex.com\/catalogos\/quimidex-greenbag\/#breadcrumb"},"inLanguage":"pt-PT","potentialAction":[{"@type":"ReadAction","target":["https:\/\/www.quimidex.com\/catalogos\/quimidex-greenbag\/"]}]},{"@type":"ImageObject","inLanguage":"pt-PT","@id":"https:\/\/www.quimidex.com\/catalogos\/quimidex-greenbag\/#primaryimage","url":"https:\/\/www.quimidex.com\/wp-content\/uploads\/2025\/01\/BIOCIDAL-DISINFECTANT-5.png","contentUrl":"https:\/\/www.quimidex.com\/wp-content\/uploads\/2025\/01\/BIOCIDAL-DISINFECTANT-5.png"},{"@type":"BreadcrumbList","@id":"https:\/\/www.quimidex.com\/catalogos\/quimidex-greenbag\/#breadcrumb","itemListElement":[{"@type":"ListItem","position":1,"name":"Home","item":"https:\/\/www.quimidex.com\/"},{"@type":"ListItem","position":2,"name":"Cat\u00e1logos","item":"https:\/\/www.quimidex.com\/catalogos\/"},{"@type":"ListItem","position":3,"name":"Quimidex Greenbag"}]},{"@type":"WebSite","@id":"https:\/\/www.quimidex.com\/#website","url":"https:\/\/www.quimidex.com\/","name":"Quimidex","description":"Fornecedores de produtos de limpeza","publisher":{"@id":"https:\/\/www.quimidex.com\/#organization"},"potentialAction":[{"@type":"SearchAction","target":{"@type":"EntryPoint","urlTemplate":"https:\/\/www.quimidex.com\/?s={search_term_string}"},"query-input":{"@type":"PropertyValueSpecification","valueRequired":true,"valueName":"search_term_string"}}],"inLanguage":"pt-PT"},{"@type":"Organization","@id":"https:\/\/www.quimidex.com\/#organization","name":"Quimidex","url":"https:\/\/www.quimidex.com\/","logo":{"@type":"ImageObject","inLanguage":"pt-PT","@id":"https:\/\/www.quimidex.com\/#\/schema\/logo\/image\/","url":"https:\/\/www.quimidex.com\/wp-content\/uploads\/2024\/12\/cropped-Mockup-Quimidex-8-1.png","contentUrl":"https:\/\/www.quimidex.com\/wp-content\/uploads\/2024\/12\/cropped-Mockup-Quimidex-8-1.png","width":512,"height":512,"caption":"Quimidex"},"image":{"@id":"https:\/\/www.quimidex.com\/#\/schema\/logo\/image\/"}}]}},"_links":{"self":[{"href":"https:\/\/www.quimidex.com\/pt\/wp-json\/wp\/v2\/pages\/2428","targetHints":{"allow":["GET"]}}],"collection":[{"href":"https:\/\/www.quimidex.com\/pt\/wp-json\/wp\/v2\/pages"}],"about":[{"href":"https:\/\/www.quimidex.com\/pt\/wp-json\/wp\/v2\/types\/page"}],"author":[{"embeddable":true,"href":"https:\/\/www.quimidex.com\/pt\/wp-json\/wp\/v2\/users\/1"}],"replies":[{"embeddable":true,"href":"https:\/\/www.quimidex.com\/pt\/wp-json\/wp\/v2\/comments?post=2428"}],"version-history":[{"count":13,"href":"https:\/\/www.quimidex.com\/pt\/wp-json\/wp\/v2\/pages\/2428\/revisions"}],"predecessor-version":[{"id":2597,"href":"https:\/\/www.quimidex.com\/pt\/wp-json\/wp\/v2\/pages\/2428\/revisions\/2597"}],"up":[{"embeddable":true,"href":"https:\/\/www.quimidex.com\/pt\/wp-json\/wp\/v2\/pages\/2029"}],"wp:attachment":[{"href":"https:\/\/www.quimidex.com\/pt\/wp-json\/wp\/v2\/media?parent=2428"}],"curies":[{"name":"wp","href":"https:\/\/api.w.org\/{rel}","templated":true}]}}