{"id":2158,"date":"2025-01-09T10:20:20","date_gmt":"2025-01-09T10:20:20","guid":{"rendered":"https:\/\/www.quimidex.com\/?page_id=2158"},"modified":"2025-01-10T16:32:32","modified_gmt":"2025-01-10T16:32:32","slug":"quimidex-cuidados-pessoais","status":"publish","type":"page","link":"https:\/\/www.quimidex.com\/pt\/catalogos\/quimidex-cuidados-pessoais\/","title":{"rendered":"Quimidex Cuidados Pessoais"},"content":{"rendered":"<div data-elementor-type=\"wp-page\" data-elementor-id=\"2158\" class=\"elementor elementor-2158\" data-elementor-post-type=\"page\">\n\t\t\t\t<div class=\"elementor-element elementor-element-9397c56 e-con-full e-flex e-con e-parent\" data-id=\"9397c56\" data-element_type=\"container\" data-e-type=\"container\">\n\t\t<div class=\"elementor-element elementor-element-4bbad8f e-con-full e-flex e-con e-child\" data-id=\"4bbad8f\" data-element_type=\"container\" data-e-type=\"container\">\n\t\t\t\t<div class=\"elementor-element elementor-element-50d893f elementor-widget__width-initial elementor-widget elementor-widget-heading\" data-id=\"50d893f\" data-element_type=\"widget\" data-e-type=\"widget\" data-widget_type=\"heading.default\">\n\t\t\t\t\t<h2 class=\"elementor-heading-title elementor-size-default\">Quimidex Cuidados Pessoais<\/h2>\t\t\t\t<\/div>\n\t\t\t\t<div class=\"elementor-element elementor-element-4001aa5 elementor-widget elementor-widget-heading\" data-id=\"4001aa5\" data-element_type=\"widget\" data-e-type=\"widget\" data-widget_type=\"heading.default\">\n\t\t\t\t\t<span class=\"elementor-heading-title elementor-size-default\">No cuidado pessoal, a solu\u00e7\u00e3o mais eficaz e suave para uma pele saud\u00e1vel.\n\n\n<\/span>\t\t\t\t<\/div>\n\t\t\t\t<div class=\"elementor-element elementor-element-58cc5a5 elementor-widget elementor-widget-image\" data-id=\"58cc5a5\" data-element_type=\"widget\" data-e-type=\"widget\" data-widget_type=\"image.default\">\n\t\t\t\t\t\t\t\t\t\t\t\t\t\t\t<img fetchpriority=\"high\" decoding=\"async\" width=\"768\" height=\"394\" src=\"https:\/\/www.quimidex.com\/wp-content\/uploads\/2025\/01\/bodegon-personal-care-2022-768x394.jpg\" class=\"attachment-medium_large size-medium_large wp-image-2160\" alt=\"\" srcset=\"https:\/\/www.quimidex.com\/wp-content\/uploads\/2025\/01\/bodegon-personal-care-2022-768x394.jpg 768w, https:\/\/www.quimidex.com\/wp-content\/uploads\/2025\/01\/bodegon-personal-care-2022-600x308.jpg 600w, https:\/\/www.quimidex.com\/wp-content\/uploads\/2025\/01\/bodegon-personal-care-2022-300x154.jpg 300w, https:\/\/www.quimidex.com\/wp-content\/uploads\/2025\/01\/bodegon-personal-care-2022-1024x525.jpg 1024w, https:\/\/www.quimidex.com\/wp-content\/uploads\/2025\/01\/bodegon-personal-care-2022.jpg 1400w\" sizes=\"(max-width: 768px) 100vw, 768px\" \/>\t\t\t\t\t\t\t\t\t\t\t\t\t\t\t<\/div>\n\t\t\t\t<\/div>\n\t\t\t\t<\/div>\n\t\t<div class=\"elementor-element elementor-element-0f5fd0b e-con-full e-flex e-con e-parent\" data-id=\"0f5fd0b\" data-element_type=\"container\" data-e-type=\"container\">\n\t\t<div class=\"elementor-element elementor-element-f204b96 e-con-full e-flex e-con e-child\" data-id=\"f204b96\" data-element_type=\"container\" data-e-type=\"container\">\n\t\t\t\t<div class=\"elementor-element elementor-element-cab35e8 elementor-widget__width-initial elementor-widget elementor-widget-heading\" data-id=\"cab35e8\" data-element_type=\"widget\" data-e-type=\"widget\" data-widget_type=\"heading.default\">\n\t\t\t\t\t<h2 class=\"elementor-heading-title elementor-size-default\">Produtos espec\u00edficos para a higiene pessoal<\/h2>\t\t\t\t<\/div>\n\t\t\t\t<div class=\"elementor-element elementor-element-815c282 elementor-widget elementor-widget-text-editor\" data-id=\"815c282\" data-element_type=\"widget\" data-e-type=\"widget\" data-widget_type=\"text-editor.default\">\n\t\t\t\t\t\t\t\t\t<p>Pioneiros no sector da higiene profissional, a Quimidex Cosmetics tem a experi\u00eancia como o seu bem mais precioso e uma vasta gama de produtos anti-s\u00e9pticos para uma pele saud\u00e1vel. Atualmente, s\u00e3o poucas as marcas no mercado com uma gama t\u00e3o completa e, sobretudo, com produtos t\u00e3o avan\u00e7ados. Com apenas alguns anos de experi\u00eancia, a linha de cuidados pessoais conquistou o respeito dos profissionais e consumidores do sector pela qualidade e efic\u00e1cia dos seus produtos, nos quais aplicamos a tecnologia mais avan\u00e7ada. Aconselhados por dermatologistas especialistas no sector da cosm\u00e9tica, desenvolvemos produtos de higiene pessoal e sistemas de alto rendimento para os consumidores mais exigentes.<\/p>\t\t\t\t\t\t\t\t<\/div>\n\t\t\t\t<\/div>\n\t\t<div class=\"elementor-element elementor-element-2ae8dba e-con-full e-flex e-con e-child\" data-id=\"2ae8dba\" data-element_type=\"container\" data-e-type=\"container\">\n\t\t\t\t<div class=\"elementor-element elementor-element-de8d8c7 elementor-widget__width-initial elementor-widget elementor-widget-text-editor\" data-id=\"de8d8c7\" data-element_type=\"widget\" data-e-type=\"widget\" data-widget_type=\"text-editor.default\">\n\t\t\t\t\t\t\t\t\tDex foam, espuma instant\u00e2nea para a higiene das m\u00e3os\n\t\t\t\t\t\t\t\t<\/div>\n\t\t<div class=\"elementor-element elementor-element-2164b5c e-con-full e-flex e-con e-child\" data-id=\"2164b5c\" data-element_type=\"container\" data-e-type=\"container\">\n\t\t\t\t<div class=\"elementor-element elementor-element-2e73e18 elementor-widget__width-initial elementor-widget elementor-widget-text-editor\" data-id=\"2e73e18\" data-element_type=\"widget\" data-e-type=\"widget\" data-widget_type=\"text-editor.default\">\n\t\t\t\t\t\t\t\t\t<p><strong>Inovador<\/strong><br \/>- O sistema de espuma dex dispensa de forma f\u00e1cil e precisa a dose de produto formando espuma e proporcionando uma higiene r\u00e1pida e agrad\u00e1vel.<br \/>- Design atrativo que eleva o n\u00edvel dos centros e melhora a imagem dos centros, colocando-o \u00e0 altura do estabelecimento. Pr\u00e1tico e f\u00e1cil de utilizar.<\/p><p><strong>Eficaz<\/strong><br \/>- Optimiza a utiliza\u00e7\u00e3o e o desempenho, melhorando a gest\u00e3o dos custos do produto.<br \/>- Pele mais limpa e desinfectada.<br \/>- Os produtos anti-s\u00e9pticos cumprem as normas mais exigentes:<br \/>- UNE-EN 1500 Atividade bactericida para o tratamento das m\u00e3os por fric\u00e7\u00e3o.<br \/>- UNE-EN 13624 Atividade de fric\u00e7\u00e3o das m\u00e3os.<br \/>- UNE-EN 13727 Atividade bactericida para as m\u00e3os por fric\u00e7\u00e3o.<br \/>- UNE-EN 14476 Atividade virucida para o tratamento das m\u00e3os.<\/p><p><strong>Econ\u00f3mico<\/strong><br \/>- Economia de produto, dura\u00e7\u00e3o da carga (cartucho de borracha) 10 vezes superior \u00e0 dos produtos tradicionais (redu\u00e7\u00e3o da frequ\u00eancia das opera\u00e7\u00f5es de recarga).<\/p>\t\t\t\t\t\t\t\t<\/div>\n\t\t\t\t<div class=\"elementor-element elementor-element-cb61708 elementor-widget__width-initial elementor-widget elementor-widget-image\" data-id=\"cb61708\" data-element_type=\"widget\" data-e-type=\"widget\" data-widget_type=\"image.default\">\n\t\t\t\t\t\t\t\t\t\t\t\t\t\t\t<img decoding=\"async\" width=\"244\" height=\"300\" src=\"https:\/\/www.quimidex.com\/wp-content\/uploads\/2025\/01\/personal-care-bodegon-2-244x300-1.jpg\" class=\"attachment-large size-large wp-image-2161\" alt=\"\" \/>\t\t\t\t\t\t\t\t\t\t\t\t\t\t\t<\/div>\n\t\t\t\t<\/div>\n\t\t\t\t<\/div>\n\t\t\t\t<\/div>\n\t\t<div class=\"elementor-element elementor-element-b37a94f e-flex e-con-boxed e-con e-parent\" data-id=\"b37a94f\" data-element_type=\"container\" data-e-type=\"container\">\n\t\t\t\t\t<div class=\"e-con-inner\">\n\t\t\t\t<div class=\"elementor-element elementor-element-82c510b elementor-mobile-align-center elementor-widget-mobile__width-initial elementor-align-center elementor-widget elementor-widget-button\" data-id=\"82c510b\" data-element_type=\"widget\" data-e-type=\"widget\" data-widget_type=\"button.default\">\n\t\t\t\t\t\t\t\t\t\t<a class=\"elementor-button elementor-button-link elementor-size-sm\" href=\"https:\/\/www.quimidex.com\/pt\/contacto\/\">\n\t\t\t\t\t\t<span class=\"elementor-button-content-wrapper\">\n\t\t\t\t\t\t\t\t\t<span class=\"elementor-button-text\">Pedir tarifas<\/span>\n\t\t\t\t\t<\/span>\n\t\t\t\t\t<\/a>\n\t\t\t\t\t\t\t\t<\/div>\n\t\t\t\t\t<\/div>\n\t\t\t\t<\/div>\n\t\t\t\t<\/div>","protected":false},"excerpt":{"rendered":"<p>Quimidex Personal Care En aseo personal, la soluci\u00f3n m\u00e1s eficaz y suave para la piel sana Productos espec\u00edficos para la higiene personal Pioneros en el sector de la higiene profesional, Quimidex Cosmetics cuenta con la experiencia como activo m\u00e1s valioso y con una amplia oferta de productos antis\u00e9pticos para la piel sana. Actualmente, existen pocas [&hellip;]<\/p>\n","protected":false},"author":1,"featured_media":0,"parent":2029,"menu_order":0,"comment_status":"closed","ping_status":"closed","template":"elementor_header_footer","meta":{"footnotes":""},"class_list":["post-2158","page","type-page","status-publish","hentry"],"yoast_head":"<!-- This site is optimized with the Yoast SEO Premium plugin v25.2 (Yoast SEO v27.1.1) - https:\/\/yoast.com\/product\/yoast-seo-premium-wordpress\/ -->\n<title>Quimidex Personal Care | Quimidex<\/title>\n<meta name=\"robots\" content=\"index, follow, max-snippet:-1, max-image-preview:large, max-video-preview:-1\" \/>\n<link rel=\"canonical\" href=\"https:\/\/www.quimidex.com\/pt\/catalogos\/quimidex-cuidados-pessoais\/\" \/>\n<meta property=\"og:locale\" content=\"pt_PT\" \/>\n<meta property=\"og:type\" content=\"article\" \/>\n<meta property=\"og:title\" content=\"Quimidex Personal Care\" \/>\n<meta property=\"og:description\" content=\"Quimidex Personal Care En aseo personal, la soluci\u00f3n m\u00e1s eficaz y suave para la piel sana Productos espec\u00edficos para la higiene personal Pioneros en el sector de la higiene profesional, Quimidex Cosmetics cuenta con la experiencia como activo m\u00e1s valioso y con una amplia oferta de productos antis\u00e9pticos para la piel sana. Actualmente, existen pocas [&hellip;]\" \/>\n<meta property=\"og:url\" content=\"https:\/\/www.quimidex.com\/pt\/catalogos\/quimidex-cuidados-pessoais\/\" \/>\n<meta property=\"og:site_name\" content=\"Quimidex\" \/>\n<meta property=\"article:modified_time\" content=\"2025-01-10T16:32:32+00:00\" \/>\n<meta property=\"og:image\" content=\"https:\/\/www.quimidex.com\/wp-content\/uploads\/2025\/01\/bodegon-personal-care-2022.jpg\" \/>\n\t<meta property=\"og:image:width\" content=\"1400\" \/>\n\t<meta property=\"og:image:height\" content=\"718\" \/>\n\t<meta property=\"og:image:type\" content=\"image\/jpeg\" \/>\n<meta name=\"twitter:card\" content=\"summary_large_image\" \/>\n<meta name=\"twitter:label1\" content=\"Tempo estimado de leitura\" \/>\n\t<meta name=\"twitter:data1\" content=\"2 minutos\" \/>\n<script type=\"application\/ld+json\" class=\"yoast-schema-graph\">{\"@context\":\"https:\/\/schema.org\",\"@graph\":[{\"@type\":\"WebPage\",\"@id\":\"https:\/\/www.quimidex.com\/catalogos\/quimidex-personal-care\/\",\"url\":\"https:\/\/www.quimidex.com\/catalogos\/quimidex-personal-care\/\",\"name\":\"Quimidex Personal Care | Quimidex\",\"isPartOf\":{\"@id\":\"https:\/\/www.quimidex.com\/#website\"},\"primaryImageOfPage\":{\"@id\":\"https:\/\/www.quimidex.com\/catalogos\/quimidex-personal-care\/#primaryimage\"},\"image\":{\"@id\":\"https:\/\/www.quimidex.com\/catalogos\/quimidex-personal-care\/#primaryimage\"},\"thumbnailUrl\":\"https:\/\/www.quimidex.com\/wp-content\/uploads\/2025\/01\/bodegon-personal-care-2022-768x394.jpg\",\"datePublished\":\"2025-01-09T10:20:20+00:00\",\"dateModified\":\"2025-01-10T16:32:32+00:00\",\"breadcrumb\":{\"@id\":\"https:\/\/www.quimidex.com\/catalogos\/quimidex-personal-care\/#breadcrumb\"},\"inLanguage\":\"pt-PT\",\"potentialAction\":[{\"@type\":\"ReadAction\",\"target\":[\"https:\/\/www.quimidex.com\/catalogos\/quimidex-personal-care\/\"]}]},{\"@type\":\"ImageObject\",\"inLanguage\":\"pt-PT\",\"@id\":\"https:\/\/www.quimidex.com\/catalogos\/quimidex-personal-care\/#primaryimage\",\"url\":\"https:\/\/www.quimidex.com\/wp-content\/uploads\/2025\/01\/bodegon-personal-care-2022-768x394.jpg\",\"contentUrl\":\"https:\/\/www.quimidex.com\/wp-content\/uploads\/2025\/01\/bodegon-personal-care-2022-768x394.jpg\"},{\"@type\":\"BreadcrumbList\",\"@id\":\"https:\/\/www.quimidex.com\/catalogos\/quimidex-personal-care\/#breadcrumb\",\"itemListElement\":[{\"@type\":\"ListItem\",\"position\":1,\"name\":\"Home\",\"item\":\"https:\/\/www.quimidex.com\/\"},{\"@type\":\"ListItem\",\"position\":2,\"name\":\"Cat\u00e1logos\",\"item\":\"https:\/\/www.quimidex.com\/catalogos\/\"},{\"@type\":\"ListItem\",\"position\":3,\"name\":\"Quimidex Personal Care\"}]},{\"@type\":\"WebSite\",\"@id\":\"https:\/\/www.quimidex.com\/#website\",\"url\":\"https:\/\/www.quimidex.com\/\",\"name\":\"Quimidex\",\"description\":\"Proveedores de productos de limpieza\",\"publisher\":{\"@id\":\"https:\/\/www.quimidex.com\/#organization\"},\"potentialAction\":[{\"@type\":\"SearchAction\",\"target\":{\"@type\":\"EntryPoint\",\"urlTemplate\":\"https:\/\/www.quimidex.com\/?s={search_term_string}\"},\"query-input\":{\"@type\":\"PropertyValueSpecification\",\"valueRequired\":true,\"valueName\":\"search_term_string\"}}],\"inLanguage\":\"pt-PT\"},{\"@type\":\"Organization\",\"@id\":\"https:\/\/www.quimidex.com\/#organization\",\"name\":\"Quimidex\",\"url\":\"https:\/\/www.quimidex.com\/\",\"logo\":{\"@type\":\"ImageObject\",\"inLanguage\":\"pt-PT\",\"@id\":\"https:\/\/www.quimidex.com\/#\/schema\/logo\/image\/\",\"url\":\"https:\/\/www.quimidex.com\/wp-content\/uploads\/2024\/12\/cropped-Mockup-Quimidex-8-1.png\",\"contentUrl\":\"https:\/\/www.quimidex.com\/wp-content\/uploads\/2024\/12\/cropped-Mockup-Quimidex-8-1.png\",\"width\":512,\"height\":512,\"caption\":\"Quimidex\"},\"image\":{\"@id\":\"https:\/\/www.quimidex.com\/#\/schema\/logo\/image\/\"}}]}<\/script>\n<!-- \/ Yoast SEO Premium plugin. -->","yoast_head_json":{"title":"Quimidex Cuidados Pessoais | Quimidex","robots":{"index":"index","follow":"follow","max-snippet":"max-snippet:-1","max-image-preview":"max-image-preview:large","max-video-preview":"max-video-preview:-1"},"canonical":"https:\/\/www.quimidex.com\/pt\/catalogos\/quimidex-cuidados-pessoais\/","og_locale":"pt_PT","og_type":"article","og_title":"Quimidex Personal Care","og_description":"Quimidex Personal Care En aseo personal, la soluci\u00f3n m\u00e1s eficaz y suave para la piel sana Productos espec\u00edficos para la higiene personal Pioneros en el sector de la higiene profesional, Quimidex Cosmetics cuenta con la experiencia como activo m\u00e1s valioso y con una amplia oferta de productos antis\u00e9pticos para la piel sana. Actualmente, existen pocas [&hellip;]","og_url":"https:\/\/www.quimidex.com\/pt\/catalogos\/quimidex-cuidados-pessoais\/","og_site_name":"Quimidex","article_modified_time":"2025-01-10T16:32:32+00:00","og_image":[{"width":1400,"height":718,"url":"https:\/\/www.quimidex.com\/wp-content\/uploads\/2025\/01\/bodegon-personal-care-2022.jpg","type":"image\/jpeg"}],"twitter_card":"summary_large_image","twitter_misc":{"Tempo estimado de leitura":"2 minutos"},"schema":{"@context":"https:\/\/schema.org","@graph":[{"@type":"WebPage","@id":"https:\/\/www.quimidex.com\/catalogos\/quimidex-personal-care\/","url":"https:\/\/www.quimidex.com\/catalogos\/quimidex-personal-care\/","name":"Quimidex Cuidados Pessoais | Quimidex","isPartOf":{"@id":"https:\/\/www.quimidex.com\/#website"},"primaryImageOfPage":{"@id":"https:\/\/www.quimidex.com\/catalogos\/quimidex-personal-care\/#primaryimage"},"image":{"@id":"https:\/\/www.quimidex.com\/catalogos\/quimidex-personal-care\/#primaryimage"},"thumbnailUrl":"https:\/\/www.quimidex.com\/wp-content\/uploads\/2025\/01\/bodegon-personal-care-2022-768x394.jpg","datePublished":"2025-01-09T10:20:20+00:00","dateModified":"2025-01-10T16:32:32+00:00","breadcrumb":{"@id":"https:\/\/www.quimidex.com\/catalogos\/quimidex-personal-care\/#breadcrumb"},"inLanguage":"pt-PT","potentialAction":[{"@type":"ReadAction","target":["https:\/\/www.quimidex.com\/catalogos\/quimidex-personal-care\/"]}]},{"@type":"ImageObject","inLanguage":"pt-PT","@id":"https:\/\/www.quimidex.com\/catalogos\/quimidex-personal-care\/#primaryimage","url":"https:\/\/www.quimidex.com\/wp-content\/uploads\/2025\/01\/bodegon-personal-care-2022-768x394.jpg","contentUrl":"https:\/\/www.quimidex.com\/wp-content\/uploads\/2025\/01\/bodegon-personal-care-2022-768x394.jpg"},{"@type":"BreadcrumbList","@id":"https:\/\/www.quimidex.com\/catalogos\/quimidex-personal-care\/#breadcrumb","itemListElement":[{"@type":"ListItem","position":1,"name":"Home","item":"https:\/\/www.quimidex.com\/"},{"@type":"ListItem","position":2,"name":"Cat\u00e1logos","item":"https:\/\/www.quimidex.com\/catalogos\/"},{"@type":"ListItem","position":3,"name":"Quimidex Personal Care"}]},{"@type":"WebSite","@id":"https:\/\/www.quimidex.com\/#website","url":"https:\/\/www.quimidex.com\/","name":"Quimidex","description":"Fornecedores de produtos de limpeza","publisher":{"@id":"https:\/\/www.quimidex.com\/#organization"},"potentialAction":[{"@type":"SearchAction","target":{"@type":"EntryPoint","urlTemplate":"https:\/\/www.quimidex.com\/?s={search_term_string}"},"query-input":{"@type":"PropertyValueSpecification","valueRequired":true,"valueName":"search_term_string"}}],"inLanguage":"pt-PT"},{"@type":"Organization","@id":"https:\/\/www.quimidex.com\/#organization","name":"Quimidex","url":"https:\/\/www.quimidex.com\/","logo":{"@type":"ImageObject","inLanguage":"pt-PT","@id":"https:\/\/www.quimidex.com\/#\/schema\/logo\/image\/","url":"https:\/\/www.quimidex.com\/wp-content\/uploads\/2024\/12\/cropped-Mockup-Quimidex-8-1.png","contentUrl":"https:\/\/www.quimidex.com\/wp-content\/uploads\/2024\/12\/cropped-Mockup-Quimidex-8-1.png","width":512,"height":512,"caption":"Quimidex"},"image":{"@id":"https:\/\/www.quimidex.com\/#\/schema\/logo\/image\/"}}]}},"_links":{"self":[{"href":"https:\/\/www.quimidex.com\/pt\/wp-json\/wp\/v2\/pages\/2158","targetHints":{"allow":["GET"]}}],"collection":[{"href":"https:\/\/www.quimidex.com\/pt\/wp-json\/wp\/v2\/pages"}],"about":[{"href":"https:\/\/www.quimidex.com\/pt\/wp-json\/wp\/v2\/types\/page"}],"author":[{"embeddable":true,"href":"https:\/\/www.quimidex.com\/pt\/wp-json\/wp\/v2\/users\/1"}],"replies":[{"embeddable":true,"href":"https:\/\/www.quimidex.com\/pt\/wp-json\/wp\/v2\/comments?post=2158"}],"version-history":[{"count":16,"href":"https:\/\/www.quimidex.com\/pt\/wp-json\/wp\/v2\/pages\/2158\/revisions"}],"predecessor-version":[{"id":2628,"href":"https:\/\/www.quimidex.com\/pt\/wp-json\/wp\/v2\/pages\/2158\/revisions\/2628"}],"up":[{"embeddable":true,"href":"https:\/\/www.quimidex.com\/pt\/wp-json\/wp\/v2\/pages\/2029"}],"wp:attachment":[{"href":"https:\/\/www.quimidex.com\/pt\/wp-json\/wp\/v2\/media?parent=2158"}],"curies":[{"name":"wp","href":"https:\/\/api.w.org\/{rel}","templated":true}]}}