{"id":2134,"date":"2025-01-09T10:02:58","date_gmt":"2025-01-09T10:02:58","guid":{"rendered":"https:\/\/www.quimidex.com\/?page_id=2134"},"modified":"2025-01-10T16:27:47","modified_gmt":"2025-01-10T16:27:47","slug":"lavandaria-chemidex","status":"publish","type":"page","link":"https:\/\/www.quimidex.com\/pt\/catalogos\/lavandaria-chemidex\/","title":{"rendered":"Quimidex Lavandaria"},"content":{"rendered":"<div data-elementor-type=\"wp-page\" data-elementor-id=\"2134\" class=\"elementor elementor-2134\" data-elementor-post-type=\"page\">\n\t\t\t\t<div class=\"elementor-element elementor-element-9397c56 e-con-full e-flex e-con e-parent\" data-id=\"9397c56\" data-element_type=\"container\" data-e-type=\"container\">\n\t\t<div class=\"elementor-element elementor-element-4bbad8f e-con-full e-flex e-con e-child\" data-id=\"4bbad8f\" data-element_type=\"container\" data-e-type=\"container\">\n\t\t\t\t<div class=\"elementor-element elementor-element-50d893f elementor-widget__width-initial elementor-widget elementor-widget-heading\" data-id=\"50d893f\" data-element_type=\"widget\" data-e-type=\"widget\" data-widget_type=\"heading.default\">\n\t\t\t\t\t<h2 class=\"elementor-heading-title elementor-size-default\">Quimidex Lavandaria<\/h2>\t\t\t\t<\/div>\n\t\t\t\t<div class=\"elementor-element elementor-element-4001aa5 elementor-widget elementor-widget-heading\" data-id=\"4001aa5\" data-element_type=\"widget\" data-e-type=\"widget\" data-widget_type=\"heading.default\">\n\t\t\t\t\t<span class=\"elementor-heading-title elementor-size-default\">Sistema de lavagem de roupa\n\n\n\n<\/span>\t\t\t\t<\/div>\n\t\t\t\t<div class=\"elementor-element elementor-element-58cc5a5 elementor-widget elementor-widget-image\" data-id=\"58cc5a5\" data-element_type=\"widget\" data-e-type=\"widget\" data-widget_type=\"image.default\">\n\t\t\t\t\t\t\t\t\t\t\t\t\t\t\t<img fetchpriority=\"high\" decoding=\"async\" width=\"768\" height=\"346\" src=\"https:\/\/www.quimidex.com\/wp-content\/uploads\/2025\/01\/bodegon-laundry-2022-768x346.jpg\" class=\"attachment-medium_large size-medium_large wp-image-1615\" alt=\"Detergentes l\u00edquidos e em p\u00f3 para lavandarias industriais com tira-n\u00f3doas profissionais, branqueadores e amaciadores para a limpeza de t\u00eaxteis em processos de lavagem profissional.\" srcset=\"https:\/\/www.quimidex.com\/wp-content\/uploads\/2025\/01\/bodegon-laundry-2022-768x346.jpg 768w, https:\/\/www.quimidex.com\/wp-content\/uploads\/2025\/01\/bodegon-laundry-2022-600x270.jpg 600w, https:\/\/www.quimidex.com\/wp-content\/uploads\/2025\/01\/bodegon-laundry-2022-300x135.jpg 300w, https:\/\/www.quimidex.com\/wp-content\/uploads\/2025\/01\/bodegon-laundry-2022-1024x461.jpg 1024w, https:\/\/www.quimidex.com\/wp-content\/uploads\/2025\/01\/bodegon-laundry-2022.jpg 1400w\" sizes=\"(max-width: 768px) 100vw, 768px\" \/>\t\t\t\t\t\t\t\t\t\t\t\t\t\t\t<\/div>\n\t\t\t\t<\/div>\n\t\t\t\t<\/div>\n\t\t<div class=\"elementor-element elementor-element-0f5fd0b e-con-full e-flex e-con e-parent\" data-id=\"0f5fd0b\" data-element_type=\"container\" data-e-type=\"container\">\n\t\t<div class=\"elementor-element elementor-element-f204b96 e-con-full e-flex e-con e-child\" data-id=\"f204b96\" data-element_type=\"container\" data-e-type=\"container\">\n\t\t\t\t<div class=\"elementor-element elementor-element-cab35e8 elementor-widget__width-initial elementor-widget elementor-widget-heading\" data-id=\"cab35e8\" data-element_type=\"widget\" data-e-type=\"widget\" data-widget_type=\"heading.default\">\n\t\t\t\t\t<h2 class=\"elementor-heading-title elementor-size-default\">Produtos espec\u00edficos para a lavandaria profissional<\/h2>\t\t\t\t<\/div>\n\t\t\t\t<div class=\"elementor-element elementor-element-b690817 elementor-widget elementor-widget-text-editor\" data-id=\"b690817\" data-element_type=\"widget\" data-e-type=\"widget\" data-widget_type=\"text-editor.default\">\n\t\t\t\t\t\t\t\t\t<p>An\u00e1lise microbiol\u00f3gica<\/p>\t\t\t\t\t\t\t\t<\/div>\n\t\t\t\t<div class=\"elementor-element elementor-element-815c282 elementor-widget elementor-widget-text-editor\" data-id=\"815c282\" data-element_type=\"widget\" data-e-type=\"widget\" data-widget_type=\"text-editor.default\">\n\t\t\t\t\t\t\t\t\t<p>Laborat\u00f3rio t\u00eaxtil de apoio ao cliente, para verificar a qualidade das fibras.<\/p>\t\t\t\t\t\t\t\t<\/div>\n\t\t\t\t<div class=\"elementor-element elementor-element-c29b936 elementor-widget elementor-widget-text-editor\" data-id=\"c29b936\" data-element_type=\"widget\" data-e-type=\"widget\" data-widget_type=\"text-editor.default\">\n\t\t\t\t\t\t\t\t\t<p>Forma\u00e7\u00e3o<\/p>\t\t\t\t\t\t\t\t<\/div>\n\t\t\t\t<div class=\"elementor-element elementor-element-2e73e18 elementor-widget elementor-widget-text-editor\" data-id=\"2e73e18\" data-element_type=\"widget\" data-e-type=\"widget\" data-widget_type=\"text-editor.default\">\n\t\t\t\t\t\t\t\t\t<p>Pessoal especializado no branqueamento de t\u00eaxteis, realizam programas de forma\u00e7\u00e3o nos seguintes dom\u00ednios<br \/>- Produto e sua correta aplica\u00e7\u00e3o<br \/>- Programas e m\u00e9todos t\u00e9cnicos de lavagem<br \/>- Equipamento de dosagem autom\u00e1tica<\/p>\t\t\t\t\t\t\t\t<\/div>\n\t\t\t\t<\/div>\n\t\t<div class=\"elementor-element elementor-element-2ae8dba e-con-full e-flex e-con e-child\" data-id=\"2ae8dba\" data-element_type=\"container\" data-e-type=\"container\">\n\t\t\t\t<div class=\"elementor-element elementor-element-a7ec28d elementor-widget elementor-widget-text-editor\" data-id=\"a7ec28d\" data-element_type=\"widget\" data-e-type=\"widget\" data-widget_type=\"text-editor.default\">\n\t\t\t\t\t\t\t\t\t<p>Auditoria de controlo<\/p>\t\t\t\t\t\t\t\t<\/div>\n\t\t\t\t<div class=\"elementor-element elementor-element-4acb792 elementor-widget elementor-widget-text-editor\" data-id=\"4acb792\" data-element_type=\"widget\" data-e-type=\"widget\" data-widget_type=\"text-editor.default\">\n\t\t\t\t\t\t\t\t\t<p>M\u00e9todos de controlo regulares do nosso SAT para garantir uma lavagem e desinfe\u00e7\u00e3o corretas da roupa para a tranquilidade dos seus utilizadores finais.<br \/>- Controlo da \u00e1gua<br \/>- Controlo do programa<br \/>- Controlo de dosagem<br \/>- Monitoriza\u00e7\u00e3o do estado dos tecidos<br \/>- Controlo da an\u00e1lise do processo de lavagem<\/p>\t\t\t\t\t\t\t\t<\/div>\n\t\t\t\t<\/div>\n\t\t\t\t<\/div>\n\t\t<div class=\"elementor-element elementor-element-b37a94f e-flex e-con-boxed e-con e-parent\" data-id=\"b37a94f\" data-element_type=\"container\" data-e-type=\"container\">\n\t\t\t\t\t<div class=\"e-con-inner\">\n\t\t\t\t<div class=\"elementor-element elementor-element-82c510b elementor-mobile-align-left elementor-widget-mobile__width-initial elementor-align-center elementor-widget elementor-widget-button\" data-id=\"82c510b\" data-element_type=\"widget\" data-e-type=\"widget\" data-widget_type=\"button.default\">\n\t\t\t\t\t\t\t\t\t\t<a class=\"elementor-button elementor-button-link elementor-size-sm\" href=\"https:\/\/www.quimidex.com\/pt\/contacto\/\">\n\t\t\t\t\t\t<span class=\"elementor-button-content-wrapper\">\n\t\t\t\t\t\t\t\t\t<span class=\"elementor-button-text\">Pedir tarifas<\/span>\n\t\t\t\t\t<\/span>\n\t\t\t\t\t<\/a>\n\t\t\t\t\t\t\t\t<\/div>\n\t\t\t\t\t<\/div>\n\t\t\t\t<\/div>\n\t\t\t\t<\/div>","protected":false},"excerpt":{"rendered":"<p>Quimidex Laundry Sistema de lavander\u00eda Productos espec\u00edficos para lavander\u00eda profesional An\u00e1lisis microbiol\u00f3gico Laboratorio textil de apoyo al cliente, para verificar la calidad de las fibras. Formaci\u00f3n Personal especializado en el lavado textil, realizan programas de formaci\u00f3n de las siguientes \u00e1reas:\u2022 Producto y su correcta aplicaci\u00f3n\u2022 Programas y m\u00e9todos t\u00e9cnicos de lavado\u2022 Equipos de dosificaci\u00f3n autom\u00e1tica [&hellip;]<\/p>\n","protected":false},"author":1,"featured_media":0,"parent":2029,"menu_order":0,"comment_status":"closed","ping_status":"closed","template":"elementor_header_footer","meta":{"footnotes":""},"class_list":["post-2134","page","type-page","status-publish","hentry"],"yoast_head":"<!-- This site is optimized with the Yoast SEO Premium plugin v25.2 (Yoast SEO v27.1.1) - https:\/\/yoast.com\/product\/yoast-seo-premium-wordpress\/ -->\n<title>Quimidex Laundry | Quimidex<\/title>\n<meta name=\"robots\" content=\"index, follow, max-snippet:-1, max-image-preview:large, max-video-preview:-1\" \/>\n<link rel=\"canonical\" href=\"https:\/\/www.quimidex.com\/pt\/catalogos\/lavandaria-chemidex\/\" \/>\n<meta property=\"og:locale\" content=\"pt_PT\" \/>\n<meta property=\"og:type\" content=\"article\" \/>\n<meta property=\"og:title\" content=\"Quimidex Laundry\" \/>\n<meta property=\"og:description\" content=\"Quimidex Laundry Sistema de lavander\u00eda Productos espec\u00edficos para lavander\u00eda profesional An\u00e1lisis microbiol\u00f3gico Laboratorio textil de apoyo al cliente, para verificar la calidad de las fibras. Formaci\u00f3n Personal especializado en el lavado textil, realizan programas de formaci\u00f3n de las siguientes \u00e1reas:\u2022 Producto y su correcta aplicaci\u00f3n\u2022 Programas y m\u00e9todos t\u00e9cnicos de lavado\u2022 Equipos de dosificaci\u00f3n autom\u00e1tica [&hellip;]\" \/>\n<meta property=\"og:url\" content=\"https:\/\/www.quimidex.com\/pt\/catalogos\/lavandaria-chemidex\/\" \/>\n<meta property=\"og:site_name\" content=\"Quimidex\" \/>\n<meta property=\"article:modified_time\" content=\"2025-01-10T16:27:47+00:00\" \/>\n<meta property=\"og:image\" content=\"https:\/\/www.quimidex.com\/wp-content\/uploads\/2025\/01\/bodegon-laundry-2022.jpg\" \/>\n\t<meta property=\"og:image:width\" content=\"1400\" \/>\n\t<meta property=\"og:image:height\" content=\"630\" \/>\n\t<meta property=\"og:image:type\" content=\"image\/jpeg\" \/>\n<meta name=\"twitter:card\" content=\"summary_large_image\" \/>\n<meta name=\"twitter:label1\" content=\"Tempo estimado de leitura\" \/>\n\t<meta name=\"twitter:data1\" content=\"1 minuto\" \/>\n<script type=\"application\/ld+json\" class=\"yoast-schema-graph\">{\"@context\":\"https:\/\/schema.org\",\"@graph\":[{\"@type\":\"WebPage\",\"@id\":\"https:\/\/www.quimidex.com\/catalogos\/quimidex-laundry\/\",\"url\":\"https:\/\/www.quimidex.com\/catalogos\/quimidex-laundry\/\",\"name\":\"Quimidex Laundry | Quimidex\",\"isPartOf\":{\"@id\":\"https:\/\/www.quimidex.com\/#website\"},\"primaryImageOfPage\":{\"@id\":\"https:\/\/www.quimidex.com\/catalogos\/quimidex-laundry\/#primaryimage\"},\"image\":{\"@id\":\"https:\/\/www.quimidex.com\/catalogos\/quimidex-laundry\/#primaryimage\"},\"thumbnailUrl\":\"https:\/\/www.quimidex.com\/wp-content\/uploads\/2025\/01\/bodegon-laundry-2022-768x346.jpg\",\"datePublished\":\"2025-01-09T10:02:58+00:00\",\"dateModified\":\"2025-01-10T16:27:47+00:00\",\"breadcrumb\":{\"@id\":\"https:\/\/www.quimidex.com\/catalogos\/quimidex-laundry\/#breadcrumb\"},\"inLanguage\":\"pt-PT\",\"potentialAction\":[{\"@type\":\"ReadAction\",\"target\":[\"https:\/\/www.quimidex.com\/catalogos\/quimidex-laundry\/\"]}]},{\"@type\":\"ImageObject\",\"inLanguage\":\"pt-PT\",\"@id\":\"https:\/\/www.quimidex.com\/catalogos\/quimidex-laundry\/#primaryimage\",\"url\":\"https:\/\/www.quimidex.com\/wp-content\/uploads\/2025\/01\/bodegon-laundry-2022-768x346.jpg\",\"contentUrl\":\"https:\/\/www.quimidex.com\/wp-content\/uploads\/2025\/01\/bodegon-laundry-2022-768x346.jpg\"},{\"@type\":\"BreadcrumbList\",\"@id\":\"https:\/\/www.quimidex.com\/catalogos\/quimidex-laundry\/#breadcrumb\",\"itemListElement\":[{\"@type\":\"ListItem\",\"position\":1,\"name\":\"Home\",\"item\":\"https:\/\/www.quimidex.com\/\"},{\"@type\":\"ListItem\",\"position\":2,\"name\":\"Cat\u00e1logos\",\"item\":\"https:\/\/www.quimidex.com\/catalogos\/\"},{\"@type\":\"ListItem\",\"position\":3,\"name\":\"Quimidex Laundry\"}]},{\"@type\":\"WebSite\",\"@id\":\"https:\/\/www.quimidex.com\/#website\",\"url\":\"https:\/\/www.quimidex.com\/\",\"name\":\"Quimidex\",\"description\":\"Proveedores de productos de limpieza\",\"publisher\":{\"@id\":\"https:\/\/www.quimidex.com\/#organization\"},\"potentialAction\":[{\"@type\":\"SearchAction\",\"target\":{\"@type\":\"EntryPoint\",\"urlTemplate\":\"https:\/\/www.quimidex.com\/?s={search_term_string}\"},\"query-input\":{\"@type\":\"PropertyValueSpecification\",\"valueRequired\":true,\"valueName\":\"search_term_string\"}}],\"inLanguage\":\"pt-PT\"},{\"@type\":\"Organization\",\"@id\":\"https:\/\/www.quimidex.com\/#organization\",\"name\":\"Quimidex\",\"url\":\"https:\/\/www.quimidex.com\/\",\"logo\":{\"@type\":\"ImageObject\",\"inLanguage\":\"pt-PT\",\"@id\":\"https:\/\/www.quimidex.com\/#\/schema\/logo\/image\/\",\"url\":\"https:\/\/www.quimidex.com\/wp-content\/uploads\/2024\/12\/cropped-Mockup-Quimidex-8-1.png\",\"contentUrl\":\"https:\/\/www.quimidex.com\/wp-content\/uploads\/2024\/12\/cropped-Mockup-Quimidex-8-1.png\",\"width\":512,\"height\":512,\"caption\":\"Quimidex\"},\"image\":{\"@id\":\"https:\/\/www.quimidex.com\/#\/schema\/logo\/image\/\"}}]}<\/script>\n<!-- \/ Yoast SEO Premium plugin. -->","yoast_head_json":{"title":"Quimidex Lavandaria : Quimidex","robots":{"index":"index","follow":"follow","max-snippet":"max-snippet:-1","max-image-preview":"max-image-preview:large","max-video-preview":"max-video-preview:-1"},"canonical":"https:\/\/www.quimidex.com\/pt\/catalogos\/lavandaria-chemidex\/","og_locale":"pt_PT","og_type":"article","og_title":"Quimidex Laundry","og_description":"Quimidex Laundry Sistema de lavander\u00eda Productos espec\u00edficos para lavander\u00eda profesional An\u00e1lisis microbiol\u00f3gico Laboratorio textil de apoyo al cliente, para verificar la calidad de las fibras. Formaci\u00f3n Personal especializado en el lavado textil, realizan programas de formaci\u00f3n de las siguientes \u00e1reas:\u2022 Producto y su correcta aplicaci\u00f3n\u2022 Programas y m\u00e9todos t\u00e9cnicos de lavado\u2022 Equipos de dosificaci\u00f3n autom\u00e1tica [&hellip;]","og_url":"https:\/\/www.quimidex.com\/pt\/catalogos\/lavandaria-chemidex\/","og_site_name":"Quimidex","article_modified_time":"2025-01-10T16:27:47+00:00","og_image":[{"width":1400,"height":630,"url":"https:\/\/www.quimidex.com\/wp-content\/uploads\/2025\/01\/bodegon-laundry-2022.jpg","type":"image\/jpeg"}],"twitter_card":"summary_large_image","twitter_misc":{"Tempo estimado de leitura":"1 minuto"},"schema":{"@context":"https:\/\/schema.org","@graph":[{"@type":"WebPage","@id":"https:\/\/www.quimidex.com\/catalogos\/quimidex-laundry\/","url":"https:\/\/www.quimidex.com\/catalogos\/quimidex-laundry\/","name":"Quimidex Lavandaria : Quimidex","isPartOf":{"@id":"https:\/\/www.quimidex.com\/#website"},"primaryImageOfPage":{"@id":"https:\/\/www.quimidex.com\/catalogos\/quimidex-laundry\/#primaryimage"},"image":{"@id":"https:\/\/www.quimidex.com\/catalogos\/quimidex-laundry\/#primaryimage"},"thumbnailUrl":"https:\/\/www.quimidex.com\/wp-content\/uploads\/2025\/01\/bodegon-laundry-2022-768x346.jpg","datePublished":"2025-01-09T10:02:58+00:00","dateModified":"2025-01-10T16:27:47+00:00","breadcrumb":{"@id":"https:\/\/www.quimidex.com\/catalogos\/quimidex-laundry\/#breadcrumb"},"inLanguage":"pt-PT","potentialAction":[{"@type":"ReadAction","target":["https:\/\/www.quimidex.com\/catalogos\/quimidex-laundry\/"]}]},{"@type":"ImageObject","inLanguage":"pt-PT","@id":"https:\/\/www.quimidex.com\/catalogos\/quimidex-laundry\/#primaryimage","url":"https:\/\/www.quimidex.com\/wp-content\/uploads\/2025\/01\/bodegon-laundry-2022-768x346.jpg","contentUrl":"https:\/\/www.quimidex.com\/wp-content\/uploads\/2025\/01\/bodegon-laundry-2022-768x346.jpg"},{"@type":"BreadcrumbList","@id":"https:\/\/www.quimidex.com\/catalogos\/quimidex-laundry\/#breadcrumb","itemListElement":[{"@type":"ListItem","position":1,"name":"Home","item":"https:\/\/www.quimidex.com\/"},{"@type":"ListItem","position":2,"name":"Cat\u00e1logos","item":"https:\/\/www.quimidex.com\/catalogos\/"},{"@type":"ListItem","position":3,"name":"Quimidex Laundry"}]},{"@type":"WebSite","@id":"https:\/\/www.quimidex.com\/#website","url":"https:\/\/www.quimidex.com\/","name":"Quimidex","description":"Fornecedores de produtos de limpeza","publisher":{"@id":"https:\/\/www.quimidex.com\/#organization"},"potentialAction":[{"@type":"SearchAction","target":{"@type":"EntryPoint","urlTemplate":"https:\/\/www.quimidex.com\/?s={search_term_string}"},"query-input":{"@type":"PropertyValueSpecification","valueRequired":true,"valueName":"search_term_string"}}],"inLanguage":"pt-PT"},{"@type":"Organization","@id":"https:\/\/www.quimidex.com\/#organization","name":"Quimidex","url":"https:\/\/www.quimidex.com\/","logo":{"@type":"ImageObject","inLanguage":"pt-PT","@id":"https:\/\/www.quimidex.com\/#\/schema\/logo\/image\/","url":"https:\/\/www.quimidex.com\/wp-content\/uploads\/2024\/12\/cropped-Mockup-Quimidex-8-1.png","contentUrl":"https:\/\/www.quimidex.com\/wp-content\/uploads\/2024\/12\/cropped-Mockup-Quimidex-8-1.png","width":512,"height":512,"caption":"Quimidex"},"image":{"@id":"https:\/\/www.quimidex.com\/#\/schema\/logo\/image\/"}}]}},"_links":{"self":[{"href":"https:\/\/www.quimidex.com\/pt\/wp-json\/wp\/v2\/pages\/2134","targetHints":{"allow":["GET"]}}],"collection":[{"href":"https:\/\/www.quimidex.com\/pt\/wp-json\/wp\/v2\/pages"}],"about":[{"href":"https:\/\/www.quimidex.com\/pt\/wp-json\/wp\/v2\/types\/page"}],"author":[{"embeddable":true,"href":"https:\/\/www.quimidex.com\/pt\/wp-json\/wp\/v2\/users\/1"}],"replies":[{"embeddable":true,"href":"https:\/\/www.quimidex.com\/pt\/wp-json\/wp\/v2\/comments?post=2134"}],"version-history":[{"count":15,"href":"https:\/\/www.quimidex.com\/pt\/wp-json\/wp\/v2\/pages\/2134\/revisions"}],"predecessor-version":[{"id":2603,"href":"https:\/\/www.quimidex.com\/pt\/wp-json\/wp\/v2\/pages\/2134\/revisions\/2603"}],"up":[{"embeddable":true,"href":"https:\/\/www.quimidex.com\/pt\/wp-json\/wp\/v2\/pages\/2029"}],"wp:attachment":[{"href":"https:\/\/www.quimidex.com\/pt\/wp-json\/wp\/v2\/media?parent=2134"}],"curies":[{"name":"wp","href":"https:\/\/api.w.org\/{rel}","templated":true}]}}