{"id":2088,"date":"2025-01-09T09:32:23","date_gmt":"2025-01-09T09:32:23","guid":{"rendered":"https:\/\/www.quimidex.com\/?page_id=2088"},"modified":"2025-01-10T16:26:42","modified_gmt":"2025-01-10T16:26:42","slug":"quimidex-ecopack","status":"publish","type":"page","link":"https:\/\/www.quimidex.com\/pt\/catalogos\/quimidex-ecopack\/","title":{"rendered":"Quimidex Ecopack"},"content":{"rendered":"<div data-elementor-type=\"wp-page\" data-elementor-id=\"2088\" class=\"elementor elementor-2088\" data-elementor-post-type=\"page\">\n\t\t\t\t<div class=\"elementor-element elementor-element-9397c56 e-con-full e-flex e-con e-parent\" data-id=\"9397c56\" data-element_type=\"container\" data-e-type=\"container\">\n\t\t<div class=\"elementor-element elementor-element-4bbad8f e-con-full e-flex e-con e-child\" data-id=\"4bbad8f\" data-element_type=\"container\" data-e-type=\"container\">\n\t\t\t\t<div class=\"elementor-element elementor-element-50d893f elementor-widget__width-initial elementor-widget elementor-widget-heading\" data-id=\"50d893f\" data-element_type=\"widget\" data-e-type=\"widget\" data-widget_type=\"heading.default\">\n\t\t\t\t\t<h2 class=\"elementor-heading-title elementor-size-default\">Quimidex Ecopack<\/h2>\t\t\t\t<\/div>\n\t\t\t\t<div class=\"elementor-element elementor-element-4001aa5 elementor-widget elementor-widget-heading\" data-id=\"4001aa5\" data-element_type=\"widget\" data-e-type=\"widget\" data-widget_type=\"heading.default\">\n\t\t\t\t\t<span class=\"elementor-heading-title elementor-size-default\">Um sistema seguro, econ\u00f3mico e amigo do ambiente\n\n<\/span>\t\t\t\t<\/div>\n\t\t<div class=\"elementor-element elementor-element-5e04588 e-con-full e-grid e-con e-child\" data-id=\"5e04588\" data-element_type=\"container\" data-e-type=\"container\">\n\t\t\t\t<div class=\"elementor-element elementor-element-5735b4f elementor-widget elementor-widget-image\" data-id=\"5735b4f\" data-element_type=\"widget\" data-e-type=\"widget\" data-widget_type=\"image.default\">\n\t\t\t\t\t\t\t\t\t\t\t\t\t\t\t<img fetchpriority=\"high\" decoding=\"async\" width=\"500\" height=\"500\" src=\"https:\/\/www.quimidex.com\/wp-content\/uploads\/2025\/01\/BIOCIDAL-DISINFECTANT-1.webp\" class=\"attachment-medium_large size-medium_large wp-image-2096\" alt=\"\" \/>\t\t\t\t\t\t\t\t\t\t\t\t\t\t\t<\/div>\n\t\t\t\t<div class=\"elementor-element elementor-element-8bb2424 elementor-widget elementor-widget-image\" data-id=\"8bb2424\" data-element_type=\"widget\" data-e-type=\"widget\" data-widget_type=\"image.default\">\n\t\t\t\t\t\t\t\t\t\t\t\t\t\t\t<img decoding=\"async\" width=\"500\" height=\"364\" src=\"https:\/\/www.quimidex.com\/wp-content\/uploads\/2025\/01\/BIOCIDAL-DISINFECTANT-2-e1736415698528.webp\" class=\"attachment-medium_large size-medium_large wp-image-2097\" alt=\"\" \/>\t\t\t\t\t\t\t\t\t\t\t\t\t\t\t<\/div>\n\t\t\t\t<div class=\"elementor-element elementor-element-4d6cba1 elementor-widget elementor-widget-image\" data-id=\"4d6cba1\" data-element_type=\"widget\" data-e-type=\"widget\" data-widget_type=\"image.default\">\n\t\t\t\t\t\t\t\t\t\t\t\t\t\t\t<img decoding=\"async\" width=\"500\" height=\"500\" src=\"https:\/\/www.quimidex.com\/wp-content\/uploads\/2025\/01\/BIOCIDAL-DISINFECTANT-3.webp\" class=\"attachment-medium_large size-medium_large wp-image-2098\" alt=\"\" \/>\t\t\t\t\t\t\t\t\t\t\t\t\t\t\t<\/div>\n\t\t\t\t<div class=\"elementor-element elementor-element-2918293 elementor-widget elementor-widget-image\" data-id=\"2918293\" data-element_type=\"widget\" data-e-type=\"widget\" data-widget_type=\"image.default\">\n\t\t\t\t\t\t\t\t\t\t\t\t\t\t\t<img loading=\"lazy\" decoding=\"async\" width=\"500\" height=\"500\" src=\"https:\/\/www.quimidex.com\/wp-content\/uploads\/2025\/01\/BIOCIDAL-DISINFECTANT-4.png\" class=\"attachment-medium_large size-medium_large wp-image-2099\" alt=\"\" \/>\t\t\t\t\t\t\t\t\t\t\t\t\t\t\t<\/div>\n\t\t\t\t<div class=\"elementor-element elementor-element-f7ba63b elementor-widget elementor-widget-image\" data-id=\"f7ba63b\" data-element_type=\"widget\" data-e-type=\"widget\" data-widget_type=\"image.default\">\n\t\t\t\t\t\t\t\t\t\t\t\t\t\t\t<img loading=\"lazy\" decoding=\"async\" width=\"500\" height=\"500\" src=\"https:\/\/www.quimidex.com\/wp-content\/uploads\/2025\/01\/BIOCIDAL-DISINFECTANT-5.png\" class=\"attachment-medium_large size-medium_large wp-image-2100\" alt=\"\" \/>\t\t\t\t\t\t\t\t\t\t\t\t\t\t\t<\/div>\n\t\t\t\t<\/div>\n\t\t\t\t<div class=\"elementor-element elementor-element-58cc5a5 elementor-widget elementor-widget-image\" data-id=\"58cc5a5\" data-element_type=\"widget\" data-e-type=\"widget\" data-widget_type=\"image.default\">\n\t\t\t\t\t\t\t\t\t\t\t\t\t\t\t<img loading=\"lazy\" decoding=\"async\" width=\"768\" height=\"351\" src=\"https:\/\/www.quimidex.com\/wp-content\/uploads\/2025\/01\/Mockup-Quimidex-2025-01-09T183926.221-e1736444390335-768x351.webp\" class=\"attachment-medium_large size-medium_large wp-image-2421\" alt=\"Cat\u00e1logo de produtos de limpeza para escolas: detergentes e desinfectantes especializados\" srcset=\"https:\/\/www.quimidex.com\/wp-content\/uploads\/2025\/01\/Mockup-Quimidex-2025-01-09T183926.221-e1736444390335-768x351.webp 768w, https:\/\/www.quimidex.com\/wp-content\/uploads\/2025\/01\/Mockup-Quimidex-2025-01-09T183926.221-e1736444390335-600x274.webp 600w, https:\/\/www.quimidex.com\/wp-content\/uploads\/2025\/01\/Mockup-Quimidex-2025-01-09T183926.221-e1736444390335-300x137.webp 300w, https:\/\/www.quimidex.com\/wp-content\/uploads\/2025\/01\/Mockup-Quimidex-2025-01-09T183926.221-e1736444390335-1024x468.webp 1024w, https:\/\/www.quimidex.com\/wp-content\/uploads\/2025\/01\/Mockup-Quimidex-2025-01-09T183926.221-e1736444390335.webp 1280w\" sizes=\"(max-width: 768px) 100vw, 768px\" \/>\t\t\t\t\t\t\t\t\t\t\t\t\t\t\t<\/div>\n\t\t\t\t<\/div>\n\t\t\t\t<\/div>\n\t\t<div class=\"elementor-element elementor-element-0f5fd0b e-con-full e-flex e-con e-parent\" data-id=\"0f5fd0b\" data-element_type=\"container\" data-e-type=\"container\">\n\t\t<div class=\"elementor-element elementor-element-f204b96 e-con-full e-flex e-con e-child\" data-id=\"f204b96\" data-element_type=\"container\" data-e-type=\"container\">\n\t\t\t\t<div class=\"elementor-element elementor-element-cab35e8 elementor-widget__width-initial elementor-widget elementor-widget-heading\" data-id=\"cab35e8\" data-element_type=\"widget\" data-e-type=\"widget\" data-widget_type=\"heading.default\">\n\t\t\t\t\t<h2 class=\"elementor-heading-title elementor-size-default\">Sistema tecno-ecol\u00f3gico para produtos de limpeza e manuten\u00e7\u00e3o ultra-concentrados.\n\n<\/h2>\t\t\t\t<\/div>\n\t\t\t\t<div class=\"elementor-element elementor-element-815c282 elementor-widget elementor-widget-text-editor\" data-id=\"815c282\" data-element_type=\"widget\" data-e-type=\"widget\" data-widget_type=\"text-editor.default\">\n\t\t\t\t\t\t\t\t\t<p>Quimidex Professional apresenta um novo sistema de embalagem revolucion\u00e1rio e amigo do ambiente para produtos de limpeza e desinfe\u00e7\u00e3o ultra-concentrados para as suas instala\u00e7\u00f5es.<\/p>\t\t\t\t\t\t\t\t<\/div>\n\t\t\t\t<div class=\"elementor-element elementor-element-9f752cb elementor-widget elementor-widget-text-editor\" data-id=\"9f752cb\" data-element_type=\"widget\" data-e-type=\"widget\" data-widget_type=\"text-editor.default\">\n\t\t\t\t\t\t\t\t\t<p>Desempenho da embalagem ECOpack<\/p>\t\t\t\t\t\t\t\t<\/div>\n\t\t\t\t<div class=\"elementor-element elementor-element-7ef9d02 elementor-widget elementor-widget-text-editor\" data-id=\"7ef9d02\" data-element_type=\"widget\" data-e-type=\"widget\" data-widget_type=\"text-editor.default\">\n\t\t\t\t\t\t\t\t\t<p>Trata-se de uma nova embalagem para produtos de higiene altamente concentrados e totalmente cativos, que garante a rentabilidade do produto e gera menos 85% de res\u00edduos. Baseia-se na diferencia\u00e7\u00e3o do produto atrav\u00e9s de um c\u00f3digo de cores claro e de um doseamento exato de cada produto pronto a utilizar, para obter os melhores resultados de higiene e desinfe\u00e7\u00e3o e otimizar o consumo do produto.<\/p>\t\t\t\t\t\t\t\t<\/div>\n\t\t\t\t<\/div>\n\t\t<div class=\"elementor-element elementor-element-2ae8dba e-con-full e-flex e-con e-child\" data-id=\"2ae8dba\" data-element_type=\"container\" data-e-type=\"container\">\n\t\t\t\t<div class=\"elementor-element elementor-element-de8d8c7 elementor-widget__width-initial elementor-widget elementor-widget-text-editor\" data-id=\"de8d8c7\" data-element_type=\"widget\" data-e-type=\"widget\" data-widget_type=\"text-editor.default\">\n\t\t\t\t\t\t\t\t\t<p>Como \u00e9 a embalagem?<\/p>\t\t\t\t\t\t\t\t<\/div>\n\t\t<div class=\"elementor-element elementor-element-2164b5c e-con-full e-flex e-con e-child\" data-id=\"2164b5c\" data-element_type=\"container\" data-e-type=\"container\">\n\t\t\t\t<div class=\"elementor-element elementor-element-2e73e18 elementor-widget__width-initial elementor-widget elementor-widget-text-editor\" data-id=\"2e73e18\" data-element_type=\"widget\" data-e-type=\"widget\" data-widget_type=\"text-editor.default\">\n\t\t\t\t\t\t\t\t\t<p>O novo formato de embalagem <strong>Saco na caixa<\/strong> O saco de 10 litros garante a conserva\u00e7\u00e3o do produto e das suas propriedades at\u00e9 ao seu esvaziamento completo, gra\u00e7as \u00e0 sua conce\u00e7\u00e3o que impede a entrada de ar quando o saco se contrai. Este sistema \u00e9 protegido por uma caixa de cart\u00e3o que protege o conte\u00fado da luz.<\/p><p>O saco \u00e9 composto por uma pel\u00edcula interior transparente (LLDPE) e por um exterior metalizado (Flexmet Pe\/MetPet\/Pe laminado a quente), resistente \u00e0 fissura\u00e7\u00e3o por flex\u00e3o durante o transporte. Al\u00e9m disso, inclui uma v\u00e1lvula de seguran\u00e7a QDP para uma extra\u00e7\u00e3o eficaz do produto.<\/p><p><strong>Destaques da embalagem:<\/strong><\/p><ul><li>Produzido com um processo de baixo impacto ambiental.<\/li><li>Isento de subst\u00e2ncias nocivas para o ambiente.<\/li><li>Gest\u00e3o correta dos res\u00edduos.<\/li><li>Certificado com o r\u00f3tulo ecol\u00f3gico, em conformidade com as normas ecol\u00f3gicas da UE.<\/li><\/ul>\t\t\t\t\t\t\t\t<\/div>\n\t\t\t\t<div class=\"elementor-element elementor-element-cb61708 elementor-widget__width-initial elementor-widget elementor-widget-image\" data-id=\"cb61708\" data-element_type=\"widget\" data-e-type=\"widget\" data-widget_type=\"image.default\">\n\t\t\t\t\t\t\t\t\t\t\t\t\t\t\t<img loading=\"lazy\" decoding=\"async\" width=\"768\" height=\"642\" src=\"https:\/\/www.quimidex.com\/wp-content\/uploads\/2025\/01\/ecopack-bodegon-2-768x642-1.jpg\" class=\"attachment-large size-large wp-image-2094\" alt=\"\" srcset=\"https:\/\/www.quimidex.com\/wp-content\/uploads\/2025\/01\/ecopack-bodegon-2-768x642-1.jpg 768w, https:\/\/www.quimidex.com\/wp-content\/uploads\/2025\/01\/ecopack-bodegon-2-768x642-1-600x502.jpg 600w, https:\/\/www.quimidex.com\/wp-content\/uploads\/2025\/01\/ecopack-bodegon-2-768x642-1-300x251.jpg 300w\" sizes=\"(max-width: 768px) 100vw, 768px\" \/>\t\t\t\t\t\t\t\t\t\t\t\t\t\t\t<\/div>\n\t\t\t\t<\/div>\n\t\t\t\t<\/div>\n\t\t\t\t<\/div>\n\t\t<div class=\"elementor-element elementor-element-b37a94f e-flex e-con-boxed e-con e-parent\" data-id=\"b37a94f\" data-element_type=\"container\" data-e-type=\"container\">\n\t\t\t\t\t<div class=\"e-con-inner\">\n\t\t\t\t<div class=\"elementor-element elementor-element-82c510b elementor-mobile-align-left elementor-widget-mobile__width-initial elementor-align-center elementor-widget elementor-widget-button\" data-id=\"82c510b\" data-element_type=\"widget\" data-e-type=\"widget\" data-widget_type=\"button.default\">\n\t\t\t\t\t\t\t\t\t\t<a class=\"elementor-button elementor-button-link elementor-size-sm\" href=\"https:\/\/www.quimidex.com\/pt\/contacto\/\">\n\t\t\t\t\t\t<span class=\"elementor-button-content-wrapper\">\n\t\t\t\t\t\t\t\t\t<span class=\"elementor-button-text\">Pedir tarifas<\/span>\n\t\t\t\t\t<\/span>\n\t\t\t\t\t<\/a>\n\t\t\t\t\t\t\t\t<\/div>\n\t\t\t\t\t<\/div>\n\t\t\t\t<\/div>\n\t\t\t\t<\/div>","protected":false},"excerpt":{"rendered":"<p>Quimidex Ecopack Un sistema seguro, rentable y ecolo\u0301gico Sistema tecno-ecol\u00f3gico de productos ultraconcentrados para limpieza y mantenimiento Quimidex Professional presenta un nuevo y revolucionario sistema packaging que preserva el medio ambiente, para los productos ultracontrentrados de limpieza y desinfeccio\u0301n de su establecimiento. ECOpack packaging performance Es un nuevo packaging para productos de higiene altamente concentrados, [&hellip;]<\/p>\n","protected":false},"author":1,"featured_media":0,"parent":2029,"menu_order":0,"comment_status":"closed","ping_status":"closed","template":"elementor_header_footer","meta":{"footnotes":""},"class_list":["post-2088","page","type-page","status-publish","hentry"],"yoast_head":"<!-- This site is optimized with the Yoast SEO Premium plugin v25.2 (Yoast SEO v27.1.1) - https:\/\/yoast.com\/product\/yoast-seo-premium-wordpress\/ -->\n<title>Quimidex Ecopack | Quimidex<\/title>\n<meta name=\"robots\" content=\"index, follow, max-snippet:-1, max-image-preview:large, max-video-preview:-1\" \/>\n<link rel=\"canonical\" href=\"https:\/\/www.quimidex.com\/pt\/catalogos\/quimidex-ecopack\/\" \/>\n<meta property=\"og:locale\" content=\"pt_PT\" \/>\n<meta property=\"og:type\" content=\"article\" \/>\n<meta property=\"og:title\" content=\"Quimidex Ecopack\" \/>\n<meta property=\"og:description\" content=\"Quimidex Ecopack Un sistema seguro, rentable y ecolo\u0301gico Sistema tecno-ecol\u00f3gico de productos ultraconcentrados para limpieza y mantenimiento Quimidex Professional presenta un nuevo y revolucionario sistema packaging que preserva el medio ambiente, para los productos ultracontrentrados de limpieza y desinfeccio\u0301n de su establecimiento. ECOpack packaging performance Es un nuevo packaging para productos de higiene altamente concentrados, [&hellip;]\" \/>\n<meta property=\"og:url\" content=\"https:\/\/www.quimidex.com\/pt\/catalogos\/quimidex-ecopack\/\" \/>\n<meta property=\"og:site_name\" content=\"Quimidex\" \/>\n<meta property=\"article:modified_time\" content=\"2025-01-10T16:26:42+00:00\" \/>\n<meta property=\"og:image\" content=\"https:\/\/www.quimidex.com\/wp-content\/uploads\/2025\/01\/BIOCIDAL-DISINFECTANT-1.webp\" \/>\n\t<meta property=\"og:image:width\" content=\"500\" \/>\n\t<meta property=\"og:image:height\" content=\"500\" \/>\n\t<meta property=\"og:image:type\" content=\"image\/webp\" \/>\n<meta name=\"twitter:card\" content=\"summary_large_image\" \/>\n<script type=\"application\/ld+json\" class=\"yoast-schema-graph\">{\"@context\":\"https:\/\/schema.org\",\"@graph\":[{\"@type\":\"WebPage\",\"@id\":\"https:\/\/www.quimidex.com\/catalogos\/quimidex-ecopack\/\",\"url\":\"https:\/\/www.quimidex.com\/catalogos\/quimidex-ecopack\/\",\"name\":\"Quimidex Ecopack | Quimidex\",\"isPartOf\":{\"@id\":\"https:\/\/www.quimidex.com\/#website\"},\"primaryImageOfPage\":{\"@id\":\"https:\/\/www.quimidex.com\/catalogos\/quimidex-ecopack\/#primaryimage\"},\"image\":{\"@id\":\"https:\/\/www.quimidex.com\/catalogos\/quimidex-ecopack\/#primaryimage\"},\"thumbnailUrl\":\"https:\/\/www.quimidex.com\/wp-content\/uploads\/2025\/01\/BIOCIDAL-DISINFECTANT-1.webp\",\"datePublished\":\"2025-01-09T09:32:23+00:00\",\"dateModified\":\"2025-01-10T16:26:42+00:00\",\"breadcrumb\":{\"@id\":\"https:\/\/www.quimidex.com\/catalogos\/quimidex-ecopack\/#breadcrumb\"},\"inLanguage\":\"pt-PT\",\"potentialAction\":[{\"@type\":\"ReadAction\",\"target\":[\"https:\/\/www.quimidex.com\/catalogos\/quimidex-ecopack\/\"]}]},{\"@type\":\"ImageObject\",\"inLanguage\":\"pt-PT\",\"@id\":\"https:\/\/www.quimidex.com\/catalogos\/quimidex-ecopack\/#primaryimage\",\"url\":\"https:\/\/www.quimidex.com\/wp-content\/uploads\/2025\/01\/BIOCIDAL-DISINFECTANT-1.webp\",\"contentUrl\":\"https:\/\/www.quimidex.com\/wp-content\/uploads\/2025\/01\/BIOCIDAL-DISINFECTANT-1.webp\"},{\"@type\":\"BreadcrumbList\",\"@id\":\"https:\/\/www.quimidex.com\/catalogos\/quimidex-ecopack\/#breadcrumb\",\"itemListElement\":[{\"@type\":\"ListItem\",\"position\":1,\"name\":\"Home\",\"item\":\"https:\/\/www.quimidex.com\/\"},{\"@type\":\"ListItem\",\"position\":2,\"name\":\"Cat\u00e1logos\",\"item\":\"https:\/\/www.quimidex.com\/catalogos\/\"},{\"@type\":\"ListItem\",\"position\":3,\"name\":\"Quimidex Ecopack\"}]},{\"@type\":\"WebSite\",\"@id\":\"https:\/\/www.quimidex.com\/#website\",\"url\":\"https:\/\/www.quimidex.com\/\",\"name\":\"Quimidex\",\"description\":\"Proveedores de productos de limpieza\",\"publisher\":{\"@id\":\"https:\/\/www.quimidex.com\/#organization\"},\"potentialAction\":[{\"@type\":\"SearchAction\",\"target\":{\"@type\":\"EntryPoint\",\"urlTemplate\":\"https:\/\/www.quimidex.com\/?s={search_term_string}\"},\"query-input\":{\"@type\":\"PropertyValueSpecification\",\"valueRequired\":true,\"valueName\":\"search_term_string\"}}],\"inLanguage\":\"pt-PT\"},{\"@type\":\"Organization\",\"@id\":\"https:\/\/www.quimidex.com\/#organization\",\"name\":\"Quimidex\",\"url\":\"https:\/\/www.quimidex.com\/\",\"logo\":{\"@type\":\"ImageObject\",\"inLanguage\":\"pt-PT\",\"@id\":\"https:\/\/www.quimidex.com\/#\/schema\/logo\/image\/\",\"url\":\"https:\/\/www.quimidex.com\/wp-content\/uploads\/2024\/12\/cropped-Mockup-Quimidex-8-1.png\",\"contentUrl\":\"https:\/\/www.quimidex.com\/wp-content\/uploads\/2024\/12\/cropped-Mockup-Quimidex-8-1.png\",\"width\":512,\"height\":512,\"caption\":\"Quimidex\"},\"image\":{\"@id\":\"https:\/\/www.quimidex.com\/#\/schema\/logo\/image\/\"}}]}<\/script>\n<!-- \/ Yoast SEO Premium plugin. -->","yoast_head_json":{"title":"Quimidex Ecopack | Quimidex","robots":{"index":"index","follow":"follow","max-snippet":"max-snippet:-1","max-image-preview":"max-image-preview:large","max-video-preview":"max-video-preview:-1"},"canonical":"https:\/\/www.quimidex.com\/pt\/catalogos\/quimidex-ecopack\/","og_locale":"pt_PT","og_type":"article","og_title":"Quimidex Ecopack","og_description":"Quimidex Ecopack Un sistema seguro, rentable y ecolo\u0301gico Sistema tecno-ecol\u00f3gico de productos ultraconcentrados para limpieza y mantenimiento Quimidex Professional presenta un nuevo y revolucionario sistema packaging que preserva el medio ambiente, para los productos ultracontrentrados de limpieza y desinfeccio\u0301n de su establecimiento. ECOpack packaging performance Es un nuevo packaging para productos de higiene altamente concentrados, [&hellip;]","og_url":"https:\/\/www.quimidex.com\/pt\/catalogos\/quimidex-ecopack\/","og_site_name":"Quimidex","article_modified_time":"2025-01-10T16:26:42+00:00","og_image":[{"width":500,"height":500,"url":"https:\/\/www.quimidex.com\/wp-content\/uploads\/2025\/01\/BIOCIDAL-DISINFECTANT-1.webp","type":"image\/webp"}],"twitter_card":"summary_large_image","schema":{"@context":"https:\/\/schema.org","@graph":[{"@type":"WebPage","@id":"https:\/\/www.quimidex.com\/catalogos\/quimidex-ecopack\/","url":"https:\/\/www.quimidex.com\/catalogos\/quimidex-ecopack\/","name":"Quimidex Ecopack | Quimidex","isPartOf":{"@id":"https:\/\/www.quimidex.com\/#website"},"primaryImageOfPage":{"@id":"https:\/\/www.quimidex.com\/catalogos\/quimidex-ecopack\/#primaryimage"},"image":{"@id":"https:\/\/www.quimidex.com\/catalogos\/quimidex-ecopack\/#primaryimage"},"thumbnailUrl":"https:\/\/www.quimidex.com\/wp-content\/uploads\/2025\/01\/BIOCIDAL-DISINFECTANT-1.webp","datePublished":"2025-01-09T09:32:23+00:00","dateModified":"2025-01-10T16:26:42+00:00","breadcrumb":{"@id":"https:\/\/www.quimidex.com\/catalogos\/quimidex-ecopack\/#breadcrumb"},"inLanguage":"pt-PT","potentialAction":[{"@type":"ReadAction","target":["https:\/\/www.quimidex.com\/catalogos\/quimidex-ecopack\/"]}]},{"@type":"ImageObject","inLanguage":"pt-PT","@id":"https:\/\/www.quimidex.com\/catalogos\/quimidex-ecopack\/#primaryimage","url":"https:\/\/www.quimidex.com\/wp-content\/uploads\/2025\/01\/BIOCIDAL-DISINFECTANT-1.webp","contentUrl":"https:\/\/www.quimidex.com\/wp-content\/uploads\/2025\/01\/BIOCIDAL-DISINFECTANT-1.webp"},{"@type":"BreadcrumbList","@id":"https:\/\/www.quimidex.com\/catalogos\/quimidex-ecopack\/#breadcrumb","itemListElement":[{"@type":"ListItem","position":1,"name":"Home","item":"https:\/\/www.quimidex.com\/"},{"@type":"ListItem","position":2,"name":"Cat\u00e1logos","item":"https:\/\/www.quimidex.com\/catalogos\/"},{"@type":"ListItem","position":3,"name":"Quimidex Ecopack"}]},{"@type":"WebSite","@id":"https:\/\/www.quimidex.com\/#website","url":"https:\/\/www.quimidex.com\/","name":"Quimidex","description":"Fornecedores de produtos de limpeza","publisher":{"@id":"https:\/\/www.quimidex.com\/#organization"},"potentialAction":[{"@type":"SearchAction","target":{"@type":"EntryPoint","urlTemplate":"https:\/\/www.quimidex.com\/?s={search_term_string}"},"query-input":{"@type":"PropertyValueSpecification","valueRequired":true,"valueName":"search_term_string"}}],"inLanguage":"pt-PT"},{"@type":"Organization","@id":"https:\/\/www.quimidex.com\/#organization","name":"Quimidex","url":"https:\/\/www.quimidex.com\/","logo":{"@type":"ImageObject","inLanguage":"pt-PT","@id":"https:\/\/www.quimidex.com\/#\/schema\/logo\/image\/","url":"https:\/\/www.quimidex.com\/wp-content\/uploads\/2024\/12\/cropped-Mockup-Quimidex-8-1.png","contentUrl":"https:\/\/www.quimidex.com\/wp-content\/uploads\/2024\/12\/cropped-Mockup-Quimidex-8-1.png","width":512,"height":512,"caption":"Quimidex"},"image":{"@id":"https:\/\/www.quimidex.com\/#\/schema\/logo\/image\/"}}]}},"_links":{"self":[{"href":"https:\/\/www.quimidex.com\/pt\/wp-json\/wp\/v2\/pages\/2088","targetHints":{"allow":["GET"]}}],"collection":[{"href":"https:\/\/www.quimidex.com\/pt\/wp-json\/wp\/v2\/pages"}],"about":[{"href":"https:\/\/www.quimidex.com\/pt\/wp-json\/wp\/v2\/types\/page"}],"author":[{"embeddable":true,"href":"https:\/\/www.quimidex.com\/pt\/wp-json\/wp\/v2\/users\/1"}],"replies":[{"embeddable":true,"href":"https:\/\/www.quimidex.com\/pt\/wp-json\/wp\/v2\/comments?post=2088"}],"version-history":[{"count":19,"href":"https:\/\/www.quimidex.com\/pt\/wp-json\/wp\/v2\/pages\/2088\/revisions"}],"predecessor-version":[{"id":2585,"href":"https:\/\/www.quimidex.com\/pt\/wp-json\/wp\/v2\/pages\/2088\/revisions\/2585"}],"up":[{"embeddable":true,"href":"https:\/\/www.quimidex.com\/pt\/wp-json\/wp\/v2\/pages\/2029"}],"wp:attachment":[{"href":"https:\/\/www.quimidex.com\/pt\/wp-json\/wp\/v2\/media?parent=2088"}],"curies":[{"name":"wp","href":"https:\/\/api.w.org\/{rel}","templated":true}]}}