{"id":3744,"date":"2025-03-24T11:35:56","date_gmt":"2025-03-24T11:35:56","guid":{"rendered":"https:\/\/www.quimidex.com\/?post_type=product&#038;p=3744"},"modified":"2025-03-26T15:55:42","modified_gmt":"2025-03-26T15:55:42","slug":"degraissant-pour-pieces-en-aluminium-grass-d40-5l","status":"publish","type":"product","link":"https:\/\/www.quimidex.com\/fr\/produits-de-nettoyage-professionnels\/degraissants-industriels\/degraissant-pour-pieces-en-aluminium-grass-d40-5l\/","title":{"rendered":"D\u00e9graissant pour pi\u00e8ces en aluminium GRASS D40 5L"},"content":{"rendered":"","protected":false},"excerpt":{"rendered":"<p>Sp\u00e9cialement con\u00e7u pour le nettoyage des pi\u00e8ces en aluminium<\/p>","protected":false},"featured_media":3773,"comment_status":"open","ping_status":"closed","template":"","meta":[],"product_brand":[],"product_cat":[49],"product_tag":[],"class_list":{"0":"post-3744","1":"product","2":"type-product","3":"status-publish","4":"has-post-thumbnail","6":"product_cat-desengrasantes-industriales","8":"first","9":"instock","10":"shipping-taxable","11":"purchasable","12":"product-type-simple"},"yoast_head":"<!-- This site is optimized with the Yoast SEO Premium plugin v25.2 (Yoast SEO v27.1.1) - https:\/\/yoast.com\/product\/yoast-seo-premium-wordpress\/ -->\n<title>Desengrasante piezas aluminio | GRASS D40 5L | Quimidex<\/title>\n<meta name=\"robots\" content=\"noindex, follow\" \/>\n<meta property=\"og:locale\" content=\"fr_FR\" \/>\n<meta property=\"og:type\" content=\"article\" \/>\n<meta property=\"og:title\" content=\"Desengrasante piezas aluminio | GRASS D40 5L\" \/>\n<meta property=\"og:description\" content=\"Especial para la limpieza de piezas de aluminio\" \/>\n<meta property=\"og:url\" content=\"https:\/\/www.quimidex.com\/fr\/produits-de-nettoyage-professionnels\/degraissants-industriels\/degraissant-pour-pieces-en-aluminium-grass-d40-5l\/\" \/>\n<meta property=\"og:site_name\" content=\"Quimidex\" \/>\n<meta property=\"article:modified_time\" content=\"2025-03-26T15:55:42+00:00\" \/>\n<meta property=\"og:image\" content=\"https:\/\/www.quimidex.com\/wp-content\/uploads\/2025\/03\/Desengrasante-piezas-de-aluminio-GRASS-D40-5L-1-scaled.webp\" \/>\n\t<meta property=\"og:image:width\" content=\"2252\" \/>\n\t<meta property=\"og:image:height\" content=\"2560\" \/>\n\t<meta property=\"og:image:type\" content=\"image\/webp\" \/>\n<meta name=\"twitter:card\" content=\"summary_large_image\" \/>\n<meta name=\"twitter:label1\" content=\"Dur\u00e9e de lecture estim\u00e9e\" \/>\n\t<meta name=\"twitter:data1\" content=\"1 minute\" \/>\n<script type=\"application\/ld+json\" class=\"yoast-schema-graph\">{\"@context\":\"https:\/\/schema.org\",\"@graph\":[{\"@type\":\"WebPage\",\"@id\":\"https:\/\/www.quimidex.com\/productos-limpieza-profesional\/desengrasantes-industriales\/desengrasante-piezas-aluminio-grass-d40-5l\/\",\"url\":\"https:\/\/www.quimidex.com\/productos-limpieza-profesional\/desengrasantes-industriales\/desengrasante-piezas-aluminio-grass-d40-5l\/\",\"name\":\"Desengrasante piezas aluminio | GRASS D40 5L | Quimidex\",\"isPartOf\":{\"@id\":\"https:\/\/www.quimidex.com\/#website\"},\"primaryImageOfPage\":{\"@id\":\"https:\/\/www.quimidex.com\/productos-limpieza-profesional\/desengrasantes-industriales\/desengrasante-piezas-aluminio-grass-d40-5l\/#primaryimage\"},\"image\":{\"@id\":\"https:\/\/www.quimidex.com\/productos-limpieza-profesional\/desengrasantes-industriales\/desengrasante-piezas-aluminio-grass-d40-5l\/#primaryimage\"},\"thumbnailUrl\":\"https:\/\/www.quimidex.com\/wp-content\/uploads\/2025\/03\/Desengrasante-piezas-de-aluminio-GRASS-D40-5L-1-scaled.webp\",\"datePublished\":\"2025-03-24T11:35:56+00:00\",\"dateModified\":\"2025-03-26T15:55:42+00:00\",\"breadcrumb\":{\"@id\":\"https:\/\/www.quimidex.com\/productos-limpieza-profesional\/desengrasantes-industriales\/desengrasante-piezas-aluminio-grass-d40-5l\/#breadcrumb\"},\"inLanguage\":\"fr-FR\",\"potentialAction\":[{\"@type\":\"ReadAction\",\"target\":[\"https:\/\/www.quimidex.com\/productos-limpieza-profesional\/desengrasantes-industriales\/desengrasante-piezas-aluminio-grass-d40-5l\/\"]}]},{\"@type\":\"ImageObject\",\"inLanguage\":\"fr-FR\",\"@id\":\"https:\/\/www.quimidex.com\/productos-limpieza-profesional\/desengrasantes-industriales\/desengrasante-piezas-aluminio-grass-d40-5l\/#primaryimage\",\"url\":\"https:\/\/www.quimidex.com\/wp-content\/uploads\/2025\/03\/Desengrasante-piezas-de-aluminio-GRASS-D40-5L-1-scaled.webp\",\"contentUrl\":\"https:\/\/www.quimidex.com\/wp-content\/uploads\/2025\/03\/Desengrasante-piezas-de-aluminio-GRASS-D40-5L-1-scaled.webp\",\"width\":2252,\"height\":2560},{\"@type\":\"BreadcrumbList\",\"@id\":\"https:\/\/www.quimidex.com\/productos-limpieza-profesional\/desengrasantes-industriales\/desengrasante-piezas-aluminio-grass-d40-5l\/#breadcrumb\",\"itemListElement\":[{\"@type\":\"ListItem\",\"position\":1,\"name\":\"Home\",\"item\":\"https:\/\/www.quimidex.com\/\"},{\"@type\":\"ListItem\",\"position\":2,\"name\":\"Productos de limpieza profesional\",\"item\":\"https:\/\/www.quimidex.com\/productos-limpieza-profesional\/\"},{\"@type\":\"ListItem\",\"position\":3,\"name\":\"Desengrasante piezas aluminio | GRASS D40 5L\"}]},{\"@type\":\"WebSite\",\"@id\":\"https:\/\/www.quimidex.com\/#website\",\"url\":\"https:\/\/www.quimidex.com\/\",\"name\":\"Quimidex\",\"description\":\"Proveedores de productos de limpieza\",\"publisher\":{\"@id\":\"https:\/\/www.quimidex.com\/#organization\"},\"potentialAction\":[{\"@type\":\"SearchAction\",\"target\":{\"@type\":\"EntryPoint\",\"urlTemplate\":\"https:\/\/www.quimidex.com\/?s={search_term_string}\"},\"query-input\":{\"@type\":\"PropertyValueSpecification\",\"valueRequired\":true,\"valueName\":\"search_term_string\"}}],\"inLanguage\":\"fr-FR\"},{\"@type\":\"Organization\",\"@id\":\"https:\/\/www.quimidex.com\/#organization\",\"name\":\"Quimidex\",\"url\":\"https:\/\/www.quimidex.com\/\",\"logo\":{\"@type\":\"ImageObject\",\"inLanguage\":\"fr-FR\",\"@id\":\"https:\/\/www.quimidex.com\/#\/schema\/logo\/image\/\",\"url\":\"https:\/\/www.quimidex.com\/wp-content\/uploads\/2024\/12\/cropped-Mockup-Quimidex-8-1.png\",\"contentUrl\":\"https:\/\/www.quimidex.com\/wp-content\/uploads\/2024\/12\/cropped-Mockup-Quimidex-8-1.png\",\"width\":512,\"height\":512,\"caption\":\"Quimidex\"},\"image\":{\"@id\":\"https:\/\/www.quimidex.com\/#\/schema\/logo\/image\/\"}}]}<\/script>\n<!-- \/ Yoast SEO Premium plugin. -->","yoast_head_json":{"title":"GRASS D40 5L d\u00e9graissant aluminium pour pi\u00e8ces en aluminium - Quimidex","robots":{"index":"noindex","follow":"follow"},"og_locale":"fr_FR","og_type":"article","og_title":"Desengrasante piezas aluminio | GRASS D40 5L","og_description":"Especial para la limpieza de piezas de aluminio","og_url":"https:\/\/www.quimidex.com\/fr\/produits-de-nettoyage-professionnels\/degraissants-industriels\/degraissant-pour-pieces-en-aluminium-grass-d40-5l\/","og_site_name":"Quimidex","article_modified_time":"2025-03-26T15:55:42+00:00","og_image":[{"width":2252,"height":2560,"url":"https:\/\/www.quimidex.com\/wp-content\/uploads\/2025\/03\/Desengrasante-piezas-de-aluminio-GRASS-D40-5L-1-scaled.webp","type":"image\/webp"}],"twitter_card":"summary_large_image","twitter_misc":{"Dur\u00e9e de lecture estim\u00e9e":"1 minute"},"schema":{"@context":"https:\/\/schema.org","@graph":[{"@type":"WebPage","@id":"https:\/\/www.quimidex.com\/productos-limpieza-profesional\/desengrasantes-industriales\/desengrasante-piezas-aluminio-grass-d40-5l\/","url":"https:\/\/www.quimidex.com\/productos-limpieza-profesional\/desengrasantes-industriales\/desengrasante-piezas-aluminio-grass-d40-5l\/","name":"GRASS D40 5L d\u00e9graissant aluminium pour pi\u00e8ces en aluminium - Quimidex","isPartOf":{"@id":"https:\/\/www.quimidex.com\/#website"},"primaryImageOfPage":{"@id":"https:\/\/www.quimidex.com\/productos-limpieza-profesional\/desengrasantes-industriales\/desengrasante-piezas-aluminio-grass-d40-5l\/#primaryimage"},"image":{"@id":"https:\/\/www.quimidex.com\/productos-limpieza-profesional\/desengrasantes-industriales\/desengrasante-piezas-aluminio-grass-d40-5l\/#primaryimage"},"thumbnailUrl":"https:\/\/www.quimidex.com\/wp-content\/uploads\/2025\/03\/Desengrasante-piezas-de-aluminio-GRASS-D40-5L-1-scaled.webp","datePublished":"2025-03-24T11:35:56+00:00","dateModified":"2025-03-26T15:55:42+00:00","breadcrumb":{"@id":"https:\/\/www.quimidex.com\/productos-limpieza-profesional\/desengrasantes-industriales\/desengrasante-piezas-aluminio-grass-d40-5l\/#breadcrumb"},"inLanguage":"fr-FR","potentialAction":[{"@type":"ReadAction","target":["https:\/\/www.quimidex.com\/productos-limpieza-profesional\/desengrasantes-industriales\/desengrasante-piezas-aluminio-grass-d40-5l\/"]}]},{"@type":"ImageObject","inLanguage":"fr-FR","@id":"https:\/\/www.quimidex.com\/productos-limpieza-profesional\/desengrasantes-industriales\/desengrasante-piezas-aluminio-grass-d40-5l\/#primaryimage","url":"https:\/\/www.quimidex.com\/wp-content\/uploads\/2025\/03\/Desengrasante-piezas-de-aluminio-GRASS-D40-5L-1-scaled.webp","contentUrl":"https:\/\/www.quimidex.com\/wp-content\/uploads\/2025\/03\/Desengrasante-piezas-de-aluminio-GRASS-D40-5L-1-scaled.webp","width":2252,"height":2560},{"@type":"BreadcrumbList","@id":"https:\/\/www.quimidex.com\/productos-limpieza-profesional\/desengrasantes-industriales\/desengrasante-piezas-aluminio-grass-d40-5l\/#breadcrumb","itemListElement":[{"@type":"ListItem","position":1,"name":"Home","item":"https:\/\/www.quimidex.com\/"},{"@type":"ListItem","position":2,"name":"Productos de limpieza profesional","item":"https:\/\/www.quimidex.com\/productos-limpieza-profesional\/"},{"@type":"ListItem","position":3,"name":"Desengrasante piezas aluminio | GRASS D40 5L"}]},{"@type":"WebSite","@id":"https:\/\/www.quimidex.com\/#website","url":"https:\/\/www.quimidex.com\/","name":"Quimidex","description":"Fournisseurs de produits de nettoyage","publisher":{"@id":"https:\/\/www.quimidex.com\/#organization"},"potentialAction":[{"@type":"SearchAction","target":{"@type":"EntryPoint","urlTemplate":"https:\/\/www.quimidex.com\/?s={search_term_string}"},"query-input":{"@type":"PropertyValueSpecification","valueRequired":true,"valueName":"search_term_string"}}],"inLanguage":"fr-FR"},{"@type":"Organization","@id":"https:\/\/www.quimidex.com\/#organization","name":"Quimidex","url":"https:\/\/www.quimidex.com\/","logo":{"@type":"ImageObject","inLanguage":"fr-FR","@id":"https:\/\/www.quimidex.com\/#\/schema\/logo\/image\/","url":"https:\/\/www.quimidex.com\/wp-content\/uploads\/2024\/12\/cropped-Mockup-Quimidex-8-1.png","contentUrl":"https:\/\/www.quimidex.com\/wp-content\/uploads\/2024\/12\/cropped-Mockup-Quimidex-8-1.png","width":512,"height":512,"caption":"Quimidex"},"image":{"@id":"https:\/\/www.quimidex.com\/#\/schema\/logo\/image\/"}}]}},"_links":{"self":[{"href":"https:\/\/www.quimidex.com\/fr\/wp-json\/wp\/v2\/product\/3744","targetHints":{"allow":["GET"]}}],"collection":[{"href":"https:\/\/www.quimidex.com\/fr\/wp-json\/wp\/v2\/product"}],"about":[{"href":"https:\/\/www.quimidex.com\/fr\/wp-json\/wp\/v2\/types\/product"}],"replies":[{"embeddable":true,"href":"https:\/\/www.quimidex.com\/fr\/wp-json\/wp\/v2\/comments?post=3744"}],"wp:featuredmedia":[{"embeddable":true,"href":"https:\/\/www.quimidex.com\/fr\/wp-json\/wp\/v2\/media\/3773"}],"wp:attachment":[{"href":"https:\/\/www.quimidex.com\/fr\/wp-json\/wp\/v2\/media?parent=3744"}],"wp:term":[{"taxonomy":"product_brand","embeddable":true,"href":"https:\/\/www.quimidex.com\/fr\/wp-json\/wp\/v2\/product_brand?post=3744"},{"taxonomy":"product_cat","embeddable":true,"href":"https:\/\/www.quimidex.com\/fr\/wp-json\/wp\/v2\/product_cat?post=3744"},{"taxonomy":"product_tag","embeddable":true,"href":"https:\/\/www.quimidex.com\/fr\/wp-json\/wp\/v2\/product_tag?post=3744"}],"curies":[{"name":"wp","href":"https:\/\/api.w.org\/{rel}","templated":true}]}}