{"id":3731,"date":"2025-03-24T11:35:36","date_gmt":"2025-03-24T11:35:36","guid":{"rendered":"https:\/\/www.quimidex.com\/?post_type=product&#038;p=3731"},"modified":"2025-03-26T15:55:38","modified_gmt":"2025-03-26T15:55:38","slug":"nettoyant-dielectrique-degraissant-car-grass-d50-10l","status":"publish","type":"product","link":"https:\/\/www.quimidex.com\/fr\/produits-de-nettoyage-professionnels\/degraissants-industriels\/nettoyant-dielectrique-degraissant-car-grass-d50-10l\/","title":{"rendered":"CAR Grass D50 D50 10L Nettoyant d\u00e9graissant di\u00e9lectrique"},"content":{"rendered":"","protected":false},"excerpt":{"rendered":"<p>D\u00e9graissant sans danger di\u00e9lectrique pour les \u00e9quipements \u00e9lectriques<\/p>","protected":false},"featured_media":3139,"comment_status":"open","ping_status":"closed","template":"","meta":[],"product_brand":[],"product_cat":[49],"product_tag":[],"class_list":{"0":"post-3731","1":"product","2":"type-product","3":"status-publish","4":"has-post-thumbnail","6":"product_cat-desengrasantes-industriales","8":"first","9":"instock","10":"shipping-taxable","11":"purchasable","12":"product-type-simple"},"yoast_head":"<!-- This site is optimized with the Yoast SEO Premium plugin v25.2 (Yoast SEO v27.1.1) - https:\/\/yoast.com\/product\/yoast-seo-premium-wordpress\/ -->\n<title>Limpiador diel\u00e9ctrico desengrasante | CAR Grass D50 10L | Quimidex<\/title>\n<meta name=\"robots\" content=\"noindex, follow\" \/>\n<meta property=\"og:locale\" content=\"fr_FR\" \/>\n<meta property=\"og:type\" content=\"article\" \/>\n<meta property=\"og:title\" content=\"Limpiador diel\u00e9ctrico desengrasante | CAR Grass D50 10L\" \/>\n<meta property=\"og:description\" content=\"Desengrasante diel\u00e9ctrico seguro para equipos el\u00e9ctricos\" \/>\n<meta property=\"og:url\" content=\"https:\/\/www.quimidex.com\/fr\/produits-de-nettoyage-professionnels\/degraissants-industriels\/nettoyant-dielectrique-degraissant-car-grass-d50-10l\/\" \/>\n<meta property=\"og:site_name\" content=\"Quimidex\" \/>\n<meta property=\"article:modified_time\" content=\"2025-03-26T15:55:38+00:00\" \/>\n<meta property=\"og:image\" content=\"https:\/\/www.quimidex.com\/wp-content\/uploads\/2025\/03\/Limpiador-dielectrico-desengrasante-GRASS-D50-10-L.webp\" \/>\n\t<meta property=\"og:image:width\" content=\"769\" \/>\n\t<meta property=\"og:image:height\" content=\"1036\" \/>\n\t<meta property=\"og:image:type\" content=\"image\/webp\" \/>\n<meta name=\"twitter:card\" content=\"summary_large_image\" \/>\n<meta name=\"twitter:label1\" content=\"Dur\u00e9e de lecture estim\u00e9e\" \/>\n\t<meta name=\"twitter:data1\" content=\"1 minute\" \/>\n<script type=\"application\/ld+json\" class=\"yoast-schema-graph\">{\"@context\":\"https:\/\/schema.org\",\"@graph\":[{\"@type\":\"WebPage\",\"@id\":\"https:\/\/www.quimidex.com\/productos-limpieza-profesional\/desengrasantes-industriales\/limpiador-dielectrico-desengrasante-car-grass-d50-10l\/\",\"url\":\"https:\/\/www.quimidex.com\/productos-limpieza-profesional\/desengrasantes-industriales\/limpiador-dielectrico-desengrasante-car-grass-d50-10l\/\",\"name\":\"Limpiador diel\u00e9ctrico desengrasante | CAR Grass D50 10L | Quimidex\",\"isPartOf\":{\"@id\":\"https:\/\/www.quimidex.com\/#website\"},\"primaryImageOfPage\":{\"@id\":\"https:\/\/www.quimidex.com\/productos-limpieza-profesional\/desengrasantes-industriales\/limpiador-dielectrico-desengrasante-car-grass-d50-10l\/#primaryimage\"},\"image\":{\"@id\":\"https:\/\/www.quimidex.com\/productos-limpieza-profesional\/desengrasantes-industriales\/limpiador-dielectrico-desengrasante-car-grass-d50-10l\/#primaryimage\"},\"thumbnailUrl\":\"https:\/\/www.quimidex.com\/wp-content\/uploads\/2025\/03\/Limpiador-dielectrico-desengrasante-GRASS-D50-10-L.webp\",\"datePublished\":\"2025-03-24T11:35:36+00:00\",\"dateModified\":\"2025-03-26T15:55:38+00:00\",\"breadcrumb\":{\"@id\":\"https:\/\/www.quimidex.com\/productos-limpieza-profesional\/desengrasantes-industriales\/limpiador-dielectrico-desengrasante-car-grass-d50-10l\/#breadcrumb\"},\"inLanguage\":\"fr-FR\",\"potentialAction\":[{\"@type\":\"ReadAction\",\"target\":[\"https:\/\/www.quimidex.com\/productos-limpieza-profesional\/desengrasantes-industriales\/limpiador-dielectrico-desengrasante-car-grass-d50-10l\/\"]}]},{\"@type\":\"ImageObject\",\"inLanguage\":\"fr-FR\",\"@id\":\"https:\/\/www.quimidex.com\/productos-limpieza-profesional\/desengrasantes-industriales\/limpiador-dielectrico-desengrasante-car-grass-d50-10l\/#primaryimage\",\"url\":\"https:\/\/www.quimidex.com\/wp-content\/uploads\/2025\/03\/Limpiador-dielectrico-desengrasante-GRASS-D50-10-L.webp\",\"contentUrl\":\"https:\/\/www.quimidex.com\/wp-content\/uploads\/2025\/03\/Limpiador-dielectrico-desengrasante-GRASS-D50-10-L.webp\",\"width\":769,\"height\":1036},{\"@type\":\"BreadcrumbList\",\"@id\":\"https:\/\/www.quimidex.com\/productos-limpieza-profesional\/desengrasantes-industriales\/limpiador-dielectrico-desengrasante-car-grass-d50-10l\/#breadcrumb\",\"itemListElement\":[{\"@type\":\"ListItem\",\"position\":1,\"name\":\"Home\",\"item\":\"https:\/\/www.quimidex.com\/\"},{\"@type\":\"ListItem\",\"position\":2,\"name\":\"Productos de limpieza profesional\",\"item\":\"https:\/\/www.quimidex.com\/productos-limpieza-profesional\/\"},{\"@type\":\"ListItem\",\"position\":3,\"name\":\"Limpiador diel\u00e9ctrico desengrasante | CAR Grass D50 10L\"}]},{\"@type\":\"WebSite\",\"@id\":\"https:\/\/www.quimidex.com\/#website\",\"url\":\"https:\/\/www.quimidex.com\/\",\"name\":\"Quimidex\",\"description\":\"Proveedores de productos de limpieza\",\"publisher\":{\"@id\":\"https:\/\/www.quimidex.com\/#organization\"},\"potentialAction\":[{\"@type\":\"SearchAction\",\"target\":{\"@type\":\"EntryPoint\",\"urlTemplate\":\"https:\/\/www.quimidex.com\/?s={search_term_string}\"},\"query-input\":{\"@type\":\"PropertyValueSpecification\",\"valueRequired\":true,\"valueName\":\"search_term_string\"}}],\"inLanguage\":\"fr-FR\"},{\"@type\":\"Organization\",\"@id\":\"https:\/\/www.quimidex.com\/#organization\",\"name\":\"Quimidex\",\"url\":\"https:\/\/www.quimidex.com\/\",\"logo\":{\"@type\":\"ImageObject\",\"inLanguage\":\"fr-FR\",\"@id\":\"https:\/\/www.quimidex.com\/#\/schema\/logo\/image\/\",\"url\":\"https:\/\/www.quimidex.com\/wp-content\/uploads\/2024\/12\/cropped-Mockup-Quimidex-8-1.png\",\"contentUrl\":\"https:\/\/www.quimidex.com\/wp-content\/uploads\/2024\/12\/cropped-Mockup-Quimidex-8-1.png\",\"width\":512,\"height\":512,\"caption\":\"Quimidex\"},\"image\":{\"@id\":\"https:\/\/www.quimidex.com\/#\/schema\/logo\/image\/\"}}]}<\/script>\n<!-- \/ Yoast SEO Premium plugin. -->","yoast_head_json":{"title":"Nettoyant d\u00e9graissant di\u00e9lectrique | CAR Grass D50 10L | Quimidex","robots":{"index":"noindex","follow":"follow"},"og_locale":"fr_FR","og_type":"article","og_title":"Limpiador diel\u00e9ctrico desengrasante | CAR Grass D50 10L","og_description":"Desengrasante diel\u00e9ctrico seguro para equipos el\u00e9ctricos","og_url":"https:\/\/www.quimidex.com\/fr\/produits-de-nettoyage-professionnels\/degraissants-industriels\/nettoyant-dielectrique-degraissant-car-grass-d50-10l\/","og_site_name":"Quimidex","article_modified_time":"2025-03-26T15:55:38+00:00","og_image":[{"width":769,"height":1036,"url":"https:\/\/www.quimidex.com\/wp-content\/uploads\/2025\/03\/Limpiador-dielectrico-desengrasante-GRASS-D50-10-L.webp","type":"image\/webp"}],"twitter_card":"summary_large_image","twitter_misc":{"Dur\u00e9e de lecture estim\u00e9e":"1 minute"},"schema":{"@context":"https:\/\/schema.org","@graph":[{"@type":"WebPage","@id":"https:\/\/www.quimidex.com\/productos-limpieza-profesional\/desengrasantes-industriales\/limpiador-dielectrico-desengrasante-car-grass-d50-10l\/","url":"https:\/\/www.quimidex.com\/productos-limpieza-profesional\/desengrasantes-industriales\/limpiador-dielectrico-desengrasante-car-grass-d50-10l\/","name":"Nettoyant d\u00e9graissant di\u00e9lectrique | CAR Grass D50 10L | Quimidex","isPartOf":{"@id":"https:\/\/www.quimidex.com\/#website"},"primaryImageOfPage":{"@id":"https:\/\/www.quimidex.com\/productos-limpieza-profesional\/desengrasantes-industriales\/limpiador-dielectrico-desengrasante-car-grass-d50-10l\/#primaryimage"},"image":{"@id":"https:\/\/www.quimidex.com\/productos-limpieza-profesional\/desengrasantes-industriales\/limpiador-dielectrico-desengrasante-car-grass-d50-10l\/#primaryimage"},"thumbnailUrl":"https:\/\/www.quimidex.com\/wp-content\/uploads\/2025\/03\/Limpiador-dielectrico-desengrasante-GRASS-D50-10-L.webp","datePublished":"2025-03-24T11:35:36+00:00","dateModified":"2025-03-26T15:55:38+00:00","breadcrumb":{"@id":"https:\/\/www.quimidex.com\/productos-limpieza-profesional\/desengrasantes-industriales\/limpiador-dielectrico-desengrasante-car-grass-d50-10l\/#breadcrumb"},"inLanguage":"fr-FR","potentialAction":[{"@type":"ReadAction","target":["https:\/\/www.quimidex.com\/productos-limpieza-profesional\/desengrasantes-industriales\/limpiador-dielectrico-desengrasante-car-grass-d50-10l\/"]}]},{"@type":"ImageObject","inLanguage":"fr-FR","@id":"https:\/\/www.quimidex.com\/productos-limpieza-profesional\/desengrasantes-industriales\/limpiador-dielectrico-desengrasante-car-grass-d50-10l\/#primaryimage","url":"https:\/\/www.quimidex.com\/wp-content\/uploads\/2025\/03\/Limpiador-dielectrico-desengrasante-GRASS-D50-10-L.webp","contentUrl":"https:\/\/www.quimidex.com\/wp-content\/uploads\/2025\/03\/Limpiador-dielectrico-desengrasante-GRASS-D50-10-L.webp","width":769,"height":1036},{"@type":"BreadcrumbList","@id":"https:\/\/www.quimidex.com\/productos-limpieza-profesional\/desengrasantes-industriales\/limpiador-dielectrico-desengrasante-car-grass-d50-10l\/#breadcrumb","itemListElement":[{"@type":"ListItem","position":1,"name":"Home","item":"https:\/\/www.quimidex.com\/"},{"@type":"ListItem","position":2,"name":"Productos de limpieza profesional","item":"https:\/\/www.quimidex.com\/productos-limpieza-profesional\/"},{"@type":"ListItem","position":3,"name":"Limpiador diel\u00e9ctrico desengrasante | CAR Grass D50 10L"}]},{"@type":"WebSite","@id":"https:\/\/www.quimidex.com\/#website","url":"https:\/\/www.quimidex.com\/","name":"Quimidex","description":"Fournisseurs de produits de nettoyage","publisher":{"@id":"https:\/\/www.quimidex.com\/#organization"},"potentialAction":[{"@type":"SearchAction","target":{"@type":"EntryPoint","urlTemplate":"https:\/\/www.quimidex.com\/?s={search_term_string}"},"query-input":{"@type":"PropertyValueSpecification","valueRequired":true,"valueName":"search_term_string"}}],"inLanguage":"fr-FR"},{"@type":"Organization","@id":"https:\/\/www.quimidex.com\/#organization","name":"Quimidex","url":"https:\/\/www.quimidex.com\/","logo":{"@type":"ImageObject","inLanguage":"fr-FR","@id":"https:\/\/www.quimidex.com\/#\/schema\/logo\/image\/","url":"https:\/\/www.quimidex.com\/wp-content\/uploads\/2024\/12\/cropped-Mockup-Quimidex-8-1.png","contentUrl":"https:\/\/www.quimidex.com\/wp-content\/uploads\/2024\/12\/cropped-Mockup-Quimidex-8-1.png","width":512,"height":512,"caption":"Quimidex"},"image":{"@id":"https:\/\/www.quimidex.com\/#\/schema\/logo\/image\/"}}]}},"_links":{"self":[{"href":"https:\/\/www.quimidex.com\/fr\/wp-json\/wp\/v2\/product\/3731","targetHints":{"allow":["GET"]}}],"collection":[{"href":"https:\/\/www.quimidex.com\/fr\/wp-json\/wp\/v2\/product"}],"about":[{"href":"https:\/\/www.quimidex.com\/fr\/wp-json\/wp\/v2\/types\/product"}],"replies":[{"embeddable":true,"href":"https:\/\/www.quimidex.com\/fr\/wp-json\/wp\/v2\/comments?post=3731"}],"wp:featuredmedia":[{"embeddable":true,"href":"https:\/\/www.quimidex.com\/fr\/wp-json\/wp\/v2\/media\/3139"}],"wp:attachment":[{"href":"https:\/\/www.quimidex.com\/fr\/wp-json\/wp\/v2\/media?parent=3731"}],"wp:term":[{"taxonomy":"product_brand","embeddable":true,"href":"https:\/\/www.quimidex.com\/fr\/wp-json\/wp\/v2\/product_brand?post=3731"},{"taxonomy":"product_cat","embeddable":true,"href":"https:\/\/www.quimidex.com\/fr\/wp-json\/wp\/v2\/product_cat?post=3731"},{"taxonomy":"product_tag","embeddable":true,"href":"https:\/\/www.quimidex.com\/fr\/wp-json\/wp\/v2\/product_tag?post=3731"}],"curies":[{"name":"wp","href":"https:\/\/api.w.org\/{rel}","templated":true}]}}