{"id":4586,"date":"2025-10-29T15:44:21","date_gmt":"2025-10-29T15:44:21","guid":{"rendered":"https:\/\/www.quimidex.com\/?page_id=4586"},"modified":"2025-10-29T16:22:56","modified_gmt":"2025-10-29T16:22:56","slug":"politica-de-cookies","status":"publish","type":"page","link":"https:\/\/www.quimidex.com\/fr\/politica-de-cookies\/","title":{"rendered":"Politique relative aux cookies"},"content":{"rendered":"<div data-elementor-type=\"wp-page\" data-elementor-id=\"4586\" class=\"elementor elementor-4586\" data-elementor-post-type=\"page\">\n\t\t\t\t<div class=\"elementor-element elementor-element-a43c4be e-flex e-con-boxed e-con e-parent\" data-id=\"a43c4be\" data-element_type=\"container\" data-e-type=\"container\">\n\t\t\t\t\t<div class=\"e-con-inner\">\n\t\t\t\t<div class=\"elementor-element elementor-element-b6a7f33 elementor-widget elementor-widget-heading\" data-id=\"b6a7f33\" data-element_type=\"widget\" data-e-type=\"widget\" data-widget_type=\"heading.default\">\n\t\t\t\t\t<h2 class=\"elementor-heading-title elementor-size-default\">Politique relative aux cookies<\/h2>\t\t\t\t<\/div>\n\t\t\t\t<div class=\"elementor-element elementor-element-584d0c7 elementor-widget elementor-widget-text-editor\" data-id=\"584d0c7\" data-element_type=\"widget\" data-e-type=\"widget\" data-widget_type=\"text-editor.default\">\n\t\t\t\t\t\t\t\t\t<p>Conform\u00e9ment \u00e0 l\u2019obligation d\u2019information pr\u00e9vue au paragraphe 2 de l\u2019article 22 de la Loi 34\/2002 du 11 juillet relative aux services de la soci\u00e9t\u00e9 de l\u2019information et au commerce \u00e9lectronique, la pr\u00e9sente clause relative aux cookies a pour objet d\u2019informer les utilisateurs de mani\u00e8re claire et pr\u00e9cise sur les cookies utilis\u00e9s par le domaine www.quimidex.com, propri\u00e9t\u00e9 de Quimidex Profesional S.L. (ci-apr\u00e8s \u00ab Quimidex \u00bb). <a href=\"https:\/\/www.quimidex.com\/fr\/\" target=\"_blank\">www.quimidex.com<\/a> propiedad de Quimidex Profesional S.L., (en adelante \u201cQuimidex\u201d).<\/p>\n<p>Un cookie est un petit fichier que les sites web envoient au navigateur et t\u00e9l\u00e9chargent sur votre ordinateur. Les cookies permettent au site de stocker et de r\u00e9cup\u00e9rer des informations sur votre visite, telles que la langue et d\u2019autres options, afin d\u2019am\u00e9liorer les services propos\u00e9s et de contribuer \u00e0 une meilleure exp\u00e9rience de navigation pour l\u2019utilisateur.<\/p>\n<p>Diff\u00e9rents types de cookies sont utilis\u00e9s sur le site \u00e0 des fins diff\u00e9rentes. Les cookies utilis\u00e9s sont list\u00e9s ci-dessous :<\/p>\n<div class=\"cky-audit-table-element\"><\/div>\n<h5 style=\"margin-top: 2rem;\">Cookies strictement n\u00e9cessaires<\/h5>\n<p>Les cookies n\u00e9cessaires contribuent \u00e0 rendre un site web utilisable en permettant des fonctions de base telles que la navigation entre les pages et l\u2019acc\u00e8s aux zones s\u00e9curis\u00e9es du site. Le site web ne peut pas fonctionner correctement sans ces cookies.<\/p>\n<p>L\u2019utilisation de Google Analytics peut entra\u00eener un transfert de donn\u00e9es \u00e0 caract\u00e8re personnel en dehors de l\u2019UE\/EEE et, en particulier, vers des pays tiers ne disposant pas de normes de protection des donn\u00e9es similaires \u00e0 celles de l\u2019Union europ\u00e9enne. Si les donn\u00e9es sont transf\u00e9r\u00e9es aux \u00c9tats-Unis, il existe un risque que les autorit\u00e9s am\u00e9ricaines traitent vos donn\u00e9es \u00e0 des fins de contr\u00f4le et de surveillance, possiblement sans possibilit\u00e9 de recours juridique. Vous trouverez ci-dessous une liste des pays vers lesquels les donn\u00e9es sont transf\u00e9r\u00e9es. Cela peut \u00eatre d\u00fb \u00e0 diff\u00e9rentes raisons, telles que le stockage ou le traitement.<\/p>\n<p>Cliquez ici pour lire la politique de confidentialit\u00e9 du sous-traitant : <a href=\"https:\/\/policies.google.com\/privacy?hl=en\" target=\"_blank\">https:\/\/policies.google.com\/privacy?hl=en<\/a><\/p>\n<p>Cliquez ici pour retirer votre consentement \u00e0 ces cookies par le sous-traitant sur tous les domaines : <a href=\"https:\/\/policies.google.com\/privacy?hl=en\" target=\"_blank\">https:\/\/safety.google\/privacy\/privacy-controls\/<\/a><\/p>\n<h5 style=\"margin-top: 2rem;\">Cookies marketing<\/h5>\n<p>Ce sont des cookies qui stockent des informations sur le comportement des utilisateurs, obtenues gr\u00e2ce \u00e0 l\u2019observation continue de leurs habitudes de navigation, ce qui permet d\u2019\u00e9tablir un profil sp\u00e9cifique afin d\u2019afficher de la publicit\u00e9 en fonction de celui-ci.<\/p>\n<p>Ces informations seront mises \u00e0 jour dans la mesure o\u00f9 les services propos\u00e9s sur ce site web \u00e9voluent.<\/p>\n<h5 style=\"margin-bottom: 1rem; margin-top: 2rem;\">G\u00e9rer les pr\u00e9f\u00e9rences de cookies<\/h5>\n<ps style=\"margin-bottom: 1rem;\"><a style=\"background-color: #545458;fill: #FFF;color: #FFF;border-radius: 18px 18px 18px 18px;cursor: pointer;\" class=\"cky-banner-element elementor-button elementor-button-link elementor-size-sm\"><span class=\"elementor-button-content-wrapper\">\n<span class=\"elementor-button-text\">Pr\u00e9f\u00e9rences de consentement<\/span><\/span><\/a><p>\n<p>Vous pouvez modifier vos param\u00e8tres de cookies \u00e0 tout moment en cliquant sur le bouton Pr\u00e9f\u00e9rences de consentement situ\u00e9 en haut. Cette option vous permettra de revoir la banni\u00e8re de consentement aux cookies et de mettre \u00e0 jour vos pr\u00e9f\u00e9rences, ou de retirer imm\u00e9diatement votre consentement.<\/p>\n<p>Par ailleurs, diff\u00e9rents navigateurs offrent plusieurs m\u00e9thodes pour bloquer et supprimer les cookies utilis\u00e9s par les sites web. Vous pouvez modifier les param\u00e8tres de votre navigateur afin de bloquer ou de supprimer les cookies. Vous trouverez ci-dessous des liens vers des documents d\u2019aide expliquant comment g\u00e9rer et supprimer les cookies dans les principaux navigateurs web.<\/p>\n<p><strong>Chrome:<\/strong> <a target=\"_blank\" rel=\"noopener noreferrer\" href=\"https:\/\/support.google.com\/accounts\/answer\/32050\">https:\/\/support.google.com\/accounts\/answer\/32050<\/a><\/p>\n<p><strong>Safari:<\/strong> <a target=\"_blank\" rel=\"noopener noreferrer\" href=\"https:\/\/support.apple.com\/en-in\/guide\/safari\/sfri11471\/mac\">https:\/\/support.apple.com\/en-in\/guide\/safari\/sfri11471\/mac<\/a><\/p>\n<p><strong>Firefox:<\/strong> <a target=\"_blank\" rel=\"noopener noreferrer\" href=\"https:\/\/support.mozilla.org\/en-US\/kb\/clear-cookies-and-site-data-firefox?redirectslug=delete-cookies-remove-info-websites-stored&#038;redirectlocale=en-US\">https:\/\/support.mozilla.org\/en-US\/kb\/clear-cookies-and-site-data-firefox?redirectslug=delete-cookies-remove-info-websites-stored&#038;redirectlocale=en-US<\/a><\/p>\n<p><strong>Internet Explorer:<\/strong> <a target=\"_blank\" rel=\"noopener noreferrer\" href=\"https:\/\/support.microsoft.com\/en-us\/topic\/how-to-delete-cookie-files-in-internet-explorer-bca9446f-d873-78de-77ba-d42645fa52fc\">https:\/\/support.microsoft.com\/en-us\/topic\/how-to-delete-cookie-files-in-internet-explorer-bca9446f-d873-78de-77ba-d42645fa52fc<\/a><\/p>\n<p>Si vous utilisez un autre navigateur web, veuillez consulter sa documentation officielle d\u2019aide.<\/p>\t\t\t\t\t\t\t\t<\/div>\n\t\t\t\t\t<\/div>\n\t\t\t\t<\/div>\n\t\t\t\t<\/div>","protected":false},"excerpt":{"rendered":"<p>Pol\u00edtica de Cookies En cumplimiento con el deber de informaci\u00f3n recogido en el apartado 2\u00ba del art\u00edculo 22 de la Ley 34\/2002, de 11 de Julio, de Servicios de la Sociedad de la Informaci\u00f3n y del Comercio Electr\u00f3nico, la presente cl\u00e1usula de cookies tiene por finalidad informar a los usuarios de manera clara y precisa [&hellip;]<\/p>\n","protected":false},"author":13,"featured_media":0,"parent":0,"menu_order":0,"comment_status":"closed","ping_status":"closed","template":"","meta":{"footnotes":""},"class_list":["post-4586","page","type-page","status-publish","hentry"],"yoast_head":"<!-- This site is optimized with the Yoast SEO Premium plugin v25.2 (Yoast SEO v27.1.1) - https:\/\/yoast.com\/product\/yoast-seo-premium-wordpress\/ -->\n<title>Pol\u00edtica de Cookies | Quimidex<\/title>\n<meta name=\"robots\" content=\"noindex, nofollow\" \/>\n<meta property=\"og:locale\" content=\"fr_FR\" \/>\n<meta property=\"og:type\" content=\"article\" \/>\n<meta property=\"og:title\" content=\"Pol\u00edtica de Cookies\" \/>\n<meta property=\"og:description\" content=\"Pol\u00edtica de Cookies En cumplimiento con el deber de informaci\u00f3n recogido en el apartado 2\u00ba del art\u00edculo 22 de la Ley 34\/2002, de 11 de Julio, de Servicios de la Sociedad de la Informaci\u00f3n y del Comercio Electr\u00f3nico, la presente cl\u00e1usula de cookies tiene por finalidad informar a los usuarios de manera clara y precisa [&hellip;]\" \/>\n<meta property=\"og:url\" content=\"https:\/\/www.quimidex.com\/fr\/politica-de-cookies\/\" \/>\n<meta property=\"og:site_name\" content=\"Quimidex\" \/>\n<meta property=\"article:modified_time\" content=\"2025-10-29T16:22:56+00:00\" \/>\n<meta name=\"twitter:card\" content=\"summary_large_image\" \/>\n<meta name=\"twitter:label1\" content=\"Dur\u00e9e de lecture estim\u00e9e\" \/>\n\t<meta name=\"twitter:data1\" content=\"3 minutes\" \/>\n<script type=\"application\/ld+json\" class=\"yoast-schema-graph\">{\"@context\":\"https:\/\/schema.org\",\"@graph\":[{\"@type\":\"WebPage\",\"@id\":\"https:\/\/www.quimidex.com\/politica-de-cookies\/\",\"url\":\"https:\/\/www.quimidex.com\/politica-de-cookies\/\",\"name\":\"Pol\u00edtica de Cookies | Quimidex\",\"isPartOf\":{\"@id\":\"https:\/\/www.quimidex.com\/#website\"},\"datePublished\":\"2025-10-29T15:44:21+00:00\",\"dateModified\":\"2025-10-29T16:22:56+00:00\",\"breadcrumb\":{\"@id\":\"https:\/\/www.quimidex.com\/politica-de-cookies\/#breadcrumb\"},\"inLanguage\":\"fr-FR\",\"potentialAction\":[{\"@type\":\"ReadAction\",\"target\":[\"https:\/\/www.quimidex.com\/politica-de-cookies\/\"]}]},{\"@type\":\"BreadcrumbList\",\"@id\":\"https:\/\/www.quimidex.com\/politica-de-cookies\/#breadcrumb\",\"itemListElement\":[{\"@type\":\"ListItem\",\"position\":1,\"name\":\"Home\",\"item\":\"https:\/\/www.quimidex.com\/\"},{\"@type\":\"ListItem\",\"position\":2,\"name\":\"Pol\u00edtica de Cookies\"}]},{\"@type\":\"WebSite\",\"@id\":\"https:\/\/www.quimidex.com\/#website\",\"url\":\"https:\/\/www.quimidex.com\/\",\"name\":\"Quimidex\",\"description\":\"Proveedores de productos de limpieza\",\"publisher\":{\"@id\":\"https:\/\/www.quimidex.com\/#organization\"},\"potentialAction\":[{\"@type\":\"SearchAction\",\"target\":{\"@type\":\"EntryPoint\",\"urlTemplate\":\"https:\/\/www.quimidex.com\/?s={search_term_string}\"},\"query-input\":{\"@type\":\"PropertyValueSpecification\",\"valueRequired\":true,\"valueName\":\"search_term_string\"}}],\"inLanguage\":\"fr-FR\"},{\"@type\":\"Organization\",\"@id\":\"https:\/\/www.quimidex.com\/#organization\",\"name\":\"Quimidex\",\"url\":\"https:\/\/www.quimidex.com\/\",\"logo\":{\"@type\":\"ImageObject\",\"inLanguage\":\"fr-FR\",\"@id\":\"https:\/\/www.quimidex.com\/#\/schema\/logo\/image\/\",\"url\":\"https:\/\/www.quimidex.com\/wp-content\/uploads\/2024\/12\/cropped-Mockup-Quimidex-8-1.png\",\"contentUrl\":\"https:\/\/www.quimidex.com\/wp-content\/uploads\/2024\/12\/cropped-Mockup-Quimidex-8-1.png\",\"width\":512,\"height\":512,\"caption\":\"Quimidex\"},\"image\":{\"@id\":\"https:\/\/www.quimidex.com\/#\/schema\/logo\/image\/\"}}]}<\/script>\n<!-- \/ Yoast SEO Premium plugin. -->","yoast_head_json":{"title":"Pol\u00edtica de Cookies | Quimidex","robots":{"index":"noindex","follow":"nofollow"},"og_locale":"fr_FR","og_type":"article","og_title":"Pol\u00edtica de Cookies","og_description":"Pol\u00edtica de Cookies En cumplimiento con el deber de informaci\u00f3n recogido en el apartado 2\u00ba del art\u00edculo 22 de la Ley 34\/2002, de 11 de Julio, de Servicios de la Sociedad de la Informaci\u00f3n y del Comercio Electr\u00f3nico, la presente cl\u00e1usula de cookies tiene por finalidad informar a los usuarios de manera clara y precisa [&hellip;]","og_url":"https:\/\/www.quimidex.com\/fr\/politica-de-cookies\/","og_site_name":"Quimidex","article_modified_time":"2025-10-29T16:22:56+00:00","twitter_card":"summary_large_image","twitter_misc":{"Dur\u00e9e de lecture estim\u00e9e":"3 minutes"},"schema":{"@context":"https:\/\/schema.org","@graph":[{"@type":"WebPage","@id":"https:\/\/www.quimidex.com\/politica-de-cookies\/","url":"https:\/\/www.quimidex.com\/politica-de-cookies\/","name":"Pol\u00edtica de Cookies | Quimidex","isPartOf":{"@id":"https:\/\/www.quimidex.com\/#website"},"datePublished":"2025-10-29T15:44:21+00:00","dateModified":"2025-10-29T16:22:56+00:00","breadcrumb":{"@id":"https:\/\/www.quimidex.com\/politica-de-cookies\/#breadcrumb"},"inLanguage":"fr-FR","potentialAction":[{"@type":"ReadAction","target":["https:\/\/www.quimidex.com\/politica-de-cookies\/"]}]},{"@type":"BreadcrumbList","@id":"https:\/\/www.quimidex.com\/politica-de-cookies\/#breadcrumb","itemListElement":[{"@type":"ListItem","position":1,"name":"Home","item":"https:\/\/www.quimidex.com\/"},{"@type":"ListItem","position":2,"name":"Pol\u00edtica de Cookies"}]},{"@type":"WebSite","@id":"https:\/\/www.quimidex.com\/#website","url":"https:\/\/www.quimidex.com\/","name":"Quimidex","description":"Fournisseurs de produits de nettoyage","publisher":{"@id":"https:\/\/www.quimidex.com\/#organization"},"potentialAction":[{"@type":"SearchAction","target":{"@type":"EntryPoint","urlTemplate":"https:\/\/www.quimidex.com\/?s={search_term_string}"},"query-input":{"@type":"PropertyValueSpecification","valueRequired":true,"valueName":"search_term_string"}}],"inLanguage":"fr-FR"},{"@type":"Organization","@id":"https:\/\/www.quimidex.com\/#organization","name":"Quimidex","url":"https:\/\/www.quimidex.com\/","logo":{"@type":"ImageObject","inLanguage":"fr-FR","@id":"https:\/\/www.quimidex.com\/#\/schema\/logo\/image\/","url":"https:\/\/www.quimidex.com\/wp-content\/uploads\/2024\/12\/cropped-Mockup-Quimidex-8-1.png","contentUrl":"https:\/\/www.quimidex.com\/wp-content\/uploads\/2024\/12\/cropped-Mockup-Quimidex-8-1.png","width":512,"height":512,"caption":"Quimidex"},"image":{"@id":"https:\/\/www.quimidex.com\/#\/schema\/logo\/image\/"}}]}},"_links":{"self":[{"href":"https:\/\/www.quimidex.com\/fr\/wp-json\/wp\/v2\/pages\/4586","targetHints":{"allow":["GET"]}}],"collection":[{"href":"https:\/\/www.quimidex.com\/fr\/wp-json\/wp\/v2\/pages"}],"about":[{"href":"https:\/\/www.quimidex.com\/fr\/wp-json\/wp\/v2\/types\/page"}],"author":[{"embeddable":true,"href":"https:\/\/www.quimidex.com\/fr\/wp-json\/wp\/v2\/users\/13"}],"replies":[{"embeddable":true,"href":"https:\/\/www.quimidex.com\/fr\/wp-json\/wp\/v2\/comments?post=4586"}],"version-history":[{"count":22,"href":"https:\/\/www.quimidex.com\/fr\/wp-json\/wp\/v2\/pages\/4586\/revisions"}],"predecessor-version":[{"id":4609,"href":"https:\/\/www.quimidex.com\/fr\/wp-json\/wp\/v2\/pages\/4586\/revisions\/4609"}],"wp:attachment":[{"href":"https:\/\/www.quimidex.com\/fr\/wp-json\/wp\/v2\/media?parent=4586"}],"curies":[{"name":"wp","href":"https:\/\/api.w.org\/{rel}","templated":true}]}}