{"id":4578,"date":"2025-10-29T15:38:39","date_gmt":"2025-10-29T15:38:39","guid":{"rendered":"https:\/\/www.quimidex.com\/?page_id=4578"},"modified":"2025-11-05T09:43:04","modified_gmt":"2025-11-05T09:43:04","slug":"politica-de-privacidad","status":"publish","type":"page","link":"https:\/\/www.quimidex.com\/fr\/politica-de-privacidad\/","title":{"rendered":"Politique de confidentialit\u00e9"},"content":{"rendered":"<div data-elementor-type=\"wp-page\" data-elementor-id=\"4578\" class=\"elementor elementor-4578\" data-elementor-post-type=\"page\">\n\t\t\t\t<div class=\"elementor-element elementor-element-a43c4be e-flex e-con-boxed e-con e-parent\" data-id=\"a43c4be\" data-element_type=\"container\" data-e-type=\"container\">\n\t\t\t\t\t<div class=\"e-con-inner\">\n\t\t\t\t<div class=\"elementor-element elementor-element-b6a7f33 elementor-widget elementor-widget-heading\" data-id=\"b6a7f33\" data-element_type=\"widget\" data-e-type=\"widget\" data-widget_type=\"heading.default\">\n\t\t\t\t\t<h2 class=\"elementor-heading-title elementor-size-default\">Politique de confidentialit\u00e9<\/h2>\t\t\t\t<\/div>\n\t\t\t\t<div class=\"elementor-element elementor-element-584d0c7 elementor-widget elementor-widget-text-editor\" data-id=\"584d0c7\" data-element_type=\"widget\" data-e-type=\"widget\" data-widget_type=\"text-editor.default\">\n\t\t\t\t\t\t\t\t\t<h5>RESPONSABLE DU TRAITEMENT<\/h5>\n<p>Identit\u00e9 : Quimidex Profesional S.L. (ci-apr\u00e8s \u00ab Quimidex \u00bb)<br>Adresse : Calle Uralita, nave 11, Pol\u00edgono Industrial La Siberia, 08291 Ripollet (Barcelone), Espagne<\/p>\n<p>NIF: B61774550<br>T\u00e9l\u00e9phone : +34 935 809 512<br>E-mail : <a href=\"mailto:atencioncliente@quimidex.com\" target=\"_blank\" rel=\"noopener\">atencioncliente@quimidex.com<\/a><\/p>\n<h5 style=\"margin-top: 2rem;\">INTRODUCTION<\/h5>\n<p>Chez Quimidex, nous travaillons afin de vous offrir la meilleure exp\u00e9rience possible au travers de nos produits et services. Dans certains cas, il est n\u00e9cessaire de collecter des informations pour y parvenir. Nous nous soucions de votre vie priv\u00e9e et estimons devoir faire preuve de transparence \u00e0 cet \u00e9gard. C\u2019est pourquoi, et aux fins des dispositions du R\u00c8GLEMENT (UE) 2016\/679 DU PARLEMENT EUROP\u00c9EN ET DU CONSEIL du 27 avril 2016 relatif \u00e0 la protection des personnes physiques \u00e0 l\u2019\u00e9gard du traitement des donn\u00e9es \u00e0 caract\u00e8re personnel et \u00e0 la libre circulation de ces donn\u00e9es (ci-apr\u00e8s, le \u00ab RGPD \u00bb), ainsi que de la Loi 34\/2002 du 11 juillet relative aux services de la soci\u00e9t\u00e9 de l\u2019information et au commerce \u00e9lectronique (ci-apr\u00e8s, la \u00ab LSSI \u00bb), Quimidex informe les utilisateurs qu\u2019en tant que responsable du traitement, elle traitera les donn\u00e9es \u00e0 caract\u00e8re personnel fournies par les utilisateurs.<\/p>\n<h5 style=\"margin-top: 2rem;\">COLLECTE DES DONN\u00c9ES \u00c0 CARACT\u00c8RE PERSONNEL ET TRAITEMENT<\/h5>\n<p>Ci-dessous sont indiqu\u00e9es les donn\u00e9es \u00e0 caract\u00e8re personnel susceptibles d\u2019\u00eatre trait\u00e9es sur notre site, ainsi que la base juridique justifiant ce traitement :<\/p>\n<ul style=\"margin-bottom: 0.9rem;\">\n<li><strong>Formulaire de contact :<\/strong> Pour g\u00e9rer ce formulaire, des donn\u00e9es telles que votre nom, votre adresse e-mail et toute autre information que vous souhaitez indiquer dans le champ de message seront trait\u00e9es. Des donn\u00e9es \u00e0 caract\u00e8re personnel telles que le num\u00e9ro de t\u00e9l\u00e9phone et le nom de famille peuvent \u00eatre recueillies \u00e0 titre optionnel dans le formulaire concern\u00e9.<\/li>\n<li><strong>Communications commerciales :<\/strong> Afin de g\u00e9rer toute communication commerciale et\/ou l\u2019abonnement \u00e0 une newsletter relative \u00e0 nos produits et services, nous devrons traiter votre adresse e-mail.<\/li>\n<li><strong>Informations de navigation via des cookies :<\/strong> Si vous acceptez l\u2019installation de cookies lors de la navigation sur notre site, nous pourrons traiter certaines donn\u00e9es \u00e0 caract\u00e8re personnel telles que l\u2019adresse IP, ainsi que d\u2019autres donn\u00e9es non personnelles telles que le user agent, la date et l\u2019heure d\u2019acc\u00e8s \u00e0 nos services, le navigateur utilis\u00e9 et des informations concernant le syst\u00e8me d\u2019exploitation de l\u2019appareil. Ces informations sont d\u00e9taill\u00e9es dans notre Politique relative aux cookies.<\/li>\n<\/ul>\n<h5 style=\"margin-top: 2rem;\">BASE JURIDIQUE DU TRAITEMENT DE VOS DONN\u00c9ES<\/h5>\n<p>La base juridique justifiant le traitement des donn\u00e9es mentionn\u00e9es ci-dessus est :<\/p>\n<ul style=\"margin-bottom: 0.9rem;\">\n<li>Le consentement de la personne concern\u00e9e pour la conclusion de contrats de services et de produits ; pour les formulaires de contact, demandes d\u2019information ou inscriptions \u00e0 des newsletters ; pour effectuer des demandes d\u2019\u00e9chantillons ; participer \u00e0 des promotions et tirages au sort ; vous donner acc\u00e8s aux informations disponibles dans l\u2019espace priv\u00e9 ; ainsi que le traitement des donn\u00e9es \u00e0 caract\u00e8re personnel relatif aux cookies optionnels accept\u00e9s par l\u2019utilisateur.<\/li>\n<li>Le respect d\u2019obligations l\u00e9gales en mati\u00e8re de pr\u00e9vention de la fraude, de communications avec les autorit\u00e9s publiques et de r\u00e9clamations de tiers.<\/li>\n<\/ul>\n<h5 style=\"margin-top: 2rem;\">CONSERVATION DE VOS DONN\u00c9ES \u00c0 CARACT\u00c8RE PERSONNEL<\/h5>\n<p>Le traitement des donn\u00e9es aux fins d\u00e9crites sera maintenu pendant le temps n\u00e9cessaire pour atteindre la finalit\u00e9 de leur collecte, ainsi que pour respecter les obligations l\u00e9gales d\u00e9coulant du traitement. Sans pr\u00e9judice du fait que la conservation puisse \u00eatre n\u00e9cessaire \u00e0 la formulation, l\u2019exercice ou la d\u00e9fense d\u2019\u00e9ventuelles r\u00e9clamations et\/ou dans la mesure permise par la l\u00e9gislation applicable. Pour plus d\u2019informations, veuillez nous contacter par e-mail.<\/p>\n<h5 style=\"margin-top: 2rem;\">DESTINATAIRES AUXQUELS NOUS COMMUNIQUONS VOS DONN\u00c9ES<\/h5>\n<p>Dans certains cas, uniquement lorsque cela est n\u00e9cessaire, Quimidex communiquera vos donn\u00e9es \u00e0 des tiers. Toutefois, les donn\u00e9es ne seront jamais vendues \u00e0 des tiers.<\/p>\n<p>Les prestataires de services externes auxquels Quimidex a recours pour fournir des services auxiliaires li\u00e9s au traitement de vos donn\u00e9es peuvent y avoir acc\u00e8s, conform\u00e9ment aux instructions de Quimidex et uniquement afin d\u2019ex\u00e9cuter correctement la relation contractuelle existant entre Quimidex et ses prestataires.<\/p>\n<p>Quimidex travaille avec le prestataire suivant :<\/p>\n<ul style=\"margin-bottom: 0.9rem;\">\n<li>Prestataire : Arsys<\/li>\n<li>Finalit\u00e9 : Stockage des donn\u00e9es<\/li>\n<li>Localisation des donn\u00e9es : Espagne<\/li>\n<\/ul>\n<p>Quimidex s\u2019efforce de garantir la s\u00e9curit\u00e9 des donn\u00e9es \u00e0 caract\u00e8re personnel lorsqu\u2019elles sont transmises en dehors de l\u2019entreprise et veille \u00e0 ce que les prestataires tiers respectent la confidentialit\u00e9 et disposent de mesures appropri\u00e9es pour prot\u00e9ger les donn\u00e9es \u00e0 caract\u00e8re personnel. Ces tiers sont tenus de garantir que les informations sont trait\u00e9es conform\u00e9ment \u00e0 la r\u00e9glementation en mati\u00e8re de protection des donn\u00e9es.<\/p>\n<p>Dans certains cas, la loi peut exiger que les donn\u00e9es \u00e0 caract\u00e8re personnel soient divulgu\u00e9es \u00e0 des organismes publics ou \u00e0 d\u2019autres parties ; seules les donn\u00e9es strictement n\u00e9cessaires au respect de ces obligations l\u00e9gales seront divulgu\u00e9es.<\/p>\n<h5 style=\"margin-top: 2rem;\">STOCKAGE DES DONN\u00c9ES \u00c0 CARACT\u00c8RE PERSONNEL<\/h5>\n<p>En g\u00e9n\u00e9ral, vos donn\u00e9es \u00e0 caract\u00e8re personnel seront stock\u00e9es au sein de l\u2019UE. Toutefois, si le traitement de vos donn\u00e9es implique un transfert international de donn\u00e9es en dehors de l\u2019Espace \u00e9conomique europ\u00e9en (EEE), Quimidex s\u2019engage \u00e0 mettre en \u0153uvre les mesures de s\u00e9curit\u00e9 n\u00e9cessaires afin d\u2019assurer un niveau de protection ad\u00e9quat de ces transferts, au moyen de contrats de sous-traitance du traitement et, le cas \u00e9ch\u00e9ant, \u00e0 s\u2019assurer qu\u2019ils offrent un niveau de protection ad\u00e9quat, soit parce qu\u2019ils disposent de R\u00e8gles d\u2019entreprise contraignantes (BCR), soit parce que nous avons sign\u00e9 les clauses contractuelles types de la Commission europ\u00e9enne.<\/p>\n<p>Pour plus d\u2019informations sur nos prestataires de services, contactez-nous \u00e0 l\u2019adresse suivante : <a href=\"mailto:atencioncliente@quimidex.com\" target=\"_blank\" rel=\"noopener\">atencioncliente@quimidex.com<\/a><\/p>\n<h5 style=\"margin-top: 2rem;\">EXERCICE DES DROITS ET MODALIT\u00c9S<\/h5>\n<p>Vous pouvez adresser vos communications et exercer vos droits en envoyant une demande \u00e0 l\u2019adresse e-mail suivante : <a href=\"mailto:atencioncliente@quimidex.com\" target=\"_blank\" rel=\"noopener\">atencioncliente@quimidex.com<\/a><\/p>\n<p>En vertu du RGPD, vous pouvez nous demander :<\/p>\n<ul style=\"margin-bottom: 0.9rem;\">\n<li><strong>Droit d\u2019acc\u00e8s :<\/strong> vous pouvez demander des informations sur les donn\u00e9es \u00e0 caract\u00e8re personnel vous concernant dont nous disposons.<\/li>\n<li><strong>Droit de rectification :<\/strong> vous pouvez demander la modification de vos donn\u00e9es \u00e0 caract\u00e8re personnel si votre situation a chang\u00e9 ou si certaines donn\u00e9es que nous conservons \u00e9taient inexactes.<\/li>\n<li><strong>Droit \u00e0 l\u2019effacement et droit \u00e0 l\u2019oubli :<\/strong> vous pouvez demander la suppression de vos donn\u00e9es \u00e0 caract\u00e8re personnel \u00e0 tout moment. Veuillez noter que, l\u00e9galement, les donn\u00e9es \u00e0 effacer sont pr\u00e9alablement \u00ab bloqu\u00e9es \u00bb pendant la dur\u00e9e l\u00e9gale applicable, conform\u00e9ment \u00e0 la loi organique espagnole en vigueur sur la protection des donn\u00e9es.<\/li>\n<li><strong>Droit \u00e0 la limitation du traitement :<\/strong> il s\u2019agit de restreindre le traitement de vos donn\u00e9es \u00e0 caract\u00e8re personnel pendant une p\u00e9riode d\u00e9termin\u00e9e.<\/li>\n<li><strong>Droit \u00e0 la portabilit\u00e9 des donn\u00e9es :<\/strong> dans certains cas, vous pouvez demander une copie de vos donn\u00e9es \u00e0 caract\u00e8re personnel dans un format structur\u00e9, couramment utilis\u00e9 et lisible par machine, afin de les transmettre \u00e0 un autre responsable du traitement.<\/li>\n<li><strong>Droit d\u2019opposition et d\u00e9cisions individuelles automatis\u00e9es :<\/strong> vous pouvez demander qu\u2019aucune d\u00e9cision ne soit prise sur le seul fondement d\u2019un traitement automatis\u00e9, y compris le profilage, produisant des effets juridiques vous concernant ou vous affectant de mani\u00e8re significative.<\/li>\n<\/ul>\n<p>Par ailleurs, si vous avez une r\u00e9clamation concernant le traitement de vos donn\u00e9es, vous pouvez d\u00e9poser une plainte aupr\u00e8s de l\u2019autorit\u00e9 comp\u00e9tente en mati\u00e8re de protection des donn\u00e9es.<\/p>\n<h5 style=\"margin-top: 2rem;\">RESPONSABILIT\u00c9 RELATIVE \u00c0 L\u2019EXACTITUDE ET \u00c0 LA V\u00c9RACIT\u00c9 DES DONN\u00c9ES FOURNIES<\/h5>\n<p>L\u2019utilisateur est seul responsable de la v\u00e9racit\u00e9 et de l\u2019exactitude des donn\u00e9es fournies, Quimidex \u00e9tant exon\u00e9r\u00e9e de toute responsabilit\u00e9 \u00e0 cet \u00e9gard. Les utilisateurs garantissent et, en tout \u00e9tat de cause, r\u00e9pondent de l\u2019exactitude, de la validit\u00e9 et de l\u2019authenticit\u00e9 des donn\u00e9es \u00e0 caract\u00e8re personnel fournies, et s\u2019engagent \u00e0 les tenir d\u00fbment \u00e0 jour. L\u2019utilisateur s\u2019engage \u00e0 fournir des informations compl\u00e8tes et correctes dans le formulaire d\u2019inscription ou d\u2019abonnement. Quimidex se r\u00e9serve le droit de r\u00e9silier les services contract\u00e9s avec les utilisateurs si les donn\u00e9es fournies sont fausses, incompl\u00e8tes, inexactes ou non mises \u00e0 jour.<\/p>\n<p>Quimidex n\u2019est pas responsable de la v\u00e9racit\u00e9 des informations qui ne sont pas de sa propre \u00e9laboration et pour lesquelles une autre source est indiqu\u00e9e ; elle n\u2019assume donc aucune responsabilit\u00e9 quant \u00e0 d\u2019\u00e9ventuels pr\u00e9judices pouvant r\u00e9sulter de l\u2019utilisation de ces informations.<\/p>\n<p>Quimidex se r\u00e9serve le droit de mettre \u00e0 jour, modifier ou supprimer les informations contenues sur ses pages web et peut m\u00eame limiter ou refuser l\u2019acc\u00e8s \u00e0 ces informations.<\/p>\n<h5 style=\"margin-top: 2rem;\">MESURES DE S\u00c9CURIT\u00c9 APPLIQU\u00c9ES POUR PROT\u00c9GER VOS DONN\u00c9ES \u00c0 CARACT\u00c8RE PERSONNEL<\/h5>\n<p>Quimidex a adopt\u00e9 les niveaux de s\u00e9curit\u00e9 l\u00e9galement requis pour la protection des donn\u00e9es \u00e0 caract\u00e8re personnel et s\u2019efforce de mettre en place tout autre moyen et mesure technique suppl\u00e9mentaire \u00e0 sa port\u00e9e afin d\u2019\u00e9viter la perte, l\u2019utilisation abusive, l\u2019alt\u00e9ration, l\u2019acc\u00e8s non autoris\u00e9 et le vol des donn\u00e9es \u00e0 caract\u00e8re personnel fournies \u00e0 Quimidex.<\/p>\n<p>Quimidex ne saurait \u00eatre tenue responsable d\u2019\u00e9ventuels dommages r\u00e9sultant d\u2019interf\u00e9rences, d\u2019omissions, d\u2019interruptions, de virus informatiques, de pannes t\u00e9l\u00e9phoniques ou de d\u00e9connexions dans le fonctionnement op\u00e9rationnel de ce syst\u00e8me \u00e9lectronique dues \u00e0 des causes \u00e9trang\u00e8res \u00e0 Quimidex ; de retards ou de blocages dans l\u2019utilisation du pr\u00e9sent syst\u00e8me \u00e9lectronique caus\u00e9s par des d\u00e9faillances ou des surcharges des lignes t\u00e9l\u00e9phoniques ou des surcharges du centre de traitement des donn\u00e9es, du syst\u00e8me Internet ou d\u2019autres syst\u00e8mes \u00e9lectroniques ; ni des dommages pouvant \u00eatre caus\u00e9s par des tiers au moyen d\u2019intrusions ill\u00e9gitimes \u00e9chappant au contr\u00f4le de Quimidex. N\u00e9anmoins, l\u2019utilisateur doit \u00eatre conscient que les mesures de s\u00e9curit\u00e9 sur Internet ne sont pas inviolables.<\/p>\n<h5 style=\"margin-top: 2rem;\">MODIFICATION DE LA POLITIQUE DE CONFIDENTIALIT\u00c9<\/h5>\n<p>La pr\u00e9sente Politique de confidentialit\u00e9 peut \u00eatre modifi\u00e9e. Nous vous recommandons de la consulter de temps \u00e0 autre.<\/p>\n<p><small>(*) Derni\u00e8re mise \u00e0 jour : mercredi 29 octobre 2025<\/small><\/p>\t\t\t\t\t\t\t\t<\/div>\n\t\t\t\t\t<\/div>\n\t\t\t\t<\/div>\n\t\t\t\t<\/div>","protected":false},"excerpt":{"rendered":"<p>Pol\u00edtica de Privacidad RESPONSABLE DEL TRATAMIENTO Identidad: Quimidex Profesional S.L. (en adelante \u201cQuimidex\u201d)Direcci\u00f3n: Calle Uralita, nave 11, Pol\u00edgono Industrial La Siberia, 08291 Ripollet (Barcelona) NIF: B61774550Tel\u00e9fono: +34 935 809 512Correo electr\u00f3nico: atencioncliente@quimidex.com INTRODUCCI\u00d3N En Quimidex trabajamos para ofrecerle la mejor experiencia posible a trav\u00e9s de nuestros productos y servicios. En algunos casos, es necesario recopilar [&hellip;]<\/p>\n","protected":false},"author":13,"featured_media":0,"parent":0,"menu_order":0,"comment_status":"closed","ping_status":"closed","template":"","meta":{"footnotes":""},"class_list":["post-4578","page","type-page","status-publish","hentry"],"yoast_head":"<!-- This site is optimized with the Yoast SEO Premium plugin v25.2 (Yoast SEO v27.1.1) - https:\/\/yoast.com\/product\/yoast-seo-premium-wordpress\/ -->\n<title>Pol\u00edtica de Privacidad | Quimidex<\/title>\n<meta name=\"robots\" content=\"noindex, nofollow\" \/>\n<meta property=\"og:locale\" content=\"fr_FR\" \/>\n<meta property=\"og:type\" content=\"article\" \/>\n<meta property=\"og:title\" content=\"Pol\u00edtica de Privacidad\" \/>\n<meta property=\"og:description\" content=\"Pol\u00edtica de Privacidad RESPONSABLE DEL TRATAMIENTO Identidad: Quimidex Profesional S.L. (en adelante \u201cQuimidex\u201d)Direcci\u00f3n: Calle Uralita, nave 11, Pol\u00edgono Industrial La Siberia, 08291 Ripollet (Barcelona) NIF: B61774550Tel\u00e9fono: +34 935 809 512Correo electr\u00f3nico: atencioncliente@quimidex.com INTRODUCCI\u00d3N En Quimidex trabajamos para ofrecerle la mejor experiencia posible a trav\u00e9s de nuestros productos y servicios. En algunos casos, es necesario recopilar [&hellip;]\" \/>\n<meta property=\"og:url\" content=\"https:\/\/www.quimidex.com\/fr\/politica-de-privacidad\/\" \/>\n<meta property=\"og:site_name\" content=\"Quimidex\" \/>\n<meta property=\"article:modified_time\" content=\"2025-11-05T09:43:04+00:00\" \/>\n<meta name=\"twitter:card\" content=\"summary_large_image\" \/>\n<meta name=\"twitter:label1\" content=\"Dur\u00e9e de lecture estim\u00e9e\" \/>\n\t<meta name=\"twitter:data1\" content=\"7 minutes\" \/>\n<script type=\"application\/ld+json\" class=\"yoast-schema-graph\">{\"@context\":\"https:\/\/schema.org\",\"@graph\":[{\"@type\":\"WebPage\",\"@id\":\"https:\/\/www.quimidex.com\/politica-de-privacidad\/\",\"url\":\"https:\/\/www.quimidex.com\/politica-de-privacidad\/\",\"name\":\"Pol\u00edtica de Privacidad | Quimidex\",\"isPartOf\":{\"@id\":\"https:\/\/www.quimidex.com\/#website\"},\"datePublished\":\"2025-10-29T15:38:39+00:00\",\"dateModified\":\"2025-11-05T09:43:04+00:00\",\"breadcrumb\":{\"@id\":\"https:\/\/www.quimidex.com\/politica-de-privacidad\/#breadcrumb\"},\"inLanguage\":\"fr-FR\",\"potentialAction\":[{\"@type\":\"ReadAction\",\"target\":[\"https:\/\/www.quimidex.com\/politica-de-privacidad\/\"]}]},{\"@type\":\"BreadcrumbList\",\"@id\":\"https:\/\/www.quimidex.com\/politica-de-privacidad\/#breadcrumb\",\"itemListElement\":[{\"@type\":\"ListItem\",\"position\":1,\"name\":\"Home\",\"item\":\"https:\/\/www.quimidex.com\/\"},{\"@type\":\"ListItem\",\"position\":2,\"name\":\"Pol\u00edtica de Privacidad\"}]},{\"@type\":\"WebSite\",\"@id\":\"https:\/\/www.quimidex.com\/#website\",\"url\":\"https:\/\/www.quimidex.com\/\",\"name\":\"Quimidex\",\"description\":\"Proveedores de productos de limpieza\",\"publisher\":{\"@id\":\"https:\/\/www.quimidex.com\/#organization\"},\"potentialAction\":[{\"@type\":\"SearchAction\",\"target\":{\"@type\":\"EntryPoint\",\"urlTemplate\":\"https:\/\/www.quimidex.com\/?s={search_term_string}\"},\"query-input\":{\"@type\":\"PropertyValueSpecification\",\"valueRequired\":true,\"valueName\":\"search_term_string\"}}],\"inLanguage\":\"fr-FR\"},{\"@type\":\"Organization\",\"@id\":\"https:\/\/www.quimidex.com\/#organization\",\"name\":\"Quimidex\",\"url\":\"https:\/\/www.quimidex.com\/\",\"logo\":{\"@type\":\"ImageObject\",\"inLanguage\":\"fr-FR\",\"@id\":\"https:\/\/www.quimidex.com\/#\/schema\/logo\/image\/\",\"url\":\"https:\/\/www.quimidex.com\/wp-content\/uploads\/2024\/12\/cropped-Mockup-Quimidex-8-1.png\",\"contentUrl\":\"https:\/\/www.quimidex.com\/wp-content\/uploads\/2024\/12\/cropped-Mockup-Quimidex-8-1.png\",\"width\":512,\"height\":512,\"caption\":\"Quimidex\"},\"image\":{\"@id\":\"https:\/\/www.quimidex.com\/#\/schema\/logo\/image\/\"}}]}<\/script>\n<!-- \/ Yoast SEO Premium plugin. -->","yoast_head_json":{"title":"Pol\u00edtica de Privacidad | Quimidex","robots":{"index":"noindex","follow":"nofollow"},"og_locale":"fr_FR","og_type":"article","og_title":"Pol\u00edtica de Privacidad","og_description":"Pol\u00edtica de Privacidad RESPONSABLE DEL TRATAMIENTO Identidad: Quimidex Profesional S.L. (en adelante \u201cQuimidex\u201d)Direcci\u00f3n: Calle Uralita, nave 11, Pol\u00edgono Industrial La Siberia, 08291 Ripollet (Barcelona) NIF: B61774550Tel\u00e9fono: +34 935 809 512Correo electr\u00f3nico: atencioncliente@quimidex.com INTRODUCCI\u00d3N En Quimidex trabajamos para ofrecerle la mejor experiencia posible a trav\u00e9s de nuestros productos y servicios. En algunos casos, es necesario recopilar [&hellip;]","og_url":"https:\/\/www.quimidex.com\/fr\/politica-de-privacidad\/","og_site_name":"Quimidex","article_modified_time":"2025-11-05T09:43:04+00:00","twitter_card":"summary_large_image","twitter_misc":{"Dur\u00e9e de lecture estim\u00e9e":"7 minutes"},"schema":{"@context":"https:\/\/schema.org","@graph":[{"@type":"WebPage","@id":"https:\/\/www.quimidex.com\/politica-de-privacidad\/","url":"https:\/\/www.quimidex.com\/politica-de-privacidad\/","name":"Pol\u00edtica de Privacidad | Quimidex","isPartOf":{"@id":"https:\/\/www.quimidex.com\/#website"},"datePublished":"2025-10-29T15:38:39+00:00","dateModified":"2025-11-05T09:43:04+00:00","breadcrumb":{"@id":"https:\/\/www.quimidex.com\/politica-de-privacidad\/#breadcrumb"},"inLanguage":"fr-FR","potentialAction":[{"@type":"ReadAction","target":["https:\/\/www.quimidex.com\/politica-de-privacidad\/"]}]},{"@type":"BreadcrumbList","@id":"https:\/\/www.quimidex.com\/politica-de-privacidad\/#breadcrumb","itemListElement":[{"@type":"ListItem","position":1,"name":"Home","item":"https:\/\/www.quimidex.com\/"},{"@type":"ListItem","position":2,"name":"Pol\u00edtica de Privacidad"}]},{"@type":"WebSite","@id":"https:\/\/www.quimidex.com\/#website","url":"https:\/\/www.quimidex.com\/","name":"Quimidex","description":"Fournisseurs de produits de nettoyage","publisher":{"@id":"https:\/\/www.quimidex.com\/#organization"},"potentialAction":[{"@type":"SearchAction","target":{"@type":"EntryPoint","urlTemplate":"https:\/\/www.quimidex.com\/?s={search_term_string}"},"query-input":{"@type":"PropertyValueSpecification","valueRequired":true,"valueName":"search_term_string"}}],"inLanguage":"fr-FR"},{"@type":"Organization","@id":"https:\/\/www.quimidex.com\/#organization","name":"Quimidex","url":"https:\/\/www.quimidex.com\/","logo":{"@type":"ImageObject","inLanguage":"fr-FR","@id":"https:\/\/www.quimidex.com\/#\/schema\/logo\/image\/","url":"https:\/\/www.quimidex.com\/wp-content\/uploads\/2024\/12\/cropped-Mockup-Quimidex-8-1.png","contentUrl":"https:\/\/www.quimidex.com\/wp-content\/uploads\/2024\/12\/cropped-Mockup-Quimidex-8-1.png","width":512,"height":512,"caption":"Quimidex"},"image":{"@id":"https:\/\/www.quimidex.com\/#\/schema\/logo\/image\/"}}]}},"_links":{"self":[{"href":"https:\/\/www.quimidex.com\/fr\/wp-json\/wp\/v2\/pages\/4578","targetHints":{"allow":["GET"]}}],"collection":[{"href":"https:\/\/www.quimidex.com\/fr\/wp-json\/wp\/v2\/pages"}],"about":[{"href":"https:\/\/www.quimidex.com\/fr\/wp-json\/wp\/v2\/types\/page"}],"author":[{"embeddable":true,"href":"https:\/\/www.quimidex.com\/fr\/wp-json\/wp\/v2\/users\/13"}],"replies":[{"embeddable":true,"href":"https:\/\/www.quimidex.com\/fr\/wp-json\/wp\/v2\/comments?post=4578"}],"version-history":[{"count":7,"href":"https:\/\/www.quimidex.com\/fr\/wp-json\/wp\/v2\/pages\/4578\/revisions"}],"predecessor-version":[{"id":4628,"href":"https:\/\/www.quimidex.com\/fr\/wp-json\/wp\/v2\/pages\/4578\/revisions\/4628"}],"wp:attachment":[{"href":"https:\/\/www.quimidex.com\/fr\/wp-json\/wp\/v2\/media?parent=4578"}],"curies":[{"name":"wp","href":"https:\/\/api.w.org\/{rel}","templated":true}]}}