{"id":4524,"date":"2025-10-29T14:26:57","date_gmt":"2025-10-29T14:26:57","guid":{"rendered":"https:\/\/www.quimidex.com\/?page_id=4524"},"modified":"2025-11-05T09:39:21","modified_gmt":"2025-11-05T09:39:21","slug":"aviso-legal","status":"publish","type":"page","link":"https:\/\/www.quimidex.com\/fr\/aviso-legal\/","title":{"rendered":"Mentions l\u00e9gales"},"content":{"rendered":"<div data-elementor-type=\"wp-page\" data-elementor-id=\"4524\" class=\"elementor elementor-4524\" data-elementor-post-type=\"page\">\n\t\t\t\t<div class=\"elementor-element elementor-element-a43c4be e-flex e-con-boxed e-con e-parent\" data-id=\"a43c4be\" data-element_type=\"container\" data-e-type=\"container\">\n\t\t\t\t\t<div class=\"e-con-inner\">\n\t\t\t\t<div class=\"elementor-element elementor-element-b6a7f33 elementor-widget elementor-widget-heading\" data-id=\"b6a7f33\" data-element_type=\"widget\" data-e-type=\"widget\" data-widget_type=\"heading.default\">\n\t\t\t\t\t<h2 class=\"elementor-heading-title elementor-size-default\">Mentions l\u00e9gales<\/h2>\t\t\t\t<\/div>\n\t\t\t\t<div class=\"elementor-element elementor-element-584d0c7 elementor-widget elementor-widget-text-editor\" data-id=\"584d0c7\" data-element_type=\"widget\" data-e-type=\"widget\" data-widget_type=\"text-editor.default\">\n\t\t\t\t\t\t\t\t\t<p>Cette page d\u00e9crit les conditions l\u00e9gales applicables \u00e0 tous les internautes qui acc\u00e8dent \u00e0 ce site. En visitant ce site, vous acceptez de respecter ces conditions sans r\u00e9serve. Nous vous conseillons de consulter r\u00e9guli\u00e8rement ces conditions, car elles peuvent \u00eatre modifi\u00e9es sans pr\u00e9avis.<\/p>\n<h5 style=\"margin-top: 2rem;\">\u00c9DITEUR DU SITE<\/h5>\n<p>Vous visitez le site <a href=\"https:\/\/www.quimidex.com\/fr\/\" target=\"_blank\">www.quimidex.com<\/a> dont le titulaire est Quimidex Professional, S.L., dont le si\u00e8ge social est situ\u00e9 Calle Uralita, nave 11, Pol\u00edgono Industrial La Siberia, 08291 Ripollet (Barcelone), Espagne, NIF B61774550, immatricul\u00e9e au Registre du commerce de Barcelone, Tome 31 087, Folio 85, Feuille n\u00b0 B-186254.<\/p>\n<p>Vous pouvez contacter le TITULAIRE (ci-apr\u00e8s \u00ab Quimidex \u00bb) par l\u2019un des moyens suivants :<\/p>\n<p>E-mail : <a href=\"mailto:atencioncliente@quimidex.com\" target=\"_blank\">atencioncliente@quimidex.com<\/a><\/p>\n<p>T\u00e9l\u00e9phone : +34 935 809 512<\/p>\n<h5 style=\"margin-top: 2rem;\">UTILISATEURS<\/h5>\n<p>Les pr\u00e9sentes conditions (ci-apr\u00e8s, les Mentions l\u00e9gales) ont pour objet de r\u00e9gir l\u2019utilisation du site web de Quimidex mis \u00e0 la disposition du public.<\/p>\n<p>L\u2019acc\u00e8s et\/ou l\u2019utilisation de ce site conf\u00e8re la qualit\u00e9 d\u2019UTILISATEUR, qui accepte, d\u00e8s cet acc\u00e8s et\/ou cette utilisation, les conditions g\u00e9n\u00e9rales d\u2019utilisation expos\u00e9es ici. Lesdites conditions s\u2019appliqueront ind\u00e9pendamment des conditions g\u00e9n\u00e9rales de vente ou de contrat qui, le cas \u00e9ch\u00e9ant, seraient obligatoires.<\/p>\n<p>L\u2019UTILISATEUR assume la responsabilit\u00e9 de l\u2019utilisation du site. Cette responsabilit\u00e9 s\u2019\u00e9tend \u00e0 l\u2019inscription \u00e9ventuellement n\u00e9cessaire pour acc\u00e9der \u00e0 certains services ou contenus. Dans le cadre de cette inscription, l\u2019UTILISATEUR est responsable de fournir des informations exactes et licites. \u00c0 la suite de cette inscription, une mot de passe peut \u00eatre attribu\u00e9 \u00e0 l\u2019UTILISATEUR, qui en sera responsable et s\u2019engage \u00e0 en faire un usage diligent et \u00e0 le conserver de mani\u00e8re confidentielle.<\/p>\n<p>L\u2019UTILISATEUR s\u2019engage \u00e0 faire un usage appropri\u00e9 des contenus et des services (p. ex. services de chat, forums de discussion ou groupes d\u2019actualit\u00e9s) que Quimidex propose via son site et, \u00e0 titre indicatif mais non limitatif, \u00e0 ne pas les utiliser pour :<\/p>\n<ul style=\"margin-bottom: 0.9rem;\">\n<li>Se livrer \u00e0 des activit\u00e9s illicites, ill\u00e9gales ou contraires \u00e0 la bonne foi et \u00e0 l\u2019ordre public. Diffuser des contenus ou une propagande raciste, x\u00e9nophobe, pornographique ill\u00e9gale, faisant l\u2019apologie du terrorisme ou portant atteinte aux droits de l\u2019homme.<\/li>\n<li>Causer des dommages aux syst\u00e8mes physiques et logiques de Quimidex, de ses fournisseurs ou de tiers ; introduire ou diffuser sur le r\u00e9seau des virus informatiques ou tout autre syst\u00e8me physique ou logique susceptible de provoquer les dommages susmentionn\u00e9s.<\/li>\n<li>Tenter d\u2019acc\u00e9der et, le cas \u00e9ch\u00e9ant, d\u2019utiliser les comptes de messagerie d\u2019autres utilisateurs et de modifier ou manipuler leurs messages.<\/li>\n<li>Utiliser le site ou les informations qu\u2019il contient \u00e0 des fins commerciales, politiques ou publicitaires, et pour tout usage commercial, notamment l\u2019envoi de courriels non sollicit\u00e9s.<\/li>\n<\/ul>\n<p>Quimidex se r\u00e9serve le droit de supprimer tout commentaire ou contribution portant atteinte au respect de la dignit\u00e9 de la personne, pr\u00e9sentant un caract\u00e8re discriminatoire, x\u00e9nophobe, raciste ou pornographique, portant atteinte \u00e0 la jeunesse ou \u00e0 l\u2019enfance, \u00e0 l\u2019ordre ou \u00e0 la s\u00e9curit\u00e9 publics, ou qui, \u00e0 son avis, ne serait pas appropri\u00e9 \u00e0 la publication. En tout \u00e9tat de cause, Quimidex ne saurait \u00eatre tenue responsable des opinions exprim\u00e9es par les utilisateurs via les forums, chats ou tout autre outil de participation.<\/p>\n<h5 style=\"margin-top: 2rem;\">PROTECTION DES DONN\u00c9ES<\/h5>\n<p>Tout ce qui concerne la politique de protection des donn\u00e9es est recueilli dans le document de Politique de confidentialit\u00e9.<\/p>\n<h5 style=\"margin-top: 2rem;\">CONTENUS. PROPRI\u00c9T\u00c9 INTELLECTUELLE ET INDUSTRIELLE<\/h5>\n<p>Quimidex est titulaire de l\u2019ensemble des droits de propri\u00e9t\u00e9 intellectuelle et industrielle relatifs \u00e0 son site, ainsi que des \u00e9l\u00e9ments qui y figurent (\u00e0 titre indicatif : images, photographies, sons, audio, vid\u00e9o, logiciels ou textes ; marques ou logos, combinaisons de couleurs, structure et design, s\u00e9lection des mat\u00e9riaux utilis\u00e9s, programmes informatiques n\u00e9cessaires \u00e0 son fonctionnement, \u00e0 son acc\u00e8s et \u00e0 son utilisation, etc.), lesquels appartiennent \u00e0 Quimidex ou \u00e0 ses conc\u00e9dants.<\/p>\n<p>Tous droits r\u00e9serv\u00e9s. En vertu des articles 8 et 32.1, deuxi\u00e8me alin\u00e9a, de la Loi espagnole sur la propri\u00e9t\u00e9 intellectuelle, la reproduction, la distribution et la communication au public, y compris la mise \u00e0 disposition, de tout ou partie des contenus de ce site, \u00e0 des fins commerciales, sur tout support et par tout moyen technique, sont express\u00e9ment interdites sans l\u2019autorisation de Quimidex.<\/p>\n<h5 style=\"margin-top: 2rem;\">EXCLUSION DE GARANTIES ET LIMITATION DE RESPONSABILIT\u00c9<\/h5>\n<p>L\u2019UTILISATEUR reconna\u00eet que l\u2019utilisation du site, de ses contenus et de ses services s\u2019effectue sous sa seule responsabilit\u00e9. En particulier, \u00e0 titre purement indicatif, Quimidex n\u2019assume aucune responsabilit\u00e9 dans les domaines suivants :<\/p>\n<ol style=\"list-style-type:lower-alpha; margin-bottom: 0.9rem;\">\n<li>La disponibilit\u00e9 et le fonctionnement du site, de ses services et contenus, ainsi que leur qualit\u00e9 ou interop\u00e9rabilit\u00e9.<\/li>\n<li>L\u2019ad\u00e9quation du site aux objectifs de l\u2019UTILISATEUR.<\/li>\n<li>La violation de la l\u00e9gislation en vigueur par l\u2019UTILISATEUR ou des tiers et, en particulier, l\u2019atteinte aux droits de propri\u00e9t\u00e9 intellectuelle et industrielle appartenant \u00e0 d\u2019autres personnes ou entit\u00e9s.<\/li>\n<li>L\u2019existence de codes malveillants ou de tout autre \u00e9l\u00e9ment informatique nuisible susceptible d\u2019affecter le syst\u00e8me informatique de l\u2019UTILISATEUR ou de tiers. Il appartient en tout \u00e9tat de cause \u00e0 l\u2019UTILISATEUR de disposer d\u2019outils appropri\u00e9s pour la d\u00e9tection et la d\u00e9sinfection de ces \u00e9l\u00e9ments.<\/li>\n<li>L\u2019acc\u00e8s frauduleux aux contenus ou services par des tiers non autoris\u00e9s ou, le cas \u00e9ch\u00e9ant, la capture, la suppression, l\u2019alt\u00e9ration, la modification ou la manipulation de messages et communications de toute nature par ces tiers.<\/li>\n<li>L\u2019exactitude, la v\u00e9racit\u00e9, l\u2019actualit\u00e9 et l\u2019utilit\u00e9 des contenus et services propos\u00e9s, ainsi que l\u2019utilisation ult\u00e9rieure qu\u2019en fait l\u2019UTILISATEUR. Quimidex mettra en \u0153uvre tous les efforts et moyens raisonnables afin de fournir des informations \u00e0 jour et fiables.<\/li>\n<li>Les dommages caus\u00e9s aux \u00e9quipements informatiques lors de l\u2019acc\u00e8s au site et les dommages subis par les UTILISATEURS lorsqu\u2019ils r\u00e9sultent de d\u00e9faillances ou de d\u00e9connexions des r\u00e9seaux de t\u00e9l\u00e9communications interrompant le service.<\/li>\n<li>Les dommages ou pr\u00e9judices r\u00e9sultant d\u2019\u00e9v\u00e9nements fortuits ou de force majeure.<\/li>\n<\/ol>\n<p>En cas d\u2019existence de forums ou d\u2019autres espaces analogues, il convient de rappeler que les messages ne refl\u00e8tent que l\u2019opinion de l\u2019UTILISATEUR qui les envoie, lequel en est seul responsable. Quimidex n\u2019est pas responsable du contenu des messages envoy\u00e9s par l\u2019UTILISATEUR.<\/p>\n<h5 style=\"margin-top: 2rem;\">MODIFICATION DES PR\u00c9SENTES MENTIONS L\u00c9GALES ET DUR\u00c9E<\/h5>\n<p>Quimidex se r\u00e9serve le droit d\u2019apporter, sans pr\u00e9avis, toute modification qu\u2019elle jugerait opportune \u00e0 son site, et de changer, supprimer ou ajouter des contenus et services fournis par ce biais, ainsi que la mani\u00e8re dont ils sont pr\u00e9sent\u00e9s ou localis\u00e9s sur le site.<\/p>\n<p>Les pr\u00e9sentes conditions resteront en vigueur tant qu\u2019elles seront publi\u00e9es et jusqu\u2019\u00e0 leur modification par d\u2019autres conditions d\u00fbment publi\u00e9es.<\/p>\n<h5 style=\"margin-top: 2rem;\">LIENS<\/h5>\n<p>Si le site comprend des liens ou hyperliens vers d\u2019autres sites Internet, Quimidex n\u2019exercera aucun contr\u00f4le sur ces sites et contenus. En aucun cas Quimidex n\u2019assumera de responsabilit\u00e9 concernant les contenus d\u2019un lien appartenant \u00e0 un site tiers, ni ne garantira la disponibilit\u00e9 technique, la qualit\u00e9, la fiabilit\u00e9, l\u2019exactitude, l\u2019\u00e9tendue, la v\u00e9racit\u00e9, la validit\u00e9 et la constitutionnalit\u00e9 de toute mati\u00e8re ou information contenue dans ces hyperliens et autres sites Internet. De m\u00eame, l\u2019inclusion de ces connexions externes n\u2019implique aucune association, fusion ou participation avec les entit\u00e9s li\u00e9es.<\/p>\n<h5 style=\"margin-top: 2rem;\">DROIT D\u2019EXCLUSION<\/h5>\n<p>Quimidex se r\u00e9serve le droit de refuser ou de retirer l\u2019acc\u00e8s \u00e0 son site et\/ou aux services propos\u00e9s, sans pr\u00e9avis, de sa propre initiative ou \u00e0 la demande d\u2019un tiers, aux utilisateurs qui ne respecteraient pas le contenu des pr\u00e9sentes Mentions l\u00e9gales.<\/p>\n<h5 style=\"margin-top: 2rem;\">DISPOSITIONS G\u00c9N\u00c9RALES<\/h5>\n<p>Quimidex poursuivra tout manquement aux pr\u00e9sentes conditions, ainsi que toute utilisation abusive de son site, en exer\u00e7ant toutes les actions civiles et p\u00e9nales qui pourraient lui revenir en droit.<\/p>\n<h5 style=\"margin-top: 2rem;\">DROIT APPLICABLE ET JURIDICTION COMP\u00c9TENTE<\/h5>\n<p>La relation entre Quimidex et l\u2019UTILISATEUR est r\u00e9gie par la r\u00e9glementation espagnole en vigueur. Tout litige et toute r\u00e9clamation d\u00e9coulant des pr\u00e9sentes Mentions l\u00e9gales seront soumis aux juridictions et tribunaux espagnols.<\/p>\n<h5 style=\"margin-top: 2rem;\">MINEURS<\/h5>\n<p>Quimidex adresse ses services aux utilisateurs \u00e2g\u00e9s de plus de 18 ans. Les mineurs de cet \u00e2ge ne sont pas autoris\u00e9s \u00e0 utiliser nos services et ne doivent donc pas nous transmettre leurs donn\u00e9es personnelles. Nous informons que, si tel \u00e9tait le cas, Quimidex ne saurait \u00eatre tenue responsable des \u00e9ventuelles cons\u00e9quences r\u00e9sultant du non-respect de l\u2019avertissement figurant dans la pr\u00e9sente clause.<\/p>\t\t\t\t\t\t\t\t<\/div>\n\t\t\t\t\t<\/div>\n\t\t\t\t<\/div>\n\t\t\t\t<\/div>","protected":false},"excerpt":{"rendered":"<p>Aviso Legal En esta p\u00e1gina se describen las condiciones legales aplicables a todos los usuarios de Internet que accedan a esta web. Al visitar este sitio web aceptas cumplir estas condiciones sin reservas. Te aconsejamos consultar regularmente estas condiciones, ya que pueden ser modificadas sin previo aviso. TITULARIDAD DEL SITIO WEB Usted est\u00e1 visitando el [&hellip;]<\/p>\n","protected":false},"author":13,"featured_media":0,"parent":0,"menu_order":0,"comment_status":"closed","ping_status":"closed","template":"","meta":{"footnotes":""},"class_list":["post-4524","page","type-page","status-publish","hentry"],"yoast_head":"<!-- This site is optimized with the Yoast SEO Premium plugin v25.2 (Yoast SEO v27.1.1) - https:\/\/yoast.com\/product\/yoast-seo-premium-wordpress\/ -->\n<title>Aviso Legal | Quimidex<\/title>\n<meta name=\"robots\" content=\"noindex, nofollow\" \/>\n<meta property=\"og:locale\" content=\"fr_FR\" \/>\n<meta property=\"og:type\" content=\"article\" \/>\n<meta property=\"og:title\" content=\"Aviso Legal\" \/>\n<meta property=\"og:description\" content=\"Aviso Legal En esta p\u00e1gina se describen las condiciones legales aplicables a todos los usuarios de Internet que accedan a esta web. Al visitar este sitio web aceptas cumplir estas condiciones sin reservas. Te aconsejamos consultar regularmente estas condiciones, ya que pueden ser modificadas sin previo aviso. TITULARIDAD DEL SITIO WEB Usted est\u00e1 visitando el [&hellip;]\" \/>\n<meta property=\"og:url\" content=\"https:\/\/www.quimidex.com\/fr\/aviso-legal\/\" \/>\n<meta property=\"og:site_name\" content=\"Quimidex\" \/>\n<meta property=\"article:modified_time\" content=\"2025-11-05T09:39:21+00:00\" \/>\n<meta name=\"twitter:card\" content=\"summary_large_image\" \/>\n<meta name=\"twitter:label1\" content=\"Dur\u00e9e de lecture estim\u00e9e\" \/>\n\t<meta name=\"twitter:data1\" content=\"7 minutes\" \/>\n<script type=\"application\/ld+json\" class=\"yoast-schema-graph\">{\"@context\":\"https:\/\/schema.org\",\"@graph\":[{\"@type\":\"WebPage\",\"@id\":\"https:\/\/www.quimidex.com\/aviso-legal\/\",\"url\":\"https:\/\/www.quimidex.com\/aviso-legal\/\",\"name\":\"Aviso Legal | Quimidex\",\"isPartOf\":{\"@id\":\"https:\/\/www.quimidex.com\/#website\"},\"datePublished\":\"2025-10-29T14:26:57+00:00\",\"dateModified\":\"2025-11-05T09:39:21+00:00\",\"breadcrumb\":{\"@id\":\"https:\/\/www.quimidex.com\/aviso-legal\/#breadcrumb\"},\"inLanguage\":\"fr-FR\",\"potentialAction\":[{\"@type\":\"ReadAction\",\"target\":[\"https:\/\/www.quimidex.com\/aviso-legal\/\"]}]},{\"@type\":\"BreadcrumbList\",\"@id\":\"https:\/\/www.quimidex.com\/aviso-legal\/#breadcrumb\",\"itemListElement\":[{\"@type\":\"ListItem\",\"position\":1,\"name\":\"Home\",\"item\":\"https:\/\/www.quimidex.com\/\"},{\"@type\":\"ListItem\",\"position\":2,\"name\":\"Aviso Legal\"}]},{\"@type\":\"WebSite\",\"@id\":\"https:\/\/www.quimidex.com\/#website\",\"url\":\"https:\/\/www.quimidex.com\/\",\"name\":\"Quimidex\",\"description\":\"Proveedores de productos de limpieza\",\"publisher\":{\"@id\":\"https:\/\/www.quimidex.com\/#organization\"},\"potentialAction\":[{\"@type\":\"SearchAction\",\"target\":{\"@type\":\"EntryPoint\",\"urlTemplate\":\"https:\/\/www.quimidex.com\/?s={search_term_string}\"},\"query-input\":{\"@type\":\"PropertyValueSpecification\",\"valueRequired\":true,\"valueName\":\"search_term_string\"}}],\"inLanguage\":\"fr-FR\"},{\"@type\":\"Organization\",\"@id\":\"https:\/\/www.quimidex.com\/#organization\",\"name\":\"Quimidex\",\"url\":\"https:\/\/www.quimidex.com\/\",\"logo\":{\"@type\":\"ImageObject\",\"inLanguage\":\"fr-FR\",\"@id\":\"https:\/\/www.quimidex.com\/#\/schema\/logo\/image\/\",\"url\":\"https:\/\/www.quimidex.com\/wp-content\/uploads\/2024\/12\/cropped-Mockup-Quimidex-8-1.png\",\"contentUrl\":\"https:\/\/www.quimidex.com\/wp-content\/uploads\/2024\/12\/cropped-Mockup-Quimidex-8-1.png\",\"width\":512,\"height\":512,\"caption\":\"Quimidex\"},\"image\":{\"@id\":\"https:\/\/www.quimidex.com\/#\/schema\/logo\/image\/\"}}]}<\/script>\n<!-- \/ Yoast SEO Premium plugin. -->","yoast_head_json":{"title":"Aviso Legal | Quimidex","robots":{"index":"noindex","follow":"nofollow"},"og_locale":"fr_FR","og_type":"article","og_title":"Aviso Legal","og_description":"Aviso Legal En esta p\u00e1gina se describen las condiciones legales aplicables a todos los usuarios de Internet que accedan a esta web. Al visitar este sitio web aceptas cumplir estas condiciones sin reservas. Te aconsejamos consultar regularmente estas condiciones, ya que pueden ser modificadas sin previo aviso. TITULARIDAD DEL SITIO WEB Usted est\u00e1 visitando el [&hellip;]","og_url":"https:\/\/www.quimidex.com\/fr\/aviso-legal\/","og_site_name":"Quimidex","article_modified_time":"2025-11-05T09:39:21+00:00","twitter_card":"summary_large_image","twitter_misc":{"Dur\u00e9e de lecture estim\u00e9e":"7 minutes"},"schema":{"@context":"https:\/\/schema.org","@graph":[{"@type":"WebPage","@id":"https:\/\/www.quimidex.com\/aviso-legal\/","url":"https:\/\/www.quimidex.com\/aviso-legal\/","name":"Aviso Legal | Quimidex","isPartOf":{"@id":"https:\/\/www.quimidex.com\/#website"},"datePublished":"2025-10-29T14:26:57+00:00","dateModified":"2025-11-05T09:39:21+00:00","breadcrumb":{"@id":"https:\/\/www.quimidex.com\/aviso-legal\/#breadcrumb"},"inLanguage":"fr-FR","potentialAction":[{"@type":"ReadAction","target":["https:\/\/www.quimidex.com\/aviso-legal\/"]}]},{"@type":"BreadcrumbList","@id":"https:\/\/www.quimidex.com\/aviso-legal\/#breadcrumb","itemListElement":[{"@type":"ListItem","position":1,"name":"Home","item":"https:\/\/www.quimidex.com\/"},{"@type":"ListItem","position":2,"name":"Aviso Legal"}]},{"@type":"WebSite","@id":"https:\/\/www.quimidex.com\/#website","url":"https:\/\/www.quimidex.com\/","name":"Quimidex","description":"Fournisseurs de produits de nettoyage","publisher":{"@id":"https:\/\/www.quimidex.com\/#organization"},"potentialAction":[{"@type":"SearchAction","target":{"@type":"EntryPoint","urlTemplate":"https:\/\/www.quimidex.com\/?s={search_term_string}"},"query-input":{"@type":"PropertyValueSpecification","valueRequired":true,"valueName":"search_term_string"}}],"inLanguage":"fr-FR"},{"@type":"Organization","@id":"https:\/\/www.quimidex.com\/#organization","name":"Quimidex","url":"https:\/\/www.quimidex.com\/","logo":{"@type":"ImageObject","inLanguage":"fr-FR","@id":"https:\/\/www.quimidex.com\/#\/schema\/logo\/image\/","url":"https:\/\/www.quimidex.com\/wp-content\/uploads\/2024\/12\/cropped-Mockup-Quimidex-8-1.png","contentUrl":"https:\/\/www.quimidex.com\/wp-content\/uploads\/2024\/12\/cropped-Mockup-Quimidex-8-1.png","width":512,"height":512,"caption":"Quimidex"},"image":{"@id":"https:\/\/www.quimidex.com\/#\/schema\/logo\/image\/"}}]}},"_links":{"self":[{"href":"https:\/\/www.quimidex.com\/fr\/wp-json\/wp\/v2\/pages\/4524","targetHints":{"allow":["GET"]}}],"collection":[{"href":"https:\/\/www.quimidex.com\/fr\/wp-json\/wp\/v2\/pages"}],"about":[{"href":"https:\/\/www.quimidex.com\/fr\/wp-json\/wp\/v2\/types\/page"}],"author":[{"embeddable":true,"href":"https:\/\/www.quimidex.com\/fr\/wp-json\/wp\/v2\/users\/13"}],"replies":[{"embeddable":true,"href":"https:\/\/www.quimidex.com\/fr\/wp-json\/wp\/v2\/comments?post=4524"}],"version-history":[{"count":47,"href":"https:\/\/www.quimidex.com\/fr\/wp-json\/wp\/v2\/pages\/4524\/revisions"}],"predecessor-version":[{"id":4656,"href":"https:\/\/www.quimidex.com\/fr\/wp-json\/wp\/v2\/pages\/4524\/revisions\/4656"}],"wp:attachment":[{"href":"https:\/\/www.quimidex.com\/fr\/wp-json\/wp\/v2\/media?parent=4524"}],"curies":[{"name":"wp","href":"https:\/\/api.w.org\/{rel}","templated":true}]}}