{"id":3394,"date":"2025-03-13T11:51:52","date_gmt":"2025-03-13T11:51:52","guid":{"rendered":"https:\/\/www.quimidex.com\/?page_id=3394"},"modified":"2025-05-23T16:06:51","modified_gmt":"2025-05-23T16:06:51","slug":"demande-de-devis","status":"publish","type":"page","link":"https:\/\/www.quimidex.com\/fr\/demande-de-devis\/","title":{"rendered":"Demande de devis"},"content":{"rendered":"<div data-elementor-type=\"wp-page\" data-elementor-id=\"3394\" class=\"elementor elementor-3394\" data-elementor-post-type=\"page\">\n\t\t\t\t<div class=\"elementor-element elementor-element-fd687b0 e-con-full e-flex e-con e-parent\" data-id=\"fd687b0\" data-element_type=\"container\" data-e-type=\"container\" data-settings=\"{&quot;background_background&quot;:&quot;classic&quot;}\">\n\t\t\t\t<div class=\"elementor-element elementor-element-b651792 animated-slow elementor-widget elementor-widget-heading\" data-id=\"b651792\" data-element_type=\"widget\" data-e-type=\"widget\" data-settings=\"{&quot;_animation&quot;:&quot;none&quot;}\" data-widget_type=\"heading.default\">\n\t\t\t\t\t<p class=\"elementor-heading-title elementor-size-default\">Demande de devis<\/p>\t\t\t\t<\/div>\n\t\t\t\t<div class=\"elementor-element elementor-element-3aeb578 elementor-icon-list--layout-inline elementor-align-center elementor-list-item-link-full_width elementor-widget elementor-widget-icon-list\" data-id=\"3aeb578\" data-element_type=\"widget\" data-e-type=\"widget\" data-widget_type=\"icon-list.default\">\n\t\t\t\t\t\t\t<ul class=\"elementor-icon-list-items elementor-inline-items\">\n\t\t\t\t\t\t\t<li class=\"elementor-icon-list-item elementor-inline-item\">\n\t\t\t\t\t\t\t\t\t\t<span class=\"elementor-icon-list-text\">R\u00e9ponse en moins de 24 heures<\/span>\n\t\t\t\t\t\t\t\t\t<\/li>\n\t\t\t\t\t\t\t\t<li class=\"elementor-icon-list-item elementor-inline-item\">\n\t\t\t\t\t\t\t\t\t\t<span class=\"elementor-icon-list-text\">Un service personnalis\u00e9 et souple<\/span>\n\t\t\t\t\t\t\t\t\t<\/li>\n\t\t\t\t\t\t<\/ul>\n\t\t\t\t\t\t<\/div>\n\t\t\t\t<div class=\"elementor-element elementor-element-6fc5cb4 elementor-widget__width-initial elementor-widget elementor-widget-heading\" data-id=\"6fc5cb4\" data-element_type=\"widget\" data-e-type=\"widget\" data-widget_type=\"heading.default\">\n\t\t\t\t\t<h2 class=\"elementor-heading-title elementor-size-default\">Comment fonctionne la demande de devis ?<\/h2>\t\t\t\t<\/div>\n\t\t\t\t<div class=\"elementor-element elementor-element-c57697e elementor-widget elementor-widget-text-editor\" data-id=\"c57697e\" data-element_type=\"widget\" data-e-type=\"widget\" data-widget_type=\"text-editor.default\">\n\t\t\t\t\t\t\t\t\t<p>Ajoutez des produits \u00e0 cette liste et envoyez-nous votre demande \u00e0 votre convenance. <br \/>Nous vous r\u00e9pondrons par une proposition personnalis\u00e9e adapt\u00e9e aux quantit\u00e9s indiqu\u00e9es. <br \/>Vous pouvez modifier ou supprimer des produits de la liste \u00e0 tout moment avant de la soumettre.<\/p>\t\t\t\t\t\t\t\t<\/div>\n\t\t\t\t<\/div>\n\t\t<div class=\"elementor-element elementor-element-6383c45 e-con-full e-flex e-con e-parent\" data-id=\"6383c45\" data-element_type=\"container\" data-e-type=\"container\">\n\t\t\t\t<div class=\"elementor-element elementor-element-5d2c0a6 elementor-widget elementor-widget-shortcode\" data-id=\"5d2c0a6\" data-element_type=\"widget\" data-e-type=\"widget\" data-widget_type=\"shortcode.default\">\n\t\t\t\t\t\t\t<div class=\"elementor-shortcode\"> \n<div class=\"woocommerce ywraq-wrapper ywraq-empty\">\n\t\t\t<div id=\"yith-ywraq-message\"><div class=\"ywraq-question-message\">\n\t<\/div>\n<\/div>\n\t\t\n\t\t\t\t<div class=\"ywraq-form-table-wrapper wide\">\n\t\t\t<div class=\"ywraq-before-form\">\n\t<p class=\"ywraq_list_empty_message\">Votre liste est vide, ajoutez des produits \u00e0 la liste pour envoyer une demande<p><p class=\"return-to-shop\"><a class=\"button wc-backward\" href=\"https:\/\/www.quimidex.com\/fr\/produits-de-nettoyage-professionnels\/\">Retour \u00e0 la boutique<\/a><\/p><\/div>\n\t\t\t\t\t<\/div>\n\t<\/div><\/div>\n\t\t\t\t\t\t<\/div>\n\t\t\t\t<\/div>\n\t\t\t\t<\/div>","protected":false},"excerpt":{"rendered":"<p>Solicitud de Presupuesto Respuesta en menos de 24 horas Atenci\u00f3n personalizada y \u00e1gil \u00bfC\u00f3mo funciona la solicitud de presupuesto? A\u00f1ade los productos a esta lista y env\u00edanos tu solicitud cuando lo consideres oportuno. Te responderemos con una propuesta personalizada adaptada a las cantidades indicadas. Puedes modificar o eliminar productos de la lista en cualquier momento [&hellip;]<\/p>\n","protected":false},"author":1,"featured_media":0,"parent":0,"menu_order":0,"comment_status":"closed","ping_status":"closed","template":"elementor_header_footer","meta":{"footnotes":""},"class_list":["post-3394","page","type-page","status-publish","hentry"],"yoast_head":"<!-- This site is optimized with the Yoast SEO Premium plugin v25.2 (Yoast SEO v27.1.1) - https:\/\/yoast.com\/product\/yoast-seo-premium-wordpress\/ -->\n<title>Solicitud de Presupuesto | Quimidex<\/title>\n<meta name=\"robots\" content=\"noindex, follow\" \/>\n<meta property=\"og:locale\" content=\"fr_FR\" \/>\n<meta property=\"og:type\" content=\"article\" \/>\n<meta property=\"og:title\" content=\"Solicitud de Presupuesto\" \/>\n<meta property=\"og:description\" content=\"Solicitud de Presupuesto Respuesta en menos de 24 horas Atenci\u00f3n personalizada y \u00e1gil \u00bfC\u00f3mo funciona la solicitud de presupuesto? A\u00f1ade los productos a esta lista y env\u00edanos tu solicitud cuando lo consideres oportuno. Te responderemos con una propuesta personalizada adaptada a las cantidades indicadas. Puedes modificar o eliminar productos de la lista en cualquier momento [&hellip;]\" \/>\n<meta property=\"og:url\" content=\"https:\/\/www.quimidex.com\/fr\/demande-de-devis\/\" \/>\n<meta property=\"og:site_name\" content=\"Quimidex\" \/>\n<meta property=\"article:modified_time\" content=\"2025-05-23T16:06:51+00:00\" \/>\n<meta name=\"twitter:card\" content=\"summary_large_image\" \/>\n<meta name=\"twitter:label1\" content=\"Dur\u00e9e de lecture estim\u00e9e\" \/>\n\t<meta name=\"twitter:data1\" content=\"1 minute\" \/>\n<script type=\"application\/ld+json\" class=\"yoast-schema-graph\">{\"@context\":\"https:\/\/schema.org\",\"@graph\":[{\"@type\":\"WebPage\",\"@id\":\"https:\/\/www.quimidex.com\/solicitud-de-presupuesto\/\",\"url\":\"https:\/\/www.quimidex.com\/solicitud-de-presupuesto\/\",\"name\":\"Solicitud de Presupuesto | Quimidex\",\"isPartOf\":{\"@id\":\"https:\/\/www.quimidex.com\/#website\"},\"datePublished\":\"2025-03-13T11:51:52+00:00\",\"dateModified\":\"2025-05-23T16:06:51+00:00\",\"breadcrumb\":{\"@id\":\"https:\/\/www.quimidex.com\/solicitud-de-presupuesto\/#breadcrumb\"},\"inLanguage\":\"fr-FR\",\"potentialAction\":[{\"@type\":\"ReadAction\",\"target\":[\"https:\/\/www.quimidex.com\/solicitud-de-presupuesto\/\"]}]},{\"@type\":\"BreadcrumbList\",\"@id\":\"https:\/\/www.quimidex.com\/solicitud-de-presupuesto\/#breadcrumb\",\"itemListElement\":[{\"@type\":\"ListItem\",\"position\":1,\"name\":\"Home\",\"item\":\"https:\/\/www.quimidex.com\/\"},{\"@type\":\"ListItem\",\"position\":2,\"name\":\"Solicitud de Presupuesto\"}]},{\"@type\":\"WebSite\",\"@id\":\"https:\/\/www.quimidex.com\/#website\",\"url\":\"https:\/\/www.quimidex.com\/\",\"name\":\"Quimidex\",\"description\":\"Proveedores de productos de limpieza\",\"publisher\":{\"@id\":\"https:\/\/www.quimidex.com\/#organization\"},\"potentialAction\":[{\"@type\":\"SearchAction\",\"target\":{\"@type\":\"EntryPoint\",\"urlTemplate\":\"https:\/\/www.quimidex.com\/?s={search_term_string}\"},\"query-input\":{\"@type\":\"PropertyValueSpecification\",\"valueRequired\":true,\"valueName\":\"search_term_string\"}}],\"inLanguage\":\"fr-FR\"},{\"@type\":\"Organization\",\"@id\":\"https:\/\/www.quimidex.com\/#organization\",\"name\":\"Quimidex\",\"url\":\"https:\/\/www.quimidex.com\/\",\"logo\":{\"@type\":\"ImageObject\",\"inLanguage\":\"fr-FR\",\"@id\":\"https:\/\/www.quimidex.com\/#\/schema\/logo\/image\/\",\"url\":\"https:\/\/www.quimidex.com\/wp-content\/uploads\/2024\/12\/cropped-Mockup-Quimidex-8-1.png\",\"contentUrl\":\"https:\/\/www.quimidex.com\/wp-content\/uploads\/2024\/12\/cropped-Mockup-Quimidex-8-1.png\",\"width\":512,\"height\":512,\"caption\":\"Quimidex\"},\"image\":{\"@id\":\"https:\/\/www.quimidex.com\/#\/schema\/logo\/image\/\"}}]}<\/script>\n<!-- \/ Yoast SEO Premium plugin. -->","yoast_head_json":{"title":"Quimidex - Demande de devis","robots":{"index":"noindex","follow":"follow"},"og_locale":"fr_FR","og_type":"article","og_title":"Solicitud de Presupuesto","og_description":"Solicitud de Presupuesto Respuesta en menos de 24 horas Atenci\u00f3n personalizada y \u00e1gil \u00bfC\u00f3mo funciona la solicitud de presupuesto? A\u00f1ade los productos a esta lista y env\u00edanos tu solicitud cuando lo consideres oportuno. Te responderemos con una propuesta personalizada adaptada a las cantidades indicadas. Puedes modificar o eliminar productos de la lista en cualquier momento [&hellip;]","og_url":"https:\/\/www.quimidex.com\/fr\/demande-de-devis\/","og_site_name":"Quimidex","article_modified_time":"2025-05-23T16:06:51+00:00","twitter_card":"summary_large_image","twitter_misc":{"Dur\u00e9e de lecture estim\u00e9e":"1 minute"},"schema":{"@context":"https:\/\/schema.org","@graph":[{"@type":"WebPage","@id":"https:\/\/www.quimidex.com\/solicitud-de-presupuesto\/","url":"https:\/\/www.quimidex.com\/solicitud-de-presupuesto\/","name":"Quimidex - Demande de devis","isPartOf":{"@id":"https:\/\/www.quimidex.com\/#website"},"datePublished":"2025-03-13T11:51:52+00:00","dateModified":"2025-05-23T16:06:51+00:00","breadcrumb":{"@id":"https:\/\/www.quimidex.com\/solicitud-de-presupuesto\/#breadcrumb"},"inLanguage":"fr-FR","potentialAction":[{"@type":"ReadAction","target":["https:\/\/www.quimidex.com\/solicitud-de-presupuesto\/"]}]},{"@type":"BreadcrumbList","@id":"https:\/\/www.quimidex.com\/solicitud-de-presupuesto\/#breadcrumb","itemListElement":[{"@type":"ListItem","position":1,"name":"Home","item":"https:\/\/www.quimidex.com\/"},{"@type":"ListItem","position":2,"name":"Solicitud de Presupuesto"}]},{"@type":"WebSite","@id":"https:\/\/www.quimidex.com\/#website","url":"https:\/\/www.quimidex.com\/","name":"Quimidex","description":"Fournisseurs de produits de nettoyage","publisher":{"@id":"https:\/\/www.quimidex.com\/#organization"},"potentialAction":[{"@type":"SearchAction","target":{"@type":"EntryPoint","urlTemplate":"https:\/\/www.quimidex.com\/?s={search_term_string}"},"query-input":{"@type":"PropertyValueSpecification","valueRequired":true,"valueName":"search_term_string"}}],"inLanguage":"fr-FR"},{"@type":"Organization","@id":"https:\/\/www.quimidex.com\/#organization","name":"Quimidex","url":"https:\/\/www.quimidex.com\/","logo":{"@type":"ImageObject","inLanguage":"fr-FR","@id":"https:\/\/www.quimidex.com\/#\/schema\/logo\/image\/","url":"https:\/\/www.quimidex.com\/wp-content\/uploads\/2024\/12\/cropped-Mockup-Quimidex-8-1.png","contentUrl":"https:\/\/www.quimidex.com\/wp-content\/uploads\/2024\/12\/cropped-Mockup-Quimidex-8-1.png","width":512,"height":512,"caption":"Quimidex"},"image":{"@id":"https:\/\/www.quimidex.com\/#\/schema\/logo\/image\/"}}]}},"_links":{"self":[{"href":"https:\/\/www.quimidex.com\/fr\/wp-json\/wp\/v2\/pages\/3394","targetHints":{"allow":["GET"]}}],"collection":[{"href":"https:\/\/www.quimidex.com\/fr\/wp-json\/wp\/v2\/pages"}],"about":[{"href":"https:\/\/www.quimidex.com\/fr\/wp-json\/wp\/v2\/types\/page"}],"author":[{"embeddable":true,"href":"https:\/\/www.quimidex.com\/fr\/wp-json\/wp\/v2\/users\/1"}],"replies":[{"embeddable":true,"href":"https:\/\/www.quimidex.com\/fr\/wp-json\/wp\/v2\/comments?post=3394"}],"version-history":[{"count":28,"href":"https:\/\/www.quimidex.com\/fr\/wp-json\/wp\/v2\/pages\/3394\/revisions"}],"predecessor-version":[{"id":3592,"href":"https:\/\/www.quimidex.com\/fr\/wp-json\/wp\/v2\/pages\/3394\/revisions\/3592"}],"wp:attachment":[{"href":"https:\/\/www.quimidex.com\/fr\/wp-json\/wp\/v2\/media?parent=3394"}],"curies":[{"name":"wp","href":"https:\/\/api.w.org\/{rel}","templated":true}]}}