{"id":2428,"date":"2025-01-10T12:03:54","date_gmt":"2025-01-10T12:03:54","guid":{"rendered":"https:\/\/www.quimidex.com\/?page_id=2428"},"modified":"2025-01-10T16:27:31","modified_gmt":"2025-01-10T16:27:31","slug":"quimidex-greenbag","status":"publish","type":"page","link":"https:\/\/www.quimidex.com\/fr\/catalogues\/quimidex-greenbag\/","title":{"rendered":"Quimidex Greenbag"},"content":{"rendered":"<div data-elementor-type=\"wp-page\" data-elementor-id=\"2428\" class=\"elementor elementor-2428\" data-elementor-post-type=\"page\">\n\t\t\t\t<div class=\"elementor-element elementor-element-9397c56 e-con-full e-flex e-con e-parent\" data-id=\"9397c56\" data-element_type=\"container\" data-e-type=\"container\">\n\t\t<div class=\"elementor-element elementor-element-4bbad8f e-con-full e-flex e-con e-child\" data-id=\"4bbad8f\" data-element_type=\"container\" data-e-type=\"container\">\n\t\t\t\t<div class=\"elementor-element elementor-element-50d893f elementor-widget__width-initial elementor-widget elementor-widget-heading\" data-id=\"50d893f\" data-element_type=\"widget\" data-e-type=\"widget\" data-widget_type=\"heading.default\">\n\t\t\t\t\t<h2 class=\"elementor-heading-title elementor-size-default\">Quimidex Greenbag<\/h2>\t\t\t\t<\/div>\n\t\t\t\t<div class=\"elementor-element elementor-element-4001aa5 elementor-widget elementor-widget-heading\" data-id=\"4001aa5\" data-element_type=\"widget\" data-e-type=\"widget\" data-widget_type=\"heading.default\">\n\t\t\t\t\t<span class=\"elementor-heading-title elementor-size-default\">Innovation et durabilit\u00e9\n<\/span>\t\t\t\t<\/div>\n\t\t\t\t<div class=\"elementor-element elementor-element-7f6d0a5 elementor-widget elementor-widget-image\" data-id=\"7f6d0a5\" data-element_type=\"widget\" data-e-type=\"widget\" data-widget_type=\"image.default\">\n\t\t\t\t\t\t\t\t\t\t\t\t\t\t\t<img fetchpriority=\"high\" decoding=\"async\" width=\"500\" height=\"500\" src=\"https:\/\/www.quimidex.com\/wp-content\/uploads\/2025\/01\/BIOCIDAL-DISINFECTANT-5.png\" class=\"attachment-large size-large wp-image-2100\" alt=\"\" \/>\t\t\t\t\t\t\t\t\t\t\t\t\t\t\t<\/div>\n\t\t\t\t<div class=\"elementor-element elementor-element-58cc5a5 elementor-widget elementor-widget-image\" data-id=\"58cc5a5\" data-element_type=\"widget\" data-e-type=\"widget\" data-widget_type=\"image.default\">\n\t\t\t\t\t\t\t\t\t\t\t\t\t\t\t<img decoding=\"async\" width=\"768\" height=\"387\" src=\"https:\/\/www.quimidex.com\/wp-content\/uploads\/2025\/01\/Mockup-Quimidex-2025-01-10T131301.618-e1736511234190-768x387.webp\" class=\"attachment-medium_large size-medium_large wp-image-2430\" alt=\"D\u00e9tergents concentr\u00e9s pour h\u00f4tels, solutions professionnelles de nettoyage et de d\u00e9sinfection pour h\u00f4tels\" srcset=\"https:\/\/www.quimidex.com\/wp-content\/uploads\/2025\/01\/Mockup-Quimidex-2025-01-10T131301.618-e1736511234190-768x387.webp 768w, https:\/\/www.quimidex.com\/wp-content\/uploads\/2025\/01\/Mockup-Quimidex-2025-01-10T131301.618-e1736511234190-600x302.webp 600w, https:\/\/www.quimidex.com\/wp-content\/uploads\/2025\/01\/Mockup-Quimidex-2025-01-10T131301.618-e1736511234190-300x151.webp 300w, https:\/\/www.quimidex.com\/wp-content\/uploads\/2025\/01\/Mockup-Quimidex-2025-01-10T131301.618-e1736511234190-1024x515.webp 1024w, https:\/\/www.quimidex.com\/wp-content\/uploads\/2025\/01\/Mockup-Quimidex-2025-01-10T131301.618-e1736511234190.webp 1200w\" sizes=\"(max-width: 768px) 100vw, 768px\" \/>\t\t\t\t\t\t\t\t\t\t\t\t\t\t\t<\/div>\n\t\t\t\t<\/div>\n\t\t\t\t<\/div>\n\t\t<div class=\"elementor-element elementor-element-0f5fd0b e-con-full e-flex e-con e-parent\" data-id=\"0f5fd0b\" data-element_type=\"container\" data-e-type=\"container\">\n\t\t<div class=\"elementor-element elementor-element-f204b96 e-con-full e-flex e-con e-child\" data-id=\"f204b96\" data-element_type=\"container\" data-e-type=\"container\">\n\t\t\t\t<div class=\"elementor-element elementor-element-cab35e8 elementor-widget__width-initial elementor-widget elementor-widget-heading\" data-id=\"cab35e8\" data-element_type=\"widget\" data-e-type=\"widget\" data-widget_type=\"heading.default\">\n\t\t\t\t\t<h2 class=\"elementor-heading-title elementor-size-default\">Solutions ultra-concentr\u00e9es pour un nettoyage efficace et respectueux de l'environnement<\/h2>\t\t\t\t<\/div>\n\t\t\t\t<div class=\"elementor-element elementor-element-815c282 elementor-widget elementor-widget-text-editor\" data-id=\"815c282\" data-element_type=\"widget\" data-e-type=\"widget\" data-widget_type=\"text-editor.default\">\n\t\t\t\t\t\t\t\t\t<p>Chez Quimidex, nous pensons que la durabilit\u00e9 et l'efficacit\u00e9 peuvent aller de pair. C'est pourquoi nous avons d\u00e9velopp\u00e9 Greenbag, une gamme de solutions con\u00e7ues pour optimiser le nettoyage professionnel tout en r\u00e9duisant l'impact sur l'environnement. Ce syst\u00e8me innovant, bas\u00e9 sur des sacs ultra-concentr\u00e9s et de haute technologie, offre une solution compl\u00e8te qui privil\u00e9gie \u00e0 la fois la performance et le respect de l'environnement.<\/p>\t\t\t\t\t\t\t\t<\/div>\n\t\t\t\t<div class=\"elementor-element elementor-element-b2d2f79 elementor-widget elementor-widget-text-editor\" data-id=\"b2d2f79\" data-element_type=\"widget\" data-e-type=\"widget\" data-widget_type=\"text-editor.default\">\n\t\t\t\t\t\t\t\t\t<p>R\u00e9duction des d\u00e9chets et empreinte environnementale<\/p>\t\t\t\t\t\t\t\t<\/div>\n\t\t\t\t<div class=\"elementor-element elementor-element-0325d62 elementor-widget elementor-widget-text-editor\" data-id=\"0325d62\" data-element_type=\"widget\" data-e-type=\"widget\" data-widget_type=\"text-editor.default\">\n\t\t\t\t\t\t\t\t\t<p>Gr\u00e2ce \u00e0 sa conception compacte et concentr\u00e9e, le Greenbag minimise consid\u00e9rablement la quantit\u00e9 de d\u00e9chets g\u00e9n\u00e9r\u00e9s, tels que les emballages et les produits inutilis\u00e9s, tout en r\u00e9duisant les \u00e9missions de CO2 dues au transport et au stockage.<\/p>\t\t\t\t\t\t\t\t<\/div>\n\t\t\t\t<div class=\"elementor-element elementor-element-1c9c95c elementor-widget elementor-widget-text-editor\" data-id=\"1c9c95c\" data-element_type=\"widget\" data-e-type=\"widget\" data-widget_type=\"text-editor.default\">\n\t\t\t\t\t\t\t\t\t<p>Dosage intelligent<\/p>\t\t\t\t\t\t\t\t<\/div>\n\t\t\t\t<div class=\"elementor-element elementor-element-6791da1 elementor-widget elementor-widget-text-editor\" data-id=\"6791da1\" data-element_type=\"widget\" data-e-type=\"widget\" data-widget_type=\"text-editor.default\">\n\t\t\t\t\t\t\t\t\tChaque sac Greenbag est \u00e9quip\u00e9 d'un syst\u00e8me de contr\u00f4le avanc\u00e9 qui permet d'ajuster la quantit\u00e9 exacte de produit n\u00e9cessaire \u00e0 chaque utilisation. Cela permet de maximiser chaque goutte, d'\u00e9viter les d\u00e9chets inutiles et de garantir une utilisation \u00e9conomique et efficace.\t\t\t\t\t\t\t\t<\/div>\n\t\t\t\t<\/div>\n\t\t<div class=\"elementor-element elementor-element-2ae8dba e-con-full e-flex e-con e-child\" data-id=\"2ae8dba\" data-element_type=\"container\" data-e-type=\"container\">\n\t\t\t\t<div class=\"elementor-element elementor-element-d17e696 elementor-widget elementor-widget-text-editor\" data-id=\"d17e696\" data-element_type=\"widget\" data-e-type=\"widget\" data-widget_type=\"text-editor.default\">\n\t\t\t\t\t\t\t\t\t<p>Simplicit\u00e9 op\u00e9rationnelle<\/p>\t\t\t\t\t\t\t\t<\/div>\n\t\t\t\t<div class=\"elementor-element elementor-element-b15d2ee elementor-widget elementor-widget-text-editor\" data-id=\"b15d2ee\" data-element_type=\"widget\" data-e-type=\"widget\" data-widget_type=\"text-editor.default\">\n\t\t\t\t\t\t\t\t\tL'installation du syst\u00e8me est rapide et facile, sans n\u00e9cessiter d'outils suppl\u00e9mentaires. En outre, sa conception intuitive et fonctionnelle permet aux \u00e9quipes de nettoyage de manipuler facilement le produit, ce qui permet de gagner du temps et d'\u00e9conomiser des efforts dans chaque application.\t\t\t\t\t\t\t\t<\/div>\n\t\t\t\t<div class=\"elementor-element elementor-element-4612dc7 elementor-widget elementor-widget-text-editor\" data-id=\"4612dc7\" data-element_type=\"widget\" data-e-type=\"widget\" data-widget_type=\"text-editor.default\">\n\t\t\t\t\t\t\t\t\t<p>Syst\u00e8mes intelligents et connectivit\u00e9<\/p>\t\t\t\t\t\t\t\t<\/div>\n\t\t\t\t<div class=\"elementor-element elementor-element-fdc1bac elementor-widget elementor-widget-text-editor\" data-id=\"fdc1bac\" data-element_type=\"widget\" data-e-type=\"widget\" data-widget_type=\"text-editor.default\">\n\t\t\t\t\t\t\t\t\t<p>L'\u00e9quipement int\u00e9gr\u00e9 de Greenbag est con\u00e7u avec une connectivit\u00e9 avanc\u00e9e, permettant le r\u00e9glage \u00e0 distance du dosage du produit via une application d\u00e9di\u00e9e. Cela permet non seulement d'optimiser l'utilisation, mais aussi de fournir des rapports d\u00e9taill\u00e9s sur la consommation, les co\u00fbts et les incidents \u00e9ventuels, ce qui donne aux utilisateurs un contr\u00f4le total sur le processus.<\/p>\t\t\t\t\t\t\t\t<\/div>\n\t\t\t\t<div class=\"elementor-element elementor-element-7f2a1f8 elementor-widget elementor-widget-text-editor\" data-id=\"7f2a1f8\" data-element_type=\"widget\" data-e-type=\"widget\" data-widget_type=\"text-editor.default\">\n\t\t\t\t\t\t\t\t\t<p>Adaptation \u00e0 diff\u00e9rentes surfaces<\/p>\t\t\t\t\t\t\t\t<\/div>\n\t\t\t\t<div class=\"elementor-element elementor-element-0c7be9b elementor-widget elementor-widget-text-editor\" data-id=\"0c7be9b\" data-element_type=\"widget\" data-e-type=\"widget\" data-widget_type=\"text-editor.default\">\n\t\t\t\t\t\t\t\t\t<p>Des grands espaces tels que les couloirs et les salles communes aux espaces plus petits et plus d\u00e9licats, <strong>Greenbag<\/strong> offre une solution personnalis\u00e9e pour chaque besoin, en maintenant toujours un niveau de propret\u00e9 sup\u00e9rieur.<\/p>\t\t\t\t\t\t\t\t<\/div>\n\t\t\t\t<\/div>\n\t\t\t\t<\/div>\n\t\t<div class=\"elementor-element elementor-element-b37a94f e-flex e-con-boxed e-con e-parent\" data-id=\"b37a94f\" data-element_type=\"container\" data-e-type=\"container\">\n\t\t\t\t\t<div class=\"e-con-inner\">\n\t\t\t\t<div class=\"elementor-element elementor-element-82c510b elementor-mobile-align-left elementor-widget-mobile__width-initial elementor-align-center elementor-widget elementor-widget-button\" data-id=\"82c510b\" data-element_type=\"widget\" data-e-type=\"widget\" data-widget_type=\"button.default\">\n\t\t\t\t\t\t\t\t\t\t<a class=\"elementor-button elementor-button-link elementor-size-sm\" href=\"https:\/\/www.quimidex.com\/fr\/contact\/\">\n\t\t\t\t\t\t<span class=\"elementor-button-content-wrapper\">\n\t\t\t\t\t\t\t\t\t<span class=\"elementor-button-text\">Demander les tarifs<\/span>\n\t\t\t\t\t<\/span>\n\t\t\t\t\t<\/a>\n\t\t\t\t\t\t\t\t<\/div>\n\t\t\t\t\t<\/div>\n\t\t\t\t<\/div>\n\t\t\t\t<\/div>","protected":false},"excerpt":{"rendered":"<p>Quimidex Greenbag Innovaci\u00f3n y Sostenibilidad Soluciones ultraconcentradas para una limpieza eficiente y respetuosa con el medio ambiente En Quimidex creemos que la sostenibilidad y la eficiencia pueden ir de la mano. Por eso hemos desarrollado Greenbag, una gama de soluciones dise\u00f1adas para optimizar la limpieza profesional reduciendo el impacto ambiental. Este innovador sistema, basado en [&hellip;]<\/p>\n","protected":false},"author":1,"featured_media":0,"parent":2029,"menu_order":0,"comment_status":"closed","ping_status":"closed","template":"elementor_header_footer","meta":{"footnotes":""},"class_list":["post-2428","page","type-page","status-publish","hentry"],"yoast_head":"<!-- This site is optimized with the Yoast SEO Premium plugin v25.2 (Yoast SEO v27.1.1) - https:\/\/yoast.com\/product\/yoast-seo-premium-wordpress\/ -->\n<title>Quimidex Greenbag | Quimidex<\/title>\n<meta name=\"robots\" content=\"index, follow, max-snippet:-1, max-image-preview:large, max-video-preview:-1\" \/>\n<link rel=\"canonical\" href=\"https:\/\/www.quimidex.com\/fr\/catalogues\/quimidex-greenbag\/\" \/>\n<meta property=\"og:locale\" content=\"fr_FR\" \/>\n<meta property=\"og:type\" content=\"article\" \/>\n<meta property=\"og:title\" content=\"Quimidex Greenbag\" \/>\n<meta property=\"og:description\" content=\"Quimidex Greenbag Innovaci\u00f3n y Sostenibilidad Soluciones ultraconcentradas para una limpieza eficiente y respetuosa con el medio ambiente En Quimidex creemos que la sostenibilidad y la eficiencia pueden ir de la mano. Por eso hemos desarrollado Greenbag, una gama de soluciones dise\u00f1adas para optimizar la limpieza profesional reduciendo el impacto ambiental. Este innovador sistema, basado en [&hellip;]\" \/>\n<meta property=\"og:url\" content=\"https:\/\/www.quimidex.com\/fr\/catalogues\/quimidex-greenbag\/\" \/>\n<meta property=\"og:site_name\" content=\"Quimidex\" \/>\n<meta property=\"article:modified_time\" content=\"2025-01-10T16:27:31+00:00\" \/>\n<meta property=\"og:image\" content=\"https:\/\/www.quimidex.com\/wp-content\/uploads\/2025\/01\/BIOCIDAL-DISINFECTANT-5.png\" \/>\n\t<meta property=\"og:image:width\" content=\"500\" \/>\n\t<meta property=\"og:image:height\" content=\"500\" \/>\n\t<meta property=\"og:image:type\" content=\"image\/png\" \/>\n<meta name=\"twitter:card\" content=\"summary_large_image\" \/>\n<meta name=\"twitter:label1\" content=\"Dur\u00e9e de lecture estim\u00e9e\" \/>\n\t<meta name=\"twitter:data1\" content=\"2 minutes\" \/>\n<script type=\"application\/ld+json\" class=\"yoast-schema-graph\">{\"@context\":\"https:\/\/schema.org\",\"@graph\":[{\"@type\":\"WebPage\",\"@id\":\"https:\/\/www.quimidex.com\/catalogos\/quimidex-greenbag\/\",\"url\":\"https:\/\/www.quimidex.com\/catalogos\/quimidex-greenbag\/\",\"name\":\"Quimidex Greenbag | Quimidex\",\"isPartOf\":{\"@id\":\"https:\/\/www.quimidex.com\/#website\"},\"primaryImageOfPage\":{\"@id\":\"https:\/\/www.quimidex.com\/catalogos\/quimidex-greenbag\/#primaryimage\"},\"image\":{\"@id\":\"https:\/\/www.quimidex.com\/catalogos\/quimidex-greenbag\/#primaryimage\"},\"thumbnailUrl\":\"https:\/\/www.quimidex.com\/wp-content\/uploads\/2025\/01\/BIOCIDAL-DISINFECTANT-5.png\",\"datePublished\":\"2025-01-10T12:03:54+00:00\",\"dateModified\":\"2025-01-10T16:27:31+00:00\",\"breadcrumb\":{\"@id\":\"https:\/\/www.quimidex.com\/catalogos\/quimidex-greenbag\/#breadcrumb\"},\"inLanguage\":\"fr-FR\",\"potentialAction\":[{\"@type\":\"ReadAction\",\"target\":[\"https:\/\/www.quimidex.com\/catalogos\/quimidex-greenbag\/\"]}]},{\"@type\":\"ImageObject\",\"inLanguage\":\"fr-FR\",\"@id\":\"https:\/\/www.quimidex.com\/catalogos\/quimidex-greenbag\/#primaryimage\",\"url\":\"https:\/\/www.quimidex.com\/wp-content\/uploads\/2025\/01\/BIOCIDAL-DISINFECTANT-5.png\",\"contentUrl\":\"https:\/\/www.quimidex.com\/wp-content\/uploads\/2025\/01\/BIOCIDAL-DISINFECTANT-5.png\"},{\"@type\":\"BreadcrumbList\",\"@id\":\"https:\/\/www.quimidex.com\/catalogos\/quimidex-greenbag\/#breadcrumb\",\"itemListElement\":[{\"@type\":\"ListItem\",\"position\":1,\"name\":\"Home\",\"item\":\"https:\/\/www.quimidex.com\/\"},{\"@type\":\"ListItem\",\"position\":2,\"name\":\"Cat\u00e1logos\",\"item\":\"https:\/\/www.quimidex.com\/catalogos\/\"},{\"@type\":\"ListItem\",\"position\":3,\"name\":\"Quimidex Greenbag\"}]},{\"@type\":\"WebSite\",\"@id\":\"https:\/\/www.quimidex.com\/#website\",\"url\":\"https:\/\/www.quimidex.com\/\",\"name\":\"Quimidex\",\"description\":\"Proveedores de productos de limpieza\",\"publisher\":{\"@id\":\"https:\/\/www.quimidex.com\/#organization\"},\"potentialAction\":[{\"@type\":\"SearchAction\",\"target\":{\"@type\":\"EntryPoint\",\"urlTemplate\":\"https:\/\/www.quimidex.com\/?s={search_term_string}\"},\"query-input\":{\"@type\":\"PropertyValueSpecification\",\"valueRequired\":true,\"valueName\":\"search_term_string\"}}],\"inLanguage\":\"fr-FR\"},{\"@type\":\"Organization\",\"@id\":\"https:\/\/www.quimidex.com\/#organization\",\"name\":\"Quimidex\",\"url\":\"https:\/\/www.quimidex.com\/\",\"logo\":{\"@type\":\"ImageObject\",\"inLanguage\":\"fr-FR\",\"@id\":\"https:\/\/www.quimidex.com\/#\/schema\/logo\/image\/\",\"url\":\"https:\/\/www.quimidex.com\/wp-content\/uploads\/2024\/12\/cropped-Mockup-Quimidex-8-1.png\",\"contentUrl\":\"https:\/\/www.quimidex.com\/wp-content\/uploads\/2024\/12\/cropped-Mockup-Quimidex-8-1.png\",\"width\":512,\"height\":512,\"caption\":\"Quimidex\"},\"image\":{\"@id\":\"https:\/\/www.quimidex.com\/#\/schema\/logo\/image\/\"}}]}<\/script>\n<!-- \/ Yoast SEO Premium plugin. -->","yoast_head_json":{"title":"Quimidex Greenbag : Quimidex","robots":{"index":"index","follow":"follow","max-snippet":"max-snippet:-1","max-image-preview":"max-image-preview:large","max-video-preview":"max-video-preview:-1"},"canonical":"https:\/\/www.quimidex.com\/fr\/catalogues\/quimidex-greenbag\/","og_locale":"fr_FR","og_type":"article","og_title":"Quimidex Greenbag","og_description":"Quimidex Greenbag Innovaci\u00f3n y Sostenibilidad Soluciones ultraconcentradas para una limpieza eficiente y respetuosa con el medio ambiente En Quimidex creemos que la sostenibilidad y la eficiencia pueden ir de la mano. Por eso hemos desarrollado Greenbag, una gama de soluciones dise\u00f1adas para optimizar la limpieza profesional reduciendo el impacto ambiental. Este innovador sistema, basado en [&hellip;]","og_url":"https:\/\/www.quimidex.com\/fr\/catalogues\/quimidex-greenbag\/","og_site_name":"Quimidex","article_modified_time":"2025-01-10T16:27:31+00:00","og_image":[{"width":500,"height":500,"url":"https:\/\/www.quimidex.com\/wp-content\/uploads\/2025\/01\/BIOCIDAL-DISINFECTANT-5.png","type":"image\/png"}],"twitter_card":"summary_large_image","twitter_misc":{"Dur\u00e9e de lecture estim\u00e9e":"2 minutes"},"schema":{"@context":"https:\/\/schema.org","@graph":[{"@type":"WebPage","@id":"https:\/\/www.quimidex.com\/catalogos\/quimidex-greenbag\/","url":"https:\/\/www.quimidex.com\/catalogos\/quimidex-greenbag\/","name":"Quimidex Greenbag : Quimidex","isPartOf":{"@id":"https:\/\/www.quimidex.com\/#website"},"primaryImageOfPage":{"@id":"https:\/\/www.quimidex.com\/catalogos\/quimidex-greenbag\/#primaryimage"},"image":{"@id":"https:\/\/www.quimidex.com\/catalogos\/quimidex-greenbag\/#primaryimage"},"thumbnailUrl":"https:\/\/www.quimidex.com\/wp-content\/uploads\/2025\/01\/BIOCIDAL-DISINFECTANT-5.png","datePublished":"2025-01-10T12:03:54+00:00","dateModified":"2025-01-10T16:27:31+00:00","breadcrumb":{"@id":"https:\/\/www.quimidex.com\/catalogos\/quimidex-greenbag\/#breadcrumb"},"inLanguage":"fr-FR","potentialAction":[{"@type":"ReadAction","target":["https:\/\/www.quimidex.com\/catalogos\/quimidex-greenbag\/"]}]},{"@type":"ImageObject","inLanguage":"fr-FR","@id":"https:\/\/www.quimidex.com\/catalogos\/quimidex-greenbag\/#primaryimage","url":"https:\/\/www.quimidex.com\/wp-content\/uploads\/2025\/01\/BIOCIDAL-DISINFECTANT-5.png","contentUrl":"https:\/\/www.quimidex.com\/wp-content\/uploads\/2025\/01\/BIOCIDAL-DISINFECTANT-5.png"},{"@type":"BreadcrumbList","@id":"https:\/\/www.quimidex.com\/catalogos\/quimidex-greenbag\/#breadcrumb","itemListElement":[{"@type":"ListItem","position":1,"name":"Home","item":"https:\/\/www.quimidex.com\/"},{"@type":"ListItem","position":2,"name":"Cat\u00e1logos","item":"https:\/\/www.quimidex.com\/catalogos\/"},{"@type":"ListItem","position":3,"name":"Quimidex Greenbag"}]},{"@type":"WebSite","@id":"https:\/\/www.quimidex.com\/#website","url":"https:\/\/www.quimidex.com\/","name":"Quimidex","description":"Fournisseurs de produits de nettoyage","publisher":{"@id":"https:\/\/www.quimidex.com\/#organization"},"potentialAction":[{"@type":"SearchAction","target":{"@type":"EntryPoint","urlTemplate":"https:\/\/www.quimidex.com\/?s={search_term_string}"},"query-input":{"@type":"PropertyValueSpecification","valueRequired":true,"valueName":"search_term_string"}}],"inLanguage":"fr-FR"},{"@type":"Organization","@id":"https:\/\/www.quimidex.com\/#organization","name":"Quimidex","url":"https:\/\/www.quimidex.com\/","logo":{"@type":"ImageObject","inLanguage":"fr-FR","@id":"https:\/\/www.quimidex.com\/#\/schema\/logo\/image\/","url":"https:\/\/www.quimidex.com\/wp-content\/uploads\/2024\/12\/cropped-Mockup-Quimidex-8-1.png","contentUrl":"https:\/\/www.quimidex.com\/wp-content\/uploads\/2024\/12\/cropped-Mockup-Quimidex-8-1.png","width":512,"height":512,"caption":"Quimidex"},"image":{"@id":"https:\/\/www.quimidex.com\/#\/schema\/logo\/image\/"}}]}},"_links":{"self":[{"href":"https:\/\/www.quimidex.com\/fr\/wp-json\/wp\/v2\/pages\/2428","targetHints":{"allow":["GET"]}}],"collection":[{"href":"https:\/\/www.quimidex.com\/fr\/wp-json\/wp\/v2\/pages"}],"about":[{"href":"https:\/\/www.quimidex.com\/fr\/wp-json\/wp\/v2\/types\/page"}],"author":[{"embeddable":true,"href":"https:\/\/www.quimidex.com\/fr\/wp-json\/wp\/v2\/users\/1"}],"replies":[{"embeddable":true,"href":"https:\/\/www.quimidex.com\/fr\/wp-json\/wp\/v2\/comments?post=2428"}],"version-history":[{"count":13,"href":"https:\/\/www.quimidex.com\/fr\/wp-json\/wp\/v2\/pages\/2428\/revisions"}],"predecessor-version":[{"id":2597,"href":"https:\/\/www.quimidex.com\/fr\/wp-json\/wp\/v2\/pages\/2428\/revisions\/2597"}],"up":[{"embeddable":true,"href":"https:\/\/www.quimidex.com\/fr\/wp-json\/wp\/v2\/pages\/2029"}],"wp:attachment":[{"href":"https:\/\/www.quimidex.com\/fr\/wp-json\/wp\/v2\/media?parent=2428"}],"curies":[{"name":"wp","href":"https:\/\/api.w.org\/{rel}","templated":true}]}}