{"id":2217,"date":"2025-01-09T10:45:23","date_gmt":"2025-01-09T10:45:23","guid":{"rendered":"https:\/\/www.quimidex.com\/?page_id=2217"},"modified":"2025-01-10T16:28:12","modified_gmt":"2025-01-10T16:28:12","slug":"quimidex-maticpack","status":"publish","type":"page","link":"https:\/\/www.quimidex.com\/fr\/catalogues\/quimidex-maticpack\/","title":{"rendered":"Quimidex Maticpack"},"content":{"rendered":"<div data-elementor-type=\"wp-page\" data-elementor-id=\"2217\" class=\"elementor elementor-2217\" data-elementor-post-type=\"page\">\n\t\t\t\t<div class=\"elementor-element elementor-element-9397c56 e-con-full e-flex e-con e-parent\" data-id=\"9397c56\" data-element_type=\"container\" data-e-type=\"container\">\n\t\t<div class=\"elementor-element elementor-element-4bbad8f e-con-full e-flex e-con e-child\" data-id=\"4bbad8f\" data-element_type=\"container\" data-e-type=\"container\">\n\t\t\t\t<div class=\"elementor-element elementor-element-50d893f elementor-widget__width-initial elementor-widget elementor-widget-heading\" data-id=\"50d893f\" data-element_type=\"widget\" data-e-type=\"widget\" data-widget_type=\"heading.default\">\n\t\t\t\t\t<h2 class=\"elementor-heading-title elementor-size-default\">Quimidex Maticpack<\/h2>\t\t\t\t<\/div>\n\t\t\t\t<div class=\"elementor-element elementor-element-4001aa5 elementor-widget elementor-widget-heading\" data-id=\"4001aa5\" data-element_type=\"widget\" data-e-type=\"widget\" data-widget_type=\"heading.default\">\n\t\t\t\t\t<span class=\"elementor-heading-title elementor-size-default\">syst\u00e8me exclusif dot\u00e9 de la technologie la plus avanc\u00e9e pour les lave-vaisselle\n\n\n<\/span>\t\t\t\t<\/div>\n\t\t<div class=\"elementor-element elementor-element-6535aa1 e-con-full e-grid e-con e-child\" data-id=\"6535aa1\" data-element_type=\"container\" data-e-type=\"container\">\n\t\t\t\t<div class=\"elementor-element elementor-element-6efc5f6 elementor-widget elementor-widget-image\" data-id=\"6efc5f6\" data-element_type=\"widget\" data-e-type=\"widget\" data-widget_type=\"image.default\">\n\t\t\t\t\t\t\t\t\t\t\t\t\t\t\t<img decoding=\"async\" width=\"133\" height=\"161\" src=\"https:\/\/www.quimidex.com\/wp-content\/uploads\/2025\/01\/ecolabel-logo.png\" class=\"attachment-large size-large wp-image-2078\" alt=\"\" \/>\t\t\t\t\t\t\t\t\t\t\t\t\t\t\t<\/div>\n\t\t\t\t<div class=\"elementor-element elementor-element-bd2f6a6 elementor-widget elementor-widget-image\" data-id=\"bd2f6a6\" data-element_type=\"widget\" data-e-type=\"widget\" data-widget_type=\"image.default\">\n\t\t\t\t\t\t\t\t\t\t\t\t\t\t\t<img fetchpriority=\"high\" decoding=\"async\" width=\"500\" height=\"500\" src=\"https:\/\/www.quimidex.com\/wp-content\/uploads\/2025\/01\/BIOCIDAL-DISINFECTANT-1.webp\" class=\"attachment-medium_large size-medium_large wp-image-2096\" alt=\"\" \/>\t\t\t\t\t\t\t\t\t\t\t\t\t\t\t<\/div>\n\t\t\t\t<div class=\"elementor-element elementor-element-3d73f05 elementor-widget elementor-widget-image\" data-id=\"3d73f05\" data-element_type=\"widget\" data-e-type=\"widget\" data-widget_type=\"image.default\">\n\t\t\t\t\t\t\t\t\t\t\t\t\t\t\t<img decoding=\"async\" width=\"500\" height=\"364\" src=\"https:\/\/www.quimidex.com\/wp-content\/uploads\/2025\/01\/BIOCIDAL-DISINFECTANT-2-e1736415698528.webp\" class=\"attachment-medium_large size-medium_large wp-image-2097\" alt=\"\" \/>\t\t\t\t\t\t\t\t\t\t\t\t\t\t\t<\/div>\n\t\t\t\t<div class=\"elementor-element elementor-element-b727967 elementor-widget elementor-widget-image\" data-id=\"b727967\" data-element_type=\"widget\" data-e-type=\"widget\" data-widget_type=\"image.default\">\n\t\t\t\t\t\t\t\t\t\t\t\t\t\t\t<img loading=\"lazy\" decoding=\"async\" width=\"500\" height=\"500\" src=\"https:\/\/www.quimidex.com\/wp-content\/uploads\/2025\/01\/BIOCIDAL-DISINFECTANT-3.webp\" class=\"attachment-medium_large size-medium_large wp-image-2098\" alt=\"\" \/>\t\t\t\t\t\t\t\t\t\t\t\t\t\t\t<\/div>\n\t\t\t\t<div class=\"elementor-element elementor-element-a2d7666 elementor-widget elementor-widget-image\" data-id=\"a2d7666\" data-element_type=\"widget\" data-e-type=\"widget\" data-widget_type=\"image.default\">\n\t\t\t\t\t\t\t\t\t\t\t\t\t\t\t<img loading=\"lazy\" decoding=\"async\" width=\"500\" height=\"500\" src=\"https:\/\/www.quimidex.com\/wp-content\/uploads\/2025\/01\/BIOCIDAL-DISINFECTANT-4.png\" class=\"attachment-medium_large size-medium_large wp-image-2099\" alt=\"\" \/>\t\t\t\t\t\t\t\t\t\t\t\t\t\t\t<\/div>\n\t\t\t\t<div class=\"elementor-element elementor-element-be0b084 elementor-widget elementor-widget-image\" data-id=\"be0b084\" data-element_type=\"widget\" data-e-type=\"widget\" data-widget_type=\"image.default\">\n\t\t\t\t\t\t\t\t\t\t\t\t\t\t\t<img loading=\"lazy\" decoding=\"async\" width=\"500\" height=\"500\" src=\"https:\/\/www.quimidex.com\/wp-content\/uploads\/2025\/01\/BIOCIDAL-DISINFECTANT-5.png\" class=\"attachment-medium_large size-medium_large wp-image-2100\" alt=\"\" \/>\t\t\t\t\t\t\t\t\t\t\t\t\t\t\t<\/div>\n\t\t\t\t<\/div>\n\t\t\t\t<div class=\"elementor-element elementor-element-25251b8 elementor-widget elementor-widget-image\" data-id=\"25251b8\" data-element_type=\"widget\" data-e-type=\"widget\" data-widget_type=\"image.default\">\n\t\t\t\t\t\t\t\t\t\t\t\t\t\t\t<img loading=\"lazy\" decoding=\"async\" width=\"768\" height=\"394\" src=\"https:\/\/www.quimidex.com\/wp-content\/uploads\/2025\/01\/maticpack-bodegon-1024x525-1-768x394.jpg\" class=\"attachment-medium_large size-medium_large wp-image-1716\" alt=\"\" srcset=\"https:\/\/www.quimidex.com\/wp-content\/uploads\/2025\/01\/maticpack-bodegon-1024x525-1-768x394.jpg 768w, https:\/\/www.quimidex.com\/wp-content\/uploads\/2025\/01\/maticpack-bodegon-1024x525-1-600x308.jpg 600w, https:\/\/www.quimidex.com\/wp-content\/uploads\/2025\/01\/maticpack-bodegon-1024x525-1-300x154.jpg 300w, https:\/\/www.quimidex.com\/wp-content\/uploads\/2025\/01\/maticpack-bodegon-1024x525-1.jpg 1024w\" sizes=\"(max-width: 768px) 100vw, 768px\" \/>\t\t\t\t\t\t\t\t\t\t\t\t\t\t\t<\/div>\n\t\t\t\t<\/div>\n\t\t\t\t<\/div>\n\t\t<div class=\"elementor-element elementor-element-0f5fd0b e-con-full e-flex e-con e-parent\" data-id=\"0f5fd0b\" data-element_type=\"container\" data-e-type=\"container\">\n\t\t<div class=\"elementor-element elementor-element-f204b96 e-con-full e-flex e-con e-child\" data-id=\"f204b96\" data-element_type=\"container\" data-e-type=\"container\">\n\t\t\t\t<div class=\"elementor-element elementor-element-cab35e8 elementor-widget__width-initial elementor-widget elementor-widget-heading\" data-id=\"cab35e8\" data-element_type=\"widget\" data-e-type=\"widget\" data-widget_type=\"heading.default\">\n\t\t\t\t\t<h2 class=\"elementor-heading-title elementor-size-default\">Syst\u00e8me techno-\u00e9cologique de produits ultra-concentr\u00e9s pour le lavage automatique de la vaisselle\n\n<\/h2>\t\t\t\t<\/div>\n\t\t\t\t<div class=\"elementor-element elementor-element-815c282 elementor-widget elementor-widget-text-editor\" data-id=\"815c282\" data-element_type=\"widget\" data-e-type=\"widget\" data-widget_type=\"text-editor.default\">\n\t\t\t\t\t\t\t\t\t<p>Quimidex Professional, pr\u00e9sente un nouveau syst\u00e8me exclusif avec la technologie la plus avanc\u00e9e pour les machines \u00e0 laver la vaisselle, indiqu\u00e9 pour obtenir les meilleurs r\u00e9sultats au co\u00fbt minimum en mati\u00e8re d'hygi\u00e8ne et de d\u00e9sinfection pour le lavage automatique de la vaisselle. MATICpack est un syst\u00e8me de lavage automatique de la vaisselle et de la verrerie, \u00e0 base de d\u00e9tergents liquides concentr\u00e9s et de produits de rin\u00e7age, conditionn\u00e9s dans un sac techno-\u00e9cologique.<\/p>\t\t\t\t\t\t\t\t<\/div>\n\t\t\t\t<div class=\"elementor-element elementor-element-bac245c elementor-widget elementor-widget-text-editor\" data-id=\"bac245c\" data-element_type=\"widget\" data-e-type=\"widget\" data-widget_type=\"text-editor.default\">\n\t\t\t\t\t\t\t\t\t<p>LE MEILLEUR R\u00c9SULTAT AU MOINDRE CO\u00dbT<\/p>\t\t\t\t\t\t\t\t<\/div>\n\t\t\t\t<div class=\"elementor-element elementor-element-c2d2065 elementor-widget elementor-widget-text-editor\" data-id=\"c2d2065\" data-element_type=\"widget\" data-e-type=\"widget\" data-widget_type=\"text-editor.default\">\n\t\t\t\t\t\t\t\t\t<p>- Rentable.<br \/>- R\u00e9sultats optimaux.<br \/>- Syst\u00e8me s\u00fbr et innovant.<br \/>- Fonctionnalit\u00e9 op\u00e9rationnelle.<br \/>- R\u00e9duit le volume des d\u00e9chets plastiques. Jusqu'\u00e0 48% d'\u00e9conomies par rapport aux produits liquides conventionnels.<\/p>\t\t\t\t\t\t\t\t<\/div>\n\t\t\t\t<div class=\"elementor-element elementor-element-08017b5 elementor-widget elementor-widget-text-editor\" data-id=\"08017b5\" data-element_type=\"widget\" data-e-type=\"widget\" data-widget_type=\"text-editor.default\">\n\t\t\t\t\t\t\t\t\t<p>DOSAGE INTELLIGENT<\/p>\t\t\t\t\t\t\t\t<\/div>\n\t\t\t\t<div class=\"elementor-element elementor-element-92fcb86 elementor-widget elementor-widget-text-editor\" data-id=\"92fcb86\" data-element_type=\"widget\" data-e-type=\"widget\" data-widget_type=\"text-editor.default\">\n\t\t\t\t\t\t\t\t\t<p>Permet de contr\u00f4ler le dosage du d\u00e9tergent liquide et du produit de rin\u00e7age \u00e0 l'aide d'un syst\u00e8me de pointe. Contr\u00f4le continu du dosage qui garantit toujours le m\u00eame dosage exact du produit tout au long du processus de lavage.<\/p>\t\t\t\t\t\t\t\t<\/div>\n\t\t\t\t<\/div>\n\t\t<div class=\"elementor-element elementor-element-2ae8dba e-con-full e-flex e-con e-child\" data-id=\"2ae8dba\" data-element_type=\"container\" data-e-type=\"container\">\n\t\t\t\t<div class=\"elementor-element elementor-element-a66caf6 elementor-widget elementor-widget-text-editor\" data-id=\"a66caf6\" data-element_type=\"widget\" data-e-type=\"widget\" data-widget_type=\"text-editor.default\">\n\t\t\t\t\t\t\t\t\t<p>CO\u00dbT MINIMAL ET PERFORMANCE MAXIMALE<\/p>\t\t\t\t\t\t\t\t<\/div>\n\t\t\t\t<div class=\"elementor-element elementor-element-4acb792 elementor-widget elementor-widget-text-editor\" data-id=\"4acb792\" data-element_type=\"widget\" data-e-type=\"widget\" data-widget_type=\"text-editor.default\">\n\t\t\t\t\t\t\t\t\t<p>R\u00e9duit les co\u00fbts de lavage de 48% par rapport aux produits liquides. Un sac de 10 litres \u00e9quivaut \u00e0 2 f\u00fbts de 25 kg de produit liquide, en fonction de la duret\u00e9 de l'eau et du type de lave-vaisselle.<\/p>\t\t\t\t\t\t\t\t<\/div>\n\t\t\t\t<div class=\"elementor-element elementor-element-eedb324 elementor-widget elementor-widget-text-editor\" data-id=\"eedb324\" data-element_type=\"widget\" data-e-type=\"widget\" data-widget_type=\"text-editor.default\">\n\t\t\t\t\t\t\t\t\t<p>TOTAL CONTROL<\/p>\t\t\t\t\t\t\t\t<\/div>\n\t\t\t\t<div class=\"elementor-element elementor-element-ebac922 elementor-widget elementor-widget-text-editor\" data-id=\"ebac922\" data-element_type=\"widget\" data-e-type=\"widget\" data-widget_type=\"text-editor.default\">\n\t\t\t\t\t\t\t\t\t<p>R\u00e9sultats optimaux et fonctionnalit\u00e9 op\u00e9rationnelle gr\u00e2ce au syst\u00e8me de dosage moderne MATICpack.<\/p>\t\t\t\t\t\t\t\t<\/div>\n\t\t\t\t<div class=\"elementor-element elementor-element-6769c38 elementor-widget elementor-widget-text-editor\" data-id=\"6769c38\" data-element_type=\"widget\" data-e-type=\"widget\" data-widget_type=\"text-editor.default\">\n\t\t\t\t\t\t\t\t\t<p>UN SYST\u00c8ME OPTIMAL ET S\u00dbR<\/p>\t\t\t\t\t\t\t\t<\/div>\n\t\t\t\t<div class=\"elementor-element elementor-element-1a790be elementor-widget elementor-widget-text-editor\" data-id=\"1a790be\" data-element_type=\"widget\" data-e-type=\"widget\" data-widget_type=\"text-editor.default\">\n\t\t\t\t\t\t\t\t\t<p>Le format du sac ecopack emp\u00eache le produit d'entrer en contact avec les personnes, \u00e9vitant ainsi d'\u00e9ventuels accidents dus au d\u00e9versement ou \u00e0 l'ingestion. La formule liquide de MATICpack r\u00e9duit consid\u00e9rablement les probl\u00e8mes d'espace et de stockage par rapport aux produits liquides.<\/p>\t\t\t\t\t\t\t\t<\/div>\n\t\t\t\t<div class=\"elementor-element elementor-element-573ff64 elementor-widget elementor-widget-text-editor\" data-id=\"573ff64\" data-element_type=\"widget\" data-e-type=\"widget\" data-widget_type=\"text-editor.default\">\n\t\t\t\t\t\t\t\t\t<p>DOSAGE ET M\u00c9THODE D'UTILISATION<\/p>\t\t\t\t\t\t\t\t<\/div>\n\t\t\t\t<div class=\"elementor-element elementor-element-cddf539 elementor-widget elementor-widget-text-editor\" data-id=\"cddf539\" data-element_type=\"widget\" data-e-type=\"widget\" data-widget_type=\"text-editor.default\">\n\t\t\t\t\t\t\t\t\t<p>Utilis\u00e9 avec notre syst\u00e8me de dosage MATICpack, entre 0,1 et 0,6 gramme\/litre d'eau, en fonction du degr\u00e9 de salissure et de la duret\u00e9 de l'eau. Temp\u00e9rature optimale entre 50-60\u00b0C. Peut \u00eatre utilis\u00e9 sur des pi\u00e8ces en aluminium.<\/p>\t\t\t\t\t\t\t\t<\/div>\n\t\t\t\t<\/div>\n\t\t\t\t<\/div>\n\t\t<div class=\"elementor-element elementor-element-b37a94f e-flex e-con-boxed e-con e-parent\" data-id=\"b37a94f\" data-element_type=\"container\" data-e-type=\"container\">\n\t\t\t\t\t<div class=\"e-con-inner\">\n\t\t\t\t<div class=\"elementor-element elementor-element-82c510b elementor-mobile-align-left elementor-widget-mobile__width-initial elementor-align-center elementor-widget elementor-widget-button\" data-id=\"82c510b\" data-element_type=\"widget\" data-e-type=\"widget\" data-widget_type=\"button.default\">\n\t\t\t\t\t\t\t\t\t\t<a class=\"elementor-button elementor-button-link elementor-size-sm\" href=\"https:\/\/www.quimidex.com\/fr\/contact\/\">\n\t\t\t\t\t\t<span class=\"elementor-button-content-wrapper\">\n\t\t\t\t\t\t\t\t\t<span class=\"elementor-button-text\">Demander les tarifs<\/span>\n\t\t\t\t\t<\/span>\n\t\t\t\t\t<\/a>\n\t\t\t\t\t\t\t\t<\/div>\n\t\t\t\t\t<\/div>\n\t\t\t\t<\/div>\n\t\t\t\t<\/div>","protected":false},"excerpt":{"rendered":"<p>Quimidex Maticpack sistema exclusivo con la m\u00e1s avanzada tecnolog\u00eda para m\u00e1quinas lavavajillas Sistema tecno-ecol\u00f3gico de productos ultraconcentrados para el lavado autom\u00e1tico de vajillas Quimidex Professional, presenta un nuevo sistema exclusivo con la m\u00e1s avanzada tecnolog\u00eda para m\u00e1quinas lavavajillas, indicado para obtener los mejores resultados al m\u00ednimo coste en higiene y desinfecci\u00f3n para el lavado autom\u00e1tico [&hellip;]<\/p>\n","protected":false},"author":1,"featured_media":0,"parent":2029,"menu_order":0,"comment_status":"closed","ping_status":"closed","template":"elementor_header_footer","meta":{"footnotes":""},"class_list":["post-2217","page","type-page","status-publish","hentry"],"yoast_head":"<!-- This site is optimized with the Yoast SEO Premium plugin v25.2 (Yoast SEO v27.1.1) - https:\/\/yoast.com\/product\/yoast-seo-premium-wordpress\/ -->\n<title>Quimidex Maticpack | Quimidex<\/title>\n<meta name=\"robots\" content=\"index, follow, max-snippet:-1, max-image-preview:large, max-video-preview:-1\" \/>\n<link rel=\"canonical\" href=\"https:\/\/www.quimidex.com\/fr\/catalogues\/quimidex-maticpack\/\" \/>\n<meta property=\"og:locale\" content=\"fr_FR\" \/>\n<meta property=\"og:type\" content=\"article\" \/>\n<meta property=\"og:title\" content=\"Quimidex Maticpack\" \/>\n<meta property=\"og:description\" content=\"Quimidex Maticpack sistema exclusivo con la m\u00e1s avanzada tecnolog\u00eda para m\u00e1quinas lavavajillas Sistema tecno-ecol\u00f3gico de productos ultraconcentrados para el lavado autom\u00e1tico de vajillas Quimidex Professional, presenta un nuevo sistema exclusivo con la m\u00e1s avanzada tecnolog\u00eda para m\u00e1quinas lavavajillas, indicado para obtener los mejores resultados al m\u00ednimo coste en higiene y desinfecci\u00f3n para el lavado autom\u00e1tico [&hellip;]\" \/>\n<meta property=\"og:url\" content=\"https:\/\/www.quimidex.com\/fr\/catalogues\/quimidex-maticpack\/\" \/>\n<meta property=\"og:site_name\" content=\"Quimidex\" \/>\n<meta property=\"article:modified_time\" content=\"2025-01-10T16:28:12+00:00\" \/>\n<meta property=\"og:image\" content=\"https:\/\/www.quimidex.com\/wp-content\/uploads\/2025\/01\/ecolabel-logo.png\" \/>\n\t<meta property=\"og:image:width\" content=\"133\" \/>\n\t<meta property=\"og:image:height\" content=\"161\" \/>\n\t<meta property=\"og:image:type\" content=\"image\/png\" \/>\n<meta name=\"twitter:card\" content=\"summary_large_image\" \/>\n<meta name=\"twitter:label1\" content=\"Dur\u00e9e de lecture estim\u00e9e\" \/>\n\t<meta name=\"twitter:data1\" content=\"3 minutes\" \/>\n<script type=\"application\/ld+json\" class=\"yoast-schema-graph\">{\"@context\":\"https:\/\/schema.org\",\"@graph\":[{\"@type\":\"WebPage\",\"@id\":\"https:\/\/www.quimidex.com\/catalogos\/quimidex-maticpack\/\",\"url\":\"https:\/\/www.quimidex.com\/catalogos\/quimidex-maticpack\/\",\"name\":\"Quimidex Maticpack | Quimidex\",\"isPartOf\":{\"@id\":\"https:\/\/www.quimidex.com\/#website\"},\"primaryImageOfPage\":{\"@id\":\"https:\/\/www.quimidex.com\/catalogos\/quimidex-maticpack\/#primaryimage\"},\"image\":{\"@id\":\"https:\/\/www.quimidex.com\/catalogos\/quimidex-maticpack\/#primaryimage\"},\"thumbnailUrl\":\"https:\/\/www.quimidex.com\/wp-content\/uploads\/2025\/01\/ecolabel-logo.png\",\"datePublished\":\"2025-01-09T10:45:23+00:00\",\"dateModified\":\"2025-01-10T16:28:12+00:00\",\"breadcrumb\":{\"@id\":\"https:\/\/www.quimidex.com\/catalogos\/quimidex-maticpack\/#breadcrumb\"},\"inLanguage\":\"fr-FR\",\"potentialAction\":[{\"@type\":\"ReadAction\",\"target\":[\"https:\/\/www.quimidex.com\/catalogos\/quimidex-maticpack\/\"]}]},{\"@type\":\"ImageObject\",\"inLanguage\":\"fr-FR\",\"@id\":\"https:\/\/www.quimidex.com\/catalogos\/quimidex-maticpack\/#primaryimage\",\"url\":\"https:\/\/www.quimidex.com\/wp-content\/uploads\/2025\/01\/ecolabel-logo.png\",\"contentUrl\":\"https:\/\/www.quimidex.com\/wp-content\/uploads\/2025\/01\/ecolabel-logo.png\"},{\"@type\":\"BreadcrumbList\",\"@id\":\"https:\/\/www.quimidex.com\/catalogos\/quimidex-maticpack\/#breadcrumb\",\"itemListElement\":[{\"@type\":\"ListItem\",\"position\":1,\"name\":\"Home\",\"item\":\"https:\/\/www.quimidex.com\/\"},{\"@type\":\"ListItem\",\"position\":2,\"name\":\"Cat\u00e1logos\",\"item\":\"https:\/\/www.quimidex.com\/catalogos\/\"},{\"@type\":\"ListItem\",\"position\":3,\"name\":\"Quimidex Maticpack\"}]},{\"@type\":\"WebSite\",\"@id\":\"https:\/\/www.quimidex.com\/#website\",\"url\":\"https:\/\/www.quimidex.com\/\",\"name\":\"Quimidex\",\"description\":\"Proveedores de productos de limpieza\",\"publisher\":{\"@id\":\"https:\/\/www.quimidex.com\/#organization\"},\"potentialAction\":[{\"@type\":\"SearchAction\",\"target\":{\"@type\":\"EntryPoint\",\"urlTemplate\":\"https:\/\/www.quimidex.com\/?s={search_term_string}\"},\"query-input\":{\"@type\":\"PropertyValueSpecification\",\"valueRequired\":true,\"valueName\":\"search_term_string\"}}],\"inLanguage\":\"fr-FR\"},{\"@type\":\"Organization\",\"@id\":\"https:\/\/www.quimidex.com\/#organization\",\"name\":\"Quimidex\",\"url\":\"https:\/\/www.quimidex.com\/\",\"logo\":{\"@type\":\"ImageObject\",\"inLanguage\":\"fr-FR\",\"@id\":\"https:\/\/www.quimidex.com\/#\/schema\/logo\/image\/\",\"url\":\"https:\/\/www.quimidex.com\/wp-content\/uploads\/2024\/12\/cropped-Mockup-Quimidex-8-1.png\",\"contentUrl\":\"https:\/\/www.quimidex.com\/wp-content\/uploads\/2024\/12\/cropped-Mockup-Quimidex-8-1.png\",\"width\":512,\"height\":512,\"caption\":\"Quimidex\"},\"image\":{\"@id\":\"https:\/\/www.quimidex.com\/#\/schema\/logo\/image\/\"}}]}<\/script>\n<!-- \/ Yoast SEO Premium plugin. -->","yoast_head_json":{"title":"Quimidex Maticpack | Quimidex","robots":{"index":"index","follow":"follow","max-snippet":"max-snippet:-1","max-image-preview":"max-image-preview:large","max-video-preview":"max-video-preview:-1"},"canonical":"https:\/\/www.quimidex.com\/fr\/catalogues\/quimidex-maticpack\/","og_locale":"fr_FR","og_type":"article","og_title":"Quimidex Maticpack","og_description":"Quimidex Maticpack sistema exclusivo con la m\u00e1s avanzada tecnolog\u00eda para m\u00e1quinas lavavajillas Sistema tecno-ecol\u00f3gico de productos ultraconcentrados para el lavado autom\u00e1tico de vajillas Quimidex Professional, presenta un nuevo sistema exclusivo con la m\u00e1s avanzada tecnolog\u00eda para m\u00e1quinas lavavajillas, indicado para obtener los mejores resultados al m\u00ednimo coste en higiene y desinfecci\u00f3n para el lavado autom\u00e1tico [&hellip;]","og_url":"https:\/\/www.quimidex.com\/fr\/catalogues\/quimidex-maticpack\/","og_site_name":"Quimidex","article_modified_time":"2025-01-10T16:28:12+00:00","og_image":[{"width":133,"height":161,"url":"https:\/\/www.quimidex.com\/wp-content\/uploads\/2025\/01\/ecolabel-logo.png","type":"image\/png"}],"twitter_card":"summary_large_image","twitter_misc":{"Dur\u00e9e de lecture estim\u00e9e":"3 minutes"},"schema":{"@context":"https:\/\/schema.org","@graph":[{"@type":"WebPage","@id":"https:\/\/www.quimidex.com\/catalogos\/quimidex-maticpack\/","url":"https:\/\/www.quimidex.com\/catalogos\/quimidex-maticpack\/","name":"Quimidex Maticpack | Quimidex","isPartOf":{"@id":"https:\/\/www.quimidex.com\/#website"},"primaryImageOfPage":{"@id":"https:\/\/www.quimidex.com\/catalogos\/quimidex-maticpack\/#primaryimage"},"image":{"@id":"https:\/\/www.quimidex.com\/catalogos\/quimidex-maticpack\/#primaryimage"},"thumbnailUrl":"https:\/\/www.quimidex.com\/wp-content\/uploads\/2025\/01\/ecolabel-logo.png","datePublished":"2025-01-09T10:45:23+00:00","dateModified":"2025-01-10T16:28:12+00:00","breadcrumb":{"@id":"https:\/\/www.quimidex.com\/catalogos\/quimidex-maticpack\/#breadcrumb"},"inLanguage":"fr-FR","potentialAction":[{"@type":"ReadAction","target":["https:\/\/www.quimidex.com\/catalogos\/quimidex-maticpack\/"]}]},{"@type":"ImageObject","inLanguage":"fr-FR","@id":"https:\/\/www.quimidex.com\/catalogos\/quimidex-maticpack\/#primaryimage","url":"https:\/\/www.quimidex.com\/wp-content\/uploads\/2025\/01\/ecolabel-logo.png","contentUrl":"https:\/\/www.quimidex.com\/wp-content\/uploads\/2025\/01\/ecolabel-logo.png"},{"@type":"BreadcrumbList","@id":"https:\/\/www.quimidex.com\/catalogos\/quimidex-maticpack\/#breadcrumb","itemListElement":[{"@type":"ListItem","position":1,"name":"Home","item":"https:\/\/www.quimidex.com\/"},{"@type":"ListItem","position":2,"name":"Cat\u00e1logos","item":"https:\/\/www.quimidex.com\/catalogos\/"},{"@type":"ListItem","position":3,"name":"Quimidex Maticpack"}]},{"@type":"WebSite","@id":"https:\/\/www.quimidex.com\/#website","url":"https:\/\/www.quimidex.com\/","name":"Quimidex","description":"Fournisseurs de produits de nettoyage","publisher":{"@id":"https:\/\/www.quimidex.com\/#organization"},"potentialAction":[{"@type":"SearchAction","target":{"@type":"EntryPoint","urlTemplate":"https:\/\/www.quimidex.com\/?s={search_term_string}"},"query-input":{"@type":"PropertyValueSpecification","valueRequired":true,"valueName":"search_term_string"}}],"inLanguage":"fr-FR"},{"@type":"Organization","@id":"https:\/\/www.quimidex.com\/#organization","name":"Quimidex","url":"https:\/\/www.quimidex.com\/","logo":{"@type":"ImageObject","inLanguage":"fr-FR","@id":"https:\/\/www.quimidex.com\/#\/schema\/logo\/image\/","url":"https:\/\/www.quimidex.com\/wp-content\/uploads\/2024\/12\/cropped-Mockup-Quimidex-8-1.png","contentUrl":"https:\/\/www.quimidex.com\/wp-content\/uploads\/2024\/12\/cropped-Mockup-Quimidex-8-1.png","width":512,"height":512,"caption":"Quimidex"},"image":{"@id":"https:\/\/www.quimidex.com\/#\/schema\/logo\/image\/"}}]}},"_links":{"self":[{"href":"https:\/\/www.quimidex.com\/fr\/wp-json\/wp\/v2\/pages\/2217","targetHints":{"allow":["GET"]}}],"collection":[{"href":"https:\/\/www.quimidex.com\/fr\/wp-json\/wp\/v2\/pages"}],"about":[{"href":"https:\/\/www.quimidex.com\/fr\/wp-json\/wp\/v2\/types\/page"}],"author":[{"embeddable":true,"href":"https:\/\/www.quimidex.com\/fr\/wp-json\/wp\/v2\/users\/1"}],"replies":[{"embeddable":true,"href":"https:\/\/www.quimidex.com\/fr\/wp-json\/wp\/v2\/comments?post=2217"}],"version-history":[{"count":19,"href":"https:\/\/www.quimidex.com\/fr\/wp-json\/wp\/v2\/pages\/2217\/revisions"}],"predecessor-version":[{"id":2606,"href":"https:\/\/www.quimidex.com\/fr\/wp-json\/wp\/v2\/pages\/2217\/revisions\/2606"}],"up":[{"embeddable":true,"href":"https:\/\/www.quimidex.com\/fr\/wp-json\/wp\/v2\/pages\/2029"}],"wp:attachment":[{"href":"https:\/\/www.quimidex.com\/fr\/wp-json\/wp\/v2\/media?parent=2217"}],"curies":[{"name":"wp","href":"https:\/\/api.w.org\/{rel}","templated":true}]}}