{"id":2195,"date":"2025-01-09T10:30:19","date_gmt":"2025-01-09T10:30:19","guid":{"rendered":"https:\/\/www.quimidex.com\/?page_id=2195"},"modified":"2025-01-10T16:32:18","modified_gmt":"2025-01-10T16:32:18","slug":"quimidex-powerwash","status":"publish","type":"page","link":"https:\/\/www.quimidex.com\/fr\/catalogues\/quimidex-powerwash\/","title":{"rendered":"Quimidex Powerwash"},"content":{"rendered":"<div data-elementor-type=\"wp-page\" data-elementor-id=\"2195\" class=\"elementor elementor-2195\" data-elementor-post-type=\"page\">\n\t\t\t\t<div class=\"elementor-element elementor-element-9397c56 e-con-full e-flex e-con e-parent\" data-id=\"9397c56\" data-element_type=\"container\" data-e-type=\"container\">\n\t\t<div class=\"elementor-element elementor-element-4bbad8f e-con-full e-flex e-con e-child\" data-id=\"4bbad8f\" data-element_type=\"container\" data-e-type=\"container\">\n\t\t\t\t<div class=\"elementor-element elementor-element-50d893f elementor-widget__width-initial elementor-widget elementor-widget-heading\" data-id=\"50d893f\" data-element_type=\"widget\" data-e-type=\"widget\" data-widget_type=\"heading.default\">\n\t\t\t\t\t<h2 class=\"elementor-heading-title elementor-size-default\">Quimidex Powerwash<\/h2>\t\t\t\t<\/div>\n\t\t\t\t<div class=\"elementor-element elementor-element-4001aa5 elementor-widget elementor-widget-heading\" data-id=\"4001aa5\" data-element_type=\"widget\" data-e-type=\"widget\" data-widget_type=\"heading.default\">\n\t\t\t\t\t<span class=\"elementor-heading-title elementor-size-default\">technologie pour les machines \u00e0 laver la vaisselle\n\n\n<\/span>\t\t\t\t<\/div>\n\t\t\t\t<div class=\"elementor-element elementor-element-58cc5a5 elementor-widget elementor-widget-image\" data-id=\"58cc5a5\" data-element_type=\"widget\" data-e-type=\"widget\" data-widget_type=\"image.default\">\n\t\t\t\t\t\t\t\t\t\t\t\t\t\t\t<img fetchpriority=\"high\" decoding=\"async\" width=\"768\" height=\"424\" src=\"https:\/\/www.quimidex.com\/wp-content\/uploads\/2025\/01\/Mockup-Quimidex-2025-01-10T134644.837-e1736513227877-768x424.webp\" class=\"attachment-medium_large size-medium_large wp-image-2460\" alt=\"\" srcset=\"https:\/\/www.quimidex.com\/wp-content\/uploads\/2025\/01\/Mockup-Quimidex-2025-01-10T134644.837-e1736513227877-768x424.webp 768w, https:\/\/www.quimidex.com\/wp-content\/uploads\/2025\/01\/Mockup-Quimidex-2025-01-10T134644.837-e1736513227877-600x331.webp 600w, https:\/\/www.quimidex.com\/wp-content\/uploads\/2025\/01\/Mockup-Quimidex-2025-01-10T134644.837-e1736513227877-300x165.webp 300w, https:\/\/www.quimidex.com\/wp-content\/uploads\/2025\/01\/Mockup-Quimidex-2025-01-10T134644.837-e1736513227877-1024x565.webp 1024w, https:\/\/www.quimidex.com\/wp-content\/uploads\/2025\/01\/Mockup-Quimidex-2025-01-10T134644.837-e1736513227877.webp 1280w\" sizes=\"(max-width: 768px) 100vw, 768px\" \/>\t\t\t\t\t\t\t\t\t\t\t\t\t\t\t<\/div>\n\t\t\t\t<\/div>\n\t\t\t\t<\/div>\n\t\t<div class=\"elementor-element elementor-element-0f5fd0b e-con-full e-flex e-con e-parent\" data-id=\"0f5fd0b\" data-element_type=\"container\" data-e-type=\"container\">\n\t\t<div class=\"elementor-element elementor-element-f204b96 e-con-full e-flex e-con e-child\" data-id=\"f204b96\" data-element_type=\"container\" data-e-type=\"container\">\n\t\t\t\t<div class=\"elementor-element elementor-element-cab35e8 elementor-widget__width-initial elementor-widget elementor-widget-heading\" data-id=\"cab35e8\" data-element_type=\"widget\" data-e-type=\"widget\" data-widget_type=\"heading.default\">\n\t\t\t\t\t<h2 class=\"elementor-heading-title elementor-size-default\">Syst\u00e8me de produits solides ultra-concentr\u00e9s pour le lavage automatique de la vaisselle\n\n<\/h2>\t\t\t\t<\/div>\n\t\t\t\t<div class=\"elementor-element elementor-element-b690817 elementor-widget elementor-widget-text-editor\" data-id=\"b690817\" data-element_type=\"widget\" data-e-type=\"widget\" data-widget_type=\"text-editor.default\">\n\t\t\t\t\t\t\t\t\t<p>LE MEILLEUR R\u00c9SULTAT AU MOINDRE CO\u00dbT<\/p>\t\t\t\t\t\t\t\t<\/div>\n\t\t\t\t<div class=\"elementor-element elementor-element-815c282 elementor-widget elementor-widget-text-editor\" data-id=\"815c282\" data-element_type=\"widget\" data-e-type=\"widget\" data-widget_type=\"text-editor.default\">\n\t\t\t\t\t\t\t\t\t<p>- Rentable.<br \/>- R\u00e9sultats optimaux.<br \/>- Syst\u00e8me s\u00fbr et innovant.<br \/>- Fonctionnalit\u00e9 op\u00e9rationnelle.<br \/>- R\u00e9duit le volume des d\u00e9chets plastiques. Jusqu'\u00e0 48% d'\u00e9conomies par rapport aux produits liquides conventionnels.<\/p>\t\t\t\t\t\t\t\t<\/div>\n\t\t\t\t<div class=\"elementor-element elementor-element-c29b936 elementor-widget elementor-widget-text-editor\" data-id=\"c29b936\" data-element_type=\"widget\" data-e-type=\"widget\" data-widget_type=\"text-editor.default\">\n\t\t\t\t\t\t\t\t\t<p>DOSAGE INTELLIGENT<\/p>\t\t\t\t\t\t\t\t<\/div>\n\t\t\t\t<div class=\"elementor-element elementor-element-2e73e18 elementor-widget elementor-widget-text-editor\" data-id=\"2e73e18\" data-element_type=\"widget\" data-e-type=\"widget\" data-widget_type=\"text-editor.default\">\n\t\t\t\t\t\t\t\t\t<p>Permet de contr\u00f4ler le dosage du d\u00e9tergent compact et du produit de rin\u00e7age au moyen d'un syst\u00e8me de pointe. Contr\u00f4le continu du dosage qui garantit toujours le m\u00eame dosage exact du produit tout au long du processus de lavage.<\/p>\t\t\t\t\t\t\t\t<\/div>\n\t\t\t\t<div class=\"elementor-element elementor-element-56c90d0 elementor-widget elementor-widget-text-editor\" data-id=\"56c90d0\" data-element_type=\"widget\" data-e-type=\"widget\" data-widget_type=\"text-editor.default\">\n\t\t\t\t\t\t\t\t\t<p>CO\u00dbT MINIMAL ET PERFORMANCE MAXIMALE<\/p>\t\t\t\t\t\t\t\t<\/div>\n\t\t\t\t<div class=\"elementor-element elementor-element-e02d972 elementor-widget elementor-widget-text-editor\" data-id=\"e02d972\" data-element_type=\"widget\" data-e-type=\"widget\" data-widget_type=\"text-editor.default\">\n\t\t\t\t\t\t\t\t\t<p>R\u00e9duit les co\u00fbts de lavage de 48% par rapport aux produits liquides. Une capsule de 4,5 kg \u00e9quivaut \u00e0 2 bidons de 20 litres de produit liquide, en fonction de la duret\u00e9 de l'eau et du type de lave-vaisselle.<\/p>\t\t\t\t\t\t\t\t<\/div>\n\t\t\t\t<\/div>\n\t\t<div class=\"elementor-element elementor-element-2ae8dba e-con-full e-flex e-con e-child\" data-id=\"2ae8dba\" data-element_type=\"container\" data-e-type=\"container\">\n\t\t\t\t<div class=\"elementor-element elementor-element-a66caf6 elementor-widget elementor-widget-text-editor\" data-id=\"a66caf6\" data-element_type=\"widget\" data-e-type=\"widget\" data-widget_type=\"text-editor.default\">\n\t\t\t\t\t\t\t\t\t<p>TOTAL CONTROL<\/p>\t\t\t\t\t\t\t\t<\/div>\n\t\t\t\t<div class=\"elementor-element elementor-element-4acb792 elementor-widget elementor-widget-text-editor\" data-id=\"4acb792\" data-element_type=\"widget\" data-e-type=\"widget\" data-widget_type=\"text-editor.default\">\n\t\t\t\t\t\t\t\t\t<p>R\u00e9sultats optimaux et fonctionnalit\u00e9 op\u00e9rationnelle gr\u00e2ce au syst\u00e8me de dosage moderne DEXMATIC POWERWASH.<\/p>\t\t\t\t\t\t\t\t<\/div>\n\t\t\t\t<div class=\"elementor-element elementor-element-eedb324 elementor-widget elementor-widget-text-editor\" data-id=\"eedb324\" data-element_type=\"widget\" data-e-type=\"widget\" data-widget_type=\"text-editor.default\">\n\t\t\t\t\t\t\t\t\t<p>UN SYST\u00c8ME OPTIMAL ET S\u00dbR<\/p>\t\t\t\t\t\t\t\t<\/div>\n\t\t\t\t<div class=\"elementor-element elementor-element-ebac922 elementor-widget elementor-widget-text-editor\" data-id=\"ebac922\" data-element_type=\"widget\" data-e-type=\"widget\" data-widget_type=\"text-editor.default\">\n\t\t\t\t\t\t\t\t\t<p>Le format en capsule du d\u00e9tergent emp\u00eache le produit d'entrer en contact avec les personnes, \u00e9vitant ainsi les accidents \u00e9ventuels dus au d\u00e9versement ou \u00e0 l'ingestion. La formulation compacte de MATIC POWERWASH r\u00e9duit consid\u00e9rablement les probl\u00e8mes d'espace et de stockage par rapport aux produits liquides. La combinaison avec notre polish BRILL POWERWASH est recommand\u00e9e.<\/p>\t\t\t\t\t\t\t\t<\/div>\n\t\t\t\t<div class=\"elementor-element elementor-element-6769c38 elementor-widget elementor-widget-text-editor\" data-id=\"6769c38\" data-element_type=\"widget\" data-e-type=\"widget\" data-widget_type=\"text-editor.default\">\n\t\t\t\t\t\t\t\t\t<p>DOSAGE ET M\u00c9THODE D'UTILISATION<\/p>\t\t\t\t\t\t\t\t<\/div>\n\t\t\t\t<div class=\"elementor-element elementor-element-1a790be elementor-widget elementor-widget-text-editor\" data-id=\"1a790be\" data-element_type=\"widget\" data-e-type=\"widget\" data-widget_type=\"text-editor.default\">\n\t\t\t\t\t\t\t\t\t<div id=\"pg-907-2\" class=\"panel-grid panel-has-style\"><div class=\"siteorigin-panels-stretch panel-row-style panel-row-style-for-907-2\" data-stretch-type=\"full\"><div id=\"pgc-907-2-1\" class=\"panel-grid-cell panel-grid-cell-mobile-last\"><div id=\"panel-907-2-1-0\" class=\"so-panel widget widget_sow-editor panel-first-child panel-last-child\" data-index=\"2\"><div class=\"wow fadeIn panel-widget-style panel-widget-style-for-907-2-1-0\" data-wow-duration=\"2s\" data-wow-offset=\"10\" data-wow-iteration=\"1\"><div class=\"so-widget-sow-editor so-widget-sow-editor-base\"><div class=\"siteorigin-widget-tinymce textwidget\"><p>Il s'utilise avec notre syst\u00e8me de dosage DEXMATIC POWERWASH, entre 0,4 et 0,6 gramme\/litre d'eau, en fonction du degr\u00e9 de salissure et de la duret\u00e9 de l'eau. Temp\u00e9rature optimale entre 50-60\u00b0C. Peut \u00eatre utilis\u00e9 sur les pi\u00e8ces en aluminium.<\/p><\/div><\/div><\/div><\/div><\/div><\/div><\/div>\t\t\t\t\t\t\t\t<\/div>\n\t\t\t\t<\/div>\n\t\t\t\t<\/div>\n\t\t<div class=\"elementor-element elementor-element-b37a94f e-flex e-con-boxed e-con e-parent\" data-id=\"b37a94f\" data-element_type=\"container\" data-e-type=\"container\">\n\t\t\t\t\t<div class=\"e-con-inner\">\n\t\t\t\t<div class=\"elementor-element elementor-element-82c510b elementor-mobile-align-center elementor-widget-mobile__width-initial elementor-align-center elementor-widget elementor-widget-button\" data-id=\"82c510b\" data-element_type=\"widget\" data-e-type=\"widget\" data-widget_type=\"button.default\">\n\t\t\t\t\t\t\t\t\t\t<a class=\"elementor-button elementor-button-link elementor-size-sm\" href=\"https:\/\/www.quimidex.com\/fr\/contact\/\">\n\t\t\t\t\t\t<span class=\"elementor-button-content-wrapper\">\n\t\t\t\t\t\t\t\t\t<span class=\"elementor-button-text\">Demander les tarifs<\/span>\n\t\t\t\t\t<\/span>\n\t\t\t\t\t<\/a>\n\t\t\t\t\t\t\t\t<\/div>\n\t\t\t\t\t<\/div>\n\t\t\t\t<\/div>\n\t\t\t\t<\/div>","protected":false},"excerpt":{"rendered":"<p>Quimidex Powerwash tecnolog\u00eda para m\u00e1quinas lavavajillas Sistema de productos ultraconcentrados s\u00f3lidos para el lavado autom\u00e1tico de vajillas MEJOR RESULTADO AL M\u00cdNIMO COSTE \u2022 Rentable.\u2022 Resultados \u00f3ptimos.\u2022 Sistema seguro e innovador.\u2022 Funcionalidad operativa.\u2022 Reduce el volumen de residuos pl\u00e1sticos. Hasta el 48% de ahorro que los productos l\u00edquidos convencionales. DOSIFICACI\u00d3N INTELIGENTE Permite el control de la [&hellip;]<\/p>\n","protected":false},"author":1,"featured_media":0,"parent":2029,"menu_order":0,"comment_status":"closed","ping_status":"closed","template":"elementor_header_footer","meta":{"footnotes":""},"class_list":["post-2195","page","type-page","status-publish","hentry"],"yoast_head":"<!-- This site is optimized with the Yoast SEO Premium plugin v25.2 (Yoast SEO v27.1.1) - https:\/\/yoast.com\/product\/yoast-seo-premium-wordpress\/ -->\n<title>Quimidex Powerwash | Quimidex<\/title>\n<meta name=\"robots\" content=\"index, follow, max-snippet:-1, max-image-preview:large, max-video-preview:-1\" \/>\n<link rel=\"canonical\" href=\"https:\/\/www.quimidex.com\/fr\/catalogues\/quimidex-powerwash\/\" \/>\n<meta property=\"og:locale\" content=\"fr_FR\" \/>\n<meta property=\"og:type\" content=\"article\" \/>\n<meta property=\"og:title\" content=\"Quimidex Powerwash\" \/>\n<meta property=\"og:description\" content=\"Quimidex Powerwash tecnolog\u00eda para m\u00e1quinas lavavajillas Sistema de productos ultraconcentrados s\u00f3lidos para el lavado autom\u00e1tico de vajillas MEJOR RESULTADO AL M\u00cdNIMO COSTE \u2022 Rentable.\u2022 Resultados \u00f3ptimos.\u2022 Sistema seguro e innovador.\u2022 Funcionalidad operativa.\u2022 Reduce el volumen de residuos pl\u00e1sticos. Hasta el 48% de ahorro que los productos l\u00edquidos convencionales. DOSIFICACI\u00d3N INTELIGENTE Permite el control de la [&hellip;]\" \/>\n<meta property=\"og:url\" content=\"https:\/\/www.quimidex.com\/fr\/catalogues\/quimidex-powerwash\/\" \/>\n<meta property=\"og:site_name\" content=\"Quimidex\" \/>\n<meta property=\"article:modified_time\" content=\"2025-01-10T16:32:18+00:00\" \/>\n<meta property=\"og:image\" content=\"https:\/\/www.quimidex.com\/wp-content\/uploads\/2025\/01\/Mockup-Quimidex-2025-01-10T134644.837-e1736513227877.webp\" \/>\n\t<meta property=\"og:image:width\" content=\"1280\" \/>\n\t<meta property=\"og:image:height\" content=\"706\" \/>\n\t<meta property=\"og:image:type\" content=\"image\/webp\" \/>\n<meta name=\"twitter:card\" content=\"summary_large_image\" \/>\n<meta name=\"twitter:label1\" content=\"Dur\u00e9e de lecture estim\u00e9e\" \/>\n\t<meta name=\"twitter:data1\" content=\"2 minutes\" \/>\n<script type=\"application\/ld+json\" class=\"yoast-schema-graph\">{\"@context\":\"https:\/\/schema.org\",\"@graph\":[{\"@type\":\"WebPage\",\"@id\":\"https:\/\/www.quimidex.com\/catalogos\/quimidex-powerwash\/\",\"url\":\"https:\/\/www.quimidex.com\/catalogos\/quimidex-powerwash\/\",\"name\":\"Quimidex Powerwash | Quimidex\",\"isPartOf\":{\"@id\":\"https:\/\/www.quimidex.com\/#website\"},\"primaryImageOfPage\":{\"@id\":\"https:\/\/www.quimidex.com\/catalogos\/quimidex-powerwash\/#primaryimage\"},\"image\":{\"@id\":\"https:\/\/www.quimidex.com\/catalogos\/quimidex-powerwash\/#primaryimage\"},\"thumbnailUrl\":\"https:\/\/www.quimidex.com\/wp-content\/uploads\/2025\/01\/Mockup-Quimidex-2025-01-10T134644.837-e1736513227877-768x424.webp\",\"datePublished\":\"2025-01-09T10:30:19+00:00\",\"dateModified\":\"2025-01-10T16:32:18+00:00\",\"breadcrumb\":{\"@id\":\"https:\/\/www.quimidex.com\/catalogos\/quimidex-powerwash\/#breadcrumb\"},\"inLanguage\":\"fr-FR\",\"potentialAction\":[{\"@type\":\"ReadAction\",\"target\":[\"https:\/\/www.quimidex.com\/catalogos\/quimidex-powerwash\/\"]}]},{\"@type\":\"ImageObject\",\"inLanguage\":\"fr-FR\",\"@id\":\"https:\/\/www.quimidex.com\/catalogos\/quimidex-powerwash\/#primaryimage\",\"url\":\"https:\/\/www.quimidex.com\/wp-content\/uploads\/2025\/01\/Mockup-Quimidex-2025-01-10T134644.837-e1736513227877-768x424.webp\",\"contentUrl\":\"https:\/\/www.quimidex.com\/wp-content\/uploads\/2025\/01\/Mockup-Quimidex-2025-01-10T134644.837-e1736513227877-768x424.webp\"},{\"@type\":\"BreadcrumbList\",\"@id\":\"https:\/\/www.quimidex.com\/catalogos\/quimidex-powerwash\/#breadcrumb\",\"itemListElement\":[{\"@type\":\"ListItem\",\"position\":1,\"name\":\"Home\",\"item\":\"https:\/\/www.quimidex.com\/\"},{\"@type\":\"ListItem\",\"position\":2,\"name\":\"Cat\u00e1logos\",\"item\":\"https:\/\/www.quimidex.com\/catalogos\/\"},{\"@type\":\"ListItem\",\"position\":3,\"name\":\"Quimidex Powerwash\"}]},{\"@type\":\"WebSite\",\"@id\":\"https:\/\/www.quimidex.com\/#website\",\"url\":\"https:\/\/www.quimidex.com\/\",\"name\":\"Quimidex\",\"description\":\"Proveedores de productos de limpieza\",\"publisher\":{\"@id\":\"https:\/\/www.quimidex.com\/#organization\"},\"potentialAction\":[{\"@type\":\"SearchAction\",\"target\":{\"@type\":\"EntryPoint\",\"urlTemplate\":\"https:\/\/www.quimidex.com\/?s={search_term_string}\"},\"query-input\":{\"@type\":\"PropertyValueSpecification\",\"valueRequired\":true,\"valueName\":\"search_term_string\"}}],\"inLanguage\":\"fr-FR\"},{\"@type\":\"Organization\",\"@id\":\"https:\/\/www.quimidex.com\/#organization\",\"name\":\"Quimidex\",\"url\":\"https:\/\/www.quimidex.com\/\",\"logo\":{\"@type\":\"ImageObject\",\"inLanguage\":\"fr-FR\",\"@id\":\"https:\/\/www.quimidex.com\/#\/schema\/logo\/image\/\",\"url\":\"https:\/\/www.quimidex.com\/wp-content\/uploads\/2024\/12\/cropped-Mockup-Quimidex-8-1.png\",\"contentUrl\":\"https:\/\/www.quimidex.com\/wp-content\/uploads\/2024\/12\/cropped-Mockup-Quimidex-8-1.png\",\"width\":512,\"height\":512,\"caption\":\"Quimidex\"},\"image\":{\"@id\":\"https:\/\/www.quimidex.com\/#\/schema\/logo\/image\/\"}}]}<\/script>\n<!-- \/ Yoast SEO Premium plugin. -->","yoast_head_json":{"title":"Quimidex Powerwash : Quimidex","robots":{"index":"index","follow":"follow","max-snippet":"max-snippet:-1","max-image-preview":"max-image-preview:large","max-video-preview":"max-video-preview:-1"},"canonical":"https:\/\/www.quimidex.com\/fr\/catalogues\/quimidex-powerwash\/","og_locale":"fr_FR","og_type":"article","og_title":"Quimidex Powerwash","og_description":"Quimidex Powerwash tecnolog\u00eda para m\u00e1quinas lavavajillas Sistema de productos ultraconcentrados s\u00f3lidos para el lavado autom\u00e1tico de vajillas MEJOR RESULTADO AL M\u00cdNIMO COSTE \u2022 Rentable.\u2022 Resultados \u00f3ptimos.\u2022 Sistema seguro e innovador.\u2022 Funcionalidad operativa.\u2022 Reduce el volumen de residuos pl\u00e1sticos. Hasta el 48% de ahorro que los productos l\u00edquidos convencionales. DOSIFICACI\u00d3N INTELIGENTE Permite el control de la [&hellip;]","og_url":"https:\/\/www.quimidex.com\/fr\/catalogues\/quimidex-powerwash\/","og_site_name":"Quimidex","article_modified_time":"2025-01-10T16:32:18+00:00","og_image":[{"width":1280,"height":706,"url":"https:\/\/www.quimidex.com\/wp-content\/uploads\/2025\/01\/Mockup-Quimidex-2025-01-10T134644.837-e1736513227877.webp","type":"image\/webp"}],"twitter_card":"summary_large_image","twitter_misc":{"Dur\u00e9e de lecture estim\u00e9e":"2 minutes"},"schema":{"@context":"https:\/\/schema.org","@graph":[{"@type":"WebPage","@id":"https:\/\/www.quimidex.com\/catalogos\/quimidex-powerwash\/","url":"https:\/\/www.quimidex.com\/catalogos\/quimidex-powerwash\/","name":"Quimidex Powerwash : Quimidex","isPartOf":{"@id":"https:\/\/www.quimidex.com\/#website"},"primaryImageOfPage":{"@id":"https:\/\/www.quimidex.com\/catalogos\/quimidex-powerwash\/#primaryimage"},"image":{"@id":"https:\/\/www.quimidex.com\/catalogos\/quimidex-powerwash\/#primaryimage"},"thumbnailUrl":"https:\/\/www.quimidex.com\/wp-content\/uploads\/2025\/01\/Mockup-Quimidex-2025-01-10T134644.837-e1736513227877-768x424.webp","datePublished":"2025-01-09T10:30:19+00:00","dateModified":"2025-01-10T16:32:18+00:00","breadcrumb":{"@id":"https:\/\/www.quimidex.com\/catalogos\/quimidex-powerwash\/#breadcrumb"},"inLanguage":"fr-FR","potentialAction":[{"@type":"ReadAction","target":["https:\/\/www.quimidex.com\/catalogos\/quimidex-powerwash\/"]}]},{"@type":"ImageObject","inLanguage":"fr-FR","@id":"https:\/\/www.quimidex.com\/catalogos\/quimidex-powerwash\/#primaryimage","url":"https:\/\/www.quimidex.com\/wp-content\/uploads\/2025\/01\/Mockup-Quimidex-2025-01-10T134644.837-e1736513227877-768x424.webp","contentUrl":"https:\/\/www.quimidex.com\/wp-content\/uploads\/2025\/01\/Mockup-Quimidex-2025-01-10T134644.837-e1736513227877-768x424.webp"},{"@type":"BreadcrumbList","@id":"https:\/\/www.quimidex.com\/catalogos\/quimidex-powerwash\/#breadcrumb","itemListElement":[{"@type":"ListItem","position":1,"name":"Home","item":"https:\/\/www.quimidex.com\/"},{"@type":"ListItem","position":2,"name":"Cat\u00e1logos","item":"https:\/\/www.quimidex.com\/catalogos\/"},{"@type":"ListItem","position":3,"name":"Quimidex Powerwash"}]},{"@type":"WebSite","@id":"https:\/\/www.quimidex.com\/#website","url":"https:\/\/www.quimidex.com\/","name":"Quimidex","description":"Fournisseurs de produits de nettoyage","publisher":{"@id":"https:\/\/www.quimidex.com\/#organization"},"potentialAction":[{"@type":"SearchAction","target":{"@type":"EntryPoint","urlTemplate":"https:\/\/www.quimidex.com\/?s={search_term_string}"},"query-input":{"@type":"PropertyValueSpecification","valueRequired":true,"valueName":"search_term_string"}}],"inLanguage":"fr-FR"},{"@type":"Organization","@id":"https:\/\/www.quimidex.com\/#organization","name":"Quimidex","url":"https:\/\/www.quimidex.com\/","logo":{"@type":"ImageObject","inLanguage":"fr-FR","@id":"https:\/\/www.quimidex.com\/#\/schema\/logo\/image\/","url":"https:\/\/www.quimidex.com\/wp-content\/uploads\/2024\/12\/cropped-Mockup-Quimidex-8-1.png","contentUrl":"https:\/\/www.quimidex.com\/wp-content\/uploads\/2024\/12\/cropped-Mockup-Quimidex-8-1.png","width":512,"height":512,"caption":"Quimidex"},"image":{"@id":"https:\/\/www.quimidex.com\/#\/schema\/logo\/image\/"}}]}},"_links":{"self":[{"href":"https:\/\/www.quimidex.com\/fr\/wp-json\/wp\/v2\/pages\/2195","targetHints":{"allow":["GET"]}}],"collection":[{"href":"https:\/\/www.quimidex.com\/fr\/wp-json\/wp\/v2\/pages"}],"about":[{"href":"https:\/\/www.quimidex.com\/fr\/wp-json\/wp\/v2\/types\/page"}],"author":[{"embeddable":true,"href":"https:\/\/www.quimidex.com\/fr\/wp-json\/wp\/v2\/users\/1"}],"replies":[{"embeddable":true,"href":"https:\/\/www.quimidex.com\/fr\/wp-json\/wp\/v2\/comments?post=2195"}],"version-history":[{"count":13,"href":"https:\/\/www.quimidex.com\/fr\/wp-json\/wp\/v2\/pages\/2195\/revisions"}],"predecessor-version":[{"id":2625,"href":"https:\/\/www.quimidex.com\/fr\/wp-json\/wp\/v2\/pages\/2195\/revisions\/2625"}],"up":[{"embeddable":true,"href":"https:\/\/www.quimidex.com\/fr\/wp-json\/wp\/v2\/pages\/2029"}],"wp:attachment":[{"href":"https:\/\/www.quimidex.com\/fr\/wp-json\/wp\/v2\/media?parent=2195"}],"curies":[{"name":"wp","href":"https:\/\/api.w.org\/{rel}","templated":true}]}}