{"id":2187,"date":"2025-01-09T10:27:31","date_gmt":"2025-01-09T10:27:31","guid":{"rendered":"https:\/\/www.quimidex.com\/?page_id=2187"},"modified":"2025-01-10T16:27:39","modified_gmt":"2025-01-10T16:27:39","slug":"quimidex-cuisine","status":"publish","type":"page","link":"https:\/\/www.quimidex.com\/fr\/catalogues\/quimidex-cuisine\/","title":{"rendered":"Cuisine Quimidex"},"content":{"rendered":"<div data-elementor-type=\"wp-page\" data-elementor-id=\"2187\" class=\"elementor elementor-2187\" data-elementor-post-type=\"page\">\n\t\t\t\t<div class=\"elementor-element elementor-element-9397c56 e-con-full e-flex e-con e-parent\" data-id=\"9397c56\" data-element_type=\"container\" data-e-type=\"container\">\n\t\t<div class=\"elementor-element elementor-element-4bbad8f e-con-full e-flex e-con e-child\" data-id=\"4bbad8f\" data-element_type=\"container\" data-e-type=\"container\">\n\t\t\t\t<div class=\"elementor-element elementor-element-50d893f elementor-widget__width-initial elementor-widget elementor-widget-heading\" data-id=\"50d893f\" data-element_type=\"widget\" data-e-type=\"widget\" data-widget_type=\"heading.default\">\n\t\t\t\t\t<h2 class=\"elementor-heading-title elementor-size-default\">Cuisine Quimidex<\/h2>\t\t\t\t<\/div>\n\t\t\t\t<div class=\"elementor-element elementor-element-4001aa5 elementor-widget elementor-widget-heading\" data-id=\"4001aa5\" data-element_type=\"widget\" data-e-type=\"widget\" data-widget_type=\"heading.default\">\n\t\t\t\t\t<span class=\"elementor-heading-title elementor-size-default\">La solution globale pour l'hygi\u00e8ne des cuisines\n\n\n\n\n<\/span>\t\t\t\t<\/div>\n\t\t\t\t<div class=\"elementor-element elementor-element-58cc5a5 elementor-widget elementor-widget-image\" data-id=\"58cc5a5\" data-element_type=\"widget\" data-e-type=\"widget\" data-widget_type=\"image.default\">\n\t\t\t\t\t\t\t\t\t\t\t\t\t\t\t<img fetchpriority=\"high\" decoding=\"async\" width=\"768\" height=\"388\" src=\"https:\/\/www.quimidex.com\/wp-content\/uploads\/2025\/01\/bodegon-kitchen-2022-768x388.jpg\" class=\"attachment-medium_large size-medium_large wp-image-1708\" alt=\"Gamme de produits de nettoyage pour l&#039;h\u00f4tellerie et la restauration (d\u00e9tergents, d\u00e9sinfectants, d\u00e9graissants).\" srcset=\"https:\/\/www.quimidex.com\/wp-content\/uploads\/2025\/01\/bodegon-kitchen-2022-768x388.jpg 768w, https:\/\/www.quimidex.com\/wp-content\/uploads\/2025\/01\/bodegon-kitchen-2022-600x303.jpg 600w, https:\/\/www.quimidex.com\/wp-content\/uploads\/2025\/01\/bodegon-kitchen-2022-300x152.jpg 300w, https:\/\/www.quimidex.com\/wp-content\/uploads\/2025\/01\/bodegon-kitchen-2022-1024x517.jpg 1024w, https:\/\/www.quimidex.com\/wp-content\/uploads\/2025\/01\/bodegon-kitchen-2022.jpg 1400w\" sizes=\"(max-width: 768px) 100vw, 768px\" \/>\t\t\t\t\t\t\t\t\t\t\t\t\t\t\t<\/div>\n\t\t\t\t<\/div>\n\t\t\t\t<\/div>\n\t\t<div class=\"elementor-element elementor-element-0f5fd0b e-con-full e-flex e-con e-parent\" data-id=\"0f5fd0b\" data-element_type=\"container\" data-e-type=\"container\">\n\t\t<div class=\"elementor-element elementor-element-f204b96 e-con-full e-flex e-con e-child\" data-id=\"f204b96\" data-element_type=\"container\" data-e-type=\"container\">\n\t\t\t\t<div class=\"elementor-element elementor-element-cab35e8 elementor-widget__width-initial elementor-widget elementor-widget-heading\" data-id=\"cab35e8\" data-element_type=\"widget\" data-e-type=\"widget\" data-widget_type=\"heading.default\">\n\t\t\t\t\t<h2 class=\"elementor-heading-title elementor-size-default\">Produits sp\u00e9cifiques pour les cuisines professionnelles\n\n<\/h2>\t\t\t\t<\/div>\n\t\t\t\t<div class=\"elementor-element elementor-element-2e73e18 elementor-widget elementor-widget-text-editor\" data-id=\"2e73e18\" data-element_type=\"widget\" data-e-type=\"widget\" data-widget_type=\"text-editor.default\">\n\t\t\t\t\t\t\t\t\t<p>Chez Quimidex Professional, notre objectif premier est d'aider tous les professionnels \u00e0 atteindre le meilleur niveau d'efficacit\u00e9 et d'optimisation des co\u00fbts dans leur \u00e9tablissement gr\u00e2ce \u00e0 une offre globale en termes de produits, de syst\u00e8mes et de services pour les cuisines.<\/p>\t\t\t\t\t\t\t\t<\/div>\n\t\t\t\t<\/div>\n\t\t<div class=\"elementor-element elementor-element-2ae8dba e-con-full e-flex e-con e-child\" data-id=\"2ae8dba\" data-element_type=\"container\" data-e-type=\"container\">\n\t\t\t\t<div class=\"elementor-element elementor-element-4acb792 elementor-widget elementor-widget-text-editor\" data-id=\"4acb792\" data-element_type=\"widget\" data-e-type=\"widget\" data-widget_type=\"text-editor.default\">\n\t\t\t\t\t\t\t\t\t<p>Des produits, des syst\u00e8mes et des services qui ont \u00e9t\u00e9 cr\u00e9\u00e9s et d\u00e9velopp\u00e9s pour r\u00e9pondre aux r\u00e9glementations strictes d'aujourd'hui :<br \/>- R\u00e8glement sur les d\u00e9sinfectants de surface pour les surfaces en contact direct avec les denr\u00e9es alimentaires.<br \/>- R\u00e8glement relatif \u00e0 l'hygi\u00e8ne et \u00e0 la d\u00e9sinfection dans le secteur de la restauration.<br \/>- R\u00e9glementation pour le respect de l'environnement.<br \/>- Enregistrements de produits biocides approuv\u00e9s.<\/p>\t\t\t\t\t\t\t\t<\/div>\n\t\t\t\t<\/div>\n\t\t\t\t<\/div>\n\t\t<div class=\"elementor-element elementor-element-b37a94f e-flex e-con-boxed e-con e-parent\" data-id=\"b37a94f\" data-element_type=\"container\" data-e-type=\"container\">\n\t\t\t\t\t<div class=\"e-con-inner\">\n\t\t\t\t<div class=\"elementor-element elementor-element-82c510b elementor-mobile-align-left elementor-widget-mobile__width-initial elementor-align-center elementor-widget elementor-widget-button\" data-id=\"82c510b\" data-element_type=\"widget\" data-e-type=\"widget\" data-widget_type=\"button.default\">\n\t\t\t\t\t\t\t\t\t\t<a class=\"elementor-button elementor-button-link elementor-size-sm\" href=\"https:\/\/www.quimidex.com\/fr\/contact\/\">\n\t\t\t\t\t\t<span class=\"elementor-button-content-wrapper\">\n\t\t\t\t\t\t\t\t\t<span class=\"elementor-button-text\">Demander les tarifs<\/span>\n\t\t\t\t\t<\/span>\n\t\t\t\t\t<\/a>\n\t\t\t\t\t\t\t\t<\/div>\n\t\t\t\t\t<\/div>\n\t\t\t\t<\/div>\n\t\t\t\t<\/div>","protected":false},"excerpt":{"rendered":"<p>Quimidex Kitchen La soluci\u00f3n global en higiene de cocinas Productos espec\u00edficos para cocina profesional En Quimidex Professional nuestro primer objetivo es ayudar a todos los profesionales a lograr el mejor nivelde eficacia y optimizaci\u00f3n de los costes en su establecimiento a trav\u00e9s de una oferta global en cuanto a productos, sistemas y servicios para cocinas. [&hellip;]<\/p>\n","protected":false},"author":1,"featured_media":0,"parent":2029,"menu_order":0,"comment_status":"closed","ping_status":"closed","template":"elementor_header_footer","meta":{"footnotes":""},"class_list":["post-2187","page","type-page","status-publish","hentry"],"yoast_head":"<!-- This site is optimized with the Yoast SEO Premium plugin v25.2 (Yoast SEO v27.1.1) - https:\/\/yoast.com\/product\/yoast-seo-premium-wordpress\/ -->\n<title>Quimidex Kitchen | Quimidex<\/title>\n<meta name=\"robots\" content=\"index, follow, max-snippet:-1, max-image-preview:large, max-video-preview:-1\" \/>\n<link rel=\"canonical\" href=\"https:\/\/www.quimidex.com\/fr\/catalogues\/quimidex-cuisine\/\" \/>\n<meta property=\"og:locale\" content=\"fr_FR\" \/>\n<meta property=\"og:type\" content=\"article\" \/>\n<meta property=\"og:title\" content=\"Quimidex Kitchen\" \/>\n<meta property=\"og:description\" content=\"Quimidex Kitchen La soluci\u00f3n global en higiene de cocinas Productos espec\u00edficos para cocina profesional En Quimidex Professional nuestro primer objetivo es ayudar a todos los profesionales a lograr el mejor nivelde eficacia y optimizaci\u00f3n de los costes en su establecimiento a trav\u00e9s de una oferta global en cuanto a productos, sistemas y servicios para cocinas. [&hellip;]\" \/>\n<meta property=\"og:url\" content=\"https:\/\/www.quimidex.com\/fr\/catalogues\/quimidex-cuisine\/\" \/>\n<meta property=\"og:site_name\" content=\"Quimidex\" \/>\n<meta property=\"article:modified_time\" content=\"2025-01-10T16:27:39+00:00\" \/>\n<meta property=\"og:image\" content=\"https:\/\/www.quimidex.com\/wp-content\/uploads\/2025\/01\/bodegon-kitchen-2022.jpg\" \/>\n\t<meta property=\"og:image:width\" content=\"1400\" \/>\n\t<meta property=\"og:image:height\" content=\"707\" \/>\n\t<meta property=\"og:image:type\" content=\"image\/jpeg\" \/>\n<meta name=\"twitter:card\" content=\"summary_large_image\" \/>\n<script type=\"application\/ld+json\" class=\"yoast-schema-graph\">{\"@context\":\"https:\/\/schema.org\",\"@graph\":[{\"@type\":\"WebPage\",\"@id\":\"https:\/\/www.quimidex.com\/catalogos\/quimidex-kitchen\/\",\"url\":\"https:\/\/www.quimidex.com\/catalogos\/quimidex-kitchen\/\",\"name\":\"Quimidex Kitchen | Quimidex\",\"isPartOf\":{\"@id\":\"https:\/\/www.quimidex.com\/#website\"},\"primaryImageOfPage\":{\"@id\":\"https:\/\/www.quimidex.com\/catalogos\/quimidex-kitchen\/#primaryimage\"},\"image\":{\"@id\":\"https:\/\/www.quimidex.com\/catalogos\/quimidex-kitchen\/#primaryimage\"},\"thumbnailUrl\":\"https:\/\/www.quimidex.com\/wp-content\/uploads\/2025\/01\/bodegon-kitchen-2022-768x388.jpg\",\"datePublished\":\"2025-01-09T10:27:31+00:00\",\"dateModified\":\"2025-01-10T16:27:39+00:00\",\"breadcrumb\":{\"@id\":\"https:\/\/www.quimidex.com\/catalogos\/quimidex-kitchen\/#breadcrumb\"},\"inLanguage\":\"fr-FR\",\"potentialAction\":[{\"@type\":\"ReadAction\",\"target\":[\"https:\/\/www.quimidex.com\/catalogos\/quimidex-kitchen\/\"]}]},{\"@type\":\"ImageObject\",\"inLanguage\":\"fr-FR\",\"@id\":\"https:\/\/www.quimidex.com\/catalogos\/quimidex-kitchen\/#primaryimage\",\"url\":\"https:\/\/www.quimidex.com\/wp-content\/uploads\/2025\/01\/bodegon-kitchen-2022-768x388.jpg\",\"contentUrl\":\"https:\/\/www.quimidex.com\/wp-content\/uploads\/2025\/01\/bodegon-kitchen-2022-768x388.jpg\"},{\"@type\":\"BreadcrumbList\",\"@id\":\"https:\/\/www.quimidex.com\/catalogos\/quimidex-kitchen\/#breadcrumb\",\"itemListElement\":[{\"@type\":\"ListItem\",\"position\":1,\"name\":\"Home\",\"item\":\"https:\/\/www.quimidex.com\/\"},{\"@type\":\"ListItem\",\"position\":2,\"name\":\"Cat\u00e1logos\",\"item\":\"https:\/\/www.quimidex.com\/catalogos\/\"},{\"@type\":\"ListItem\",\"position\":3,\"name\":\"Quimidex Kitchen\"}]},{\"@type\":\"WebSite\",\"@id\":\"https:\/\/www.quimidex.com\/#website\",\"url\":\"https:\/\/www.quimidex.com\/\",\"name\":\"Quimidex\",\"description\":\"Proveedores de productos de limpieza\",\"publisher\":{\"@id\":\"https:\/\/www.quimidex.com\/#organization\"},\"potentialAction\":[{\"@type\":\"SearchAction\",\"target\":{\"@type\":\"EntryPoint\",\"urlTemplate\":\"https:\/\/www.quimidex.com\/?s={search_term_string}\"},\"query-input\":{\"@type\":\"PropertyValueSpecification\",\"valueRequired\":true,\"valueName\":\"search_term_string\"}}],\"inLanguage\":\"fr-FR\"},{\"@type\":\"Organization\",\"@id\":\"https:\/\/www.quimidex.com\/#organization\",\"name\":\"Quimidex\",\"url\":\"https:\/\/www.quimidex.com\/\",\"logo\":{\"@type\":\"ImageObject\",\"inLanguage\":\"fr-FR\",\"@id\":\"https:\/\/www.quimidex.com\/#\/schema\/logo\/image\/\",\"url\":\"https:\/\/www.quimidex.com\/wp-content\/uploads\/2024\/12\/cropped-Mockup-Quimidex-8-1.png\",\"contentUrl\":\"https:\/\/www.quimidex.com\/wp-content\/uploads\/2024\/12\/cropped-Mockup-Quimidex-8-1.png\",\"width\":512,\"height\":512,\"caption\":\"Quimidex\"},\"image\":{\"@id\":\"https:\/\/www.quimidex.com\/#\/schema\/logo\/image\/\"}}]}<\/script>\n<!-- \/ Yoast SEO Premium plugin. -->","yoast_head_json":{"title":"Quimidex Kitchen | Quimidex","robots":{"index":"index","follow":"follow","max-snippet":"max-snippet:-1","max-image-preview":"max-image-preview:large","max-video-preview":"max-video-preview:-1"},"canonical":"https:\/\/www.quimidex.com\/fr\/catalogues\/quimidex-cuisine\/","og_locale":"fr_FR","og_type":"article","og_title":"Quimidex Kitchen","og_description":"Quimidex Kitchen La soluci\u00f3n global en higiene de cocinas Productos espec\u00edficos para cocina profesional En Quimidex Professional nuestro primer objetivo es ayudar a todos los profesionales a lograr el mejor nivelde eficacia y optimizaci\u00f3n de los costes en su establecimiento a trav\u00e9s de una oferta global en cuanto a productos, sistemas y servicios para cocinas. [&hellip;]","og_url":"https:\/\/www.quimidex.com\/fr\/catalogues\/quimidex-cuisine\/","og_site_name":"Quimidex","article_modified_time":"2025-01-10T16:27:39+00:00","og_image":[{"width":1400,"height":707,"url":"https:\/\/www.quimidex.com\/wp-content\/uploads\/2025\/01\/bodegon-kitchen-2022.jpg","type":"image\/jpeg"}],"twitter_card":"summary_large_image","schema":{"@context":"https:\/\/schema.org","@graph":[{"@type":"WebPage","@id":"https:\/\/www.quimidex.com\/catalogos\/quimidex-kitchen\/","url":"https:\/\/www.quimidex.com\/catalogos\/quimidex-kitchen\/","name":"Quimidex Kitchen | Quimidex","isPartOf":{"@id":"https:\/\/www.quimidex.com\/#website"},"primaryImageOfPage":{"@id":"https:\/\/www.quimidex.com\/catalogos\/quimidex-kitchen\/#primaryimage"},"image":{"@id":"https:\/\/www.quimidex.com\/catalogos\/quimidex-kitchen\/#primaryimage"},"thumbnailUrl":"https:\/\/www.quimidex.com\/wp-content\/uploads\/2025\/01\/bodegon-kitchen-2022-768x388.jpg","datePublished":"2025-01-09T10:27:31+00:00","dateModified":"2025-01-10T16:27:39+00:00","breadcrumb":{"@id":"https:\/\/www.quimidex.com\/catalogos\/quimidex-kitchen\/#breadcrumb"},"inLanguage":"fr-FR","potentialAction":[{"@type":"ReadAction","target":["https:\/\/www.quimidex.com\/catalogos\/quimidex-kitchen\/"]}]},{"@type":"ImageObject","inLanguage":"fr-FR","@id":"https:\/\/www.quimidex.com\/catalogos\/quimidex-kitchen\/#primaryimage","url":"https:\/\/www.quimidex.com\/wp-content\/uploads\/2025\/01\/bodegon-kitchen-2022-768x388.jpg","contentUrl":"https:\/\/www.quimidex.com\/wp-content\/uploads\/2025\/01\/bodegon-kitchen-2022-768x388.jpg"},{"@type":"BreadcrumbList","@id":"https:\/\/www.quimidex.com\/catalogos\/quimidex-kitchen\/#breadcrumb","itemListElement":[{"@type":"ListItem","position":1,"name":"Home","item":"https:\/\/www.quimidex.com\/"},{"@type":"ListItem","position":2,"name":"Cat\u00e1logos","item":"https:\/\/www.quimidex.com\/catalogos\/"},{"@type":"ListItem","position":3,"name":"Quimidex Kitchen"}]},{"@type":"WebSite","@id":"https:\/\/www.quimidex.com\/#website","url":"https:\/\/www.quimidex.com\/","name":"Quimidex","description":"Fournisseurs de produits de nettoyage","publisher":{"@id":"https:\/\/www.quimidex.com\/#organization"},"potentialAction":[{"@type":"SearchAction","target":{"@type":"EntryPoint","urlTemplate":"https:\/\/www.quimidex.com\/?s={search_term_string}"},"query-input":{"@type":"PropertyValueSpecification","valueRequired":true,"valueName":"search_term_string"}}],"inLanguage":"fr-FR"},{"@type":"Organization","@id":"https:\/\/www.quimidex.com\/#organization","name":"Quimidex","url":"https:\/\/www.quimidex.com\/","logo":{"@type":"ImageObject","inLanguage":"fr-FR","@id":"https:\/\/www.quimidex.com\/#\/schema\/logo\/image\/","url":"https:\/\/www.quimidex.com\/wp-content\/uploads\/2024\/12\/cropped-Mockup-Quimidex-8-1.png","contentUrl":"https:\/\/www.quimidex.com\/wp-content\/uploads\/2024\/12\/cropped-Mockup-Quimidex-8-1.png","width":512,"height":512,"caption":"Quimidex"},"image":{"@id":"https:\/\/www.quimidex.com\/#\/schema\/logo\/image\/"}}]}},"_links":{"self":[{"href":"https:\/\/www.quimidex.com\/fr\/wp-json\/wp\/v2\/pages\/2187","targetHints":{"allow":["GET"]}}],"collection":[{"href":"https:\/\/www.quimidex.com\/fr\/wp-json\/wp\/v2\/pages"}],"about":[{"href":"https:\/\/www.quimidex.com\/fr\/wp-json\/wp\/v2\/types\/page"}],"author":[{"embeddable":true,"href":"https:\/\/www.quimidex.com\/fr\/wp-json\/wp\/v2\/users\/1"}],"replies":[{"embeddable":true,"href":"https:\/\/www.quimidex.com\/fr\/wp-json\/wp\/v2\/comments?post=2187"}],"version-history":[{"count":13,"href":"https:\/\/www.quimidex.com\/fr\/wp-json\/wp\/v2\/pages\/2187\/revisions"}],"predecessor-version":[{"id":2600,"href":"https:\/\/www.quimidex.com\/fr\/wp-json\/wp\/v2\/pages\/2187\/revisions\/2600"}],"up":[{"embeddable":true,"href":"https:\/\/www.quimidex.com\/fr\/wp-json\/wp\/v2\/pages\/2029"}],"wp:attachment":[{"href":"https:\/\/www.quimidex.com\/fr\/wp-json\/wp\/v2\/media?parent=2187"}],"curies":[{"name":"wp","href":"https:\/\/api.w.org\/{rel}","templated":true}]}}