{"id":2123,"date":"2025-01-09T09:58:43","date_gmt":"2025-01-09T09:58:43","guid":{"rendered":"https:\/\/www.quimidex.com\/?page_id=2123"},"modified":"2025-01-10T16:24:15","modified_gmt":"2025-01-10T16:24:15","slug":"quimidex-food","status":"publish","type":"page","link":"https:\/\/www.quimidex.com\/fr\/catalogues\/quimidex-food\/","title":{"rendered":"Quimidex Food"},"content":{"rendered":"<div data-elementor-type=\"wp-page\" data-elementor-id=\"2123\" class=\"elementor elementor-2123\" data-elementor-post-type=\"page\">\n\t\t\t\t<div class=\"elementor-element elementor-element-9397c56 e-con-full e-flex e-con e-parent\" data-id=\"9397c56\" data-element_type=\"container\" data-e-type=\"container\">\n\t\t<div class=\"elementor-element elementor-element-4bbad8f e-con-full e-flex e-con e-child\" data-id=\"4bbad8f\" data-element_type=\"container\" data-e-type=\"container\">\n\t\t\t\t<div class=\"elementor-element elementor-element-50d893f elementor-widget__width-initial elementor-widget elementor-widget-heading\" data-id=\"50d893f\" data-element_type=\"widget\" data-e-type=\"widget\" data-widget_type=\"heading.default\">\n\t\t\t\t\t<h2 class=\"elementor-heading-title elementor-size-default\">Quimidex Food<\/h2>\t\t\t\t<\/div>\n\t\t\t\t<div class=\"elementor-element elementor-element-4001aa5 elementor-widget elementor-widget-heading\" data-id=\"4001aa5\" data-element_type=\"widget\" data-e-type=\"widget\" data-widget_type=\"heading.default\">\n\t\t\t\t\t<span class=\"elementor-heading-title elementor-size-default\">Efficacit\u00e9 et s\u00e9curit\u00e9 alimentaire\n\n<\/span>\t\t\t\t<\/div>\n\t\t\t\t<div class=\"elementor-element elementor-element-58cc5a5 elementor-widget elementor-widget-image\" data-id=\"58cc5a5\" data-element_type=\"widget\" data-e-type=\"widget\" data-widget_type=\"image.default\">\n\t\t\t\t\t\t\t\t\t\t\t\t\t\t\t<img fetchpriority=\"high\" decoding=\"async\" width=\"768\" height=\"358\" src=\"https:\/\/www.quimidex.com\/wp-content\/uploads\/2025\/01\/bodegon-food-2022-768x358.jpg\" class=\"attachment-medium_large size-medium_large wp-image-1496\" alt=\"F\u00fbts de produits chimiques de nettoyage - d\u00e9tergents et d\u00e9sinfectants pour l&#039;industrie alimentaire\" srcset=\"https:\/\/www.quimidex.com\/wp-content\/uploads\/2025\/01\/bodegon-food-2022-768x358.jpg 768w, https:\/\/www.quimidex.com\/wp-content\/uploads\/2025\/01\/bodegon-food-2022-600x279.jpg 600w, https:\/\/www.quimidex.com\/wp-content\/uploads\/2025\/01\/bodegon-food-2022-300x140.jpg 300w, https:\/\/www.quimidex.com\/wp-content\/uploads\/2025\/01\/bodegon-food-2022-1024x477.jpg 1024w, https:\/\/www.quimidex.com\/wp-content\/uploads\/2025\/01\/bodegon-food-2022.jpg 1400w\" sizes=\"(max-width: 768px) 100vw, 768px\" \/>\t\t\t\t\t\t\t\t\t\t\t\t\t\t\t<\/div>\n\t\t\t\t<\/div>\n\t\t\t\t<\/div>\n\t\t<div class=\"elementor-element elementor-element-0f5fd0b e-con-full e-flex e-con e-parent\" data-id=\"0f5fd0b\" data-element_type=\"container\" data-e-type=\"container\">\n\t\t<div class=\"elementor-element elementor-element-f204b96 e-con-full e-flex e-con e-child\" data-id=\"f204b96\" data-element_type=\"container\" data-e-type=\"container\">\n\t\t\t\t<div class=\"elementor-element elementor-element-cab35e8 elementor-widget__width-initial elementor-widget elementor-widget-heading\" data-id=\"cab35e8\" data-element_type=\"widget\" data-e-type=\"widget\" data-widget_type=\"heading.default\">\n\t\t\t\t\t<h2 class=\"elementor-heading-title elementor-size-default\">Produits sp\u00e9cifiques pour l'industrie agroalimentaire\n<\/h2>\t\t\t\t<\/div>\n\t\t\t\t<div class=\"elementor-element elementor-element-815c282 elementor-widget elementor-widget-text-editor\" data-id=\"815c282\" data-element_type=\"widget\" data-e-type=\"widget\" data-widget_type=\"text-editor.default\">\n\t\t\t\t\t\t\t\t\t<p>La s\u00e9curit\u00e9 alimentaire est une pr\u00e9occupation constante non seulement pour toutes les organisations de sant\u00e9, mais aussi pour toutes les parties impliqu\u00e9es, d'une mani\u00e8re ou d'une autre, dans l'industrie alimentaire. Quimidex Food System ne fait pas exception \u00e0 la r\u00e8gle.<\/p>\t\t\t\t\t\t\t\t<\/div>\n\t\t\t\t<\/div>\n\t\t<div class=\"elementor-element elementor-element-2ae8dba e-con-full e-flex e-con e-child\" data-id=\"2ae8dba\" data-element_type=\"container\" data-e-type=\"container\">\n\t\t\t\t<div class=\"elementor-element elementor-element-2e73e18 elementor-widget elementor-widget-text-editor\" data-id=\"2e73e18\" data-element_type=\"widget\" data-e-type=\"widget\" data-widget_type=\"text-editor.default\">\n\t\t\t\t\t\t\t\t\t<p>Nous pensons que l'hygi\u00e8ne est une dimension essentielle de la qualit\u00e9, car la sant\u00e9 des personnes qui fr\u00e9quentent les \u00e9tablissements publics en d\u00e9pend. C'est pourquoi, afin de garantir la s\u00e9curit\u00e9 de tous, Quimidex Food System s'engage \u00e0 appliquer un code de bonnes pratiques en mati\u00e8re de manipulation des aliments et suit les recommandations de l'Organisation mondiale de la sant\u00e9 en mati\u00e8re de s\u00e9curit\u00e9 alimentaire.<\/p><p>Quimidex Food System, expert dans le secteur alimentaire, dispose d'une large gamme de produits les plus avanc\u00e9s et sp\u00e9cifiques pour r\u00e9pondre aux besoins de chaque industrie, garantissant l'efficacit\u00e9 et la s\u00e9curit\u00e9 pour une hygi\u00e8ne et une d\u00e9sinfection parfaites dans l'industrie alimentaire.<\/p>\t\t\t\t\t\t\t\t<\/div>\n\t\t\t\t<\/div>\n\t\t\t\t<\/div>\n\t\t<div class=\"elementor-element elementor-element-b37a94f e-flex e-con-boxed e-con e-parent\" data-id=\"b37a94f\" data-element_type=\"container\" data-e-type=\"container\">\n\t\t\t\t\t<div class=\"e-con-inner\">\n\t\t\t\t<div class=\"elementor-element elementor-element-82c510b elementor-mobile-align-left elementor-widget-mobile__width-initial elementor-align-center elementor-widget elementor-widget-button\" data-id=\"82c510b\" data-element_type=\"widget\" data-e-type=\"widget\" data-widget_type=\"button.default\">\n\t\t\t\t\t\t\t\t\t\t<a class=\"elementor-button elementor-button-link elementor-size-sm\" href=\"https:\/\/www.quimidex.com\/fr\/contact\/\">\n\t\t\t\t\t\t<span class=\"elementor-button-content-wrapper\">\n\t\t\t\t\t\t\t\t\t<span class=\"elementor-button-text\">Demander les tarifs<\/span>\n\t\t\t\t\t<\/span>\n\t\t\t\t\t<\/a>\n\t\t\t\t\t\t\t\t<\/div>\n\t\t\t\t\t<\/div>\n\t\t\t\t<\/div>\n\t\t\t\t<\/div>","protected":false},"excerpt":{"rendered":"<p>Quimidex Food Eficacia y seguridad alimentaria Productos espec\u00edficos para la industria agroalimentaria La seguridad de los alimentos es una preocupaci\u00f3n constante no s\u00f3lo de todas las organizaciones sanitarias sino tambi\u00e9n de todas las partes involucradas, de una manera u otra, en la industria alimentaria. Quimidex Food System no es una excepci\u00f3n. Creemos que la higiene [&hellip;]<\/p>\n","protected":false},"author":1,"featured_media":0,"parent":2029,"menu_order":0,"comment_status":"closed","ping_status":"closed","template":"elementor_header_footer","meta":{"footnotes":""},"class_list":["post-2123","page","type-page","status-publish","hentry"],"yoast_head":"<!-- This site is optimized with the Yoast SEO Premium plugin v25.2 (Yoast SEO v27.1.1) - https:\/\/yoast.com\/product\/yoast-seo-premium-wordpress\/ -->\n<title>Quimidex Food | Quimidex<\/title>\n<meta name=\"robots\" content=\"index, follow, max-snippet:-1, max-image-preview:large, max-video-preview:-1\" \/>\n<link rel=\"canonical\" href=\"https:\/\/www.quimidex.com\/fr\/catalogues\/quimidex-food\/\" \/>\n<meta property=\"og:locale\" content=\"fr_FR\" \/>\n<meta property=\"og:type\" content=\"article\" \/>\n<meta property=\"og:title\" content=\"Quimidex Food\" \/>\n<meta property=\"og:description\" content=\"Quimidex Food Eficacia y seguridad alimentaria Productos espec\u00edficos para la industria agroalimentaria La seguridad de los alimentos es una preocupaci\u00f3n constante no s\u00f3lo de todas las organizaciones sanitarias sino tambi\u00e9n de todas las partes involucradas, de una manera u otra, en la industria alimentaria. Quimidex Food System no es una excepci\u00f3n. Creemos que la higiene [&hellip;]\" \/>\n<meta property=\"og:url\" content=\"https:\/\/www.quimidex.com\/fr\/catalogues\/quimidex-food\/\" \/>\n<meta property=\"og:site_name\" content=\"Quimidex\" \/>\n<meta property=\"article:modified_time\" content=\"2025-01-10T16:24:15+00:00\" \/>\n<meta property=\"og:image\" content=\"https:\/\/www.quimidex.com\/wp-content\/uploads\/2025\/01\/bodegon-food-2022.jpg\" \/>\n\t<meta property=\"og:image:width\" content=\"1400\" \/>\n\t<meta property=\"og:image:height\" content=\"652\" \/>\n\t<meta property=\"og:image:type\" content=\"image\/jpeg\" \/>\n<meta name=\"twitter:card\" content=\"summary_large_image\" \/>\n<meta name=\"twitter:label1\" content=\"Dur\u00e9e de lecture estim\u00e9e\" \/>\n\t<meta name=\"twitter:data1\" content=\"1 minute\" \/>\n<script type=\"application\/ld+json\" class=\"yoast-schema-graph\">{\"@context\":\"https:\/\/schema.org\",\"@graph\":[{\"@type\":\"WebPage\",\"@id\":\"https:\/\/www.quimidex.com\/catalogos\/quimidex-food\/\",\"url\":\"https:\/\/www.quimidex.com\/catalogos\/quimidex-food\/\",\"name\":\"Quimidex Food | Quimidex\",\"isPartOf\":{\"@id\":\"https:\/\/www.quimidex.com\/#website\"},\"primaryImageOfPage\":{\"@id\":\"https:\/\/www.quimidex.com\/catalogos\/quimidex-food\/#primaryimage\"},\"image\":{\"@id\":\"https:\/\/www.quimidex.com\/catalogos\/quimidex-food\/#primaryimage\"},\"thumbnailUrl\":\"https:\/\/www.quimidex.com\/wp-content\/uploads\/2025\/01\/bodegon-food-2022-768x358.jpg\",\"datePublished\":\"2025-01-09T09:58:43+00:00\",\"dateModified\":\"2025-01-10T16:24:15+00:00\",\"breadcrumb\":{\"@id\":\"https:\/\/www.quimidex.com\/catalogos\/quimidex-food\/#breadcrumb\"},\"inLanguage\":\"fr-FR\",\"potentialAction\":[{\"@type\":\"ReadAction\",\"target\":[\"https:\/\/www.quimidex.com\/catalogos\/quimidex-food\/\"]}]},{\"@type\":\"ImageObject\",\"inLanguage\":\"fr-FR\",\"@id\":\"https:\/\/www.quimidex.com\/catalogos\/quimidex-food\/#primaryimage\",\"url\":\"https:\/\/www.quimidex.com\/wp-content\/uploads\/2025\/01\/bodegon-food-2022-768x358.jpg\",\"contentUrl\":\"https:\/\/www.quimidex.com\/wp-content\/uploads\/2025\/01\/bodegon-food-2022-768x358.jpg\"},{\"@type\":\"BreadcrumbList\",\"@id\":\"https:\/\/www.quimidex.com\/catalogos\/quimidex-food\/#breadcrumb\",\"itemListElement\":[{\"@type\":\"ListItem\",\"position\":1,\"name\":\"Home\",\"item\":\"https:\/\/www.quimidex.com\/\"},{\"@type\":\"ListItem\",\"position\":2,\"name\":\"Cat\u00e1logos\",\"item\":\"https:\/\/www.quimidex.com\/catalogos\/\"},{\"@type\":\"ListItem\",\"position\":3,\"name\":\"Quimidex Food\"}]},{\"@type\":\"WebSite\",\"@id\":\"https:\/\/www.quimidex.com\/#website\",\"url\":\"https:\/\/www.quimidex.com\/\",\"name\":\"Quimidex\",\"description\":\"Proveedores de productos de limpieza\",\"publisher\":{\"@id\":\"https:\/\/www.quimidex.com\/#organization\"},\"potentialAction\":[{\"@type\":\"SearchAction\",\"target\":{\"@type\":\"EntryPoint\",\"urlTemplate\":\"https:\/\/www.quimidex.com\/?s={search_term_string}\"},\"query-input\":{\"@type\":\"PropertyValueSpecification\",\"valueRequired\":true,\"valueName\":\"search_term_string\"}}],\"inLanguage\":\"fr-FR\"},{\"@type\":\"Organization\",\"@id\":\"https:\/\/www.quimidex.com\/#organization\",\"name\":\"Quimidex\",\"url\":\"https:\/\/www.quimidex.com\/\",\"logo\":{\"@type\":\"ImageObject\",\"inLanguage\":\"fr-FR\",\"@id\":\"https:\/\/www.quimidex.com\/#\/schema\/logo\/image\/\",\"url\":\"https:\/\/www.quimidex.com\/wp-content\/uploads\/2024\/12\/cropped-Mockup-Quimidex-8-1.png\",\"contentUrl\":\"https:\/\/www.quimidex.com\/wp-content\/uploads\/2024\/12\/cropped-Mockup-Quimidex-8-1.png\",\"width\":512,\"height\":512,\"caption\":\"Quimidex\"},\"image\":{\"@id\":\"https:\/\/www.quimidex.com\/#\/schema\/logo\/image\/\"}}]}<\/script>\n<!-- \/ Yoast SEO Premium plugin. -->","yoast_head_json":{"title":"Quimidex Food : Quimidex","robots":{"index":"index","follow":"follow","max-snippet":"max-snippet:-1","max-image-preview":"max-image-preview:large","max-video-preview":"max-video-preview:-1"},"canonical":"https:\/\/www.quimidex.com\/fr\/catalogues\/quimidex-food\/","og_locale":"fr_FR","og_type":"article","og_title":"Quimidex Food","og_description":"Quimidex Food Eficacia y seguridad alimentaria Productos espec\u00edficos para la industria agroalimentaria La seguridad de los alimentos es una preocupaci\u00f3n constante no s\u00f3lo de todas las organizaciones sanitarias sino tambi\u00e9n de todas las partes involucradas, de una manera u otra, en la industria alimentaria. Quimidex Food System no es una excepci\u00f3n. Creemos que la higiene [&hellip;]","og_url":"https:\/\/www.quimidex.com\/fr\/catalogues\/quimidex-food\/","og_site_name":"Quimidex","article_modified_time":"2025-01-10T16:24:15+00:00","og_image":[{"width":1400,"height":652,"url":"https:\/\/www.quimidex.com\/wp-content\/uploads\/2025\/01\/bodegon-food-2022.jpg","type":"image\/jpeg"}],"twitter_card":"summary_large_image","twitter_misc":{"Dur\u00e9e de lecture estim\u00e9e":"1 minute"},"schema":{"@context":"https:\/\/schema.org","@graph":[{"@type":"WebPage","@id":"https:\/\/www.quimidex.com\/catalogos\/quimidex-food\/","url":"https:\/\/www.quimidex.com\/catalogos\/quimidex-food\/","name":"Quimidex Food : Quimidex","isPartOf":{"@id":"https:\/\/www.quimidex.com\/#website"},"primaryImageOfPage":{"@id":"https:\/\/www.quimidex.com\/catalogos\/quimidex-food\/#primaryimage"},"image":{"@id":"https:\/\/www.quimidex.com\/catalogos\/quimidex-food\/#primaryimage"},"thumbnailUrl":"https:\/\/www.quimidex.com\/wp-content\/uploads\/2025\/01\/bodegon-food-2022-768x358.jpg","datePublished":"2025-01-09T09:58:43+00:00","dateModified":"2025-01-10T16:24:15+00:00","breadcrumb":{"@id":"https:\/\/www.quimidex.com\/catalogos\/quimidex-food\/#breadcrumb"},"inLanguage":"fr-FR","potentialAction":[{"@type":"ReadAction","target":["https:\/\/www.quimidex.com\/catalogos\/quimidex-food\/"]}]},{"@type":"ImageObject","inLanguage":"fr-FR","@id":"https:\/\/www.quimidex.com\/catalogos\/quimidex-food\/#primaryimage","url":"https:\/\/www.quimidex.com\/wp-content\/uploads\/2025\/01\/bodegon-food-2022-768x358.jpg","contentUrl":"https:\/\/www.quimidex.com\/wp-content\/uploads\/2025\/01\/bodegon-food-2022-768x358.jpg"},{"@type":"BreadcrumbList","@id":"https:\/\/www.quimidex.com\/catalogos\/quimidex-food\/#breadcrumb","itemListElement":[{"@type":"ListItem","position":1,"name":"Home","item":"https:\/\/www.quimidex.com\/"},{"@type":"ListItem","position":2,"name":"Cat\u00e1logos","item":"https:\/\/www.quimidex.com\/catalogos\/"},{"@type":"ListItem","position":3,"name":"Quimidex Food"}]},{"@type":"WebSite","@id":"https:\/\/www.quimidex.com\/#website","url":"https:\/\/www.quimidex.com\/","name":"Quimidex","description":"Fournisseurs de produits de nettoyage","publisher":{"@id":"https:\/\/www.quimidex.com\/#organization"},"potentialAction":[{"@type":"SearchAction","target":{"@type":"EntryPoint","urlTemplate":"https:\/\/www.quimidex.com\/?s={search_term_string}"},"query-input":{"@type":"PropertyValueSpecification","valueRequired":true,"valueName":"search_term_string"}}],"inLanguage":"fr-FR"},{"@type":"Organization","@id":"https:\/\/www.quimidex.com\/#organization","name":"Quimidex","url":"https:\/\/www.quimidex.com\/","logo":{"@type":"ImageObject","inLanguage":"fr-FR","@id":"https:\/\/www.quimidex.com\/#\/schema\/logo\/image\/","url":"https:\/\/www.quimidex.com\/wp-content\/uploads\/2024\/12\/cropped-Mockup-Quimidex-8-1.png","contentUrl":"https:\/\/www.quimidex.com\/wp-content\/uploads\/2024\/12\/cropped-Mockup-Quimidex-8-1.png","width":512,"height":512,"caption":"Quimidex"},"image":{"@id":"https:\/\/www.quimidex.com\/#\/schema\/logo\/image\/"}}]}},"_links":{"self":[{"href":"https:\/\/www.quimidex.com\/fr\/wp-json\/wp\/v2\/pages\/2123","targetHints":{"allow":["GET"]}}],"collection":[{"href":"https:\/\/www.quimidex.com\/fr\/wp-json\/wp\/v2\/pages"}],"about":[{"href":"https:\/\/www.quimidex.com\/fr\/wp-json\/wp\/v2\/types\/page"}],"author":[{"embeddable":true,"href":"https:\/\/www.quimidex.com\/fr\/wp-json\/wp\/v2\/users\/1"}],"replies":[{"embeddable":true,"href":"https:\/\/www.quimidex.com\/fr\/wp-json\/wp\/v2\/comments?post=2123"}],"version-history":[{"count":13,"href":"https:\/\/www.quimidex.com\/fr\/wp-json\/wp\/v2\/pages\/2123\/revisions"}],"predecessor-version":[{"id":2573,"href":"https:\/\/www.quimidex.com\/fr\/wp-json\/wp\/v2\/pages\/2123\/revisions\/2573"}],"up":[{"embeddable":true,"href":"https:\/\/www.quimidex.com\/fr\/wp-json\/wp\/v2\/pages\/2029"}],"wp:attachment":[{"href":"https:\/\/www.quimidex.com\/fr\/wp-json\/wp\/v2\/media?parent=2123"}],"curies":[{"name":"wp","href":"https:\/\/api.w.org\/{rel}","templated":true}]}}