{"id":2088,"date":"2025-01-09T09:32:23","date_gmt":"2025-01-09T09:32:23","guid":{"rendered":"https:\/\/www.quimidex.com\/?page_id=2088"},"modified":"2025-01-10T16:26:42","modified_gmt":"2025-01-10T16:26:42","slug":"quimidex-ecopack","status":"publish","type":"page","link":"https:\/\/www.quimidex.com\/fr\/catalogues\/quimidex-ecopack\/","title":{"rendered":"Quimidex Ecopack"},"content":{"rendered":"<div data-elementor-type=\"wp-page\" data-elementor-id=\"2088\" class=\"elementor elementor-2088\" data-elementor-post-type=\"page\">\n\t\t\t\t<div class=\"elementor-element elementor-element-9397c56 e-con-full e-flex e-con e-parent\" data-id=\"9397c56\" data-element_type=\"container\" data-e-type=\"container\">\n\t\t<div class=\"elementor-element elementor-element-4bbad8f e-con-full e-flex e-con e-child\" data-id=\"4bbad8f\" data-element_type=\"container\" data-e-type=\"container\">\n\t\t\t\t<div class=\"elementor-element elementor-element-50d893f elementor-widget__width-initial elementor-widget elementor-widget-heading\" data-id=\"50d893f\" data-element_type=\"widget\" data-e-type=\"widget\" data-widget_type=\"heading.default\">\n\t\t\t\t\t<h2 class=\"elementor-heading-title elementor-size-default\">Quimidex Ecopack<\/h2>\t\t\t\t<\/div>\n\t\t\t\t<div class=\"elementor-element elementor-element-4001aa5 elementor-widget elementor-widget-heading\" data-id=\"4001aa5\" data-element_type=\"widget\" data-e-type=\"widget\" data-widget_type=\"heading.default\">\n\t\t\t\t\t<span class=\"elementor-heading-title elementor-size-default\">Un syst\u00e8me s\u00fbr, rentable et respectueux de l'environnement\n\n<\/span>\t\t\t\t<\/div>\n\t\t<div class=\"elementor-element elementor-element-5e04588 e-con-full e-grid e-con e-child\" data-id=\"5e04588\" data-element_type=\"container\" data-e-type=\"container\">\n\t\t\t\t<div class=\"elementor-element elementor-element-5735b4f elementor-widget elementor-widget-image\" data-id=\"5735b4f\" data-element_type=\"widget\" data-e-type=\"widget\" data-widget_type=\"image.default\">\n\t\t\t\t\t\t\t\t\t\t\t\t\t\t\t<img fetchpriority=\"high\" decoding=\"async\" width=\"500\" height=\"500\" src=\"https:\/\/www.quimidex.com\/wp-content\/uploads\/2025\/01\/BIOCIDAL-DISINFECTANT-1.webp\" class=\"attachment-medium_large size-medium_large wp-image-2096\" alt=\"\" \/>\t\t\t\t\t\t\t\t\t\t\t\t\t\t\t<\/div>\n\t\t\t\t<div class=\"elementor-element elementor-element-8bb2424 elementor-widget elementor-widget-image\" data-id=\"8bb2424\" data-element_type=\"widget\" data-e-type=\"widget\" data-widget_type=\"image.default\">\n\t\t\t\t\t\t\t\t\t\t\t\t\t\t\t<img decoding=\"async\" width=\"500\" height=\"364\" src=\"https:\/\/www.quimidex.com\/wp-content\/uploads\/2025\/01\/BIOCIDAL-DISINFECTANT-2-e1736415698528.webp\" class=\"attachment-medium_large size-medium_large wp-image-2097\" alt=\"\" \/>\t\t\t\t\t\t\t\t\t\t\t\t\t\t\t<\/div>\n\t\t\t\t<div class=\"elementor-element elementor-element-4d6cba1 elementor-widget elementor-widget-image\" data-id=\"4d6cba1\" data-element_type=\"widget\" data-e-type=\"widget\" data-widget_type=\"image.default\">\n\t\t\t\t\t\t\t\t\t\t\t\t\t\t\t<img decoding=\"async\" width=\"500\" height=\"500\" src=\"https:\/\/www.quimidex.com\/wp-content\/uploads\/2025\/01\/BIOCIDAL-DISINFECTANT-3.webp\" class=\"attachment-medium_large size-medium_large wp-image-2098\" alt=\"\" \/>\t\t\t\t\t\t\t\t\t\t\t\t\t\t\t<\/div>\n\t\t\t\t<div class=\"elementor-element elementor-element-2918293 elementor-widget elementor-widget-image\" data-id=\"2918293\" data-element_type=\"widget\" data-e-type=\"widget\" data-widget_type=\"image.default\">\n\t\t\t\t\t\t\t\t\t\t\t\t\t\t\t<img loading=\"lazy\" decoding=\"async\" width=\"500\" height=\"500\" src=\"https:\/\/www.quimidex.com\/wp-content\/uploads\/2025\/01\/BIOCIDAL-DISINFECTANT-4.png\" class=\"attachment-medium_large size-medium_large wp-image-2099\" alt=\"\" \/>\t\t\t\t\t\t\t\t\t\t\t\t\t\t\t<\/div>\n\t\t\t\t<div class=\"elementor-element elementor-element-f7ba63b elementor-widget elementor-widget-image\" data-id=\"f7ba63b\" data-element_type=\"widget\" data-e-type=\"widget\" data-widget_type=\"image.default\">\n\t\t\t\t\t\t\t\t\t\t\t\t\t\t\t<img loading=\"lazy\" decoding=\"async\" width=\"500\" height=\"500\" src=\"https:\/\/www.quimidex.com\/wp-content\/uploads\/2025\/01\/BIOCIDAL-DISINFECTANT-5.png\" class=\"attachment-medium_large size-medium_large wp-image-2100\" alt=\"\" \/>\t\t\t\t\t\t\t\t\t\t\t\t\t\t\t<\/div>\n\t\t\t\t<\/div>\n\t\t\t\t<div class=\"elementor-element elementor-element-58cc5a5 elementor-widget elementor-widget-image\" data-id=\"58cc5a5\" data-element_type=\"widget\" data-e-type=\"widget\" data-widget_type=\"image.default\">\n\t\t\t\t\t\t\t\t\t\t\t\t\t\t\t<img loading=\"lazy\" decoding=\"async\" width=\"768\" height=\"351\" src=\"https:\/\/www.quimidex.com\/wp-content\/uploads\/2025\/01\/Mockup-Quimidex-2025-01-09T183926.221-e1736444390335-768x351.webp\" class=\"attachment-medium_large size-medium_large wp-image-2421\" alt=\"Catalogue de produits de nettoyage pour les \u00e9coles : d\u00e9tergents et d\u00e9sinfectants sp\u00e9cialis\u00e9s\" srcset=\"https:\/\/www.quimidex.com\/wp-content\/uploads\/2025\/01\/Mockup-Quimidex-2025-01-09T183926.221-e1736444390335-768x351.webp 768w, https:\/\/www.quimidex.com\/wp-content\/uploads\/2025\/01\/Mockup-Quimidex-2025-01-09T183926.221-e1736444390335-600x274.webp 600w, https:\/\/www.quimidex.com\/wp-content\/uploads\/2025\/01\/Mockup-Quimidex-2025-01-09T183926.221-e1736444390335-300x137.webp 300w, https:\/\/www.quimidex.com\/wp-content\/uploads\/2025\/01\/Mockup-Quimidex-2025-01-09T183926.221-e1736444390335-1024x468.webp 1024w, https:\/\/www.quimidex.com\/wp-content\/uploads\/2025\/01\/Mockup-Quimidex-2025-01-09T183926.221-e1736444390335.webp 1280w\" sizes=\"(max-width: 768px) 100vw, 768px\" \/>\t\t\t\t\t\t\t\t\t\t\t\t\t\t\t<\/div>\n\t\t\t\t<\/div>\n\t\t\t\t<\/div>\n\t\t<div class=\"elementor-element elementor-element-0f5fd0b e-con-full e-flex e-con e-parent\" data-id=\"0f5fd0b\" data-element_type=\"container\" data-e-type=\"container\">\n\t\t<div class=\"elementor-element elementor-element-f204b96 e-con-full e-flex e-con e-child\" data-id=\"f204b96\" data-element_type=\"container\" data-e-type=\"container\">\n\t\t\t\t<div class=\"elementor-element elementor-element-cab35e8 elementor-widget__width-initial elementor-widget elementor-widget-heading\" data-id=\"cab35e8\" data-element_type=\"widget\" data-e-type=\"widget\" data-widget_type=\"heading.default\">\n\t\t\t\t\t<h2 class=\"elementor-heading-title elementor-size-default\">Syst\u00e8me techno-\u00e9cologique pour les produits de nettoyage et d'entretien ultra-concentr\u00e9s.\n\n<\/h2>\t\t\t\t<\/div>\n\t\t\t\t<div class=\"elementor-element elementor-element-815c282 elementor-widget elementor-widget-text-editor\" data-id=\"815c282\" data-element_type=\"widget\" data-e-type=\"widget\" data-widget_type=\"text-editor.default\">\n\t\t\t\t\t\t\t\t\t<p>Quimidex Professional pr\u00e9sente un nouveau syst\u00e8me d'emballage \u00e9cologique r\u00e9volutionnaire pour les produits de nettoyage et de d\u00e9sinfection ultra-concentr\u00e9s destin\u00e9s \u00e0 votre \u00e9tablissement.<\/p>\t\t\t\t\t\t\t\t<\/div>\n\t\t\t\t<div class=\"elementor-element elementor-element-9f752cb elementor-widget elementor-widget-text-editor\" data-id=\"9f752cb\" data-element_type=\"widget\" data-e-type=\"widget\" data-widget_type=\"text-editor.default\">\n\t\t\t\t\t\t\t\t\t<p>Performance de l'emballage ECOpack<\/p>\t\t\t\t\t\t\t\t<\/div>\n\t\t\t\t<div class=\"elementor-element elementor-element-7ef9d02 elementor-widget elementor-widget-text-editor\" data-id=\"7ef9d02\" data-element_type=\"widget\" data-e-type=\"widget\" data-widget_type=\"text-editor.default\">\n\t\t\t\t\t\t\t\t\t<p>Il s'agit d'un nouvel emballage pour les produits d'hygi\u00e8ne hautement concentr\u00e9s et enti\u00e8rement captifs, qui garantit la rentabilit\u00e9 du produit et g\u00e9n\u00e8re 85% de d\u00e9chets en moins. Il repose sur la diff\u00e9renciation des produits gr\u00e2ce \u00e0 un code couleur clair et au dosage exact de chaque produit pr\u00eat \u00e0 l'emploi, afin d'obtenir les meilleurs r\u00e9sultats en mati\u00e8re d'hygi\u00e8ne et de d\u00e9sinfection et d'optimiser la consommation du produit.<\/p>\t\t\t\t\t\t\t\t<\/div>\n\t\t\t\t<\/div>\n\t\t<div class=\"elementor-element elementor-element-2ae8dba e-con-full e-flex e-con e-child\" data-id=\"2ae8dba\" data-element_type=\"container\" data-e-type=\"container\">\n\t\t\t\t<div class=\"elementor-element elementor-element-de8d8c7 elementor-widget__width-initial elementor-widget elementor-widget-text-editor\" data-id=\"de8d8c7\" data-element_type=\"widget\" data-e-type=\"widget\" data-widget_type=\"text-editor.default\">\n\t\t\t\t\t\t\t\t\t<p>Comment se pr\u00e9sente l'emballage ?<\/p>\t\t\t\t\t\t\t\t<\/div>\n\t\t<div class=\"elementor-element elementor-element-2164b5c e-con-full e-flex e-con e-child\" data-id=\"2164b5c\" data-element_type=\"container\" data-e-type=\"container\">\n\t\t\t\t<div class=\"elementor-element elementor-element-2e73e18 elementor-widget__width-initial elementor-widget elementor-widget-text-editor\" data-id=\"2e73e18\" data-element_type=\"widget\" data-e-type=\"widget\" data-widget_type=\"text-editor.default\">\n\t\t\t\t\t\t\t\t\t<p>Le nouveau format d'emballage <strong>Bag in Box<\/strong> Le sac de 10 litres garantit la conservation du produit et de ses propri\u00e9t\u00e9s jusqu'\u00e0 son vidage complet, gr\u00e2ce \u00e0 sa conception qui emp\u00eache l'entr\u00e9e d'air lorsque le sac se contracte. Ce syst\u00e8me est prot\u00e9g\u00e9 par une bo\u00eete en carton qui prot\u00e8ge le contenu de la lumi\u00e8re.<\/p><p>Le sac se compose d'un film int\u00e9rieur transparent (LLDPE) et d'un film ext\u00e9rieur m\u00e9tallis\u00e9 (Flexmet Pe\/MetPet\/Pe lamin\u00e9 \u00e0 chaud), r\u00e9sistant \u00e0 la fissuration par flexion pendant le transport. En outre, il comprend une valve de s\u00e9curit\u00e9 QDP pour un retrait efficace du produit.<\/p><p><strong>Points forts de l'emballage :<\/strong><\/p><ul><li>Produit selon un processus \u00e0 faible impact environnemental.<\/li><li>Exempt de substances nocives pour l'environnement.<\/li><li>Gestion ad\u00e9quate des d\u00e9chets.<\/li><li>Certifi\u00e9 par le label \u00e9cologique, conforme aux normes \u00e9cologiques de l'UE.<\/li><\/ul>\t\t\t\t\t\t\t\t<\/div>\n\t\t\t\t<div class=\"elementor-element elementor-element-cb61708 elementor-widget__width-initial elementor-widget elementor-widget-image\" data-id=\"cb61708\" data-element_type=\"widget\" data-e-type=\"widget\" data-widget_type=\"image.default\">\n\t\t\t\t\t\t\t\t\t\t\t\t\t\t\t<img loading=\"lazy\" decoding=\"async\" width=\"768\" height=\"642\" src=\"https:\/\/www.quimidex.com\/wp-content\/uploads\/2025\/01\/ecopack-bodegon-2-768x642-1.jpg\" class=\"attachment-large size-large wp-image-2094\" alt=\"\" srcset=\"https:\/\/www.quimidex.com\/wp-content\/uploads\/2025\/01\/ecopack-bodegon-2-768x642-1.jpg 768w, https:\/\/www.quimidex.com\/wp-content\/uploads\/2025\/01\/ecopack-bodegon-2-768x642-1-600x502.jpg 600w, https:\/\/www.quimidex.com\/wp-content\/uploads\/2025\/01\/ecopack-bodegon-2-768x642-1-300x251.jpg 300w\" sizes=\"(max-width: 768px) 100vw, 768px\" \/>\t\t\t\t\t\t\t\t\t\t\t\t\t\t\t<\/div>\n\t\t\t\t<\/div>\n\t\t\t\t<\/div>\n\t\t\t\t<\/div>\n\t\t<div class=\"elementor-element elementor-element-b37a94f e-flex e-con-boxed e-con e-parent\" data-id=\"b37a94f\" data-element_type=\"container\" data-e-type=\"container\">\n\t\t\t\t\t<div class=\"e-con-inner\">\n\t\t\t\t<div class=\"elementor-element elementor-element-82c510b elementor-mobile-align-left elementor-widget-mobile__width-initial elementor-align-center elementor-widget elementor-widget-button\" data-id=\"82c510b\" data-element_type=\"widget\" data-e-type=\"widget\" data-widget_type=\"button.default\">\n\t\t\t\t\t\t\t\t\t\t<a class=\"elementor-button elementor-button-link elementor-size-sm\" href=\"https:\/\/www.quimidex.com\/fr\/contact\/\">\n\t\t\t\t\t\t<span class=\"elementor-button-content-wrapper\">\n\t\t\t\t\t\t\t\t\t<span class=\"elementor-button-text\">Demander les tarifs<\/span>\n\t\t\t\t\t<\/span>\n\t\t\t\t\t<\/a>\n\t\t\t\t\t\t\t\t<\/div>\n\t\t\t\t\t<\/div>\n\t\t\t\t<\/div>\n\t\t\t\t<\/div>","protected":false},"excerpt":{"rendered":"<p>Quimidex Ecopack Un sistema seguro, rentable y ecolo\u0301gico Sistema tecno-ecol\u00f3gico de productos ultraconcentrados para limpieza y mantenimiento Quimidex Professional presenta un nuevo y revolucionario sistema packaging que preserva el medio ambiente, para los productos ultracontrentrados de limpieza y desinfeccio\u0301n de su establecimiento. ECOpack packaging performance Es un nuevo packaging para productos de higiene altamente concentrados, [&hellip;]<\/p>\n","protected":false},"author":1,"featured_media":0,"parent":2029,"menu_order":0,"comment_status":"closed","ping_status":"closed","template":"elementor_header_footer","meta":{"footnotes":""},"class_list":["post-2088","page","type-page","status-publish","hentry"],"yoast_head":"<!-- This site is optimized with the Yoast SEO Premium plugin v25.2 (Yoast SEO v27.1.1) - https:\/\/yoast.com\/product\/yoast-seo-premium-wordpress\/ -->\n<title>Quimidex Ecopack | Quimidex<\/title>\n<meta name=\"robots\" content=\"index, follow, max-snippet:-1, max-image-preview:large, max-video-preview:-1\" \/>\n<link rel=\"canonical\" href=\"https:\/\/www.quimidex.com\/fr\/catalogues\/quimidex-ecopack\/\" \/>\n<meta property=\"og:locale\" content=\"fr_FR\" \/>\n<meta property=\"og:type\" content=\"article\" \/>\n<meta property=\"og:title\" content=\"Quimidex Ecopack\" \/>\n<meta property=\"og:description\" content=\"Quimidex Ecopack Un sistema seguro, rentable y ecolo\u0301gico Sistema tecno-ecol\u00f3gico de productos ultraconcentrados para limpieza y mantenimiento Quimidex Professional presenta un nuevo y revolucionario sistema packaging que preserva el medio ambiente, para los productos ultracontrentrados de limpieza y desinfeccio\u0301n de su establecimiento. ECOpack packaging performance Es un nuevo packaging para productos de higiene altamente concentrados, [&hellip;]\" \/>\n<meta property=\"og:url\" content=\"https:\/\/www.quimidex.com\/fr\/catalogues\/quimidex-ecopack\/\" \/>\n<meta property=\"og:site_name\" content=\"Quimidex\" \/>\n<meta property=\"article:modified_time\" content=\"2025-01-10T16:26:42+00:00\" \/>\n<meta property=\"og:image\" content=\"https:\/\/www.quimidex.com\/wp-content\/uploads\/2025\/01\/BIOCIDAL-DISINFECTANT-1.webp\" \/>\n\t<meta property=\"og:image:width\" content=\"500\" \/>\n\t<meta property=\"og:image:height\" content=\"500\" \/>\n\t<meta property=\"og:image:type\" content=\"image\/webp\" \/>\n<meta name=\"twitter:card\" content=\"summary_large_image\" \/>\n<script type=\"application\/ld+json\" class=\"yoast-schema-graph\">{\"@context\":\"https:\/\/schema.org\",\"@graph\":[{\"@type\":\"WebPage\",\"@id\":\"https:\/\/www.quimidex.com\/catalogos\/quimidex-ecopack\/\",\"url\":\"https:\/\/www.quimidex.com\/catalogos\/quimidex-ecopack\/\",\"name\":\"Quimidex Ecopack | Quimidex\",\"isPartOf\":{\"@id\":\"https:\/\/www.quimidex.com\/#website\"},\"primaryImageOfPage\":{\"@id\":\"https:\/\/www.quimidex.com\/catalogos\/quimidex-ecopack\/#primaryimage\"},\"image\":{\"@id\":\"https:\/\/www.quimidex.com\/catalogos\/quimidex-ecopack\/#primaryimage\"},\"thumbnailUrl\":\"https:\/\/www.quimidex.com\/wp-content\/uploads\/2025\/01\/BIOCIDAL-DISINFECTANT-1.webp\",\"datePublished\":\"2025-01-09T09:32:23+00:00\",\"dateModified\":\"2025-01-10T16:26:42+00:00\",\"breadcrumb\":{\"@id\":\"https:\/\/www.quimidex.com\/catalogos\/quimidex-ecopack\/#breadcrumb\"},\"inLanguage\":\"fr-FR\",\"potentialAction\":[{\"@type\":\"ReadAction\",\"target\":[\"https:\/\/www.quimidex.com\/catalogos\/quimidex-ecopack\/\"]}]},{\"@type\":\"ImageObject\",\"inLanguage\":\"fr-FR\",\"@id\":\"https:\/\/www.quimidex.com\/catalogos\/quimidex-ecopack\/#primaryimage\",\"url\":\"https:\/\/www.quimidex.com\/wp-content\/uploads\/2025\/01\/BIOCIDAL-DISINFECTANT-1.webp\",\"contentUrl\":\"https:\/\/www.quimidex.com\/wp-content\/uploads\/2025\/01\/BIOCIDAL-DISINFECTANT-1.webp\"},{\"@type\":\"BreadcrumbList\",\"@id\":\"https:\/\/www.quimidex.com\/catalogos\/quimidex-ecopack\/#breadcrumb\",\"itemListElement\":[{\"@type\":\"ListItem\",\"position\":1,\"name\":\"Home\",\"item\":\"https:\/\/www.quimidex.com\/\"},{\"@type\":\"ListItem\",\"position\":2,\"name\":\"Cat\u00e1logos\",\"item\":\"https:\/\/www.quimidex.com\/catalogos\/\"},{\"@type\":\"ListItem\",\"position\":3,\"name\":\"Quimidex Ecopack\"}]},{\"@type\":\"WebSite\",\"@id\":\"https:\/\/www.quimidex.com\/#website\",\"url\":\"https:\/\/www.quimidex.com\/\",\"name\":\"Quimidex\",\"description\":\"Proveedores de productos de limpieza\",\"publisher\":{\"@id\":\"https:\/\/www.quimidex.com\/#organization\"},\"potentialAction\":[{\"@type\":\"SearchAction\",\"target\":{\"@type\":\"EntryPoint\",\"urlTemplate\":\"https:\/\/www.quimidex.com\/?s={search_term_string}\"},\"query-input\":{\"@type\":\"PropertyValueSpecification\",\"valueRequired\":true,\"valueName\":\"search_term_string\"}}],\"inLanguage\":\"fr-FR\"},{\"@type\":\"Organization\",\"@id\":\"https:\/\/www.quimidex.com\/#organization\",\"name\":\"Quimidex\",\"url\":\"https:\/\/www.quimidex.com\/\",\"logo\":{\"@type\":\"ImageObject\",\"inLanguage\":\"fr-FR\",\"@id\":\"https:\/\/www.quimidex.com\/#\/schema\/logo\/image\/\",\"url\":\"https:\/\/www.quimidex.com\/wp-content\/uploads\/2024\/12\/cropped-Mockup-Quimidex-8-1.png\",\"contentUrl\":\"https:\/\/www.quimidex.com\/wp-content\/uploads\/2024\/12\/cropped-Mockup-Quimidex-8-1.png\",\"width\":512,\"height\":512,\"caption\":\"Quimidex\"},\"image\":{\"@id\":\"https:\/\/www.quimidex.com\/#\/schema\/logo\/image\/\"}}]}<\/script>\n<!-- \/ Yoast SEO Premium plugin. -->","yoast_head_json":{"title":"Quimidex Ecopack | Quimidex","robots":{"index":"index","follow":"follow","max-snippet":"max-snippet:-1","max-image-preview":"max-image-preview:large","max-video-preview":"max-video-preview:-1"},"canonical":"https:\/\/www.quimidex.com\/fr\/catalogues\/quimidex-ecopack\/","og_locale":"fr_FR","og_type":"article","og_title":"Quimidex Ecopack","og_description":"Quimidex Ecopack Un sistema seguro, rentable y ecolo\u0301gico Sistema tecno-ecol\u00f3gico de productos ultraconcentrados para limpieza y mantenimiento Quimidex Professional presenta un nuevo y revolucionario sistema packaging que preserva el medio ambiente, para los productos ultracontrentrados de limpieza y desinfeccio\u0301n de su establecimiento. ECOpack packaging performance Es un nuevo packaging para productos de higiene altamente concentrados, [&hellip;]","og_url":"https:\/\/www.quimidex.com\/fr\/catalogues\/quimidex-ecopack\/","og_site_name":"Quimidex","article_modified_time":"2025-01-10T16:26:42+00:00","og_image":[{"width":500,"height":500,"url":"https:\/\/www.quimidex.com\/wp-content\/uploads\/2025\/01\/BIOCIDAL-DISINFECTANT-1.webp","type":"image\/webp"}],"twitter_card":"summary_large_image","schema":{"@context":"https:\/\/schema.org","@graph":[{"@type":"WebPage","@id":"https:\/\/www.quimidex.com\/catalogos\/quimidex-ecopack\/","url":"https:\/\/www.quimidex.com\/catalogos\/quimidex-ecopack\/","name":"Quimidex Ecopack | Quimidex","isPartOf":{"@id":"https:\/\/www.quimidex.com\/#website"},"primaryImageOfPage":{"@id":"https:\/\/www.quimidex.com\/catalogos\/quimidex-ecopack\/#primaryimage"},"image":{"@id":"https:\/\/www.quimidex.com\/catalogos\/quimidex-ecopack\/#primaryimage"},"thumbnailUrl":"https:\/\/www.quimidex.com\/wp-content\/uploads\/2025\/01\/BIOCIDAL-DISINFECTANT-1.webp","datePublished":"2025-01-09T09:32:23+00:00","dateModified":"2025-01-10T16:26:42+00:00","breadcrumb":{"@id":"https:\/\/www.quimidex.com\/catalogos\/quimidex-ecopack\/#breadcrumb"},"inLanguage":"fr-FR","potentialAction":[{"@type":"ReadAction","target":["https:\/\/www.quimidex.com\/catalogos\/quimidex-ecopack\/"]}]},{"@type":"ImageObject","inLanguage":"fr-FR","@id":"https:\/\/www.quimidex.com\/catalogos\/quimidex-ecopack\/#primaryimage","url":"https:\/\/www.quimidex.com\/wp-content\/uploads\/2025\/01\/BIOCIDAL-DISINFECTANT-1.webp","contentUrl":"https:\/\/www.quimidex.com\/wp-content\/uploads\/2025\/01\/BIOCIDAL-DISINFECTANT-1.webp"},{"@type":"BreadcrumbList","@id":"https:\/\/www.quimidex.com\/catalogos\/quimidex-ecopack\/#breadcrumb","itemListElement":[{"@type":"ListItem","position":1,"name":"Home","item":"https:\/\/www.quimidex.com\/"},{"@type":"ListItem","position":2,"name":"Cat\u00e1logos","item":"https:\/\/www.quimidex.com\/catalogos\/"},{"@type":"ListItem","position":3,"name":"Quimidex Ecopack"}]},{"@type":"WebSite","@id":"https:\/\/www.quimidex.com\/#website","url":"https:\/\/www.quimidex.com\/","name":"Quimidex","description":"Fournisseurs de produits de nettoyage","publisher":{"@id":"https:\/\/www.quimidex.com\/#organization"},"potentialAction":[{"@type":"SearchAction","target":{"@type":"EntryPoint","urlTemplate":"https:\/\/www.quimidex.com\/?s={search_term_string}"},"query-input":{"@type":"PropertyValueSpecification","valueRequired":true,"valueName":"search_term_string"}}],"inLanguage":"fr-FR"},{"@type":"Organization","@id":"https:\/\/www.quimidex.com\/#organization","name":"Quimidex","url":"https:\/\/www.quimidex.com\/","logo":{"@type":"ImageObject","inLanguage":"fr-FR","@id":"https:\/\/www.quimidex.com\/#\/schema\/logo\/image\/","url":"https:\/\/www.quimidex.com\/wp-content\/uploads\/2024\/12\/cropped-Mockup-Quimidex-8-1.png","contentUrl":"https:\/\/www.quimidex.com\/wp-content\/uploads\/2024\/12\/cropped-Mockup-Quimidex-8-1.png","width":512,"height":512,"caption":"Quimidex"},"image":{"@id":"https:\/\/www.quimidex.com\/#\/schema\/logo\/image\/"}}]}},"_links":{"self":[{"href":"https:\/\/www.quimidex.com\/fr\/wp-json\/wp\/v2\/pages\/2088","targetHints":{"allow":["GET"]}}],"collection":[{"href":"https:\/\/www.quimidex.com\/fr\/wp-json\/wp\/v2\/pages"}],"about":[{"href":"https:\/\/www.quimidex.com\/fr\/wp-json\/wp\/v2\/types\/page"}],"author":[{"embeddable":true,"href":"https:\/\/www.quimidex.com\/fr\/wp-json\/wp\/v2\/users\/1"}],"replies":[{"embeddable":true,"href":"https:\/\/www.quimidex.com\/fr\/wp-json\/wp\/v2\/comments?post=2088"}],"version-history":[{"count":19,"href":"https:\/\/www.quimidex.com\/fr\/wp-json\/wp\/v2\/pages\/2088\/revisions"}],"predecessor-version":[{"id":2585,"href":"https:\/\/www.quimidex.com\/fr\/wp-json\/wp\/v2\/pages\/2088\/revisions\/2585"}],"up":[{"embeddable":true,"href":"https:\/\/www.quimidex.com\/fr\/wp-json\/wp\/v2\/pages\/2029"}],"wp:attachment":[{"href":"https:\/\/www.quimidex.com\/fr\/wp-json\/wp\/v2\/media?parent=2088"}],"curies":[{"name":"wp","href":"https:\/\/api.w.org\/{rel}","templated":true}]}}