{"id":3893,"date":"2025-03-25T12:36:35","date_gmt":"2025-03-25T12:36:35","guid":{"rendered":"https:\/\/www.quimidex.com\/?post_type=product&#038;p=3893"},"modified":"2025-03-26T15:56:08","modified_gmt":"2025-03-26T15:56:08","slug":"energetic-alloy-wheel-rim-cleaner-car-trans-a20-5l","status":"publish","type":"product","link":"https:\/\/www.quimidex.com\/en\/professional-cleaning-products\/industrial-cleaners\/energetic-alloy-wheel-rim-cleaner-car-trans-a20-5l\/","title":{"rendered":"Alloy wheel rim energy cleaner CAR Trans A20 5L"},"content":{"rendered":"","protected":false},"excerpt":{"rendered":"<p>Powerful cleaner for alloy and aluminium rims<\/p>","protected":false},"featured_media":3253,"comment_status":"open","ping_status":"closed","template":"","meta":[],"product_brand":[],"product_cat":[57],"product_tag":[],"class_list":{"0":"post-3893","1":"product","2":"type-product","3":"status-publish","4":"has-post-thumbnail","6":"product_cat-limpiadores-industriales","8":"first","9":"instock","10":"shipping-taxable","11":"purchasable","12":"product-type-simple"},"yoast_head":"<!-- This site is optimized with the Yoast SEO Premium plugin v25.2 (Yoast SEO v27.1.1) - https:\/\/yoast.com\/product\/yoast-seo-premium-wordpress\/ -->\n<title>Limpiador energ\u00e9tico llantas aleaci\u00f3n | CAR Trans A20 5L | Quimidex<\/title>\n<meta name=\"robots\" content=\"index, follow, max-snippet:-1, max-image-preview:large, max-video-preview:-1\" \/>\n<link rel=\"canonical\" href=\"https:\/\/www.quimidex.com\/en\/professional-cleaning-products\/industrial-cleaners\/energetic-alloy-wheel-rim-cleaner-car-trans-a20-5l\/\" \/>\n<meta property=\"og:locale\" content=\"en_GB\" \/>\n<meta property=\"og:type\" content=\"article\" \/>\n<meta property=\"og:title\" content=\"Limpiador energ\u00e9tico llantas aleaci\u00f3n | CAR Trans A20 5L\" \/>\n<meta property=\"og:description\" content=\"Limpiador potente para llantas de aleaci\u00f3n y aluminio\" \/>\n<meta property=\"og:url\" content=\"https:\/\/www.quimidex.com\/en\/professional-cleaning-products\/industrial-cleaners\/energetic-alloy-wheel-rim-cleaner-car-trans-a20-5l\/\" \/>\n<meta property=\"og:site_name\" content=\"Quimidex\" \/>\n<meta property=\"article:modified_time\" content=\"2025-03-26T15:56:08+00:00\" \/>\n<meta property=\"og:image\" content=\"https:\/\/www.quimidex.com\/wp-content\/uploads\/2025\/03\/Limpiador-energetico-llantas-aleacion-TRANS-A20-5L.webp\" \/>\n\t<meta property=\"og:image:width\" content=\"1083\" \/>\n\t<meta property=\"og:image:height\" content=\"1230\" \/>\n\t<meta property=\"og:image:type\" content=\"image\/webp\" \/>\n<meta name=\"twitter:card\" content=\"summary_large_image\" \/>\n<script type=\"application\/ld+json\" class=\"yoast-schema-graph\">{\"@context\":\"https:\/\/schema.org\",\"@graph\":[{\"@type\":\"WebPage\",\"@id\":\"https:\/\/www.quimidex.com\/productos-limpieza-profesional\/limpiadores-industriales\/limpiador-energetico-llantas-aleacion-car-trans-a20-5l\/\",\"url\":\"https:\/\/www.quimidex.com\/productos-limpieza-profesional\/limpiadores-industriales\/limpiador-energetico-llantas-aleacion-car-trans-a20-5l\/\",\"name\":\"Limpiador energ\u00e9tico llantas aleaci\u00f3n | CAR Trans A20 5L | Quimidex\",\"isPartOf\":{\"@id\":\"https:\/\/www.quimidex.com\/#website\"},\"primaryImageOfPage\":{\"@id\":\"https:\/\/www.quimidex.com\/productos-limpieza-profesional\/limpiadores-industriales\/limpiador-energetico-llantas-aleacion-car-trans-a20-5l\/#primaryimage\"},\"image\":{\"@id\":\"https:\/\/www.quimidex.com\/productos-limpieza-profesional\/limpiadores-industriales\/limpiador-energetico-llantas-aleacion-car-trans-a20-5l\/#primaryimage\"},\"thumbnailUrl\":\"https:\/\/www.quimidex.com\/wp-content\/uploads\/2025\/03\/Limpiador-energetico-llantas-aleacion-TRANS-A20-5L.webp\",\"datePublished\":\"2025-03-25T12:36:35+00:00\",\"dateModified\":\"2025-03-26T15:56:08+00:00\",\"breadcrumb\":{\"@id\":\"https:\/\/www.quimidex.com\/productos-limpieza-profesional\/limpiadores-industriales\/limpiador-energetico-llantas-aleacion-car-trans-a20-5l\/#breadcrumb\"},\"inLanguage\":\"en-GB\",\"potentialAction\":[{\"@type\":\"ReadAction\",\"target\":[\"https:\/\/www.quimidex.com\/productos-limpieza-profesional\/limpiadores-industriales\/limpiador-energetico-llantas-aleacion-car-trans-a20-5l\/\"]}]},{\"@type\":\"ImageObject\",\"inLanguage\":\"en-GB\",\"@id\":\"https:\/\/www.quimidex.com\/productos-limpieza-profesional\/limpiadores-industriales\/limpiador-energetico-llantas-aleacion-car-trans-a20-5l\/#primaryimage\",\"url\":\"https:\/\/www.quimidex.com\/wp-content\/uploads\/2025\/03\/Limpiador-energetico-llantas-aleacion-TRANS-A20-5L.webp\",\"contentUrl\":\"https:\/\/www.quimidex.com\/wp-content\/uploads\/2025\/03\/Limpiador-energetico-llantas-aleacion-TRANS-A20-5L.webp\",\"width\":1083,\"height\":1230},{\"@type\":\"BreadcrumbList\",\"@id\":\"https:\/\/www.quimidex.com\/productos-limpieza-profesional\/limpiadores-industriales\/limpiador-energetico-llantas-aleacion-car-trans-a20-5l\/#breadcrumb\",\"itemListElement\":[{\"@type\":\"ListItem\",\"position\":1,\"name\":\"Home\",\"item\":\"https:\/\/www.quimidex.com\/\"},{\"@type\":\"ListItem\",\"position\":2,\"name\":\"Productos de limpieza profesional\",\"item\":\"https:\/\/www.quimidex.com\/productos-limpieza-profesional\/\"},{\"@type\":\"ListItem\",\"position\":3,\"name\":\"Limpiador energ\u00e9tico llantas aleaci\u00f3n | CAR Trans A20 5L\"}]},{\"@type\":\"WebSite\",\"@id\":\"https:\/\/www.quimidex.com\/#website\",\"url\":\"https:\/\/www.quimidex.com\/\",\"name\":\"Quimidex\",\"description\":\"Proveedores de productos de limpieza\",\"publisher\":{\"@id\":\"https:\/\/www.quimidex.com\/#organization\"},\"potentialAction\":[{\"@type\":\"SearchAction\",\"target\":{\"@type\":\"EntryPoint\",\"urlTemplate\":\"https:\/\/www.quimidex.com\/?s={search_term_string}\"},\"query-input\":{\"@type\":\"PropertyValueSpecification\",\"valueRequired\":true,\"valueName\":\"search_term_string\"}}],\"inLanguage\":\"en-GB\"},{\"@type\":\"Organization\",\"@id\":\"https:\/\/www.quimidex.com\/#organization\",\"name\":\"Quimidex\",\"url\":\"https:\/\/www.quimidex.com\/\",\"logo\":{\"@type\":\"ImageObject\",\"inLanguage\":\"en-GB\",\"@id\":\"https:\/\/www.quimidex.com\/#\/schema\/logo\/image\/\",\"url\":\"https:\/\/www.quimidex.com\/wp-content\/uploads\/2024\/12\/cropped-Mockup-Quimidex-8-1.png\",\"contentUrl\":\"https:\/\/www.quimidex.com\/wp-content\/uploads\/2024\/12\/cropped-Mockup-Quimidex-8-1.png\",\"width\":512,\"height\":512,\"caption\":\"Quimidex\"},\"image\":{\"@id\":\"https:\/\/www.quimidex.com\/#\/schema\/logo\/image\/\"}}]}<\/script>\n<!-- \/ Yoast SEO Premium plugin. -->","yoast_head_json":{"title":"Alloy Wheel Energy Cleaner | CAR Trans A20 5L | Quimidex","robots":{"index":"index","follow":"follow","max-snippet":"max-snippet:-1","max-image-preview":"max-image-preview:large","max-video-preview":"max-video-preview:-1"},"canonical":"https:\/\/www.quimidex.com\/en\/professional-cleaning-products\/industrial-cleaners\/energetic-alloy-wheel-rim-cleaner-car-trans-a20-5l\/","og_locale":"en_GB","og_type":"article","og_title":"Limpiador energ\u00e9tico llantas aleaci\u00f3n | CAR Trans A20 5L","og_description":"Limpiador potente para llantas de aleaci\u00f3n y aluminio","og_url":"https:\/\/www.quimidex.com\/en\/professional-cleaning-products\/industrial-cleaners\/energetic-alloy-wheel-rim-cleaner-car-trans-a20-5l\/","og_site_name":"Quimidex","article_modified_time":"2025-03-26T15:56:08+00:00","og_image":[{"width":1083,"height":1230,"url":"https:\/\/www.quimidex.com\/wp-content\/uploads\/2025\/03\/Limpiador-energetico-llantas-aleacion-TRANS-A20-5L.webp","type":"image\/webp"}],"twitter_card":"summary_large_image","schema":{"@context":"https:\/\/schema.org","@graph":[{"@type":"WebPage","@id":"https:\/\/www.quimidex.com\/productos-limpieza-profesional\/limpiadores-industriales\/limpiador-energetico-llantas-aleacion-car-trans-a20-5l\/","url":"https:\/\/www.quimidex.com\/productos-limpieza-profesional\/limpiadores-industriales\/limpiador-energetico-llantas-aleacion-car-trans-a20-5l\/","name":"Alloy Wheel Energy Cleaner | CAR Trans A20 5L | Quimidex","isPartOf":{"@id":"https:\/\/www.quimidex.com\/#website"},"primaryImageOfPage":{"@id":"https:\/\/www.quimidex.com\/productos-limpieza-profesional\/limpiadores-industriales\/limpiador-energetico-llantas-aleacion-car-trans-a20-5l\/#primaryimage"},"image":{"@id":"https:\/\/www.quimidex.com\/productos-limpieza-profesional\/limpiadores-industriales\/limpiador-energetico-llantas-aleacion-car-trans-a20-5l\/#primaryimage"},"thumbnailUrl":"https:\/\/www.quimidex.com\/wp-content\/uploads\/2025\/03\/Limpiador-energetico-llantas-aleacion-TRANS-A20-5L.webp","datePublished":"2025-03-25T12:36:35+00:00","dateModified":"2025-03-26T15:56:08+00:00","breadcrumb":{"@id":"https:\/\/www.quimidex.com\/productos-limpieza-profesional\/limpiadores-industriales\/limpiador-energetico-llantas-aleacion-car-trans-a20-5l\/#breadcrumb"},"inLanguage":"en-GB","potentialAction":[{"@type":"ReadAction","target":["https:\/\/www.quimidex.com\/productos-limpieza-profesional\/limpiadores-industriales\/limpiador-energetico-llantas-aleacion-car-trans-a20-5l\/"]}]},{"@type":"ImageObject","inLanguage":"en-GB","@id":"https:\/\/www.quimidex.com\/productos-limpieza-profesional\/limpiadores-industriales\/limpiador-energetico-llantas-aleacion-car-trans-a20-5l\/#primaryimage","url":"https:\/\/www.quimidex.com\/wp-content\/uploads\/2025\/03\/Limpiador-energetico-llantas-aleacion-TRANS-A20-5L.webp","contentUrl":"https:\/\/www.quimidex.com\/wp-content\/uploads\/2025\/03\/Limpiador-energetico-llantas-aleacion-TRANS-A20-5L.webp","width":1083,"height":1230},{"@type":"BreadcrumbList","@id":"https:\/\/www.quimidex.com\/productos-limpieza-profesional\/limpiadores-industriales\/limpiador-energetico-llantas-aleacion-car-trans-a20-5l\/#breadcrumb","itemListElement":[{"@type":"ListItem","position":1,"name":"Home","item":"https:\/\/www.quimidex.com\/"},{"@type":"ListItem","position":2,"name":"Productos de limpieza profesional","item":"https:\/\/www.quimidex.com\/productos-limpieza-profesional\/"},{"@type":"ListItem","position":3,"name":"Limpiador energ\u00e9tico llantas aleaci\u00f3n | CAR Trans A20 5L"}]},{"@type":"WebSite","@id":"https:\/\/www.quimidex.com\/#website","url":"https:\/\/www.quimidex.com\/","name":"Quimidex","description":"Suppliers of cleaning products","publisher":{"@id":"https:\/\/www.quimidex.com\/#organization"},"potentialAction":[{"@type":"SearchAction","target":{"@type":"EntryPoint","urlTemplate":"https:\/\/www.quimidex.com\/?s={search_term_string}"},"query-input":{"@type":"PropertyValueSpecification","valueRequired":true,"valueName":"search_term_string"}}],"inLanguage":"en-GB"},{"@type":"Organization","@id":"https:\/\/www.quimidex.com\/#organization","name":"Quimidex","url":"https:\/\/www.quimidex.com\/","logo":{"@type":"ImageObject","inLanguage":"en-GB","@id":"https:\/\/www.quimidex.com\/#\/schema\/logo\/image\/","url":"https:\/\/www.quimidex.com\/wp-content\/uploads\/2024\/12\/cropped-Mockup-Quimidex-8-1.png","contentUrl":"https:\/\/www.quimidex.com\/wp-content\/uploads\/2024\/12\/cropped-Mockup-Quimidex-8-1.png","width":512,"height":512,"caption":"Quimidex"},"image":{"@id":"https:\/\/www.quimidex.com\/#\/schema\/logo\/image\/"}}]}},"_links":{"self":[{"href":"https:\/\/www.quimidex.com\/en\/wp-json\/wp\/v2\/product\/3893","targetHints":{"allow":["GET"]}}],"collection":[{"href":"https:\/\/www.quimidex.com\/en\/wp-json\/wp\/v2\/product"}],"about":[{"href":"https:\/\/www.quimidex.com\/en\/wp-json\/wp\/v2\/types\/product"}],"replies":[{"embeddable":true,"href":"https:\/\/www.quimidex.com\/en\/wp-json\/wp\/v2\/comments?post=3893"}],"wp:featuredmedia":[{"embeddable":true,"href":"https:\/\/www.quimidex.com\/en\/wp-json\/wp\/v2\/media\/3253"}],"wp:attachment":[{"href":"https:\/\/www.quimidex.com\/en\/wp-json\/wp\/v2\/media?parent=3893"}],"wp:term":[{"taxonomy":"product_brand","embeddable":true,"href":"https:\/\/www.quimidex.com\/en\/wp-json\/wp\/v2\/product_brand?post=3893"},{"taxonomy":"product_cat","embeddable":true,"href":"https:\/\/www.quimidex.com\/en\/wp-json\/wp\/v2\/product_cat?post=3893"},{"taxonomy":"product_tag","embeddable":true,"href":"https:\/\/www.quimidex.com\/en\/wp-json\/wp\/v2\/product_tag?post=3893"}],"curies":[{"name":"wp","href":"https:\/\/api.w.org\/{rel}","templated":true}]}}