{"id":3878,"date":"2025-03-25T12:36:36","date_gmt":"2025-03-25T12:36:36","guid":{"rendered":"https:\/\/www.quimidex.com\/?post_type=product&#038;p=3878"},"modified":"2025-03-28T11:48:46","modified_gmt":"2025-03-28T11:48:46","slug":"green-q30-750-ml-eco-friendly-bathroom-descaler-cleaner","status":"publish","type":"product","link":"https:\/\/www.quimidex.com\/en\/professional-cleaning-products\/industrial-cleaners\/green-q30-750-ml-eco-friendly-bathroom-descaler-cleaner\/","title":{"rendered":"GREEN Q30 Ecological Bathroom De-Scaler - GREEN Q30"},"content":{"rendered":"","protected":false},"excerpt":{"rendered":"<p>Ecological descaler for deep cleaning of bathrooms<\/p>","protected":false},"featured_media":3176,"comment_status":"open","ping_status":"closed","template":"","meta":[],"product_brand":[],"product_cat":[57],"product_tag":[60,59],"class_list":{"0":"post-3878","1":"product","2":"type-product","3":"status-publish","4":"has-post-thumbnail","6":"product_cat-limpiadores-industriales","7":"product_tag-ecolabel","8":"product_tag-ecologicos","10":"first","11":"instock","12":"shipping-taxable","13":"purchasable","14":"product-type-variable"},"yoast_head":"<!-- This site is optimized with the Yoast SEO Premium plugin v25.2 (Yoast SEO v27.1.1) - https:\/\/yoast.com\/product\/yoast-seo-premium-wordpress\/ -->\n<title>Limpiador ecol\u00f3gico desincrustante ba\u00f1os | GREEN Q30 | Quimidex<\/title>\n<meta name=\"robots\" content=\"index, follow, max-snippet:-1, max-image-preview:large, max-video-preview:-1\" \/>\n<link rel=\"canonical\" href=\"https:\/\/www.quimidex.com\/en\/professional-cleaning-products\/industrial-cleaners\/green-q30-750-ml-eco-friendly-bathroom-descaler-cleaner\/\" \/>\n<meta property=\"og:locale\" content=\"en_GB\" \/>\n<meta property=\"og:type\" content=\"article\" \/>\n<meta property=\"og:title\" content=\"Limpiador ecol\u00f3gico desincrustante ba\u00f1os | GREEN Q30\" \/>\n<meta property=\"og:description\" content=\"Desincrustante ecol\u00f3gico para la limpieza profunda de ba\u00f1os\" \/>\n<meta property=\"og:url\" content=\"https:\/\/www.quimidex.com\/en\/professional-cleaning-products\/industrial-cleaners\/green-q30-750-ml-eco-friendly-bathroom-descaler-cleaner\/\" \/>\n<meta property=\"og:site_name\" content=\"Quimidex\" \/>\n<meta property=\"article:modified_time\" content=\"2025-03-28T11:48:46+00:00\" \/>\n<meta property=\"og:image\" content=\"https:\/\/www.quimidex.com\/wp-content\/uploads\/2025\/03\/Limpiador-ecologico-desincrustante-Green-Q30-750-mL.webp\" \/>\n\t<meta property=\"og:image:width\" content=\"758\" \/>\n\t<meta property=\"og:image:height\" content=\"1166\" \/>\n\t<meta property=\"og:image:type\" content=\"image\/webp\" \/>\n<meta name=\"twitter:card\" content=\"summary_large_image\" \/>\n<meta name=\"twitter:label1\" content=\"Estimated reading time\" \/>\n\t<meta name=\"twitter:data1\" content=\"1 minute\" \/>\n<script type=\"application\/ld+json\" class=\"yoast-schema-graph\">{\"@context\":\"https:\/\/schema.org\",\"@graph\":[{\"@type\":\"WebPage\",\"@id\":\"https:\/\/www.quimidex.com\/productos-limpieza-profesional\/limpiadores-industriales\/limpiador-ecologico-desincrustante-banos-green-q30-750-ml\/\",\"url\":\"https:\/\/www.quimidex.com\/productos-limpieza-profesional\/limpiadores-industriales\/limpiador-ecologico-desincrustante-banos-green-q30-750-ml\/\",\"name\":\"Limpiador ecol\u00f3gico desincrustante ba\u00f1os | GREEN Q30 | Quimidex\",\"isPartOf\":{\"@id\":\"https:\/\/www.quimidex.com\/#website\"},\"primaryImageOfPage\":{\"@id\":\"https:\/\/www.quimidex.com\/productos-limpieza-profesional\/limpiadores-industriales\/limpiador-ecologico-desincrustante-banos-green-q30-750-ml\/#primaryimage\"},\"image\":{\"@id\":\"https:\/\/www.quimidex.com\/productos-limpieza-profesional\/limpiadores-industriales\/limpiador-ecologico-desincrustante-banos-green-q30-750-ml\/#primaryimage\"},\"thumbnailUrl\":\"https:\/\/www.quimidex.com\/wp-content\/uploads\/2025\/03\/Limpiador-ecologico-desincrustante-Green-Q30-750-mL.webp\",\"datePublished\":\"2025-03-25T12:36:36+00:00\",\"dateModified\":\"2025-03-28T11:48:46+00:00\",\"breadcrumb\":{\"@id\":\"https:\/\/www.quimidex.com\/productos-limpieza-profesional\/limpiadores-industriales\/limpiador-ecologico-desincrustante-banos-green-q30-750-ml\/#breadcrumb\"},\"inLanguage\":\"en-GB\",\"potentialAction\":[{\"@type\":\"ReadAction\",\"target\":[\"https:\/\/www.quimidex.com\/productos-limpieza-profesional\/limpiadores-industriales\/limpiador-ecologico-desincrustante-banos-green-q30-750-ml\/\"]}]},{\"@type\":\"ImageObject\",\"inLanguage\":\"en-GB\",\"@id\":\"https:\/\/www.quimidex.com\/productos-limpieza-profesional\/limpiadores-industriales\/limpiador-ecologico-desincrustante-banos-green-q30-750-ml\/#primaryimage\",\"url\":\"https:\/\/www.quimidex.com\/wp-content\/uploads\/2025\/03\/Limpiador-ecologico-desincrustante-Green-Q30-750-mL.webp\",\"contentUrl\":\"https:\/\/www.quimidex.com\/wp-content\/uploads\/2025\/03\/Limpiador-ecologico-desincrustante-Green-Q30-750-mL.webp\",\"width\":758,\"height\":1166},{\"@type\":\"BreadcrumbList\",\"@id\":\"https:\/\/www.quimidex.com\/productos-limpieza-profesional\/limpiadores-industriales\/limpiador-ecologico-desincrustante-banos-green-q30-750-ml\/#breadcrumb\",\"itemListElement\":[{\"@type\":\"ListItem\",\"position\":1,\"name\":\"Home\",\"item\":\"https:\/\/www.quimidex.com\/\"},{\"@type\":\"ListItem\",\"position\":2,\"name\":\"Productos de limpieza profesional\",\"item\":\"https:\/\/www.quimidex.com\/productos-limpieza-profesional\/\"},{\"@type\":\"ListItem\",\"position\":3,\"name\":\"Limpiador ecol\u00f3gico desincrustante ba\u00f1os | GREEN Q30\"}]},{\"@type\":\"WebSite\",\"@id\":\"https:\/\/www.quimidex.com\/#website\",\"url\":\"https:\/\/www.quimidex.com\/\",\"name\":\"Quimidex\",\"description\":\"Proveedores de productos de limpieza\",\"publisher\":{\"@id\":\"https:\/\/www.quimidex.com\/#organization\"},\"potentialAction\":[{\"@type\":\"SearchAction\",\"target\":{\"@type\":\"EntryPoint\",\"urlTemplate\":\"https:\/\/www.quimidex.com\/?s={search_term_string}\"},\"query-input\":{\"@type\":\"PropertyValueSpecification\",\"valueRequired\":true,\"valueName\":\"search_term_string\"}}],\"inLanguage\":\"en-GB\"},{\"@type\":\"Organization\",\"@id\":\"https:\/\/www.quimidex.com\/#organization\",\"name\":\"Quimidex\",\"url\":\"https:\/\/www.quimidex.com\/\",\"logo\":{\"@type\":\"ImageObject\",\"inLanguage\":\"en-GB\",\"@id\":\"https:\/\/www.quimidex.com\/#\/schema\/logo\/image\/\",\"url\":\"https:\/\/www.quimidex.com\/wp-content\/uploads\/2024\/12\/cropped-Mockup-Quimidex-8-1.png\",\"contentUrl\":\"https:\/\/www.quimidex.com\/wp-content\/uploads\/2024\/12\/cropped-Mockup-Quimidex-8-1.png\",\"width\":512,\"height\":512,\"caption\":\"Quimidex\"},\"image\":{\"@id\":\"https:\/\/www.quimidex.com\/#\/schema\/logo\/image\/\"}}]}<\/script>\n<!-- \/ Yoast SEO Premium plugin. -->","yoast_head_json":{"title":"GREEN Q30 Ecological Bathroom Descaler - Quimidex","robots":{"index":"index","follow":"follow","max-snippet":"max-snippet:-1","max-image-preview":"max-image-preview:large","max-video-preview":"max-video-preview:-1"},"canonical":"https:\/\/www.quimidex.com\/en\/professional-cleaning-products\/industrial-cleaners\/green-q30-750-ml-eco-friendly-bathroom-descaler-cleaner\/","og_locale":"en_GB","og_type":"article","og_title":"Limpiador ecol\u00f3gico desincrustante ba\u00f1os | GREEN Q30","og_description":"Desincrustante ecol\u00f3gico para la limpieza profunda de ba\u00f1os","og_url":"https:\/\/www.quimidex.com\/en\/professional-cleaning-products\/industrial-cleaners\/green-q30-750-ml-eco-friendly-bathroom-descaler-cleaner\/","og_site_name":"Quimidex","article_modified_time":"2025-03-28T11:48:46+00:00","og_image":[{"width":758,"height":1166,"url":"https:\/\/www.quimidex.com\/wp-content\/uploads\/2025\/03\/Limpiador-ecologico-desincrustante-Green-Q30-750-mL.webp","type":"image\/webp"}],"twitter_card":"summary_large_image","twitter_misc":{"Estimated reading time":"1 minute"},"schema":{"@context":"https:\/\/schema.org","@graph":[{"@type":"WebPage","@id":"https:\/\/www.quimidex.com\/productos-limpieza-profesional\/limpiadores-industriales\/limpiador-ecologico-desincrustante-banos-green-q30-750-ml\/","url":"https:\/\/www.quimidex.com\/productos-limpieza-profesional\/limpiadores-industriales\/limpiador-ecologico-desincrustante-banos-green-q30-750-ml\/","name":"GREEN Q30 Ecological Bathroom Descaler - Quimidex","isPartOf":{"@id":"https:\/\/www.quimidex.com\/#website"},"primaryImageOfPage":{"@id":"https:\/\/www.quimidex.com\/productos-limpieza-profesional\/limpiadores-industriales\/limpiador-ecologico-desincrustante-banos-green-q30-750-ml\/#primaryimage"},"image":{"@id":"https:\/\/www.quimidex.com\/productos-limpieza-profesional\/limpiadores-industriales\/limpiador-ecologico-desincrustante-banos-green-q30-750-ml\/#primaryimage"},"thumbnailUrl":"https:\/\/www.quimidex.com\/wp-content\/uploads\/2025\/03\/Limpiador-ecologico-desincrustante-Green-Q30-750-mL.webp","datePublished":"2025-03-25T12:36:36+00:00","dateModified":"2025-03-28T11:48:46+00:00","breadcrumb":{"@id":"https:\/\/www.quimidex.com\/productos-limpieza-profesional\/limpiadores-industriales\/limpiador-ecologico-desincrustante-banos-green-q30-750-ml\/#breadcrumb"},"inLanguage":"en-GB","potentialAction":[{"@type":"ReadAction","target":["https:\/\/www.quimidex.com\/productos-limpieza-profesional\/limpiadores-industriales\/limpiador-ecologico-desincrustante-banos-green-q30-750-ml\/"]}]},{"@type":"ImageObject","inLanguage":"en-GB","@id":"https:\/\/www.quimidex.com\/productos-limpieza-profesional\/limpiadores-industriales\/limpiador-ecologico-desincrustante-banos-green-q30-750-ml\/#primaryimage","url":"https:\/\/www.quimidex.com\/wp-content\/uploads\/2025\/03\/Limpiador-ecologico-desincrustante-Green-Q30-750-mL.webp","contentUrl":"https:\/\/www.quimidex.com\/wp-content\/uploads\/2025\/03\/Limpiador-ecologico-desincrustante-Green-Q30-750-mL.webp","width":758,"height":1166},{"@type":"BreadcrumbList","@id":"https:\/\/www.quimidex.com\/productos-limpieza-profesional\/limpiadores-industriales\/limpiador-ecologico-desincrustante-banos-green-q30-750-ml\/#breadcrumb","itemListElement":[{"@type":"ListItem","position":1,"name":"Home","item":"https:\/\/www.quimidex.com\/"},{"@type":"ListItem","position":2,"name":"Productos de limpieza profesional","item":"https:\/\/www.quimidex.com\/productos-limpieza-profesional\/"},{"@type":"ListItem","position":3,"name":"Limpiador ecol\u00f3gico desincrustante ba\u00f1os | GREEN Q30"}]},{"@type":"WebSite","@id":"https:\/\/www.quimidex.com\/#website","url":"https:\/\/www.quimidex.com\/","name":"Quimidex","description":"Suppliers of cleaning products","publisher":{"@id":"https:\/\/www.quimidex.com\/#organization"},"potentialAction":[{"@type":"SearchAction","target":{"@type":"EntryPoint","urlTemplate":"https:\/\/www.quimidex.com\/?s={search_term_string}"},"query-input":{"@type":"PropertyValueSpecification","valueRequired":true,"valueName":"search_term_string"}}],"inLanguage":"en-GB"},{"@type":"Organization","@id":"https:\/\/www.quimidex.com\/#organization","name":"Quimidex","url":"https:\/\/www.quimidex.com\/","logo":{"@type":"ImageObject","inLanguage":"en-GB","@id":"https:\/\/www.quimidex.com\/#\/schema\/logo\/image\/","url":"https:\/\/www.quimidex.com\/wp-content\/uploads\/2024\/12\/cropped-Mockup-Quimidex-8-1.png","contentUrl":"https:\/\/www.quimidex.com\/wp-content\/uploads\/2024\/12\/cropped-Mockup-Quimidex-8-1.png","width":512,"height":512,"caption":"Quimidex"},"image":{"@id":"https:\/\/www.quimidex.com\/#\/schema\/logo\/image\/"}}]}},"_links":{"self":[{"href":"https:\/\/www.quimidex.com\/en\/wp-json\/wp\/v2\/product\/3878","targetHints":{"allow":["GET"]}}],"collection":[{"href":"https:\/\/www.quimidex.com\/en\/wp-json\/wp\/v2\/product"}],"about":[{"href":"https:\/\/www.quimidex.com\/en\/wp-json\/wp\/v2\/types\/product"}],"replies":[{"embeddable":true,"href":"https:\/\/www.quimidex.com\/en\/wp-json\/wp\/v2\/comments?post=3878"}],"wp:featuredmedia":[{"embeddable":true,"href":"https:\/\/www.quimidex.com\/en\/wp-json\/wp\/v2\/media\/3176"}],"wp:attachment":[{"href":"https:\/\/www.quimidex.com\/en\/wp-json\/wp\/v2\/media?parent=3878"}],"wp:term":[{"taxonomy":"product_brand","embeddable":true,"href":"https:\/\/www.quimidex.com\/en\/wp-json\/wp\/v2\/product_brand?post=3878"},{"taxonomy":"product_cat","embeddable":true,"href":"https:\/\/www.quimidex.com\/en\/wp-json\/wp\/v2\/product_cat?post=3878"},{"taxonomy":"product_tag","embeddable":true,"href":"https:\/\/www.quimidex.com\/en\/wp-json\/wp\/v2\/product_tag?post=3878"}],"curies":[{"name":"wp","href":"https:\/\/api.w.org\/{rel}","templated":true}]}}