{"id":3735,"date":"2025-03-24T11:35:36","date_gmt":"2025-03-24T11:35:36","guid":{"rendered":"https:\/\/www.quimidex.com\/?post_type=product&#038;p=3735"},"modified":"2025-03-26T15:55:38","modified_gmt":"2025-03-26T15:55:38","slug":"car-grass-d80-10l-energetic-degreaser-by-immersion","status":"publish","type":"product","link":"https:\/\/www.quimidex.com\/en\/professional-cleaning-products\/industrial-degreasers\/car-grass-d80-10l-energetic-degreaser-by-immersion\/","title":{"rendered":"CAR Grass D80 10L Energy Dipping Grease Remover"},"content":{"rendered":"","protected":false},"excerpt":{"rendered":"<p>Immersion degreaser for mechanical parts and components<\/p>","protected":false},"featured_media":3159,"comment_status":"open","ping_status":"closed","template":"","meta":[],"product_brand":[],"product_cat":[49],"product_tag":[],"class_list":{"0":"post-3735","1":"product","2":"type-product","3":"status-publish","4":"has-post-thumbnail","6":"product_cat-desengrasantes-industriales","8":"first","9":"instock","10":"shipping-taxable","11":"purchasable","12":"product-type-simple"},"yoast_head":"<!-- This site is optimized with the Yoast SEO Premium plugin v25.2 (Yoast SEO v27.1.1) - https:\/\/yoast.com\/product\/yoast-seo-premium-wordpress\/ -->\n<title>Desengrasante energ\u00e9tico por inmersi\u00f3n | CAR Grass D80 10L | Quimidex<\/title>\n<meta name=\"robots\" content=\"noindex, follow\" \/>\n<meta property=\"og:locale\" content=\"en_GB\" \/>\n<meta property=\"og:type\" content=\"article\" \/>\n<meta property=\"og:title\" content=\"Desengrasante energ\u00e9tico por inmersi\u00f3n | CAR Grass D80 10L\" \/>\n<meta property=\"og:description\" content=\"Desengrasante por inmersi\u00f3n para piezas y componentes mec\u00e1nicos\" \/>\n<meta property=\"og:url\" content=\"https:\/\/www.quimidex.com\/en\/professional-cleaning-products\/industrial-degreasers\/car-grass-d80-10l-energetic-degreaser-by-immersion\/\" \/>\n<meta property=\"og:site_name\" content=\"Quimidex\" \/>\n<meta property=\"article:modified_time\" content=\"2025-03-26T15:55:38+00:00\" \/>\n<meta property=\"og:image\" content=\"https:\/\/www.quimidex.com\/wp-content\/uploads\/2025\/03\/Desengrasante-energetico-por-inmersion-GRASS-D80-10-L.webp\" \/>\n\t<meta property=\"og:image:width\" content=\"769\" \/>\n\t<meta property=\"og:image:height\" content=\"1036\" \/>\n\t<meta property=\"og:image:type\" content=\"image\/webp\" \/>\n<meta name=\"twitter:card\" content=\"summary_large_image\" \/>\n<meta name=\"twitter:label1\" content=\"Estimated reading time\" \/>\n\t<meta name=\"twitter:data1\" content=\"1 minute\" \/>\n<script type=\"application\/ld+json\" class=\"yoast-schema-graph\">{\"@context\":\"https:\/\/schema.org\",\"@graph\":[{\"@type\":\"WebPage\",\"@id\":\"https:\/\/www.quimidex.com\/productos-limpieza-profesional\/desengrasantes-industriales\/desengrasante-energetico-por-inmersion-car-grass-d80-10l\/\",\"url\":\"https:\/\/www.quimidex.com\/productos-limpieza-profesional\/desengrasantes-industriales\/desengrasante-energetico-por-inmersion-car-grass-d80-10l\/\",\"name\":\"Desengrasante energ\u00e9tico por inmersi\u00f3n | CAR Grass D80 10L | Quimidex\",\"isPartOf\":{\"@id\":\"https:\/\/www.quimidex.com\/#website\"},\"primaryImageOfPage\":{\"@id\":\"https:\/\/www.quimidex.com\/productos-limpieza-profesional\/desengrasantes-industriales\/desengrasante-energetico-por-inmersion-car-grass-d80-10l\/#primaryimage\"},\"image\":{\"@id\":\"https:\/\/www.quimidex.com\/productos-limpieza-profesional\/desengrasantes-industriales\/desengrasante-energetico-por-inmersion-car-grass-d80-10l\/#primaryimage\"},\"thumbnailUrl\":\"https:\/\/www.quimidex.com\/wp-content\/uploads\/2025\/03\/Desengrasante-energetico-por-inmersion-GRASS-D80-10-L.webp\",\"datePublished\":\"2025-03-24T11:35:36+00:00\",\"dateModified\":\"2025-03-26T15:55:38+00:00\",\"breadcrumb\":{\"@id\":\"https:\/\/www.quimidex.com\/productos-limpieza-profesional\/desengrasantes-industriales\/desengrasante-energetico-por-inmersion-car-grass-d80-10l\/#breadcrumb\"},\"inLanguage\":\"en-GB\",\"potentialAction\":[{\"@type\":\"ReadAction\",\"target\":[\"https:\/\/www.quimidex.com\/productos-limpieza-profesional\/desengrasantes-industriales\/desengrasante-energetico-por-inmersion-car-grass-d80-10l\/\"]}]},{\"@type\":\"ImageObject\",\"inLanguage\":\"en-GB\",\"@id\":\"https:\/\/www.quimidex.com\/productos-limpieza-profesional\/desengrasantes-industriales\/desengrasante-energetico-por-inmersion-car-grass-d80-10l\/#primaryimage\",\"url\":\"https:\/\/www.quimidex.com\/wp-content\/uploads\/2025\/03\/Desengrasante-energetico-por-inmersion-GRASS-D80-10-L.webp\",\"contentUrl\":\"https:\/\/www.quimidex.com\/wp-content\/uploads\/2025\/03\/Desengrasante-energetico-por-inmersion-GRASS-D80-10-L.webp\",\"width\":769,\"height\":1036},{\"@type\":\"BreadcrumbList\",\"@id\":\"https:\/\/www.quimidex.com\/productos-limpieza-profesional\/desengrasantes-industriales\/desengrasante-energetico-por-inmersion-car-grass-d80-10l\/#breadcrumb\",\"itemListElement\":[{\"@type\":\"ListItem\",\"position\":1,\"name\":\"Home\",\"item\":\"https:\/\/www.quimidex.com\/\"},{\"@type\":\"ListItem\",\"position\":2,\"name\":\"Productos de limpieza profesional\",\"item\":\"https:\/\/www.quimidex.com\/productos-limpieza-profesional\/\"},{\"@type\":\"ListItem\",\"position\":3,\"name\":\"Desengrasante energ\u00e9tico por inmersi\u00f3n | CAR Grass D80 10L\"}]},{\"@type\":\"WebSite\",\"@id\":\"https:\/\/www.quimidex.com\/#website\",\"url\":\"https:\/\/www.quimidex.com\/\",\"name\":\"Quimidex\",\"description\":\"Proveedores de productos de limpieza\",\"publisher\":{\"@id\":\"https:\/\/www.quimidex.com\/#organization\"},\"potentialAction\":[{\"@type\":\"SearchAction\",\"target\":{\"@type\":\"EntryPoint\",\"urlTemplate\":\"https:\/\/www.quimidex.com\/?s={search_term_string}\"},\"query-input\":{\"@type\":\"PropertyValueSpecification\",\"valueRequired\":true,\"valueName\":\"search_term_string\"}}],\"inLanguage\":\"en-GB\"},{\"@type\":\"Organization\",\"@id\":\"https:\/\/www.quimidex.com\/#organization\",\"name\":\"Quimidex\",\"url\":\"https:\/\/www.quimidex.com\/\",\"logo\":{\"@type\":\"ImageObject\",\"inLanguage\":\"en-GB\",\"@id\":\"https:\/\/www.quimidex.com\/#\/schema\/logo\/image\/\",\"url\":\"https:\/\/www.quimidex.com\/wp-content\/uploads\/2024\/12\/cropped-Mockup-Quimidex-8-1.png\",\"contentUrl\":\"https:\/\/www.quimidex.com\/wp-content\/uploads\/2024\/12\/cropped-Mockup-Quimidex-8-1.png\",\"width\":512,\"height\":512,\"caption\":\"Quimidex\"},\"image\":{\"@id\":\"https:\/\/www.quimidex.com\/#\/schema\/logo\/image\/\"}}]}<\/script>\n<!-- \/ Yoast SEO Premium plugin. -->","yoast_head_json":{"title":"CAR Grass D80 10L CAR Grass D80 10L CAR Grass D80 10L CAR Grass D80 10L CAR Grass D80 10L CAR Grass D80 10L CAR Grass D80 10L CAR Grass D80 10L Quimidex","robots":{"index":"noindex","follow":"follow"},"og_locale":"en_GB","og_type":"article","og_title":"Desengrasante energ\u00e9tico por inmersi\u00f3n | CAR Grass D80 10L","og_description":"Desengrasante por inmersi\u00f3n para piezas y componentes mec\u00e1nicos","og_url":"https:\/\/www.quimidex.com\/en\/professional-cleaning-products\/industrial-degreasers\/car-grass-d80-10l-energetic-degreaser-by-immersion\/","og_site_name":"Quimidex","article_modified_time":"2025-03-26T15:55:38+00:00","og_image":[{"width":769,"height":1036,"url":"https:\/\/www.quimidex.com\/wp-content\/uploads\/2025\/03\/Desengrasante-energetico-por-inmersion-GRASS-D80-10-L.webp","type":"image\/webp"}],"twitter_card":"summary_large_image","twitter_misc":{"Estimated reading time":"1 minute"},"schema":{"@context":"https:\/\/schema.org","@graph":[{"@type":"WebPage","@id":"https:\/\/www.quimidex.com\/productos-limpieza-profesional\/desengrasantes-industriales\/desengrasante-energetico-por-inmersion-car-grass-d80-10l\/","url":"https:\/\/www.quimidex.com\/productos-limpieza-profesional\/desengrasantes-industriales\/desengrasante-energetico-por-inmersion-car-grass-d80-10l\/","name":"CAR Grass D80 10L CAR Grass D80 10L CAR Grass D80 10L CAR Grass D80 10L CAR Grass D80 10L CAR Grass D80 10L CAR Grass D80 10L CAR Grass D80 10L Quimidex","isPartOf":{"@id":"https:\/\/www.quimidex.com\/#website"},"primaryImageOfPage":{"@id":"https:\/\/www.quimidex.com\/productos-limpieza-profesional\/desengrasantes-industriales\/desengrasante-energetico-por-inmersion-car-grass-d80-10l\/#primaryimage"},"image":{"@id":"https:\/\/www.quimidex.com\/productos-limpieza-profesional\/desengrasantes-industriales\/desengrasante-energetico-por-inmersion-car-grass-d80-10l\/#primaryimage"},"thumbnailUrl":"https:\/\/www.quimidex.com\/wp-content\/uploads\/2025\/03\/Desengrasante-energetico-por-inmersion-GRASS-D80-10-L.webp","datePublished":"2025-03-24T11:35:36+00:00","dateModified":"2025-03-26T15:55:38+00:00","breadcrumb":{"@id":"https:\/\/www.quimidex.com\/productos-limpieza-profesional\/desengrasantes-industriales\/desengrasante-energetico-por-inmersion-car-grass-d80-10l\/#breadcrumb"},"inLanguage":"en-GB","potentialAction":[{"@type":"ReadAction","target":["https:\/\/www.quimidex.com\/productos-limpieza-profesional\/desengrasantes-industriales\/desengrasante-energetico-por-inmersion-car-grass-d80-10l\/"]}]},{"@type":"ImageObject","inLanguage":"en-GB","@id":"https:\/\/www.quimidex.com\/productos-limpieza-profesional\/desengrasantes-industriales\/desengrasante-energetico-por-inmersion-car-grass-d80-10l\/#primaryimage","url":"https:\/\/www.quimidex.com\/wp-content\/uploads\/2025\/03\/Desengrasante-energetico-por-inmersion-GRASS-D80-10-L.webp","contentUrl":"https:\/\/www.quimidex.com\/wp-content\/uploads\/2025\/03\/Desengrasante-energetico-por-inmersion-GRASS-D80-10-L.webp","width":769,"height":1036},{"@type":"BreadcrumbList","@id":"https:\/\/www.quimidex.com\/productos-limpieza-profesional\/desengrasantes-industriales\/desengrasante-energetico-por-inmersion-car-grass-d80-10l\/#breadcrumb","itemListElement":[{"@type":"ListItem","position":1,"name":"Home","item":"https:\/\/www.quimidex.com\/"},{"@type":"ListItem","position":2,"name":"Productos de limpieza profesional","item":"https:\/\/www.quimidex.com\/productos-limpieza-profesional\/"},{"@type":"ListItem","position":3,"name":"Desengrasante energ\u00e9tico por inmersi\u00f3n | CAR Grass D80 10L"}]},{"@type":"WebSite","@id":"https:\/\/www.quimidex.com\/#website","url":"https:\/\/www.quimidex.com\/","name":"Quimidex","description":"Suppliers of cleaning products","publisher":{"@id":"https:\/\/www.quimidex.com\/#organization"},"potentialAction":[{"@type":"SearchAction","target":{"@type":"EntryPoint","urlTemplate":"https:\/\/www.quimidex.com\/?s={search_term_string}"},"query-input":{"@type":"PropertyValueSpecification","valueRequired":true,"valueName":"search_term_string"}}],"inLanguage":"en-GB"},{"@type":"Organization","@id":"https:\/\/www.quimidex.com\/#organization","name":"Quimidex","url":"https:\/\/www.quimidex.com\/","logo":{"@type":"ImageObject","inLanguage":"en-GB","@id":"https:\/\/www.quimidex.com\/#\/schema\/logo\/image\/","url":"https:\/\/www.quimidex.com\/wp-content\/uploads\/2024\/12\/cropped-Mockup-Quimidex-8-1.png","contentUrl":"https:\/\/www.quimidex.com\/wp-content\/uploads\/2024\/12\/cropped-Mockup-Quimidex-8-1.png","width":512,"height":512,"caption":"Quimidex"},"image":{"@id":"https:\/\/www.quimidex.com\/#\/schema\/logo\/image\/"}}]}},"_links":{"self":[{"href":"https:\/\/www.quimidex.com\/en\/wp-json\/wp\/v2\/product\/3735","targetHints":{"allow":["GET"]}}],"collection":[{"href":"https:\/\/www.quimidex.com\/en\/wp-json\/wp\/v2\/product"}],"about":[{"href":"https:\/\/www.quimidex.com\/en\/wp-json\/wp\/v2\/types\/product"}],"replies":[{"embeddable":true,"href":"https:\/\/www.quimidex.com\/en\/wp-json\/wp\/v2\/comments?post=3735"}],"wp:featuredmedia":[{"embeddable":true,"href":"https:\/\/www.quimidex.com\/en\/wp-json\/wp\/v2\/media\/3159"}],"wp:attachment":[{"href":"https:\/\/www.quimidex.com\/en\/wp-json\/wp\/v2\/media?parent=3735"}],"wp:term":[{"taxonomy":"product_brand","embeddable":true,"href":"https:\/\/www.quimidex.com\/en\/wp-json\/wp\/v2\/product_brand?post=3735"},{"taxonomy":"product_cat","embeddable":true,"href":"https:\/\/www.quimidex.com\/en\/wp-json\/wp\/v2\/product_cat?post=3735"},{"taxonomy":"product_tag","embeddable":true,"href":"https:\/\/www.quimidex.com\/en\/wp-json\/wp\/v2\/product_tag?post=3735"}],"curies":[{"name":"wp","href":"https:\/\/api.w.org\/{rel}","templated":true}]}}