{"id":4578,"date":"2025-10-29T15:38:39","date_gmt":"2025-10-29T15:38:39","guid":{"rendered":"https:\/\/www.quimidex.com\/?page_id=4578"},"modified":"2025-11-05T09:43:04","modified_gmt":"2025-11-05T09:43:04","slug":"politica-de-privacidad","status":"publish","type":"page","link":"https:\/\/www.quimidex.com\/en\/politica-de-privacidad\/","title":{"rendered":"Privacy Policy"},"content":{"rendered":"<div data-elementor-type=\"wp-page\" data-elementor-id=\"4578\" class=\"elementor elementor-4578\" data-elementor-post-type=\"page\">\n\t\t\t\t<div class=\"elementor-element elementor-element-a43c4be e-flex e-con-boxed e-con e-parent\" data-id=\"a43c4be\" data-element_type=\"container\" data-e-type=\"container\">\n\t\t\t\t\t<div class=\"e-con-inner\">\n\t\t\t\t<div class=\"elementor-element elementor-element-b6a7f33 elementor-widget elementor-widget-heading\" data-id=\"b6a7f33\" data-element_type=\"widget\" data-e-type=\"widget\" data-widget_type=\"heading.default\">\n\t\t\t\t\t<h2 class=\"elementor-heading-title elementor-size-default\">Privacy Policy<\/h2>\t\t\t\t<\/div>\n\t\t\t\t<div class=\"elementor-element elementor-element-584d0c7 elementor-widget elementor-widget-text-editor\" data-id=\"584d0c7\" data-element_type=\"widget\" data-e-type=\"widget\" data-widget_type=\"text-editor.default\">\n\t\t\t\t\t\t\t\t\t<h5>DATA CONTROLLER<\/h5>\n<p>Identity: Quimidex Profesional S.L. (hereinafter \u201cQuimidex\u201d)<br>Address: Calle Uralita, nave 11, Pol\u00edgono Industrial La Siberia, 08291 Ripollet (Barcelona), Spain<\/p>\n<p>NIF: B61774550<br>Telephone: +34 935 809 512<br>Email: <a href=\"mailto:atencioncliente@quimidex.com\" target=\"_blank\" rel=\"noopener\">atencioncliente@quimidex.com<\/a><\/p>\n<h5 style=\"margin-top: 2rem;\">INTRODUCTION<\/h5>\n<p>At Quimidex we work to offer you the best possible experience through our products and services. In some cases, it is necessary to collect information to achieve this. We care about your privacy and believe we must be transparent about it. Therefore, for the purposes of Regulation (EU) 2016\/679 of the European Parliament and of the Council of 27 April 2016 on the protection of natural persons with regard to the processing of personal data and on the free movement of such data (hereinafter, the \u201cGDPR\u201d), and Law 34\/2002 of 11 July on Information Society Services and Electronic Commerce (hereinafter, the \u201cLSSI\u201d), Quimidex hereby informs users that, as data controller, it will process the personal data provided by users.<\/p>\n<h5 style=\"margin-top: 2rem;\">COLLECTION OF PERSONAL DATA AND ITS PROCESSING<\/h5>\n<p>Below is an indication of the personal data we may process on our website, as well as the legal basis that justifies such processing:<\/p>\n<ul style=\"margin-bottom: 0.9rem;\">\n<li><strong>Contact form:<\/strong> To manage this form, data such as your name, email address and any other information you wish to include in the message box will be processed. Personal data such as your telephone number and surname may be collected as optional fields in the relevant form.<\/li>\n<li><strong>Marketing communications:<\/strong> In order to manage any marketing communications and\/or newsletter subscription regarding our products and services, we will need to process your email address.<\/li>\n<li><strong>Browsing information through cookies:<\/strong> If you accept the installation of cookies while browsing our website, we may process the following personal data such as your IP address, and other non-personal data such as user agent, the date and time you accessed our services, the internet browser you use and information about the operating system of your device. This information is specified in more detail in our Cookie Policy.<\/li>\n<\/ul>\n<h5 style=\"margin-top: 2rem;\">LEGAL BASIS FOR PROCESSING YOUR DATA<\/h5>\n<p>The legal basis that justifies the processing of your data referred to above is:<\/p>\n<ul style=\"margin-bottom: 0.9rem;\">\n<li>The data subject\u2019s consent for the contracting of services and products; for contact forms, information requests or newsletter sign-ups; for submitting sample requests; participating in promotions and prize draws; granting access to the information available in the private area; and the processing of personal data in relation to optional cookies accepted by the user.<\/li>\n<li>Compliance with legal obligations for fraud prevention, communications with public authorities and third-party claims.<\/li>\n<\/ul>\n<h5 style=\"margin-top: 2rem;\">RETENTION OF YOUR PERSONAL DATA<\/h5>\n<p>The processing of data for the purposes described will be maintained for as long as necessary to fulfil the purpose for which it was collected, as well as to comply with the legal obligations arising from the processing. Without prejudice to retention being necessary for the establishment, exercise or defence of potential claims and\/or whenever permitted by applicable law. For further information, please contact us via Quimidex\u2019s email address.<\/p>\n<h5 style=\"margin-top: 2rem;\">RECIPIENTS TO WHOM WE DISCLOSE YOUR DATA<\/h5>\n<p>In some cases, only when necessary, Quimidex will provide your data to third parties. However, data will never be sold to third parties.<\/p>\n<p>External service providers used by Quimidex to provide ancillary services for the processing of your data may have access to it, in accordance with Quimidex\u2019s instructions and solely for the purpose of properly performing the contractual relationship between Quimidex and its providers.<\/p>\n<p>Quimidex works with the following provider:<\/p>\n<ul style=\"margin-bottom: 0.9rem;\">\n<li>Provider: Arsys<\/li>\n<li>Purpose: Data storage<\/li>\n<li>Data location: Spain<\/li>\n<\/ul>\n<p>Quimidex seeks to ensure the security of personal data when it is sent outside the company and ensures that third-party service providers respect confidentiality and have appropriate measures in place to protect personal data. These third parties are obliged to ensure that information is processed in accordance with data privacy regulations.<\/p>\n<p>In some cases, the law may require personal data to be disclosed to public bodies or other parties; only what is strictly necessary to comply with such legal obligations will be disclosed.<\/p>\n<h5 style=\"margin-top: 2rem;\">STORAGE OF PERSONAL DATA<\/h5>\n<p>In general, your personal data will be stored within the EU. However, if the processing of your personal data involves an international transfer of data outside the European Economic Area (EEA), Quimidex undertakes to implement the necessary security measures to ensure an adequate level of protection for such transfers by means of data processing agreements and, where applicable, will ensure that they provide an adequate level of protection, either because they have Binding Corporate Rules (BCRs) or because we have entered into the European Commission\u2019s standard contractual clauses.<\/p>\n<p>For more information about our service providers, please contact us at: <a href=\"mailto:atencioncliente@quimidex.com\" target=\"_blank\" rel=\"noopener\">atencioncliente@quimidex.com<\/a><\/p>\n<h5 style=\"margin-top: 2rem;\">EXERCISE OF RIGHTS AND HOW YOU CAN EXERCISE THEM<\/h5>\n<p>You may send communications and exercise your rights by submitting a request to the following email address: <a href=\"mailto:atencioncliente@quimidex.com\" target=\"_blank\" rel=\"noopener\">atencioncliente@quimidex.com<\/a><\/p>\n<p>Under the GDPR, you may request:<\/p>\n<ul style=\"margin-bottom: 0.9rem;\">\n<li><strong>Right of access:<\/strong> you may request information about the personal data we hold about you.<\/li>\n<li><strong>Right to rectification:<\/strong> you may request that we update your personal data if your circumstances have changed or if any personal data we hold is inaccurate.<\/li>\n<li><strong>Right to erasure and the right to be forgotten:<\/strong> you may request the deletion of your personal data at any time. Please note that, legally, personal data to be erased is first blocked for the legally established period, in accordance with the provisions of the applicable Spanish Organic Law on Data Protection.<\/li>\n<li><strong>Right to restriction of processing:<\/strong> you may request that we restrict the processing of your personal data for a specified period of time.<\/li>\n<li><strong>Right to data portability:<\/strong> in some cases, you may request a copy of your personal data in a structured, commonly used and machine-readable format so that it can be transmitted to another controller.<\/li>\n<li><strong>Right to object and automated individual decision-making:<\/strong> you may request that decisions not be made based solely on automated processing, including profiling, that produce legal effects concerning you or similarly significantly affect you.<\/li>\n<\/ul>\n<p>Likewise, if you have a complaint about the processing of your data, you may lodge a complaint with the competent data protection authority.<\/p>\n<h5 style=\"margin-top: 2rem;\">RESPONSIBILITY FOR THE ACCURACY AND TRUTHFULNESS OF THE DATA PROVIDED<\/h5>\n<p>The user is solely responsible for the truthfulness and correctness of the data provided, and Quimidex is released from any liability in this regard. Users guarantee and, in any case, are responsible for the accuracy, validity and authenticity of the personal data provided, and undertake to keep it duly updated. The user undertakes to provide complete and correct information in the registration or subscription form. Quimidex reserves the right to terminate contracted services with users if the data provided is false, incomplete, inaccurate or not up to date.<\/p>\n<p>Quimidex is not responsible for the truthfulness of information that it has not produced itself and for which another source is indicated; therefore, it assumes no liability for any potential damages that may arise from the use of such information.<\/p>\n<p>Quimidex reserves the right to update, modify or delete the information contained on its web pages and may even limit or deny access to such information.<\/p>\n<h5 style=\"margin-top: 2rem;\">SECURITY MEASURES APPLIED TO PROTECT YOUR PERSONAL DATA<\/h5>\n<p>Quimidex has adopted the legally required levels of security for the protection of personal data and endeavours to implement any other additional technical means and measures within its reach to prevent the loss, misuse, alteration, unauthorised access and theft of personal data provided to Quimidex.<\/p>\n<p>Quimidex shall not be liable for any potential damages arising from interference, omissions, interruptions, computer viruses, telephone faults or disconnections in the operational functioning of this electronic system due to causes beyond Quimidex\u2019s control; or for delays or blockages in the use of this electronic system caused by deficiencies or overloads of telephone lines or overloads in the Data Processing Centre, in the internet system or in other electronic systems; nor for damage that may be caused by third parties through unlawful intrusions beyond Quimidex\u2019s control. Nevertheless, the user should be aware that security measures on the internet are not foolproof.<\/p>\n<h5 style=\"margin-top: 2rem;\">AMENDMENTS TO THE PRIVACY POLICY<\/h5>\n<p>This Privacy Policy may be amended. We recommend that you review the Privacy Policy from time to time.<\/p>\n<p><small>(*) Last updated: Wednesday, 29 October 2025<\/small><\/p>\t\t\t\t\t\t\t\t<\/div>\n\t\t\t\t\t<\/div>\n\t\t\t\t<\/div>\n\t\t\t\t<\/div>","protected":false},"excerpt":{"rendered":"<p>Pol\u00edtica de Privacidad RESPONSABLE DEL TRATAMIENTO Identidad: Quimidex Profesional S.L. (en adelante \u201cQuimidex\u201d)Direcci\u00f3n: Calle Uralita, nave 11, Pol\u00edgono Industrial La Siberia, 08291 Ripollet (Barcelona) NIF: B61774550Tel\u00e9fono: +34 935 809 512Correo electr\u00f3nico: atencioncliente@quimidex.com INTRODUCCI\u00d3N En Quimidex trabajamos para ofrecerle la mejor experiencia posible a trav\u00e9s de nuestros productos y servicios. En algunos casos, es necesario recopilar [&hellip;]<\/p>\n","protected":false},"author":13,"featured_media":0,"parent":0,"menu_order":0,"comment_status":"closed","ping_status":"closed","template":"","meta":{"footnotes":""},"class_list":["post-4578","page","type-page","status-publish","hentry"],"yoast_head":"<!-- This site is optimized with the Yoast SEO Premium plugin v25.2 (Yoast SEO v27.1.1) - https:\/\/yoast.com\/product\/yoast-seo-premium-wordpress\/ -->\n<title>Pol\u00edtica de Privacidad | Quimidex<\/title>\n<meta name=\"robots\" content=\"noindex, nofollow\" \/>\n<meta property=\"og:locale\" content=\"en_GB\" \/>\n<meta property=\"og:type\" content=\"article\" \/>\n<meta property=\"og:title\" content=\"Pol\u00edtica de Privacidad\" \/>\n<meta property=\"og:description\" content=\"Pol\u00edtica de Privacidad RESPONSABLE DEL TRATAMIENTO Identidad: Quimidex Profesional S.L. (en adelante \u201cQuimidex\u201d)Direcci\u00f3n: Calle Uralita, nave 11, Pol\u00edgono Industrial La Siberia, 08291 Ripollet (Barcelona) NIF: B61774550Tel\u00e9fono: +34 935 809 512Correo electr\u00f3nico: atencioncliente@quimidex.com INTRODUCCI\u00d3N En Quimidex trabajamos para ofrecerle la mejor experiencia posible a trav\u00e9s de nuestros productos y servicios. En algunos casos, es necesario recopilar [&hellip;]\" \/>\n<meta property=\"og:url\" content=\"https:\/\/www.quimidex.com\/en\/politica-de-privacidad\/\" \/>\n<meta property=\"og:site_name\" content=\"Quimidex\" \/>\n<meta property=\"article:modified_time\" content=\"2025-11-05T09:43:04+00:00\" \/>\n<meta name=\"twitter:card\" content=\"summary_large_image\" \/>\n<meta name=\"twitter:label1\" content=\"Estimated reading time\" \/>\n\t<meta name=\"twitter:data1\" content=\"7 minutes\" \/>\n<script type=\"application\/ld+json\" class=\"yoast-schema-graph\">{\"@context\":\"https:\/\/schema.org\",\"@graph\":[{\"@type\":\"WebPage\",\"@id\":\"https:\/\/www.quimidex.com\/politica-de-privacidad\/\",\"url\":\"https:\/\/www.quimidex.com\/politica-de-privacidad\/\",\"name\":\"Pol\u00edtica de Privacidad | Quimidex\",\"isPartOf\":{\"@id\":\"https:\/\/www.quimidex.com\/#website\"},\"datePublished\":\"2025-10-29T15:38:39+00:00\",\"dateModified\":\"2025-11-05T09:43:04+00:00\",\"breadcrumb\":{\"@id\":\"https:\/\/www.quimidex.com\/politica-de-privacidad\/#breadcrumb\"},\"inLanguage\":\"en-GB\",\"potentialAction\":[{\"@type\":\"ReadAction\",\"target\":[\"https:\/\/www.quimidex.com\/politica-de-privacidad\/\"]}]},{\"@type\":\"BreadcrumbList\",\"@id\":\"https:\/\/www.quimidex.com\/politica-de-privacidad\/#breadcrumb\",\"itemListElement\":[{\"@type\":\"ListItem\",\"position\":1,\"name\":\"Home\",\"item\":\"https:\/\/www.quimidex.com\/\"},{\"@type\":\"ListItem\",\"position\":2,\"name\":\"Pol\u00edtica de Privacidad\"}]},{\"@type\":\"WebSite\",\"@id\":\"https:\/\/www.quimidex.com\/#website\",\"url\":\"https:\/\/www.quimidex.com\/\",\"name\":\"Quimidex\",\"description\":\"Proveedores de productos de limpieza\",\"publisher\":{\"@id\":\"https:\/\/www.quimidex.com\/#organization\"},\"potentialAction\":[{\"@type\":\"SearchAction\",\"target\":{\"@type\":\"EntryPoint\",\"urlTemplate\":\"https:\/\/www.quimidex.com\/?s={search_term_string}\"},\"query-input\":{\"@type\":\"PropertyValueSpecification\",\"valueRequired\":true,\"valueName\":\"search_term_string\"}}],\"inLanguage\":\"en-GB\"},{\"@type\":\"Organization\",\"@id\":\"https:\/\/www.quimidex.com\/#organization\",\"name\":\"Quimidex\",\"url\":\"https:\/\/www.quimidex.com\/\",\"logo\":{\"@type\":\"ImageObject\",\"inLanguage\":\"en-GB\",\"@id\":\"https:\/\/www.quimidex.com\/#\/schema\/logo\/image\/\",\"url\":\"https:\/\/www.quimidex.com\/wp-content\/uploads\/2024\/12\/cropped-Mockup-Quimidex-8-1.png\",\"contentUrl\":\"https:\/\/www.quimidex.com\/wp-content\/uploads\/2024\/12\/cropped-Mockup-Quimidex-8-1.png\",\"width\":512,\"height\":512,\"caption\":\"Quimidex\"},\"image\":{\"@id\":\"https:\/\/www.quimidex.com\/#\/schema\/logo\/image\/\"}}]}<\/script>\n<!-- \/ Yoast SEO Premium plugin. -->","yoast_head_json":{"title":"Pol\u00edtica de Privacidad | Quimidex","robots":{"index":"noindex","follow":"nofollow"},"og_locale":"en_GB","og_type":"article","og_title":"Pol\u00edtica de Privacidad","og_description":"Pol\u00edtica de Privacidad RESPONSABLE DEL TRATAMIENTO Identidad: Quimidex Profesional S.L. (en adelante \u201cQuimidex\u201d)Direcci\u00f3n: Calle Uralita, nave 11, Pol\u00edgono Industrial La Siberia, 08291 Ripollet (Barcelona) NIF: B61774550Tel\u00e9fono: +34 935 809 512Correo electr\u00f3nico: atencioncliente@quimidex.com INTRODUCCI\u00d3N En Quimidex trabajamos para ofrecerle la mejor experiencia posible a trav\u00e9s de nuestros productos y servicios. En algunos casos, es necesario recopilar [&hellip;]","og_url":"https:\/\/www.quimidex.com\/en\/politica-de-privacidad\/","og_site_name":"Quimidex","article_modified_time":"2025-11-05T09:43:04+00:00","twitter_card":"summary_large_image","twitter_misc":{"Estimated reading time":"7 minutes"},"schema":{"@context":"https:\/\/schema.org","@graph":[{"@type":"WebPage","@id":"https:\/\/www.quimidex.com\/politica-de-privacidad\/","url":"https:\/\/www.quimidex.com\/politica-de-privacidad\/","name":"Pol\u00edtica de Privacidad | Quimidex","isPartOf":{"@id":"https:\/\/www.quimidex.com\/#website"},"datePublished":"2025-10-29T15:38:39+00:00","dateModified":"2025-11-05T09:43:04+00:00","breadcrumb":{"@id":"https:\/\/www.quimidex.com\/politica-de-privacidad\/#breadcrumb"},"inLanguage":"en-GB","potentialAction":[{"@type":"ReadAction","target":["https:\/\/www.quimidex.com\/politica-de-privacidad\/"]}]},{"@type":"BreadcrumbList","@id":"https:\/\/www.quimidex.com\/politica-de-privacidad\/#breadcrumb","itemListElement":[{"@type":"ListItem","position":1,"name":"Home","item":"https:\/\/www.quimidex.com\/"},{"@type":"ListItem","position":2,"name":"Pol\u00edtica de Privacidad"}]},{"@type":"WebSite","@id":"https:\/\/www.quimidex.com\/#website","url":"https:\/\/www.quimidex.com\/","name":"Quimidex","description":"Suppliers of cleaning products","publisher":{"@id":"https:\/\/www.quimidex.com\/#organization"},"potentialAction":[{"@type":"SearchAction","target":{"@type":"EntryPoint","urlTemplate":"https:\/\/www.quimidex.com\/?s={search_term_string}"},"query-input":{"@type":"PropertyValueSpecification","valueRequired":true,"valueName":"search_term_string"}}],"inLanguage":"en-GB"},{"@type":"Organization","@id":"https:\/\/www.quimidex.com\/#organization","name":"Quimidex","url":"https:\/\/www.quimidex.com\/","logo":{"@type":"ImageObject","inLanguage":"en-GB","@id":"https:\/\/www.quimidex.com\/#\/schema\/logo\/image\/","url":"https:\/\/www.quimidex.com\/wp-content\/uploads\/2024\/12\/cropped-Mockup-Quimidex-8-1.png","contentUrl":"https:\/\/www.quimidex.com\/wp-content\/uploads\/2024\/12\/cropped-Mockup-Quimidex-8-1.png","width":512,"height":512,"caption":"Quimidex"},"image":{"@id":"https:\/\/www.quimidex.com\/#\/schema\/logo\/image\/"}}]}},"_links":{"self":[{"href":"https:\/\/www.quimidex.com\/en\/wp-json\/wp\/v2\/pages\/4578","targetHints":{"allow":["GET"]}}],"collection":[{"href":"https:\/\/www.quimidex.com\/en\/wp-json\/wp\/v2\/pages"}],"about":[{"href":"https:\/\/www.quimidex.com\/en\/wp-json\/wp\/v2\/types\/page"}],"author":[{"embeddable":true,"href":"https:\/\/www.quimidex.com\/en\/wp-json\/wp\/v2\/users\/13"}],"replies":[{"embeddable":true,"href":"https:\/\/www.quimidex.com\/en\/wp-json\/wp\/v2\/comments?post=4578"}],"version-history":[{"count":7,"href":"https:\/\/www.quimidex.com\/en\/wp-json\/wp\/v2\/pages\/4578\/revisions"}],"predecessor-version":[{"id":4628,"href":"https:\/\/www.quimidex.com\/en\/wp-json\/wp\/v2\/pages\/4578\/revisions\/4628"}],"wp:attachment":[{"href":"https:\/\/www.quimidex.com\/en\/wp-json\/wp\/v2\/media?parent=4578"}],"curies":[{"name":"wp","href":"https:\/\/api.w.org\/{rel}","templated":true}]}}